{"id":9990,"date":"2018-12-02T22:52:11","date_gmt":"2018-12-02T21:52:11","guid":{"rendered":"http:\/\/musgerbil.dk\/?page_id=9990"},"modified":"2022-02-17T23:48:48","modified_gmt":"2022-02-17T22:48:48","slug":"hjemmelavet-bur","status":"publish","type":"page","link":"https:\/\/musgerbil.dk\/?page_id=9990","title":{"rendered":"Hjemmelavet bur"},"content":{"rendered":"<h2 class=\"wsite-content-title\">DIY: Bur<\/h2>\n<table style=\"width: 100%;border-collapse: collapse;border-style: none\" border=\"1\">\n<tbody>\n<tr>\n<td style=\"width: 100%;border-style: none\">\n<p>En id\u00e9 til selv at lave et bur. Guiden er lavet af Mia Kokholm Ulvmose og vises her med tilladelse.<\/p>\n<p>L\u00e5gen i fronten kan sagtens undv\u00e6res, men visse dyr, er ikke glade for, n\u00e5r man kommer oppe fra og s\u00e5 er den en rigtig god id\u00e9. Hvis dine dyr meget gerne vil gnave i kanterne til l\u00e5ge \u00e5bningen, kan den beskyttes med noget fintmasket tr\u00e5dnet.<\/p>\n<p>Hvis ikke du vil have l\u00e5ge i buret, s\u00e5 sk\u00e6r\/br\u00e6nd nogle \u00e5bninger i siderne og evt. i l\u00e5get. S\u00e6t fintmasket voliere net fast indvendigt med strips p\u00e5 samme m\u00e5de som vist med l\u00e5gen. Lav ikke \u00e5bningerne for langt nede, hvis du vil undg\u00e5, at dyrene graver for meget str\u00f8else ud.<\/td>\n<\/tr>\n<\/tbody>\n<\/table>\n<hr>\n<p><img decoding=\"async\" class=\"ngg-singlepic ngg-none alignright\" src=\"https:\/\/musgerbil.dk\/wp-content\/uploads\/01-1-1-1-1-1.jpg\" alt=\"01\"><\/p>\n<div class=\"paragraph\"><strong>Materialer:<\/strong><br \/>\n&#8211; En Samla-box<br \/>\n&#8211; Tremmeplade<br \/>\n&#8211; Plastic-strips<\/div>\n<p>Derudover skal der bruges:<br \/>\n&#8211; En tang<br \/>\n&#8211; En loddekolbe<br \/>\n&#8211; En saks<br \/>\n&#8211; En tusch<\/p>\n<p>Som tremmel\u00e5ge kan man enten bruge en tremmetop fra et Bernie-bur, som passer perfekt til Samla-box p\u00e5 45L eller en sidde af en tremmel\u00f8beg\u00e5rd, som passer fint til den store Samla-box p\u00e5 130 liter. I denne DIY bruges en side fra en tremmel\u00f8beg\u00e5rd og en Samla-box p\u00e5 45L.&nbsp;<\/p>\n<hr>\n<h2 class=\"wsite-content-title\">Step 1<\/h2>\n<p><img decoding=\"async\" class=\"ngg-singlepic ngg-none alignright\" src=\"https:\/\/musgerbil.dk\/wp-content\/uploads\/02-1-1-1-1-1.jpg\" alt=\"02\"><\/p>\n<div class=\"paragraph\">Med loddekolben br\u00e6nder man et passende hul i plastikkassen. Det er en god ide at st\u00e5 udenfor eller i n\u00e6rheden af et \u00e5bent vindue for der kommer lidt r\u00f8g.<br \/>\nEr man ikke helt god til det med \u00f8jem\u00e5l er det en god ide at tegne hullet op med en tusch f\u00f8rst s\u00e5 man ikke br\u00e6nder forkert. Bliver hullet for stort s\u00e5 kan man ikke l\u00e6ngere bruge kassen til noget. Det er bedre at hullet er lidt mindre end tremmel\u00e5gen s\u00e5 dyret ikke kan klemme sig ud.&nbsp;<br \/>\nN\u00e5r hullet er br\u00e6ndt er det en god ide at vente lidt f\u00f8r man r\u00f8rer for meget ved kassen for det smeltede plastik er meget varmt og man f\u00e5r alts\u00e5 brandvabler af at r\u00f8re ved det. Ja, det har jeg selv erfaret!<\/div>\n<hr>\n<div>\n<div class=\"wsite-multicol\">\n<div class=\"wsite-multicol-table-wrap\">\n<table class=\"wsite-multicol-table\" style=\"height: 163px;border-style: none;width: 994px\" width=\"994\">\n<tbody class=\"wsite-multicol-tbody\">\n<tr class=\"wsite-multicol-tr\" style=\"height: 174px\">\n<td class=\"wsite-multicol-col\" style=\"height: 10px;width: 984.8px;border-style: none\">\n<h2 class=\"wsite-content-title\">Step 2<\/h2>\n<div class=\"paragraph\">P\u00e5 siden til tremmel\u00f8beg\u00e5rden sidder nogle \u00f8jetapper som oprindeligt er brugt til at samle l\u00f8beg\u00e5rden. De kommer til at sidde i vejen n\u00e5r man skal \u00e5bne og lukke for l\u00e5gen i det f\u00e6rdige bur. Derfor bukker jeg dem med tangen s\u00e5 de kommer til at stritte udad.&nbsp;<br \/>\nDe er ikke ret store s\u00e5 de kommer ikke til at genere n\u00e5r buret er f\u00e6rdigt. Endnu bedre ville det v\u00e6re at fjerne dem med end nedstryger.<\/div>\n<\/td>\n<\/tr>\n<\/tbody>\n<\/table>\n<div>\n<div id=\"988390982278868175-gallery\" class=\"imageGallery\">\n<div id=\"988390982278868175-imageContainer3\">\n<div id=\"988390982278868175-insideImageContainer3\">\n<div class=\"galleryImageBorder\">\n<div class=\"galleryImageHolder\">\n<div class=\"galleryInnerImageHolder\">\n<div id=\"988390982278868175-imageContainer2\">\n<div id=\"988390982278868175-insideImageContainer2\">\n<div class=\"galleryImageBorder\">\n<div class=\"galleryImageHolder\">\n<div class=\"galleryInnerImageHolder\">\n<table style=\"width: 100%;border-collapse: collapse;border-style: none\" border=\"1\">\n<tbody>\n<tr>\n<td style=\"width: 50%;border-style: none\"><img decoding=\"async\" class=\"ngg-singlepic ngg-none\" src=\"https:\/\/musgerbil.dk\/wp-content\/uploads\/03-1-1-1-1-1.jpg\" alt=\"03\"><\/td>\n<td style=\"width: 50%;border-style: none\"><img decoding=\"async\" class=\"ngg-singlepic ngg-none\" src=\"https:\/\/musgerbil.dk\/wp-content\/uploads\/04-1-1-1-1-1.jpg\" alt=\"04\"><\/td>\n<\/tr>\n<tr>\n<td style=\"width: 50%;border-style: none\"><img decoding=\"async\" class=\"ngg-singlepic ngg-none\" src=\"https:\/\/musgerbil.dk\/wp-content\/uploads\/05-1-1-1-1-1.jpg\" alt=\"05\"><\/td>\n<td style=\"width: 50%;border-style: none\"><img fetchpriority=\"high\" decoding=\"async\" class=\"ngg-singlepic ngg-none\" src=\"https:\/\/musgerbil.dk\/wp-content\/uploads\/06-1-1-1-1-1.jpg\" alt=\"06\" width=\"400\" height=\"266\"><\/td>\n<\/tr>\n<\/tbody>\n<\/table>\n<div class=\"wsite-multicol\">\n<div class=\"wsite-multicol-table-wrap\">\n<hr>\n<h2>Step 3<\/h2>\n<p>Der laves huller i boksen s\u00e5 l\u00e5gen kan s\u00e6ttes fast. Hullerne er lavet med loddekolben. Det er vigtigt at hullerne passer lige n\u00f8jagtigt med plastikstrippen s\u00e5 den kommer til at sidde nogenlunde fast. Ellers kan man risikere at l\u00e5gen sidder lidt l\u00f8st, selvom det ikke er Jordens undergang.<br \/>\nL\u00e5gen s\u00e6ttes s\u00e5 fast med strips som strammes til omkring den yderste barre i l\u00e5gen. Det skal v\u00e6re i den side hvor \u00f8jetapperne blev b\u00f8jet ind.<\/p>\n<table style=\"width: 100%;border-collapse: collapse;border-style: none\" border=\"1\">\n<tbody>\n<tr style=\"height: 272px\">\n<td style=\"width: 50%;height: 272px;border-style: none\"><img decoding=\"async\" class=\"ngg-singlepic ngg-none\" src=\"https:\/\/musgerbil.dk\/wp-content\/uploads\/07-1-1-1-1-1.jpg\" alt=\"07\"><\/td>\n<td style=\"width: 50%;height: 272px;border-style: none\"><img decoding=\"async\" class=\"ngg-singlepic ngg-none\" src=\"https:\/\/musgerbil.dk\/wp-content\/uploads\/08-1-1-1-1-1.jpg\" alt=\"08\"><\/td>\n<\/tr>\n<tr style=\"height: 272px\">\n<td style=\"width: 50%;height: 22px;border-style: none\"><img decoding=\"async\" class=\"ngg-singlepic ngg-none\" src=\"https:\/\/musgerbil.dk\/wp-content\/uploads\/09-1-1-1-1-1.jpg\" alt=\"09\"><\/td>\n<td style=\"width: 50%;height: 22px;border-style: none\">&nbsp;<\/td>\n<\/tr>\n<\/tbody>\n<\/table>\n<hr>\n<table style=\"width: 100%;border-collapse: collapse;border-style: none\" border=\"1\">\n<tbody>\n<tr style=\"height: 75px\">\n<td style=\"width: 100%;border-style: none;height: 75px\">\n<h2>Step 4<\/h2>\n<\/td>\n<\/tr>\n<tr style=\"height: 71px\">\n<td style=\"width: 100%;border-style: none;height: 71px\">S\u00e5 skal lukkemekanismen laves og den er egentlig ret simpel at lave. Man tegner op hvorhenne plastikstripsene skal s\u00e6ttes s\u00e5 de passer ud for de to nedadg\u00e5ende metalst\u00e6nger. Der smeltes med en loddekolbe 2&#215;2 huller hvor man s\u00e5 stikker stripsene igennem og laver nogle sm\u00e5 ringe. Man kan se let l\u00f8fte tremmel\u00e5gen lidt og f\u00e5 metalst\u00e6ngerne til at passe ned i ringene.<br \/>\nDern\u00e6st klippes alt det overskydende p\u00e5 plastikstripsene af.<\/td>\n<\/tr>\n<\/tbody>\n<\/table>\n<table style=\"width: 100%;border-collapse: collapse;border-style: none\" border=\"1\">\n<tbody>\n<tr>\n<td style=\"width: 50%;border-style: none\"><img decoding=\"async\" class=\"ngg-singlepic ngg-none\" src=\"https:\/\/musgerbil.dk\/wp-content\/uploads\/10-1-1-1-1-1.jpg\" alt=\"10\"><\/td>\n<td style=\"width: 50%;border-style: none\"><img decoding=\"async\" class=\"ngg-singlepic ngg-none\" src=\"https:\/\/musgerbil.dk\/wp-content\/uploads\/11-1-1-1-1-1.jpg\" alt=\"11\"><\/td>\n<\/tr>\n<tr>\n<td style=\"width: 50%;border-style: none\"><img decoding=\"async\" class=\"ngg-singlepic ngg-none\" src=\"https:\/\/musgerbil.dk\/wp-content\/uploads\/12-1-1-1-1-1.jpg\" alt=\"12\"><\/td>\n<td style=\"width: 50%;border-style: none\">&nbsp;<\/td>\n<\/tr>\n<\/tbody>\n<\/table>\n<hr>\n<h2>Step 5<\/h2>\n<p>For at kunne s\u00e6tte drikkeflasken fast laves der 3 huller som det ses p\u00e5 det f\u00f8rste billede. Hullet hvor tuden skal igennem skal gerne v\u00e6re st\u00f8rre end de andre 2 huller.<br \/>\nDern\u00e6st s\u00e6ttes drikkeflasken fast med en strip uden at stramme den alt for h\u00e5rdt. P\u00e5 den m\u00e5de kan man nemt tage drikkeflasken af og p\u00e5 n\u00e5r vandet skal skiftes.<\/p>\n<table style=\"width: 100%;border-collapse: collapse;border-style: none\" border=\"1\">\n<tbody>\n<tr>\n<td style=\"width: 50%;border-style: none\"><img decoding=\"async\" class=\"ngg-singlepic ngg-none\" src=\"https:\/\/musgerbil.dk\/wp-content\/uploads\/13-1-1-1-1-1.jpg\" alt=\"13\"><\/td>\n<td style=\"width: 50%;border-style: none\"><img decoding=\"async\" class=\"ngg-singlepic ngg-none\" src=\"https:\/\/musgerbil.dk\/wp-content\/gallery\/bur\/f%C3%A6rdig.jpg\" alt=\"f\u00e6rdig\"><\/td>\n<\/tr>\n<\/tbody>\n<\/table>\n","protected":false},"excerpt":{"rendered":"<p>DIY: Bur En id\u00e9 til selv at lave et bur. Guiden er lavet af Mia Kokholm Ulvmose og vises her med tilladelse. L\u00e5gen i fronten kan sagtens undv\u00e6res, men visse [&hellip;]<\/p>\n","protected":false},"author":114,"featured_media":0,"parent":7859,"menu_order":0,"comment_status":"closed","ping_status":"closed","template":"","meta":{"site-sidebar-layout":"default","site-content-layout":"","ast-site-content-layout":"","site-content-style":"default","site-sidebar-style":"default","ast-global-header-display":"","ast-banner-title-visibility":"","ast-main-header-display":"","ast-hfb-above-header-display":"","ast-hfb-below-header-display":"","ast-hfb-mobile-header-display":"","site-post-title":"","ast-breadcrumbs-content":"","ast-featured-img":"","footer-sml-layout":"","theme-transparent-header-meta":"","adv-header-id-meta":"","stick-header-meta":"","header-above-stick-meta":"","header-main-stick-meta":"","header-below-stick-meta":"","astra-migrate-meta-layouts":"default","ast-page-background-enabled":"default","ast-page-background-meta":{"desktop":{"background-color":"var(--ast-global-color-4)","background-image":"","background-repeat":"repeat","background-position":"center center","background-size":"auto","background-attachment":"scroll","background-type":"","background-media":"","overlay-type":"","overlay-color":"","overlay-opacity":"","overlay-gradient":""},"tablet":{"background-color":"","background-image":"","background-repeat":"repeat","background-position":"center center","background-size":"auto","background-attachment":"scroll","background-type":"","background-media":"","overlay-type":"","overlay-color":"","overlay-opacity":"","overlay-gradient":""},"mobile":{"background-color":"","background-image":"","background-repeat":"repeat","background-position":"center center","background-size":"auto","background-attachment":"scroll","background-type":"","background-media":"","overlay-type":"","overlay-color":"","overlay-opacity":"","overlay-gradient":""}},"ast-content-background-meta":{"desktop":{"background-color":"var(--ast-global-color-5)","background-image":"","background-repeat":"repeat","background-position":"center center","background-size":"auto","background-attachment":"scroll","background-type":"","background-media":"","overlay-type":"","overlay-color":"","overlay-opacity":"","overlay-gradient":""},"tablet":{"background-color":"var(--ast-global-color-5)","background-image":"","background-repeat":"repeat","background-position":"center center","background-size":"auto","background-attachment":"scroll","background-type":"","background-media":"","overlay-type":"","overlay-color":"","overlay-opacity":"","overlay-gradient":""},"mobile":{"background-color":"var(--ast-global-color-5)","background-image":"","background-repeat":"repeat","background-position":"center center","background-size":"auto","background-attachment":"scroll","background-type":"","background-media":"","overlay-type":"","overlay-color":"","overlay-opacity":"","overlay-gradient":""}},"ngg_post_thumbnail":0,"footnotes":""},"class_list":["post-9990","page","type-page","status-publish","hentry"],"_links":{"self":[{"href":"https:\/\/musgerbil.dk\/index.php?rest_route=\/wp\/v2\/pages\/9990"}],"collection":[{"href":"https:\/\/musgerbil.dk\/index.php?rest_route=\/wp\/v2\/pages"}],"about":[{"href":"https:\/\/musgerbil.dk\/index.php?rest_route=\/wp\/v2\/types\/page"}],"author":[{"embeddable":true,"href":"https:\/\/musgerbil.dk\/index.php?rest_route=\/wp\/v2\/users\/114"}],"replies":[{"embeddable":true,"href":"https:\/\/musgerbil.dk\/index.php?rest_route=%2Fwp%2Fv2%2Fcomments&post=9990"}],"version-history":[{"count":36,"href":"https:\/\/musgerbil.dk\/index.php?rest_route=\/wp\/v2\/pages\/9990\/revisions"}],"predecessor-version":[{"id":11327,"href":"https:\/\/musgerbil.dk\/index.php?rest_route=\/wp\/v2\/pages\/9990\/revisions\/11327"}],"up":[{"embeddable":true,"href":"https:\/\/musgerbil.dk\/index.php?rest_route=\/wp\/v2\/pages\/7859"}],"wp:attachment":[{"href":"https:\/\/musgerbil.dk\/index.php?rest_route=%2Fwp%2Fv2%2Fmedia&parent=9990"}],"curies":[{"name":"wp","href":"https:\/\/api.w.org\/{rel}","templated":true}]}}