{"id":9569,"date":"2018-12-01T15:25:48","date_gmt":"2018-12-01T14:25:48","guid":{"rendered":"http:\/\/musgerbil.dk\/?page_id=9569"},"modified":"2022-02-17T23:48:48","modified_gmt":"2022-02-17T22:48:48","slug":"nude","status":"publish","type":"page","link":"https:\/\/musgerbil.dk\/?page_id=9569","title":{"rendered":"Nude"},"content":{"rendered":"<p><strong>Genetik<\/strong>: Nu_<br \/>\n<strong>Pels:<\/strong> Nude skal v\u00e6re s\u00e5 h\u00e5rl\u00f8s som muligt. Dens hud skal v\u00e6re tynd, ren, en smule transparent og uden nogen s\u00e5r eller rifter. Huden m\u00e5 v\u00e6re alle standardiserede farver og\/eller markeringer. Musens hud bliver lysere jo \u00e6ldre den bliver. Overdrevne rynker er en mindre fejl. \u00d8jnene skal passe til farven. \u00d8rerne skal v\u00e6re store og fri for folder og fedt. Knurh\u00e5rene skal v\u00e6re korte eller mangle helt.<br \/>\n<strong>\u00d8rer:<\/strong> F\u00f8lger farven<br \/>\n<strong>\u00d8jne:<\/strong> Pink eyed eller Dark eyed afh\u00e6ngigt af farven.<br \/>\n<strong>Almindelige fejl<\/strong>: For lidt pels (n\u00e6sten h\u00e5rl\u00f8s), for meget eller lang pels.<em><br \/>\n<\/em><\/p>\n<p><strong>Udstillingsvariant:<\/strong> K\u00e6ledyr (Den er uden standard)<\/p>\nngg_shortcode_0_placeholder\n","protected":false},"excerpt":{"rendered":"<p>Genetik: Nu_ Pels: Nude skal v\u00e6re s\u00e5 h\u00e5rl\u00f8s som muligt. Dens hud skal v\u00e6re tynd, ren, en smule transparent og uden nogen s\u00e5r eller rifter. Huden m\u00e5 v\u00e6re alle standardiserede [&hellip;]<\/p>\n","protected":false},"author":114,"featured_media":0,"parent":150,"menu_order":0,"comment_status":"closed","ping_status":"closed","template":"","meta":{"site-sidebar-layout":"default","site-content-layout":"","ast-site-content-layout":"","site-content-style":"default","site-sidebar-style":"default","ast-global-header-display":"","ast-banner-title-visibility":"","ast-main-header-display":"","ast-hfb-above-header-display":"","ast-hfb-below-header-display":"","ast-hfb-mobile-header-display":"","site-post-title":"","ast-breadcrumbs-content":"","ast-featured-img":"","footer-sml-layout":"","theme-transparent-header-meta":"","adv-header-id-meta":"","stick-header-meta":"","header-above-stick-meta":"","header-main-stick-meta":"","header-below-stick-meta":"","astra-migrate-meta-layouts":"default","ast-page-background-enabled":"default","ast-page-background-meta":{"desktop":{"background-color":"var(--ast-global-color-4)","background-image":"","background-repeat":"repeat","background-position":"center center","background-size":"auto","background-attachment":"scroll","background-type":"","background-media":"","overlay-type":"","overlay-color":"","overlay-opacity":"","overlay-gradient":""},"tablet":{"background-color":"","background-image":"","background-repeat":"repeat","background-position":"center center","background-size":"auto","background-attachment":"scroll","background-type":"","background-media":"","overlay-type":"","overlay-color":"","overlay-opacity":"","overlay-gradient":""},"mobile":{"background-color":"","background-image":"","background-repeat":"repeat","background-position":"center center","background-size":"auto","background-attachment":"scroll","background-type":"","background-media":"","overlay-type":"","overlay-color":"","overlay-opacity":"","overlay-gradient":""}},"ast-content-background-meta":{"desktop":{"background-color":"var(--ast-global-color-5)","background-image":"","background-repeat":"repeat","background-position":"center center","background-size":"auto","background-attachment":"scroll","background-type":"","background-media":"","overlay-type":"","overlay-color":"","overlay-opacity":"","overlay-gradient":""},"tablet":{"background-color":"var(--ast-global-color-5)","background-image":"","background-repeat":"repeat","background-position":"center center","background-size":"auto","background-attachment":"scroll","background-type":"","background-media":"","overlay-type":"","overlay-color":"","overlay-opacity":"","overlay-gradient":""},"mobile":{"background-color":"var(--ast-global-color-5)","background-image":"","background-repeat":"repeat","background-position":"center center","background-size":"auto","background-attachment":"scroll","background-type":"","background-media":"","overlay-type":"","overlay-color":"","overlay-opacity":"","overlay-gradient":""}},"ngg_post_thumbnail":0,"footnotes":""},"class_list":["post-9569","page","type-page","status-publish","hentry"],"_links":{"self":[{"href":"https:\/\/musgerbil.dk\/index.php?rest_route=\/wp\/v2\/pages\/9569"}],"collection":[{"href":"https:\/\/musgerbil.dk\/index.php?rest_route=\/wp\/v2\/pages"}],"about":[{"href":"https:\/\/musgerbil.dk\/index.php?rest_route=\/wp\/v2\/types\/page"}],"author":[{"embeddable":true,"href":"https:\/\/musgerbil.dk\/index.php?rest_route=\/wp\/v2\/users\/114"}],"replies":[{"embeddable":true,"href":"https:\/\/musgerbil.dk\/index.php?rest_route=%2Fwp%2Fv2%2Fcomments&post=9569"}],"version-history":[{"count":2,"href":"https:\/\/musgerbil.dk\/index.php?rest_route=\/wp\/v2\/pages\/9569\/revisions"}],"predecessor-version":[{"id":9729,"href":"https:\/\/musgerbil.dk\/index.php?rest_route=\/wp\/v2\/pages\/9569\/revisions\/9729"}],"up":[{"embeddable":true,"href":"https:\/\/musgerbil.dk\/index.php?rest_route=\/wp\/v2\/pages\/150"}],"wp:attachment":[{"href":"https:\/\/musgerbil.dk\/index.php?rest_route=%2Fwp%2Fv2%2Fmedia&parent=9569"}],"curies":[{"name":"wp","href":"https:\/\/api.w.org\/{rel}","templated":true}]}}