{"id":9218,"date":"2018-11-30T21:36:24","date_gmt":"2018-11-30T20:36:24","guid":{"rendered":"http:\/\/musgerbil.dk\/?page_id=9218"},"modified":"2022-02-17T23:48:48","modified_gmt":"2022-02-17T22:48:48","slug":"op-nedrykning-mellem-standard-og-sjaelden-variant","status":"publish","type":"page","link":"https:\/\/musgerbil.dk\/?page_id=9218","title":{"rendered":"Op\/nedrykning"},"content":{"rendered":"<p>DMG vil pr 1. januar 2019 fors\u00f8gsvis \u00e6ndre kravene for udstillingsklasserne Standard og Sj\u00e6lden variant.<br \/>\nDa det kniber med dommerkapacitet for \u00f8rkenrotter\/sj\u00e6ldne arter og disse derfor ikke kan udstilles lige pt., er reglerne for op og nedrykning, kun g\u00e6ldende for mus, indtil videre.<\/p>\n<p>Der vil i 2019 ikke blive rykket p\u00e5 nogen varianter, men 2019 er \u00e5ret, hvor varianterne bliver optalt og oprykning\/nedrykning bliver besluttet ved \u00e5rsskiftet. Selv om det kaldes op\/ned rykning, er det ikke ment, som noget negativt, som i den g\u00e6ngse sportsverden, men en m\u00e5de b\u00e5de at give opdr\u00e6tterne et realistisk billede af, hvor deres variant er i forhold til standarden og samtidig give dommerne mulighed for at ajourf\u00f8re sig med de varianter, der ikke ses s\u00e5 tit p\u00e5 udstillingsbordet.<\/p>\n<p>Da det som skrevet, er et fors\u00f8g, kan der l\u00f8bende komme \u00e6ndringer\/tilf\u00f8jelser. Bl.a. har vi f\u00e5et Stuebed\u00f8mmelser, som kan v\u00e6re med til at indvirke p\u00e5 diverse tidsrammer. Der er ikke sat deadline p\u00e5 hvor l\u00e6nge fors\u00f8gsperioden skal vare, men minimum en 2 \u00e5rs periode.<\/p>\n<p><strong>Uddybning<\/strong> <strong>af nedrykning fra Standard til Sj\u00e6lden variant:<\/strong><\/p>\n<p>For at en variant skal kunne beg\u00e5 sig i Standardklassen, m\u00e5 der forventes b\u00e5de en vis kvalitet og kvantitet, som beviser at varianten lever op til den skrevne standard, i et omfang der er rimeligt.<\/p>\n<p>Hvis en variant sj\u00e6ldent eller aldrig udstilles, m\u00e5 den betragtes som sj\u00e6lden. Dommere kan ikke holde sig ajour med varianter de aldrig ser og opdr\u00e6ttere har ogs\u00e5 sv\u00e6rt ved at have noget sammenligningsgrundlag.<\/p>\n<p>For at varianten kan forblive i Standard, skal minimum 8 dyr udstilles p\u00e5 et udstillings\u00e5r, hvoraf 25% (minimum 2) af det samlede antal udstillede dyr, skal opn\u00e5 minimum 87 point. H\u00f8jst 2 af dyrene m\u00e5 v\u00e6re gengangere, der skal alts\u00e5 udstilles minimum 6 forskellige dyr og har et dyr allerede opn\u00e5et minimum 87 point, t\u00e6ller dette kun med \u00e9n gang i opt\u00e6llingen ved udstillings\u00e5rets afslutning . Det skal alts\u00e5 v\u00e6re 2 forskellige dyr, der opn\u00e5r minimum 87 point.<\/p>\n<p>Kan disse krav ikke opfyldes inden for et udstillings\u00e5r, rykkes varianten til Sj\u00e6lden variant efterf\u00f8lgende udstillings\u00e5r.<\/p>\n<p>Hvis der er flere opdr\u00e6ttere, som udstiller den samme variant, kan \u00e9n opdr\u00e6tter alene opfylde kravene. Det betyder, at kan \u00e9n opdr\u00e6tter opfylde ovenst\u00e5ende krav, blive dennes resultater ikke undermineret af f.eks. en anden opdr\u00e6tters ringere resultat.<\/p>\n<p>Op\/nedrykning sker \u00e9n gang pr. \u00e5r, inden nyt udstillings\u00e5r starter.<\/p>\n<p><strong>Uddybning<\/strong> <strong>af oprykning fra Sj\u00e6lden variant til Standard:<br \/>\n<\/strong>P\u00e5 samme m\u00e5de, skal der v\u00e6re klare retningslinjer for hvorn\u00e5r en variant kan rykke fra Sj\u00e6lden variant til Standard klassen, s\u00e5 udstilleren ved hvad der kr\u00e6ves.<\/p>\n<p>For at en variant kan rykke til Standard, skal minimum 8 dyr udstilles p\u00e5 et udstillings\u00e5r, hvoraf 25% (minimum 2) af det samlede antal udstillede dyr, skal opn\u00e5 minimum 87 point. H\u00f8jst 2 af dyrene m\u00e5 v\u00e6re gengangere, der skal alts\u00e5 udstilles minimum 6 forskellige dyr og har et dyr allerede opn\u00e5et minimum 87 point, t\u00e6ller dette kun med \u00e9n gang i opt\u00e6llingen ved udstillings\u00e5rets afslutning . Det skal alts\u00e5 v\u00e6re 2 forskellige dyr, der opn\u00e5r minimum 87 point.<\/p>\n<p>Opfyldes disse krav i et udstillings\u00e5r, rykkes varianten til Standard klassen efterf\u00f8lgende udstillings\u00e5r.<\/p>\n<p>Hvis der er flere opdr\u00e6ttere, som udstiller den samme variant, kan \u00e9n opdr\u00e6tter alene opfylde kravene. Det betyder, at kan \u00e9n opdr\u00e6tter opfylde ovenst\u00e5ende krav, blive dennes resultater ikke undermineret af f.eks. en anden opdr\u00e6tters ringere resultat.<\/p>\n<p>&nbsp;<\/p>\n<p>&nbsp;<\/p>\n","protected":false},"excerpt":{"rendered":"<p>DMG vil pr 1. januar 2019 fors\u00f8gsvis \u00e6ndre kravene for udstillingsklasserne Standard og Sj\u00e6lden variant. Da det kniber med dommerkapacitet for \u00f8rkenrotter\/sj\u00e6ldne arter og disse derfor ikke kan udstilles lige [&hellip;]<\/p>\n","protected":false},"author":114,"featured_media":0,"parent":34,"menu_order":0,"comment_status":"closed","ping_status":"closed","template":"","meta":{"site-sidebar-layout":"default","site-content-layout":"","ast-site-content-layout":"","site-content-style":"default","site-sidebar-style":"default","ast-global-header-display":"","ast-banner-title-visibility":"","ast-main-header-display":"","ast-hfb-above-header-display":"","ast-hfb-below-header-display":"","ast-hfb-mobile-header-display":"","site-post-title":"","ast-breadcrumbs-content":"","ast-featured-img":"","footer-sml-layout":"","theme-transparent-header-meta":"","adv-header-id-meta":"","stick-header-meta":"","header-above-stick-meta":"","header-main-stick-meta":"","header-below-stick-meta":"","astra-migrate-meta-layouts":"default","ast-page-background-enabled":"default","ast-page-background-meta":{"desktop":{"background-color":"var(--ast-global-color-4)","background-image":"","background-repeat":"repeat","background-position":"center center","background-size":"auto","background-attachment":"scroll","background-type":"","background-media":"","overlay-type":"","overlay-color":"","overlay-opacity":"","overlay-gradient":""},"tablet":{"background-color":"","background-image":"","background-repeat":"repeat","background-position":"center center","background-size":"auto","background-attachment":"scroll","background-type":"","background-media":"","overlay-type":"","overlay-color":"","overlay-opacity":"","overlay-gradient":""},"mobile":{"background-color":"","background-image":"","background-repeat":"repeat","background-position":"center center","background-size":"auto","background-attachment":"scroll","background-type":"","background-media":"","overlay-type":"","overlay-color":"","overlay-opacity":"","overlay-gradient":""}},"ast-content-background-meta":{"desktop":{"background-color":"var(--ast-global-color-5)","background-image":"","background-repeat":"repeat","background-position":"center center","background-size":"auto","background-attachment":"scroll","background-type":"","background-media":"","overlay-type":"","overlay-color":"","overlay-opacity":"","overlay-gradient":""},"tablet":{"background-color":"var(--ast-global-color-5)","background-image":"","background-repeat":"repeat","background-position":"center center","background-size":"auto","background-attachment":"scroll","background-type":"","background-media":"","overlay-type":"","overlay-color":"","overlay-opacity":"","overlay-gradient":""},"mobile":{"background-color":"var(--ast-global-color-5)","background-image":"","background-repeat":"repeat","background-position":"center center","background-size":"auto","background-attachment":"scroll","background-type":"","background-media":"","overlay-type":"","overlay-color":"","overlay-opacity":"","overlay-gradient":""}},"ngg_post_thumbnail":0,"footnotes":""},"class_list":["post-9218","page","type-page","status-publish","hentry"],"_links":{"self":[{"href":"https:\/\/musgerbil.dk\/index.php?rest_route=\/wp\/v2\/pages\/9218"}],"collection":[{"href":"https:\/\/musgerbil.dk\/index.php?rest_route=\/wp\/v2\/pages"}],"about":[{"href":"https:\/\/musgerbil.dk\/index.php?rest_route=\/wp\/v2\/types\/page"}],"author":[{"embeddable":true,"href":"https:\/\/musgerbil.dk\/index.php?rest_route=\/wp\/v2\/users\/114"}],"replies":[{"embeddable":true,"href":"https:\/\/musgerbil.dk\/index.php?rest_route=%2Fwp%2Fv2%2Fcomments&post=9218"}],"version-history":[{"count":7,"href":"https:\/\/musgerbil.dk\/index.php?rest_route=\/wp\/v2\/pages\/9218\/revisions"}],"predecessor-version":[{"id":10645,"href":"https:\/\/musgerbil.dk\/index.php?rest_route=\/wp\/v2\/pages\/9218\/revisions\/10645"}],"up":[{"embeddable":true,"href":"https:\/\/musgerbil.dk\/index.php?rest_route=\/wp\/v2\/pages\/34"}],"wp:attachment":[{"href":"https:\/\/musgerbil.dk\/index.php?rest_route=%2Fwp%2Fv2%2Fmedia&parent=9218"}],"curies":[{"name":"wp","href":"https:\/\/api.w.org\/{rel}","templated":true}]}}