{"id":9156,"date":"2018-11-30T13:50:33","date_gmt":"2018-11-30T12:50:33","guid":{"rendered":"http:\/\/musgerbil.dk\/?page_id=9156"},"modified":"2022-02-17T23:48:48","modified_gmt":"2022-02-17T22:48:48","slug":"afrikansk-pygmaemus","status":"publish","type":"page","link":"https:\/\/musgerbil.dk\/?page_id=9156","title":{"rendered":"Afrikansk Pygm\u00e6mus &#8211; Opdr\u00e6t"},"content":{"rendered":"<p>Pygm\u00e6 mus bliver k\u00f8nsmodne, n\u00e5r de er 4-6 uger, men b\u00f8r ikke i avl f\u00f8r de er 3-4 m\u00e5neder. De er dr\u00e6gtige i 20-21 dage og kuldst\u00f8rrelse er op til 8 unger (gennemsnitligt 3-4 unger). Ungerne er micro sm\u00e5 som nyf\u00f8dte, de f\u00f8des n\u00f8gne, blinde og d\u00f8ve, men er fuldt pelsede n\u00e5r de er omkring 14 dage. De frav\u00e6nnes n\u00e5r de er 3-4 uger og b\u00f8r her fjernes fra for\u00e6ldrene og samtidig k\u00f8nssorteres. Pygm\u00e6 mus, er ikke s\u00e5 tolerante over for indavl, som visse andre gnaverarter, s\u00e5 dette b\u00f8r undg\u00e5s. Indavl siges at give pelsproblemer, tendens til skaldede pletter og udbredt aggressivitet.<\/p>\n","protected":false},"excerpt":{"rendered":"<p>Pygm\u00e6 mus bliver k\u00f8nsmodne, n\u00e5r de er 4-6 uger, men b\u00f8r ikke i avl f\u00f8r de er 3-4 m\u00e5neder. De er dr\u00e6gtige i 20-21 dage og kuldst\u00f8rrelse er op til [&hellip;]<\/p>\n","protected":false},"author":114,"featured_media":0,"parent":8772,"menu_order":0,"comment_status":"closed","ping_status":"closed","template":"","meta":{"site-sidebar-layout":"default","site-content-layout":"","ast-site-content-layout":"","site-content-style":"default","site-sidebar-style":"default","ast-global-header-display":"","ast-banner-title-visibility":"","ast-main-header-display":"","ast-hfb-above-header-display":"","ast-hfb-below-header-display":"","ast-hfb-mobile-header-display":"","site-post-title":"","ast-breadcrumbs-content":"","ast-featured-img":"","footer-sml-layout":"","theme-transparent-header-meta":"","adv-header-id-meta":"","stick-header-meta":"","header-above-stick-meta":"","header-main-stick-meta":"","header-below-stick-meta":"","astra-migrate-meta-layouts":"default","ast-page-background-enabled":"default","ast-page-background-meta":{"desktop":{"background-color":"var(--ast-global-color-4)","background-image":"","background-repeat":"repeat","background-position":"center center","background-size":"auto","background-attachment":"scroll","background-type":"","background-media":"","overlay-type":"","overlay-color":"","overlay-opacity":"","overlay-gradient":""},"tablet":{"background-color":"","background-image":"","background-repeat":"repeat","background-position":"center center","background-size":"auto","background-attachment":"scroll","background-type":"","background-media":"","overlay-type":"","overlay-color":"","overlay-opacity":"","overlay-gradient":""},"mobile":{"background-color":"","background-image":"","background-repeat":"repeat","background-position":"center center","background-size":"auto","background-attachment":"scroll","background-type":"","background-media":"","overlay-type":"","overlay-color":"","overlay-opacity":"","overlay-gradient":""}},"ast-content-background-meta":{"desktop":{"background-color":"var(--ast-global-color-5)","background-image":"","background-repeat":"repeat","background-position":"center center","background-size":"auto","background-attachment":"scroll","background-type":"","background-media":"","overlay-type":"","overlay-color":"","overlay-opacity":"","overlay-gradient":""},"tablet":{"background-color":"var(--ast-global-color-5)","background-image":"","background-repeat":"repeat","background-position":"center center","background-size":"auto","background-attachment":"scroll","background-type":"","background-media":"","overlay-type":"","overlay-color":"","overlay-opacity":"","overlay-gradient":""},"mobile":{"background-color":"var(--ast-global-color-5)","background-image":"","background-repeat":"repeat","background-position":"center center","background-size":"auto","background-attachment":"scroll","background-type":"","background-media":"","overlay-type":"","overlay-color":"","overlay-opacity":"","overlay-gradient":""}},"ngg_post_thumbnail":0,"footnotes":""},"class_list":["post-9156","page","type-page","status-publish","hentry"],"_links":{"self":[{"href":"https:\/\/musgerbil.dk\/index.php?rest_route=\/wp\/v2\/pages\/9156"}],"collection":[{"href":"https:\/\/musgerbil.dk\/index.php?rest_route=\/wp\/v2\/pages"}],"about":[{"href":"https:\/\/musgerbil.dk\/index.php?rest_route=\/wp\/v2\/types\/page"}],"author":[{"embeddable":true,"href":"https:\/\/musgerbil.dk\/index.php?rest_route=\/wp\/v2\/users\/114"}],"replies":[{"embeddable":true,"href":"https:\/\/musgerbil.dk\/index.php?rest_route=%2Fwp%2Fv2%2Fcomments&post=9156"}],"version-history":[{"count":2,"href":"https:\/\/musgerbil.dk\/index.php?rest_route=\/wp\/v2\/pages\/9156\/revisions"}],"predecessor-version":[{"id":9159,"href":"https:\/\/musgerbil.dk\/index.php?rest_route=\/wp\/v2\/pages\/9156\/revisions\/9159"}],"up":[{"embeddable":true,"href":"https:\/\/musgerbil.dk\/index.php?rest_route=\/wp\/v2\/pages\/8772"}],"wp:attachment":[{"href":"https:\/\/musgerbil.dk\/index.php?rest_route=%2Fwp%2Fv2%2Fmedia&parent=9156"}],"curies":[{"name":"wp","href":"https:\/\/api.w.org\/{rel}","templated":true}]}}