{"id":9149,"date":"2018-11-30T13:41:02","date_gmt":"2018-11-30T12:41:02","guid":{"rendered":"http:\/\/musgerbil.dk\/?page_id=9149"},"modified":"2022-02-17T23:48:48","modified_gmt":"2022-02-17T22:48:48","slug":"afrikansk-pygmaemus-helbred","status":"publish","type":"page","link":"https:\/\/musgerbil.dk\/?page_id=9149","title":{"rendered":"Afrikansk Pygm\u00e6mus &#8211; Helbred"},"content":{"rendered":"<p>Alle dyr kan jo blive syge, men pygm\u00e6musen er ikke s\u00e5 udbredt som hobbydyr og vi har ikke kendskab til specifikke sygdomme hos denne art.<\/p>\n<p>De er jo nogle sm\u00e5 nogle og deraf ogs\u00e5 sarte over for tr\u00e6k, st\u00f8v og d\u00e5rligt indeklima i buret, s\u00e5 s\u00f8rg for der er ventilation i buret, enten i form af netl\u00e5get p\u00e5 akvariet eller ventilationsriste i terrariet. V\u00e6r opm\u00e6rksom p\u00e5 at der ikke dannes kondensvand indvendigt p\u00e5 glasset. G\u00f8r der det, er ventilationen ikke tilstr\u00e6kkelig.<\/p>\n<p>Kend den sunde mus p\u00e5 en glat pels, klare blanke \u00f8jne, god appetit og livlig i sin adf\u00e6rd og husk at loven foreskriver, at man som dyre ejer har pligt til at beskytte sine dyr mod lidelse og smerte, s\u00e5 hvis en af dine mus bliver syge, har du pligt til enten at tage den til dyrl\u00e6ge eller aflive den p\u00e5 en human m\u00e5de.<\/p>\n","protected":false},"excerpt":{"rendered":"<p>Alle dyr kan jo blive syge, men pygm\u00e6musen er ikke s\u00e5 udbredt som hobbydyr og vi har ikke kendskab til specifikke sygdomme hos denne art. De er jo nogle sm\u00e5 [&hellip;]<\/p>\n","protected":false},"author":114,"featured_media":0,"parent":8772,"menu_order":0,"comment_status":"closed","ping_status":"closed","template":"","meta":{"site-sidebar-layout":"default","site-content-layout":"","ast-site-content-layout":"","site-content-style":"default","site-sidebar-style":"default","ast-global-header-display":"","ast-banner-title-visibility":"","ast-main-header-display":"","ast-hfb-above-header-display":"","ast-hfb-below-header-display":"","ast-hfb-mobile-header-display":"","site-post-title":"","ast-breadcrumbs-content":"","ast-featured-img":"","footer-sml-layout":"","theme-transparent-header-meta":"","adv-header-id-meta":"","stick-header-meta":"","header-above-stick-meta":"","header-main-stick-meta":"","header-below-stick-meta":"","astra-migrate-meta-layouts":"default","ast-page-background-enabled":"default","ast-page-background-meta":{"desktop":{"background-color":"var(--ast-global-color-4)","background-image":"","background-repeat":"repeat","background-position":"center center","background-size":"auto","background-attachment":"scroll","background-type":"","background-media":"","overlay-type":"","overlay-color":"","overlay-opacity":"","overlay-gradient":""},"tablet":{"background-color":"","background-image":"","background-repeat":"repeat","background-position":"center center","background-size":"auto","background-attachment":"scroll","background-type":"","background-media":"","overlay-type":"","overlay-color":"","overlay-opacity":"","overlay-gradient":""},"mobile":{"background-color":"","background-image":"","background-repeat":"repeat","background-position":"center center","background-size":"auto","background-attachment":"scroll","background-type":"","background-media":"","overlay-type":"","overlay-color":"","overlay-opacity":"","overlay-gradient":""}},"ast-content-background-meta":{"desktop":{"background-color":"var(--ast-global-color-5)","background-image":"","background-repeat":"repeat","background-position":"center center","background-size":"auto","background-attachment":"scroll","background-type":"","background-media":"","overlay-type":"","overlay-color":"","overlay-opacity":"","overlay-gradient":""},"tablet":{"background-color":"var(--ast-global-color-5)","background-image":"","background-repeat":"repeat","background-position":"center center","background-size":"auto","background-attachment":"scroll","background-type":"","background-media":"","overlay-type":"","overlay-color":"","overlay-opacity":"","overlay-gradient":""},"mobile":{"background-color":"var(--ast-global-color-5)","background-image":"","background-repeat":"repeat","background-position":"center center","background-size":"auto","background-attachment":"scroll","background-type":"","background-media":"","overlay-type":"","overlay-color":"","overlay-opacity":"","overlay-gradient":""}},"ngg_post_thumbnail":0,"footnotes":""},"class_list":["post-9149","page","type-page","status-publish","hentry"],"_links":{"self":[{"href":"https:\/\/musgerbil.dk\/index.php?rest_route=\/wp\/v2\/pages\/9149"}],"collection":[{"href":"https:\/\/musgerbil.dk\/index.php?rest_route=\/wp\/v2\/pages"}],"about":[{"href":"https:\/\/musgerbil.dk\/index.php?rest_route=\/wp\/v2\/types\/page"}],"author":[{"embeddable":true,"href":"https:\/\/musgerbil.dk\/index.php?rest_route=\/wp\/v2\/users\/114"}],"replies":[{"embeddable":true,"href":"https:\/\/musgerbil.dk\/index.php?rest_route=%2Fwp%2Fv2%2Fcomments&post=9149"}],"version-history":[{"count":1,"href":"https:\/\/musgerbil.dk\/index.php?rest_route=\/wp\/v2\/pages\/9149\/revisions"}],"predecessor-version":[{"id":9150,"href":"https:\/\/musgerbil.dk\/index.php?rest_route=\/wp\/v2\/pages\/9149\/revisions\/9150"}],"up":[{"embeddable":true,"href":"https:\/\/musgerbil.dk\/index.php?rest_route=\/wp\/v2\/pages\/8772"}],"wp:attachment":[{"href":"https:\/\/musgerbil.dk\/index.php?rest_route=%2Fwp%2Fv2%2Fmedia&parent=9149"}],"curies":[{"name":"wp","href":"https:\/\/api.w.org\/{rel}","templated":true}]}}