{"id":9146,"date":"2018-11-30T13:26:02","date_gmt":"2018-11-30T12:26:02","guid":{"rendered":"http:\/\/musgerbil.dk\/?page_id=9146"},"modified":"2022-02-17T23:48:48","modified_gmt":"2022-02-17T22:48:48","slug":"afrikansk-pygmaemus-foder","status":"publish","type":"page","link":"https:\/\/musgerbil.dk\/?page_id=9146","title":{"rendered":"Afrikansk Pygm\u00e6mus &#8211; Foder"},"content":{"rendered":"<p><strong>Foder<\/strong><br \/>\nDeres stofskifte er meget h\u00f8jt og de skal Altid have adgang til foder. Som grundfoder kan man bruge parakitblanding, gerne uden for mange solsikkefr\u00f8. H\u00e6ng ogs\u00e5 gerne en hirsekolbe op i buret, der er til mange timers underholdning, b\u00e5de for dyr og ejer. I naturen spiser de ogs\u00e5 en del insekter og det skal de selvf\u00f8lgelig ogs\u00e5 have i fangenskab j\u00e6vnligt. Du kan f.eks fodre med levende sm\u00e5 f\u00e5rekyllinger, voksm\u00f8l larver og melorme og m\u00e5ske du har et sted i n\u00e6rheden hvor der ikke spr\u00f8jtes, s\u00e5 du kan finde sm\u00e5 insekter i naturen. Insekter kan ogs\u00e5 k\u00f8bes t\u00f8rrede, hvilket ogs\u00e5 kan v\u00e6re et godt protein tilskud. 1-2 gange om ugen b\u00f8r man give en lille smule frugt, gulerod eller andet gr\u00f8nt, men kun sm\u00e5 m\u00e6ngder, s\u00e5 det ikke ligger og r\u00e5dner. Pygm\u00e6 mus samler og gemmer deres mad, s\u00e5 ved burskift vil du sikkert finder lagre rundt omkring.<\/p>\n<p><strong>Vand<br \/>\n<\/strong>De drikker ret meget vand i forhold til deres st\u00f8rrelse, s\u00e5 som med forder, skal de ogs\u00e5 altid have vand til r\u00e5dighed. De kan have problemer med at drikke af de normale vandflasker til gnavere, da de ikke kan skubbe kuglen, s\u00e5 man skal finde andre alternativer. Enten en fugle drikkeautomat, eller en \u201dtube\u201d vandflaske. Sidste er som regel af glas og kan k\u00f8bes i visse dyrehandlere. En tredje mulighed er en sk\u00e5l med lav kant, som man stiller p\u00e5 en afsats af en art, s\u00e5 der ikke s\u00e5 nemt kommer bundstr\u00f8else i. L\u00e6g gerne nogle sten i sk\u00e5len, s\u00e5 der ikke er risiko for at de sm\u00e5 mus kan drukne.<\/p>\n","protected":false},"excerpt":{"rendered":"<p>Foder Deres stofskifte er meget h\u00f8jt og de skal Altid have adgang til foder. Som grundfoder kan man bruge parakitblanding, gerne uden for mange solsikkefr\u00f8. H\u00e6ng ogs\u00e5 gerne en hirsekolbe [&hellip;]<\/p>\n","protected":false},"author":114,"featured_media":0,"parent":8772,"menu_order":0,"comment_status":"closed","ping_status":"closed","template":"","meta":{"site-sidebar-layout":"default","site-content-layout":"","ast-site-content-layout":"","site-content-style":"default","site-sidebar-style":"default","ast-global-header-display":"","ast-banner-title-visibility":"","ast-main-header-display":"","ast-hfb-above-header-display":"","ast-hfb-below-header-display":"","ast-hfb-mobile-header-display":"","site-post-title":"","ast-breadcrumbs-content":"","ast-featured-img":"","footer-sml-layout":"","theme-transparent-header-meta":"","adv-header-id-meta":"","stick-header-meta":"","header-above-stick-meta":"","header-main-stick-meta":"","header-below-stick-meta":"","astra-migrate-meta-layouts":"default","ast-page-background-enabled":"default","ast-page-background-meta":{"desktop":{"background-color":"var(--ast-global-color-4)","background-image":"","background-repeat":"repeat","background-position":"center center","background-size":"auto","background-attachment":"scroll","background-type":"","background-media":"","overlay-type":"","overlay-color":"","overlay-opacity":"","overlay-gradient":""},"tablet":{"background-color":"","background-image":"","background-repeat":"repeat","background-position":"center center","background-size":"auto","background-attachment":"scroll","background-type":"","background-media":"","overlay-type":"","overlay-color":"","overlay-opacity":"","overlay-gradient":""},"mobile":{"background-color":"","background-image":"","background-repeat":"repeat","background-position":"center center","background-size":"auto","background-attachment":"scroll","background-type":"","background-media":"","overlay-type":"","overlay-color":"","overlay-opacity":"","overlay-gradient":""}},"ast-content-background-meta":{"desktop":{"background-color":"var(--ast-global-color-5)","background-image":"","background-repeat":"repeat","background-position":"center center","background-size":"auto","background-attachment":"scroll","background-type":"","background-media":"","overlay-type":"","overlay-color":"","overlay-opacity":"","overlay-gradient":""},"tablet":{"background-color":"var(--ast-global-color-5)","background-image":"","background-repeat":"repeat","background-position":"center center","background-size":"auto","background-attachment":"scroll","background-type":"","background-media":"","overlay-type":"","overlay-color":"","overlay-opacity":"","overlay-gradient":""},"mobile":{"background-color":"var(--ast-global-color-5)","background-image":"","background-repeat":"repeat","background-position":"center center","background-size":"auto","background-attachment":"scroll","background-type":"","background-media":"","overlay-type":"","overlay-color":"","overlay-opacity":"","overlay-gradient":""}},"ngg_post_thumbnail":0,"footnotes":""},"class_list":["post-9146","page","type-page","status-publish","hentry"],"_links":{"self":[{"href":"https:\/\/musgerbil.dk\/index.php?rest_route=\/wp\/v2\/pages\/9146"}],"collection":[{"href":"https:\/\/musgerbil.dk\/index.php?rest_route=\/wp\/v2\/pages"}],"about":[{"href":"https:\/\/musgerbil.dk\/index.php?rest_route=\/wp\/v2\/types\/page"}],"author":[{"embeddable":true,"href":"https:\/\/musgerbil.dk\/index.php?rest_route=\/wp\/v2\/users\/114"}],"replies":[{"embeddable":true,"href":"https:\/\/musgerbil.dk\/index.php?rest_route=%2Fwp%2Fv2%2Fcomments&post=9146"}],"version-history":[{"count":2,"href":"https:\/\/musgerbil.dk\/index.php?rest_route=\/wp\/v2\/pages\/9146\/revisions"}],"predecessor-version":[{"id":9152,"href":"https:\/\/musgerbil.dk\/index.php?rest_route=\/wp\/v2\/pages\/9146\/revisions\/9152"}],"up":[{"embeddable":true,"href":"https:\/\/musgerbil.dk\/index.php?rest_route=\/wp\/v2\/pages\/8772"}],"wp:attachment":[{"href":"https:\/\/musgerbil.dk\/index.php?rest_route=%2Fwp%2Fv2%2Fmedia&parent=9146"}],"curies":[{"name":"wp","href":"https:\/\/api.w.org\/{rel}","templated":true}]}}