{"id":9132,"date":"2018-11-30T12:34:39","date_gmt":"2018-11-30T11:34:39","guid":{"rendered":"http:\/\/musgerbil.dk\/?page_id=9132"},"modified":"2022-02-17T23:48:48","modified_gmt":"2022-02-17T22:48:48","slug":"de-foerste-afrikansk-dvaergmus","status":"publish","type":"page","link":"https:\/\/musgerbil.dk\/?page_id=9132","title":{"rendered":"Afrikansk Pygm\u00e6mus &#8211; De f\u00f8rste"},"content":{"rendered":"<p>Inden man anskaffer sig disse sm\u00e5 mus, skal man v\u00e6re opm\u00e6rksom p\u00e5, at det ikke er k\u00e6ledyr, men mere \u201dkigge p\u00e5 \u201d dyr. De er mest skumrings og natdyr, men ses ogs\u00e5 aktive om dagen i mindre grad. De ynder at grave sig ned i bundlaget eller gemme sig i deres huler.<\/p>\n<p>Den afrikanske pygm\u00e6mus eller dv\u00e6rgmusen er en af de mindste pattedyr, der findes, hvis ikke det mindste. Den er op til 8 cm lang, hvor af knap halvdelen er hale, med en v\u00e6gt op til 12 gram. Hannerne st\u00f8rst.<\/p>\n<p>Deres levealder er normalt op til 2 \u00e5r, men de kan blive \u00e6ldre i fangenskab.<\/p>\n<p>De skal altid holdes flere sammen, da de er flokdyr, gerne mindst 3, men kun 1 han, da de kan v\u00e6re meget territoriale. Vil du opdr\u00e6tte, s\u00e5 find dyr, der ikke er besl\u00e6gtede og vil du undg\u00e5 unger, s\u00e5 anskaf dig kun hunner. Hvis du k\u00f8ber begge k\u00f8n, s\u00e5 tag med i overvejelserne Inden k\u00f8bet, hvor du skal g\u00f8re af ungerne. To bliver hurtigt til mange.<\/p>\n<p>En sjov detalje ved deres adf\u00e6rd er at de gerne l\u00e6gger en bunke med sm\u00e5 sten foran deres hule. I naturen vil disse opsamle dug og musene kan drikke vand derfra. I fangenskab vil s\u00e5dan en bunke sten selvf\u00f8lgelig ikke nytte noget, men giv dem alligevel lidt sm\u00e5 sten, s\u00e5 de har mulighed for at g\u00f8re som i naturen.<\/p>\n","protected":false},"excerpt":{"rendered":"<p>Inden man anskaffer sig disse sm\u00e5 mus, skal man v\u00e6re opm\u00e6rksom p\u00e5, at det ikke er k\u00e6ledyr, men mere \u201dkigge p\u00e5 \u201d dyr. De er mest skumrings og natdyr, men [&hellip;]<\/p>\n","protected":false},"author":114,"featured_media":0,"parent":8772,"menu_order":0,"comment_status":"closed","ping_status":"closed","template":"","meta":{"site-sidebar-layout":"default","site-content-layout":"","ast-site-content-layout":"","site-content-style":"default","site-sidebar-style":"default","ast-global-header-display":"","ast-banner-title-visibility":"","ast-main-header-display":"","ast-hfb-above-header-display":"","ast-hfb-below-header-display":"","ast-hfb-mobile-header-display":"","site-post-title":"","ast-breadcrumbs-content":"","ast-featured-img":"","footer-sml-layout":"","theme-transparent-header-meta":"","adv-header-id-meta":"","stick-header-meta":"","header-above-stick-meta":"","header-main-stick-meta":"","header-below-stick-meta":"","astra-migrate-meta-layouts":"default","ast-page-background-enabled":"default","ast-page-background-meta":{"desktop":{"background-color":"var(--ast-global-color-4)","background-image":"","background-repeat":"repeat","background-position":"center center","background-size":"auto","background-attachment":"scroll","background-type":"","background-media":"","overlay-type":"","overlay-color":"","overlay-opacity":"","overlay-gradient":""},"tablet":{"background-color":"","background-image":"","background-repeat":"repeat","background-position":"center center","background-size":"auto","background-attachment":"scroll","background-type":"","background-media":"","overlay-type":"","overlay-color":"","overlay-opacity":"","overlay-gradient":""},"mobile":{"background-color":"","background-image":"","background-repeat":"repeat","background-position":"center center","background-size":"auto","background-attachment":"scroll","background-type":"","background-media":"","overlay-type":"","overlay-color":"","overlay-opacity":"","overlay-gradient":""}},"ast-content-background-meta":{"desktop":{"background-color":"var(--ast-global-color-5)","background-image":"","background-repeat":"repeat","background-position":"center center","background-size":"auto","background-attachment":"scroll","background-type":"","background-media":"","overlay-type":"","overlay-color":"","overlay-opacity":"","overlay-gradient":""},"tablet":{"background-color":"var(--ast-global-color-5)","background-image":"","background-repeat":"repeat","background-position":"center center","background-size":"auto","background-attachment":"scroll","background-type":"","background-media":"","overlay-type":"","overlay-color":"","overlay-opacity":"","overlay-gradient":""},"mobile":{"background-color":"var(--ast-global-color-5)","background-image":"","background-repeat":"repeat","background-position":"center center","background-size":"auto","background-attachment":"scroll","background-type":"","background-media":"","overlay-type":"","overlay-color":"","overlay-opacity":"","overlay-gradient":""}},"ngg_post_thumbnail":0,"footnotes":""},"class_list":["post-9132","page","type-page","status-publish","hentry"],"_links":{"self":[{"href":"https:\/\/musgerbil.dk\/index.php?rest_route=\/wp\/v2\/pages\/9132"}],"collection":[{"href":"https:\/\/musgerbil.dk\/index.php?rest_route=\/wp\/v2\/pages"}],"about":[{"href":"https:\/\/musgerbil.dk\/index.php?rest_route=\/wp\/v2\/types\/page"}],"author":[{"embeddable":true,"href":"https:\/\/musgerbil.dk\/index.php?rest_route=\/wp\/v2\/users\/114"}],"replies":[{"embeddable":true,"href":"https:\/\/musgerbil.dk\/index.php?rest_route=%2Fwp%2Fv2%2Fcomments&post=9132"}],"version-history":[{"count":5,"href":"https:\/\/musgerbil.dk\/index.php?rest_route=\/wp\/v2\/pages\/9132\/revisions"}],"predecessor-version":[{"id":9141,"href":"https:\/\/musgerbil.dk\/index.php?rest_route=\/wp\/v2\/pages\/9132\/revisions\/9141"}],"up":[{"embeddable":true,"href":"https:\/\/musgerbil.dk\/index.php?rest_route=\/wp\/v2\/pages\/8772"}],"wp:attachment":[{"href":"https:\/\/musgerbil.dk\/index.php?rest_route=%2Fwp%2Fv2%2Fmedia&parent=9132"}],"curies":[{"name":"wp","href":"https:\/\/api.w.org\/{rel}","templated":true}]}}