{"id":90,"date":"2014-04-05T08:09:30","date_gmt":"2014-04-05T08:09:30","guid":{"rendered":"http:\/\/musgerbil.dk\/?page_id=90"},"modified":"2022-02-17T23:49:29","modified_gmt":"2022-02-17T22:49:29","slug":"udstillingsregler","status":"publish","type":"page","link":"https:\/\/musgerbil.dk\/?page_id=90","title":{"rendered":"Udstillingsregler"},"content":{"rendered":"<h3><b>Etiske regels\u00e6t for udstillere p\u00e5 DMG\u2019s udstillinger.<\/b><\/h3>\n<p>Dette er et regels\u00e6t for udstillere og g\u00e6sters opf\u00f8rsel, s\u00e5 alle f\u00e5r en god dag p\u00e5 udstillingen.<\/p>\n<p>\u00a7 1 \u2013 Der forventes almindelig dannelse fra alle udstillere og g\u00e6ster p\u00e5 udstillingen.<br \/>\n\u00a7 2 \u2013 Blandt udstillere og g\u00e6ster m\u00e5 der ikke indtages alkohol eller andre rusmidler umiddelbart op til eller under udstillingen. M\u00f8der udstillere eller g\u00e6ster synligt p\u00e5virket op, vil man blive bortvist fra udstillingen.<br \/>\n\u00a7 3 \u2013 Under bed\u00f8mmelsen m\u00e5 der ikke foreg\u00e5 h\u00f8jlydt samtale udstillere imellem.<br \/>\n\u00a7 4 \u2013 Udstiller m\u00e5 overv\u00e6re egne dyrs bed\u00f8mmelser, men ikke samtale med dommeren eller sekret\u00e6ren om dyret, medmindre man bliver spurgt af dommeren.<br \/>\nStk. 2 \u2013 Sekret\u00e6ren kan anmode udstiller om at g\u00e5 v\u00e6k fra bed\u00f8mmelsen p\u00e5 opfordring af dommeren, hvis udstiller udviser forstyrrende adf\u00e6rd.<br \/>\n\u00a7 5 \u2013 N\u00e5r bed\u00f8mmelsen af det enkelte dyr er overst\u00e5et, m\u00e5 udstiller IKKE henvende sig til dommeren ang\u00e5ende bed\u00f8mmelsen, s\u00e5 l\u00e6nge dommeren ikke er f\u00e6rdig med \u00f8vrige bed\u00f8mmelser.<br \/>\n\u00a7 6 \u2013 B\u00f8rneudstillere skal for s\u00e5 vidt muligt efterleve reglerne under vejledning fra for\u00e6ldrene.<br \/>\n\u00a7 7 \u2013 Alle til stede p\u00e5 udstillingen skal opf\u00f8re sig med respekt for hinanden.<\/p>\n<p><strong>Generelle regler for udstilling<br \/>\n<\/strong><strong>\u00a7 1 \u2013 Deltagelse<br \/>\n<\/strong><u>Stk. 1<\/u><br \/>\nAlle medlemmer af foreningen kan deltage.<br \/>\nIkke-medlemmer kan deltage p\u00e5 \u00e9n udstilling uden medlemskab.<\/p>\n<p><u>Stk. 2 \u2013 Dyr<br \/>\n<\/u>Syge dyr, unger under frav\u00e6nningsalder, synligt dr\u00e6gtige hunner og hunner med unger, der ikke er frav\u00e6nnet, m\u00e5 ikke medtages p\u00e5 udstillinger.<br \/>\n<strong><br \/>\n\u00a7 2 \u2013 Udstillingsklasser<br \/>\n<u>Standard:<\/u><\/strong> For godkendte varianter, der lever op til kravene her om.<\/p>\n<p><strong><u>Sj\u00e6ldne varianter:<\/u><\/strong> Er for nye varianter, som er rykket op fra Ustandardiseret med guidestandard, som der stadig arbejdes med og for varianter, der ikke opfylder kravene til Standard.<br \/>\n<u><br \/>\n<strong>Ustandardiserede varianter:<\/strong><\/u> Denne klasse er springbr\u00e6ttet til godkendelse af nye varianter. Der kan ikke vindes pr\u00e6mier, ej heller uddeles der Champion certifikater.<\/p>\n<p><strong><u>K\u00e6ledyr:<\/u><\/strong> Alle mus, \u00f8rkenrotter og sj\u00e6ldne arter kan deltage<\/p>\n<p><strong><u>B\u00f8rnedyr:<\/u><\/strong> Alle arter, som udstilles af et barn til og med 14 \u00e5r.<\/p>\n<p><strong>\u00a7 3 \u2013 Aldersklasser<br \/>\n<\/strong><u>Mus<\/u><br \/>\nJunior: Fra 7 uger til og med 19 uger.<br \/>\nSenior: Fra og med 20 uger.<\/p>\n<p><u>\u00d8rkenrotter<\/u><br \/>\nJunior: Fra 12 uger til og med 29 uger.<br \/>\nSenior: Fra og med 30 uger.<\/p>\n<p><u>Sj\u00e6ldne Arter<\/u><br \/>\nJunior: Fra 7 uger til og med 16 uger.<br \/>\nSenior: Fra og med 17 uger.<\/p>\n<p><strong>\u00a7<\/strong> <strong>4 \u2013 Indbydelse<\/strong><br \/>\nIndbydelser til udstillinger sl\u00e5s op p\u00e5 foreningens hjemmeside, i foreningens Facebook gruppe og sendes evt. p\u00e5 mail til foreningens medlemmer.<\/p>\n<p><strong>\u00a7 5 \u2013 Tilmelding<br \/>\n<\/strong><u>Stk. 1<\/u> \u2013 Tilmelding foreg\u00e5r via online tilmeldingsblanket inden tilmeldings-fristens udl\u00f8b.<br \/>\nDyret skal tilmeldes som det, dyret er genetisk.<br \/>\nEfteranmeldelser modtages op til 48 timer efter tilmeldingens lukning i det omfang der er plads til, mod en merudgift p\u00e5 10 kr. pr. dyr.<\/p>\n<p><u>Stk 2<\/u> \u2013 Tilmeldings og tilmeldingsgebyr indbetales p\u00e5 foreningens konto inden for tilmeldingsfristen. Tilmeldingen er bindende, dvs. at gebyrer ikke refunderes ved udeblivelse af et eller flere dyr. Eneste undtagelse herfra, er hvis udstillingen aflyses.<\/p>\n<p><strong> \u00a7 6 \u2013 Opbevaring af udstillingsdyr<\/strong><u><br \/>\nStk. 1 \u2013 Udstillingskasser<br \/>\n<\/u>Alle udstillingsbokse skal v\u00e6re fri af navne, m\u00e6rkater eller andet, som kan give klar genkendelighed af ejerskab eller forhindre frit udsyn til dyret.<\/p>\n<p><u>\u00d8rkenrotte:<\/u><br \/>\n\u00d8rkenrotterne skal befinde sig i en gennemsigtig firkantet boks, gerne en faunaboks, med mindstem\u00e5l: l\u00e6ngde: 23 cm., bredde: 15 cm., h\u00f8jde: 16 cm.<br \/>\nMax. m\u00e5l p\u00e5 boksen: 35 x 25 cm i l\u00e6ngde og bredde. (F.eks. en 10L faunaboks).<br \/>\nI hver boks m\u00e5 der maks forefinde sig 3 \u00f8rkenrotter af forskellig farve og\/eller k\u00f8n.<br \/>\nDet anbefales naturligvis at anvende en boks med m\u00e5l s\u00e5 t\u00e6t p\u00e5 maks. m\u00e5lene som muligt, n\u00e5r der befinder sig flere \u00f8rkenrotter i en boks.<\/p>\n<p><u>Mus:<\/u><br \/>\nMus skal befinde sig i en gennemsigtig firkantet boks, gerne en faunaboks, med mindstem\u00e5l: l\u00e6ngde: 20 cm., bredde: 15 cm., h\u00f8jde: 14 cm. (En typisk SmartStore 3 boks)<br \/>\nMax. m\u00e5l p\u00e5 boksen: 35 x 25 cm i l\u00e6ngde og bredde. (F.eks. en 10L faunaboks).<br \/>\nI hver boks m\u00e5 der maks. forefinde sig 4 mus af forskellig farve og\/eller k\u00f8n.<br \/>\nDet anbefales naturligvis at anvende en boks med m\u00e5l s\u00e5 t\u00e6t p\u00e5 maks. m\u00e5lene som muligt, n\u00e5r der befinder sig flere mus i en boks.<\/p>\n<p><u>Sj\u00e6ldne Arter:<\/u><br \/>\nSj\u00e6ldne arter skal befinde sig i en gennemsigtig firkantet boks, gerne en faunaboks, med mindstem\u00e5l: l\u00e6ngde: 23 cm., bredde: 15 cm., h\u00f8jde: 16 cm.<br \/>\nMax. m\u00e5l p\u00e5 boksen: 35 x 25 cm i l\u00e6ngde og bredde. (F.eks. en 10L faunaboks).<br \/>\nI hver boks m\u00e5 der maksimalt befinde sig tre dyr af forskellig farve og\/eller k\u00f8n.<\/p>\n<p><u>Stk. 2 \u2013 Andet indhold<br \/>\n<\/u>Der skal foruden dyr kun befinde sig f\u00f8lgende i boksen: Bundstr\u00f8else som sp\u00e5ner, boxo, carefresh el. lign., vandholdigt foder \u2013 agurk eller gulerod, lidt alm. t\u00f8rt foder samt lidt til dyrene kan putte sig i. Der m\u00e5 v\u00e6re \u00e9n toiletrulle u. papir p\u00e5 i hver kasse. Hamstervat er bandlyst.<\/p>\n<p><u>Stk. 3 \u2013 H\u00e5ndtering<\/u><br \/>\nUdstillingskasserne og -dyr m\u00e5 ikke h\u00e5ndteres af andre end dommer og sekret\u00e6r efter indtjek indtil pr\u00e6miering er slut, medmindre det er godkendt af en dommer.<\/p>\n<p>Undtaget fra denne regel er ejer. Ejer alene m\u00e5 tage dyret ud af kassen for at fremvise dyret, n\u00e5r det st\u00e5r p\u00e5 udstillingsbordet.<br \/>\nDyret m\u00e5 ikke fjernes fra sin plads og ejer m\u00e5 ikke sidde\/g\u00e5 rundt med dyret, men m\u00e5 udelukkende vise dyret frem til andre interesserede.<br \/>\nEjer alene er ansvarlig for, at dyret er i sin udstillingsboks, n\u00e5r det hentes til bed\u00f8mmelse. Ejer skal v\u00e6re opm\u00e6rksom p\u00e5, at h\u00e5ndtering under udstilling kan medf\u00f8re fedtet pels, som vil tr\u00e6kke ned under bed\u00f8mmelsen af dyret.<br \/>\nS\u00e5fremt et dyr udviser stress pga h\u00e5ndteringen, b\u00f8r det s\u00e6ttes tilbage i kassen, hvor det forbliver til efter bed\u00f8mmelse og pr\u00e6miering.<\/p>\n<p>Der vil v\u00e6re tydelig skiltning ang. h\u00e5ndtering under udstillinger.<\/p>\n<p><u>Stk. 4 \u2013 Salg af udstillingsdyr<\/u><br \/>\nUdstillingsdyr m\u00e5 ikke s\u00e6lges efter dyret er indtjekket og indtil pr\u00e6miering er afsluttet.<\/p>\n<p><u>Stk. 5<\/u> \u2013 Udstillingsdyrene m\u00e5 ikke forlade udstillingen, f\u00f8r udstillingen lukker og der er givet tilsagn herom.<\/p>\n<p><strong> \u00a7 7 \u2013 Udstillingsgebyrer<br \/>\n<\/strong>Se priser <a href=\"https:\/\/musgerbil.dk\/?page_id=388\">Her<\/a><\/p>\n<p>\u00a7 8 \u2013 Salgsdyr<br \/>\n<u>Stk. 1<\/u> \u2013 Alle salgsdyr skal gennem indtjek om morgenen i samme tidsrum som udstillingsdyr, og kan afvises p\u00e5 lige fod med udstillingsdyr.<br \/>\nSom udstiller og\/eller dommer m\u00e5 man medbringe salgsdyr p\u00e5 udstillingen. Udstilleren s\u00f8rger selv for et bur at have dyrene i. Max m\u00e5l p\u00e5 salgs-plads er 50 x 50 cm.<\/p>\n<p><u>Stk. 2 \u2013 Minimumsalder p\u00e5 salgsdyr<br \/>\n<\/u>Frav\u00e6nningsalder.<\/p>\n<p><strong>\u00a7<\/strong> <strong>9 \u2013 Indtjek<br \/>\n<\/strong><u>Stk. 1<\/u> \u2013 Indtjek foretages af personer godkendt af bestyrelsen.<\/p>\n<p><u>Stk. 2<\/u> \u2013 Alle dyr skal gennem indtjek. Alle udstillingsbokse skal have p\u00e5sat katalog-nr. p\u00e5 en hvid seddel med sort skrift, f\u00f8r de m\u00e5 s\u00e6ttes i udstillings-lokalet.<\/p>\n<p><u>Stk. 3 \u2013 Afvisning<\/u><br \/>\nDyr med ut\u00f8j afvises ved indtjek. Har man mere end \u00e9t dyr med, og der findes ut\u00f8j p\u00e5 \u00e9n af dem, afvises alle dyr fra samme ejer.<br \/>\nLigeledes afvises dyr, der viser sygdomstegn.<br \/>\nDyr med halekn\u00e6k, manglende eller delvis manglende hale afvises.<br \/>\nDyr med manglende t\u00e6er eller negle afvises.<br \/>\nVed smitsomme sygdomme afvises alle dyr fra samme husstand.<br \/>\nDyr med s\u00e5r, tegn p\u00e5 underern\u00e6ring, mistrivsel eller kraftig overv\u00e6gtig afvises ligeledes.<br \/>\nEr udstillingsboksen meget snavset, er dette ogs\u00e5 afvisningsgrund.<\/p>\n<p><u>Stk. 4 \u2013 St\u00f8rrelse p\u00e5 mus<\/u><br \/>\nI indtjek tjekkes det, om alle mus er store nok til at v\u00e6re p\u00e5 udstillingen. Dette g\u00e6lder uanset om de er med til udstilling, transit, selskab eller salg. Der er sat en minimumsv\u00e6gt p\u00e5 25 g for mus uanset alder-, udstilling-, salg-, selskab- eller transitstatus.<br \/>\nDer kontrolvejes kun i tilf\u00e6lde af, at der opst\u00e5r tvivl om v\u00e6gt ved indtjek. Det er kun en indtjekker udpeget af DMG, som kan afg\u00f8re om der skal kontrolvejes og udf\u00f8re vejningen.<\/p>\n<p><u>Stk. 5 \u2013 Ankomst til indtjek<br \/>\n<\/u>Man <strong>skal<\/strong> m\u00f8de minimum en halv time f\u00f8r indtjek slutter, og har man 20+ dyr med, <strong>skal<\/strong> man m\u00f8de minimum en time f\u00f8r.<br \/>\n<strong><br \/>\n\u00a7<\/strong> <strong>9 \u2013 Transitdyr og selskabsdyr<br \/>\n<\/strong><u>Stk. 1 \u2013 Indtjek<br \/>\n<\/u>Alle transit- og selskabsdyr skal gennem indtjek om morgenen i samme tidsrum som udstillingsdyrene, og kan afvises p\u00e5 lige fod med udstillingsdyr.<br \/>\nSelskabsdyr m\u00e5 ikke h\u00e5ndteres af andre end dommer og sekret\u00e6r efter tjek indtil pr\u00e6miering er slut, medmindre det er godkendt af en dommer. Ej heller m\u00e5 det s\u00e6lges efter dyret er tjekket ind til pr\u00e6miering er afsluttet.<\/p>\n<p>Formodet antal af transit dyr, skal meldes i forvejen, som beskrevet i indbydelsen til p\u00e5g\u00e6ldende udstilling.<\/p>\n<p><u>Stk. 2 \u2013 Pris<\/u><br \/>\nTransitdyr \u2013 5 kr. pr. transitdyr, som betales i indtjek kontant eller via MobilePay.<br \/>\nSelskabsdyr i udstillingsboks med et udstillet dyr: 5 kr. pr. dyr.<\/p>\n<p><strong>\u00a7 11 \u2013 Pr\u00e6miering<\/strong><\/p>\n<p><u>Stk. 1 \u2013 Titel givende pr\u00e6mieringer<\/u><br \/>\n<strong>Promising<\/strong><br \/>\nAlle junior-dyr, der opn\u00e5r 87, 88 eller 89 point, tildeles titlen Promising og gives et pr\u00e6mieb\u00e5nd med titlen Promising. Titlen kan p\u00e5f\u00f8res stamtavlen hvis \u00f8nsket.<\/p>\n<p><strong>Champion<\/strong><br \/>\nDyr, der opn\u00e5r 90 point og derover, tildeles titlen Champion og gives et pr\u00e6mieb\u00e5nd med titlen Champion. Titlen p\u00e5f\u00f8res automatisk stamtavlen, hvis dyret er registreret.<\/p>\n<p><strong>Grand Champion<\/strong><br \/>\nUddeles ved 3 cert\u2019er i samme klasse, hvoraf max. 1 m\u00e5 v\u00e6re junior cert.<\/p>\n<p><strong>BOY \u2013 Best of Year<br \/>\n<\/strong>\u00c5rets bedste dyr efter pointjagt.<strong><br \/>\n<\/strong><br \/>\n<u>Stk 2. \u2013 Andre pr\u00e6mieringer<\/u><br \/>\n<strong>BIV \u2013 Best in Variety<\/strong><br \/>\nDer k\u00e5res henholdsvis jrBIV og BIV i hver variant i Standard, ved mindst 4 bed\u00f8mte dyr i klassen.<\/p>\n<p><strong>BIS \u2013 Best In Show<\/strong><br \/>\nBest in Show junior og Best in Show k\u00e5res i hver af udstillingsklasserne: Mus\/\u00f8rkenrotte Standard, Mus\/\u00f8rkenrotte Sj\u00e6lden Variant og Mus\/\u00f8rkenrotte K\u00e6ledyr, s\u00e5fremt der er bed\u00f8mt minimum to klassen.<br \/>\nDer k\u00e5res desuden en BIS p\u00e5 tv\u00e6rs af alle arter og aldersklasse i klassen B\u00f8rnedyr.<\/p>\n<p><strong>Dommerfavorit<\/strong><br \/>\nHver dommer udv\u00e6lger en dommerfavorit blandt de dyr, som dommeren d\u00f8mmer p\u00e5 dagen. Dyrets point og bed\u00f8mmelse har ikke betydning for om den bliver dommerens favorit.<\/p>\n<p><strong>Medlemmets Favorit<\/strong><br \/>\nEt medlem kan p\u00e5 en udstilling give \u00e9n \u201cMedlems Favorit\u201d til et udstillet dyr. Medlemmet bestemmer selv, under hvilke kriterier pr\u00e6mien gives.<br \/>\nMedlemmet skal selv udstille p\u00e5 den p\u00e5g\u00e6ldende udstilling. Pr\u00e6mien m\u00e5 ikke gives til egne dyr.<br \/>\nMedlemmet skal selv k\u00f8be eller lave pr\u00e6mieb\u00e5nd, roset e.l..<br \/>\nAf pr\u00e6mien skal det tydeligt fremg\u00e5, hvem der giver pr\u00e6mien.<br \/>\nMedlemmets beslutter selv om denne pr\u00e6mie skal gives i l\u00f8bet af udstillingsdagen eller i forbindelse med pr\u00e6mieringen til sidst.<br \/>\nMedlemmet opfordres uanset til at videregive information om, hvilket dyr har modtaget pr\u00e6mien til resultatindsamler p\u00e5 udstillingen, s\u00e5 det kommer i udstillingsresultaterne.<\/p>\n<p>Pointjagt<br \/>\nP\u00e5 \u00e5rets f\u00f8rste udstilling pr\u00e6mieres det dyr med flest point samlet p\u00e5 udstillingerne i \u00e5ret forinden.<br \/>\nDer pr\u00e6mieres efter g\u00e6ldende regler for pointjagten.<\/p>\n<p>&nbsp;<\/p>\n","protected":false},"excerpt":{"rendered":"<p>Etiske regels\u00e6t for udstillere p\u00e5 DMG\u2019s udstillinger. Dette er et regels\u00e6t for udstillere og g\u00e6sters opf\u00f8rsel, s\u00e5 alle f\u00e5r en god dag p\u00e5 udstillingen. \u00a7 1 \u2013 Der forventes almindelig [&hellip;]<\/p>\n","protected":false},"author":1,"featured_media":0,"parent":9170,"menu_order":0,"comment_status":"closed","ping_status":"closed","template":"","meta":{"site-sidebar-layout":"default","site-content-layout":"","ast-site-content-layout":"","site-content-style":"default","site-sidebar-style":"default","ast-global-header-display":"","ast-banner-title-visibility":"","ast-main-header-display":"","ast-hfb-above-header-display":"","ast-hfb-below-header-display":"","ast-hfb-mobile-header-display":"","site-post-title":"","ast-breadcrumbs-content":"","ast-featured-img":"","footer-sml-layout":"","theme-transparent-header-meta":"","adv-header-id-meta":"","stick-header-meta":"","header-above-stick-meta":"","header-main-stick-meta":"","header-below-stick-meta":"","astra-migrate-meta-layouts":"default","ast-page-background-enabled":"default","ast-page-background-meta":{"desktop":{"background-color":"var(--ast-global-color-4)","background-image":"","background-repeat":"repeat","background-position":"center center","background-size":"auto","background-attachment":"scroll","background-type":"","background-media":"","overlay-type":"","overlay-color":"","overlay-opacity":"","overlay-gradient":""},"tablet":{"background-color":"","background-image":"","background-repeat":"repeat","background-position":"center center","background-size":"auto","background-attachment":"scroll","background-type":"","background-media":"","overlay-type":"","overlay-color":"","overlay-opacity":"","overlay-gradient":""},"mobile":{"background-color":"","background-image":"","background-repeat":"repeat","background-position":"center center","background-size":"auto","background-attachment":"scroll","background-type":"","background-media":"","overlay-type":"","overlay-color":"","overlay-opacity":"","overlay-gradient":""}},"ast-content-background-meta":{"desktop":{"background-color":"var(--ast-global-color-5)","background-image":"","background-repeat":"repeat","background-position":"center center","background-size":"auto","background-attachment":"scroll","background-type":"","background-media":"","overlay-type":"","overlay-color":"","overlay-opacity":"","overlay-gradient":""},"tablet":{"background-color":"var(--ast-global-color-5)","background-image":"","background-repeat":"repeat","background-position":"center center","background-size":"auto","background-attachment":"scroll","background-type":"","background-media":"","overlay-type":"","overlay-color":"","overlay-opacity":"","overlay-gradient":""},"mobile":{"background-color":"var(--ast-global-color-5)","background-image":"","background-repeat":"repeat","background-position":"center center","background-size":"auto","background-attachment":"scroll","background-type":"","background-media":"","overlay-type":"","overlay-color":"","overlay-opacity":"","overlay-gradient":""}},"ngg_post_thumbnail":0,"footnotes":""},"class_list":["post-90","page","type-page","status-publish","hentry"],"_links":{"self":[{"href":"https:\/\/musgerbil.dk\/index.php?rest_route=\/wp\/v2\/pages\/90"}],"collection":[{"href":"https:\/\/musgerbil.dk\/index.php?rest_route=\/wp\/v2\/pages"}],"about":[{"href":"https:\/\/musgerbil.dk\/index.php?rest_route=\/wp\/v2\/types\/page"}],"author":[{"embeddable":true,"href":"https:\/\/musgerbil.dk\/index.php?rest_route=\/wp\/v2\/users\/1"}],"replies":[{"embeddable":true,"href":"https:\/\/musgerbil.dk\/index.php?rest_route=%2Fwp%2Fv2%2Fcomments&post=90"}],"version-history":[{"count":48,"href":"https:\/\/musgerbil.dk\/index.php?rest_route=\/wp\/v2\/pages\/90\/revisions"}],"predecessor-version":[{"id":10665,"href":"https:\/\/musgerbil.dk\/index.php?rest_route=\/wp\/v2\/pages\/90\/revisions\/10665"}],"up":[{"embeddable":true,"href":"https:\/\/musgerbil.dk\/index.php?rest_route=\/wp\/v2\/pages\/9170"}],"wp:attachment":[{"href":"https:\/\/musgerbil.dk\/index.php?rest_route=%2Fwp%2Fv2%2Fmedia&parent=90"}],"curies":[{"name":"wp","href":"https:\/\/api.w.org\/{rel}","templated":true}]}}