{"id":8917,"date":"2018-01-01T15:20:53","date_gmt":"2018-01-01T14:20:53","guid":{"rendered":"http:\/\/musgerbil.dk\/?page_id=8917"},"modified":"2022-02-17T23:48:48","modified_gmt":"2022-02-17T22:48:48","slug":"avlsvejledning-oerkenrotter","status":"publish","type":"page","link":"https:\/\/musgerbil.dk\/?page_id=8917","title":{"rendered":"Avlsvejledning \u00f8rkenrotter"},"content":{"rendered":"<p>&nbsp;<\/p>\n<p><strong>Hvorfor vil jeg opdr\u00e6tte?<\/strong><\/p>\n<ol>\n<li>Fordi jeg gerne vil tjene penge.<br \/>\n&#8211; Glem det. Opdr\u00e6t af \u00f8rkenrotter giver flere udgifter end indt\u00e6gter. Et opdr\u00e6t handler ikke kun om, at \u00f8rkenrotterne skal have foder, de skal ogs\u00e5 have huse\/huler, tr\u00e6-leget\u00f8j, massere af bundstr\u00f8, redemateriale og lignende. Derudover skal man v\u00e6re forberedt p\u00e5 eventuelle dyrl\u00e6geregninger.<\/li>\n<li>Fordi jeg gerne vil lave flere af en eller flere bestemte varianter.<br \/>\n&#8211; Helbred og temperament b\u00f8r altid prioriteres f\u00f8r farve og aftegning, n\u00e5r det kommer til opdr\u00e6t af \u00f8rkenrotter.<br \/>\nOpdr\u00e6tter man p\u00e5 syge \u00f8rkenrotter eller p\u00e5 dyr med d\u00e5rligt temperament, kan det give meget store problemer for b\u00e5de ens eget opdr\u00e6t, men ogs\u00e5 for k\u00f8berne, som ikke f\u00e5r et ret godt k\u00e6ledyr. At \u00f8nske at forbedre type og variant hos \u00f8rkenrotter er helt reelt, men det b\u00f8r altid v\u00e6re sekund\u00e6rt i forhold til helbred og temperament.<\/li>\n<li>Min \u00f8rkenrotte fortjener at pr\u00f8ve at blive mor.<br \/>\n&#8211; Intet dyr har et behov for at blive mor &#8211; det er udelukkende instinktivt, at de parrer sig. \u00d8nsker du at s\u00e6tte unger i verden, udelukkende for dine dyrs skyld, kan du lige s\u00e5 godt lade v\u00e6re.<\/li>\n<li>Fordi jeg \u00f8nsker at bidrage til forbedring af \u00f8rkenrotternes helbred, temperament og levetid.<br \/>\n&#8211; Er dette dit prim\u00e6re avlsm\u00e5l, er du godt p\u00e5 vej til at f\u00e5 et godt opdr\u00e6t i gang.<\/li>\n<\/ol>\n<p><strong>Har jeg r\u00e5d til at avle?<\/strong><\/p>\n<p>Som n\u00e6vnt ovenfor, er der udgifter forbundet med opdr\u00e6ttet, og dette skal man v\u00e6re forberedt p\u00e5. Udover det, som allerede er n\u00e6vnt, kan dr\u00e6gtigheden og f\u00f8dslen indeb\u00e6re komplikationer, som kr\u00e6ver dyrl\u00e6gebes\u00f8g \u2013 ogs\u00e5 en l\u00f8rdag eller s\u00f8ndag aften, hvor det kan blive meget dyrt at komme med sin avlshun, som ikke kan f\u00f8de selv. Heldigvis er der sj\u00e6ldent problemer, men de kan opst\u00e5.<br \/>\nMan skal have b\u00e5de vilje og r\u00e5d til disse udgifter, hvis man vil have et seri\u00f8st opdr\u00e6t af \u00f8rkenrotter.<\/p>\n<p><strong>Salg af ungerne<\/strong><\/p>\n<p>\u00d8rkenrotter kan f\u00e5 helt op til 11 unger pr. kuld, men de f\u00e5r gennemsnitligt 4-7 unger. G\u00e5r hunnen fast med en han, vil der komme rigtig mange unger, som skal have nye hjem. Man skal v\u00e6re opm\u00e6rksom p\u00e5, at det i perioder kan v\u00e6re sv\u00e6rt at komme af med unger, og man b\u00f8r derfor som seri\u00f8s opdr\u00e6tter have klare regler for, hvad man g\u00f8r med ungerne.&nbsp;<\/p>\n<p>Som seri\u00f8s opdr\u00e6tter, s\u00f8rger man selvf\u00f8lgelig for at annoncere med s\u00e5 mange oplysende detaljer om kuldet og kuldets baggrund som muligt, s\u00e5 man har st\u00f8rst chance for, at alle unger hurtigt finder deres nye hjem, efter de er flytteklare.<\/p>\n<p>Husk at alt dette ogs\u00e5 g\u00f8r sig g\u00e6ldende, selvom man m\u00e5ske bare vil have et enkelt kuld.<\/p>\n<p><strong>Valg af avlsdyr<\/strong><\/p>\n<p>Det anbefales altid, at man har haft \u00f8rkenrotter i mindst et \u00bd-1 \u00e5r, f\u00f8r man begynder at lede efter sine f\u00f8rste avlsdyr. Denne f\u00f8rste tid med dyrene, giver erfaring til at vurdere egnethed ud fra temperament og helbred.&nbsp;<\/p>\n<p>DMG har en side, <strong>Farver og Gener<\/strong>, som sammen med resten af hjemmesiden er \u00e5ben for alle. Siden er et godt sted at starte med at s\u00e6tte sig ind i basis genetik. Desuden er stamtavler en god m\u00e5de at l\u00e6re p\u00e5. Har man sp\u00f8rgsm\u00e5l, er man altid velkommen til at kontakte DMG eller en DMG-opdr\u00e6tter. De fleste erfarne opdr\u00e6ttere hj\u00e6lper gerne nye i gang, og deler vigtige helbreds- og temperament oplysninger med hinanden og nye opdr\u00e6ttere (eller interesserede), s\u00e5 der kun v\u00e6lges og bruges gode avlsdyr.<\/p>\n<p><strong>Valg af \u00f8rkenrottehan<\/strong><\/p>\n<p>\u00d8rkenrottehannen b\u00f8r v\u00e6re mindst 3 m\u00e5neder, men gerne \u00e6ldre, f\u00f8r han s\u00e6ttes sammen med en hun. Det er vigtigt han er mindst 3 m\u00e5neder ved f\u00f8rste parring, da man skal kunne danne sig et overblik over hannens temperament og helbred.<\/p>\n<p>Han b\u00f8r minimum veje 70-80 gram for at sikre normal v\u00e6kst og god st\u00f8rrelse hos ungerne. Hannerne kan tabe sig, n\u00e5r de kommer til en hun, pga. hormoner. Det er derfor vigtigt at hannen har en god st\u00f8rrelse og lidt fylde, n\u00e5r han bliver sat til hunnen.<\/p>\n<p><strong>Valg af \u00f8rkenrottehun<\/strong><\/p>\n<p>\u00d8rkenrottehunnen b\u00f8r v\u00e6re minimum 4 m\u00e5neder ved f\u00f8rste parring, og maksimum 12 m\u00e5neder. Hun b\u00f8r veje mindst 50-60 gram i en alder af 3\u00bd-4 m\u00e5neder, og meget gerne mere. Vejer hun ikke dette, b\u00f8r man vente, til hun har opn\u00e5et minimumsv\u00e6gten. Hunnens udvikling op til ca. 4 m\u00e5neder er meget vigtig, og hun b\u00f8r derfor ikke forstyrres med kuld inden da. Hvis ikke hun kan opn\u00e5 denne v\u00e6gt, skal man nok overveje om hun overhovedet er velegnet til at videref\u00f8re sl\u00e6gten.<\/p>\n<p>Det frar\u00e5des at benytte hunnen efter hun er fyldt 12 m\u00e5neder, med mindre hun tidligere har haft kuld, pga. risiko for komplikationer med m\u00e6lkeproduktionen. Har hunnen tidligere haft kuld, kan hun avles p\u00e5 til hun er max 2 \u00e5r. Der er dog risiko for at hunnens fertilitet er faldet med alderen. Hunnen b\u00f8r ikke f\u00e5 mere end 6 kuld, da det er fysisk h\u00e5rdt for hende.<\/p>\n<p>&nbsp;<\/p>\n<p>&nbsp;<\/p>\n<p>&nbsp;<\/p>\n","protected":false},"excerpt":{"rendered":"<p>&nbsp; Hvorfor vil jeg opdr\u00e6tte? Fordi jeg gerne vil tjene penge. &#8211; Glem det. Opdr\u00e6t af \u00f8rkenrotter giver flere udgifter end indt\u00e6gter. Et opdr\u00e6t handler ikke kun om, at \u00f8rkenrotterne [&hellip;]<\/p>\n","protected":false},"author":1,"featured_media":0,"parent":8758,"menu_order":0,"comment_status":"closed","ping_status":"closed","template":"","meta":{"site-sidebar-layout":"default","site-content-layout":"","ast-site-content-layout":"","site-content-style":"default","site-sidebar-style":"default","ast-global-header-display":"","ast-banner-title-visibility":"","ast-main-header-display":"","ast-hfb-above-header-display":"","ast-hfb-below-header-display":"","ast-hfb-mobile-header-display":"","site-post-title":"","ast-breadcrumbs-content":"","ast-featured-img":"","footer-sml-layout":"","theme-transparent-header-meta":"","adv-header-id-meta":"","stick-header-meta":"","header-above-stick-meta":"","header-main-stick-meta":"","header-below-stick-meta":"","astra-migrate-meta-layouts":"default","ast-page-background-enabled":"default","ast-page-background-meta":{"desktop":{"background-color":"var(--ast-global-color-4)","background-image":"","background-repeat":"repeat","background-position":"center center","background-size":"auto","background-attachment":"scroll","background-type":"","background-media":"","overlay-type":"","overlay-color":"","overlay-opacity":"","overlay-gradient":""},"tablet":{"background-color":"","background-image":"","background-repeat":"repeat","background-position":"center center","background-size":"auto","background-attachment":"scroll","background-type":"","background-media":"","overlay-type":"","overlay-color":"","overlay-opacity":"","overlay-gradient":""},"mobile":{"background-color":"","background-image":"","background-repeat":"repeat","background-position":"center center","background-size":"auto","background-attachment":"scroll","background-type":"","background-media":"","overlay-type":"","overlay-color":"","overlay-opacity":"","overlay-gradient":""}},"ast-content-background-meta":{"desktop":{"background-color":"var(--ast-global-color-5)","background-image":"","background-repeat":"repeat","background-position":"center center","background-size":"auto","background-attachment":"scroll","background-type":"","background-media":"","overlay-type":"","overlay-color":"","overlay-opacity":"","overlay-gradient":""},"tablet":{"background-color":"var(--ast-global-color-5)","background-image":"","background-repeat":"repeat","background-position":"center center","background-size":"auto","background-attachment":"scroll","background-type":"","background-media":"","overlay-type":"","overlay-color":"","overlay-opacity":"","overlay-gradient":""},"mobile":{"background-color":"var(--ast-global-color-5)","background-image":"","background-repeat":"repeat","background-position":"center center","background-size":"auto","background-attachment":"scroll","background-type":"","background-media":"","overlay-type":"","overlay-color":"","overlay-opacity":"","overlay-gradient":""}},"ngg_post_thumbnail":0,"footnotes":""},"class_list":["post-8917","page","type-page","status-publish","hentry"],"_links":{"self":[{"href":"https:\/\/musgerbil.dk\/index.php?rest_route=\/wp\/v2\/pages\/8917"}],"collection":[{"href":"https:\/\/musgerbil.dk\/index.php?rest_route=\/wp\/v2\/pages"}],"about":[{"href":"https:\/\/musgerbil.dk\/index.php?rest_route=\/wp\/v2\/types\/page"}],"author":[{"embeddable":true,"href":"https:\/\/musgerbil.dk\/index.php?rest_route=\/wp\/v2\/users\/1"}],"replies":[{"embeddable":true,"href":"https:\/\/musgerbil.dk\/index.php?rest_route=%2Fwp%2Fv2%2Fcomments&post=8917"}],"version-history":[{"count":5,"href":"https:\/\/musgerbil.dk\/index.php?rest_route=\/wp\/v2\/pages\/8917\/revisions"}],"predecessor-version":[{"id":10010,"href":"https:\/\/musgerbil.dk\/index.php?rest_route=\/wp\/v2\/pages\/8917\/revisions\/10010"}],"up":[{"embeddable":true,"href":"https:\/\/musgerbil.dk\/index.php?rest_route=\/wp\/v2\/pages\/8758"}],"wp:attachment":[{"href":"https:\/\/musgerbil.dk\/index.php?rest_route=%2Fwp%2Fv2%2Fmedia&parent=8917"}],"curies":[{"name":"wp","href":"https:\/\/api.w.org\/{rel}","templated":true}]}}