{"id":8832,"date":"2017-06-05T20:50:36","date_gmt":"2017-06-05T18:50:36","guid":{"rendered":"http:\/\/musgerbil.dk\/?page_id=8832"},"modified":"2022-02-17T23:48:48","modified_gmt":"2022-02-17T22:48:48","slug":"indtjek","status":"publish","type":"page","link":"https:\/\/musgerbil.dk\/?page_id=8832","title":{"rendered":"Indtjek"},"content":{"rendered":"<p>Indtjekkede dyr m\u00e5 f\u00f8rst stilles p\u00e5 udstillingsbordene, n\u00e5r alle dyr fra samme bop\u00e6l er tjekket ind.&nbsp;Indtjekker m\u00e5 KUN overdrage dyr til udstiller.<\/p>\n<p>N\u00e6se:<br \/>\nRen, uden s\u00e5r, naturlig farve, uden porfyrin fugt eller andre tegn p\u00e5 sygdom<\/p>\n<p>Mund:<br \/>\nUden s\u00e5r, ren, naturlig farve, ingen skorper eller andre tegn p\u00e5 sygdom, ingen kn\u00e6kkede eller sk\u00e6ve\/krummede t\u00e6nder, korrekt farve (Gule\/orange t\u00e6nder, p\u00e5 n\u00e6r satin mus, som skal have hvide t\u00e6nder).<\/p>\n<p>\u00d8jne:<br \/>\nFri for sk\u00e6l, skal v\u00e6re blanke, uden porfyrin, naturlig st\u00f8rrelse (lige store), m\u00e5 ikke v\u00e6re t\u00f8rre, dyr med pels skal have pels om \u00f8jnene,<\/p>\n<p>\u00d8rerne:<br \/>\nRene, naturlig farve, uden \u00e5bne s\u00e5r, uden unaturlige plamager eller sk\u00e6l (tegn p\u00e5 smitsom sygdom), uden skidt i \u00f8rerne.<\/p>\n<p>Pels\/hud:<br \/>\nUden s\u00e5r, ren, blank, uden sk\u00e6l, uden ut\u00f8j<\/p>\n<p>(Chinchilla sand er tilg\u00e6ngelig under indtjek.<br \/>\nKan chinchilla sand ikke affedte pelsen, skal dyret afvises, da det er sygdomstegn).<\/p>\n<p>Poter og negle:<br \/>\nUden s\u00e5r, uden krummede negle, ingen synlige br\u00e6kkede t\u00e6er (det enkelte dyr afvises).<\/p>\n<p>Hale:<br \/>\nUden s\u00e5r, ingen halekn\u00e6k (det enkelte dyr afvises), ingen unaturlige plamager eller sk\u00e6l (tegn p\u00e5 smitsom sygdom), huden skal have en naturlig farve.<\/p>\n<p>K\u00f8nsdele:<br \/>\nRene og fri af snavs.<\/p>\n<p>Duftkirtler:<br \/>\nSkal v\u00e6re fri af snavs, ingen s\u00e5r, ingen knuder (Afvises, skal sendes hjem. Duftkirtelcancer er aggressiv og dyret b\u00f8r ikke uds\u00e6ttes for stress!).<\/p>\n<p>Bur:<br \/>\nRent bur og bundstr\u00f8, m\u00e5 ikke v\u00e6re propfyldt med bundstr\u00f8 og redemateriale. Ingen hamstervat eller h\u00f8! Ingen farvende redemateriale.<\/p>\n<p>Anbefalet redemateriale:<br \/>\nstrimlet toiletpapir\/aft\u00f8rringspapir e.l., cellulosebaseret rede\/bundmateriale, hempfibre.<\/p>\n<p>INGEN navne eller m\u00e6rker p\u00e5 burets sider eller top udover katalognummer. Buret kan ogs\u00e5 afvises!<\/p>\n","protected":false},"excerpt":{"rendered":"<p>Indtjekkede dyr m\u00e5 f\u00f8rst stilles p\u00e5 udstillingsbordene, n\u00e5r alle dyr fra samme bop\u00e6l er tjekket ind.&nbsp;Indtjekker m\u00e5 KUN overdrage dyr til udstiller. N\u00e6se: Ren, uden s\u00e5r, naturlig farve, uden porfyrin [&hellip;]<\/p>\n","protected":false},"author":1,"featured_media":0,"parent":34,"menu_order":0,"comment_status":"closed","ping_status":"closed","template":"","meta":{"site-sidebar-layout":"default","site-content-layout":"","ast-site-content-layout":"","site-content-style":"default","site-sidebar-style":"default","ast-global-header-display":"","ast-banner-title-visibility":"","ast-main-header-display":"","ast-hfb-above-header-display":"","ast-hfb-below-header-display":"","ast-hfb-mobile-header-display":"","site-post-title":"","ast-breadcrumbs-content":"","ast-featured-img":"","footer-sml-layout":"","theme-transparent-header-meta":"","adv-header-id-meta":"","stick-header-meta":"","header-above-stick-meta":"","header-main-stick-meta":"","header-below-stick-meta":"","astra-migrate-meta-layouts":"default","ast-page-background-enabled":"default","ast-page-background-meta":{"desktop":{"background-color":"var(--ast-global-color-4)","background-image":"","background-repeat":"repeat","background-position":"center center","background-size":"auto","background-attachment":"scroll","background-type":"","background-media":"","overlay-type":"","overlay-color":"","overlay-opacity":"","overlay-gradient":""},"tablet":{"background-color":"","background-image":"","background-repeat":"repeat","background-position":"center center","background-size":"auto","background-attachment":"scroll","background-type":"","background-media":"","overlay-type":"","overlay-color":"","overlay-opacity":"","overlay-gradient":""},"mobile":{"background-color":"","background-image":"","background-repeat":"repeat","background-position":"center center","background-size":"auto","background-attachment":"scroll","background-type":"","background-media":"","overlay-type":"","overlay-color":"","overlay-opacity":"","overlay-gradient":""}},"ast-content-background-meta":{"desktop":{"background-color":"var(--ast-global-color-5)","background-image":"","background-repeat":"repeat","background-position":"center center","background-size":"auto","background-attachment":"scroll","background-type":"","background-media":"","overlay-type":"","overlay-color":"","overlay-opacity":"","overlay-gradient":""},"tablet":{"background-color":"var(--ast-global-color-5)","background-image":"","background-repeat":"repeat","background-position":"center center","background-size":"auto","background-attachment":"scroll","background-type":"","background-media":"","overlay-type":"","overlay-color":"","overlay-opacity":"","overlay-gradient":""},"mobile":{"background-color":"var(--ast-global-color-5)","background-image":"","background-repeat":"repeat","background-position":"center center","background-size":"auto","background-attachment":"scroll","background-type":"","background-media":"","overlay-type":"","overlay-color":"","overlay-opacity":"","overlay-gradient":""}},"ngg_post_thumbnail":0,"footnotes":""},"class_list":["post-8832","page","type-page","status-publish","hentry"],"_links":{"self":[{"href":"https:\/\/musgerbil.dk\/index.php?rest_route=\/wp\/v2\/pages\/8832"}],"collection":[{"href":"https:\/\/musgerbil.dk\/index.php?rest_route=\/wp\/v2\/pages"}],"about":[{"href":"https:\/\/musgerbil.dk\/index.php?rest_route=\/wp\/v2\/types\/page"}],"author":[{"embeddable":true,"href":"https:\/\/musgerbil.dk\/index.php?rest_route=\/wp\/v2\/users\/1"}],"replies":[{"embeddable":true,"href":"https:\/\/musgerbil.dk\/index.php?rest_route=%2Fwp%2Fv2%2Fcomments&post=8832"}],"version-history":[{"count":2,"href":"https:\/\/musgerbil.dk\/index.php?rest_route=\/wp\/v2\/pages\/8832\/revisions"}],"predecessor-version":[{"id":8895,"href":"https:\/\/musgerbil.dk\/index.php?rest_route=\/wp\/v2\/pages\/8832\/revisions\/8895"}],"up":[{"embeddable":true,"href":"https:\/\/musgerbil.dk\/index.php?rest_route=\/wp\/v2\/pages\/34"}],"wp:attachment":[{"href":"https:\/\/musgerbil.dk\/index.php?rest_route=%2Fwp%2Fv2%2Fmedia&parent=8832"}],"curies":[{"name":"wp","href":"https:\/\/api.w.org\/{rel}","templated":true}]}}