{"id":882,"date":"2014-04-06T13:44:36","date_gmt":"2014-04-06T13:44:36","guid":{"rendered":"http:\/\/musgerbil.dk\/?page_id=882"},"modified":"2022-02-17T23:49:08","modified_gmt":"2022-02-17T22:49:08","slug":"rex","status":"publish","type":"page","link":"https:\/\/musgerbil.dk\/?page_id=882","title":{"rendered":"Rex &#8211; \u00d8rkenrotte"},"content":{"rendered":"<p><strong>Genetik: <\/strong>Rere<br \/>\n<strong>Beskrivelse<\/strong>: Pelsen b\u00f8r v\u00e6re kort og bl\u00f8d med synligt b\u00f8lget og\/eller kruset pels. Pelsen er ofte mere \u00e5ben og virker mere rodet at r\u00f8re ved.<br \/>\nKnurh\u00e5rene \u00f8nskes st\u00e6rkt fremadbuet.<br \/>\nHalens pels er ofte ru og udst\u00e5ende fra halen.<br \/>\nDMG kan som forening ikke anbefale at avle mod ReRe, da disse ofte har meget d\u00e5rligt immunforsvar.<br \/>\n<strong>Vanlige fejl<\/strong>: \u00d8jenvipper, der buer ind mod \u00f8jet. Helt lige knurh\u00e5r p\u00e5 det voksne dyr, trods fine buede knurh\u00e5r som ungdyr.<\/p>\n<p><strong>OBS<\/strong>! Rex er en meget ny pelsvariant hos \u00f8rkenrotter. Den har v\u00e6ret avlet meget i lande som Tjekkiet og Holland, hvor frekvensen af epilepsi og d\u00e5rligt immunforsvar har v\u00e6ret h\u00f8j, is\u00e6r blandt de dyr med meget kr\u00f8llet pels.<br \/>\nDer har v\u00e6ret avlet p\u00e5 alt med rex og ofte dobbelt-rex parringer. Det har desv\u00e6rre resulteret i, at der er langt mellem de rigtig flotte store og sunde rex-\u00f8rkenrotter.<br \/>\nDet er en pelsvariant vi i DMG stadig holder n\u00f8je \u00f8je med, da erfaringer viser, at rex generelt kan have d\u00e5rligere immunforsvar end andre varianter.<br \/>\nVi er bekendt med, at opdr\u00e6ttere i Danmark og Sverige er i gang med det store arbejde, der ligger i, at f\u00e5 parret nogle store og sunde linjer ind i rex-linjer, for at f\u00e5 nogle sunde og flotte rex&#8217;er. Dette arbejde er meget prisv\u00e6rdigt og vi f\u00f8lger det h\u00e5befuldt.<br \/>\nMarts 2015 blev der lavet en lille \u00e6ndring til standarden. Dette g\u00f8res i h\u00e5b om at idealet for rex&#8217;erne ikke bliver for typet ift., hvor kr\u00f8llet pelsen skal v\u00e6re. De meget typede rex-pelse har ofte h\u00f8jere frekvens af epilepsi og d\u00e5rligt immunforsvar. Derfor vil vi som forening helst arbejde for, at pelsen holdes p\u00e5 et niveau, hvor sundheden stadig f\u00f8lger med.<\/p>\n<p><strong>Udstillingsvariant<\/strong>: Sj\u00e6lden Variant<\/p>\n<p>&nbsp;<\/p>\n","protected":false},"excerpt":{"rendered":"<p>Genetik: Rere Beskrivelse: Pelsen b\u00f8r v\u00e6re kort og bl\u00f8d med synligt b\u00f8lget og\/eller kruset pels. Pelsen er ofte mere \u00e5ben og virker mere rodet at r\u00f8re ved. Knurh\u00e5rene \u00f8nskes st\u00e6rkt [&hellip;]<\/p>\n","protected":false},"author":1,"featured_media":0,"parent":152,"menu_order":44,"comment_status":"closed","ping_status":"closed","template":"","meta":{"site-sidebar-layout":"default","site-content-layout":"","ast-site-content-layout":"","site-content-style":"default","site-sidebar-style":"default","ast-global-header-display":"","ast-banner-title-visibility":"","ast-main-header-display":"","ast-hfb-above-header-display":"","ast-hfb-below-header-display":"","ast-hfb-mobile-header-display":"","site-post-title":"","ast-breadcrumbs-content":"","ast-featured-img":"","footer-sml-layout":"","theme-transparent-header-meta":"","adv-header-id-meta":"","stick-header-meta":"","header-above-stick-meta":"","header-main-stick-meta":"","header-below-stick-meta":"","astra-migrate-meta-layouts":"default","ast-page-background-enabled":"default","ast-page-background-meta":{"desktop":{"background-color":"var(--ast-global-color-4)","background-image":"","background-repeat":"repeat","background-position":"center center","background-size":"auto","background-attachment":"scroll","background-type":"","background-media":"","overlay-type":"","overlay-color":"","overlay-opacity":"","overlay-gradient":""},"tablet":{"background-color":"","background-image":"","background-repeat":"repeat","background-position":"center center","background-size":"auto","background-attachment":"scroll","background-type":"","background-media":"","overlay-type":"","overlay-color":"","overlay-opacity":"","overlay-gradient":""},"mobile":{"background-color":"","background-image":"","background-repeat":"repeat","background-position":"center center","background-size":"auto","background-attachment":"scroll","background-type":"","background-media":"","overlay-type":"","overlay-color":"","overlay-opacity":"","overlay-gradient":""}},"ast-content-background-meta":{"desktop":{"background-color":"var(--ast-global-color-5)","background-image":"","background-repeat":"repeat","background-position":"center center","background-size":"auto","background-attachment":"scroll","background-type":"","background-media":"","overlay-type":"","overlay-color":"","overlay-opacity":"","overlay-gradient":""},"tablet":{"background-color":"var(--ast-global-color-5)","background-image":"","background-repeat":"repeat","background-position":"center center","background-size":"auto","background-attachment":"scroll","background-type":"","background-media":"","overlay-type":"","overlay-color":"","overlay-opacity":"","overlay-gradient":""},"mobile":{"background-color":"var(--ast-global-color-5)","background-image":"","background-repeat":"repeat","background-position":"center center","background-size":"auto","background-attachment":"scroll","background-type":"","background-media":"","overlay-type":"","overlay-color":"","overlay-opacity":"","overlay-gradient":""}},"ngg_post_thumbnail":0,"footnotes":""},"class_list":["post-882","page","type-page","status-publish","hentry"],"_links":{"self":[{"href":"https:\/\/musgerbil.dk\/index.php?rest_route=\/wp\/v2\/pages\/882"}],"collection":[{"href":"https:\/\/musgerbil.dk\/index.php?rest_route=\/wp\/v2\/pages"}],"about":[{"href":"https:\/\/musgerbil.dk\/index.php?rest_route=\/wp\/v2\/types\/page"}],"author":[{"embeddable":true,"href":"https:\/\/musgerbil.dk\/index.php?rest_route=\/wp\/v2\/users\/1"}],"replies":[{"embeddable":true,"href":"https:\/\/musgerbil.dk\/index.php?rest_route=%2Fwp%2Fv2%2Fcomments&post=882"}],"version-history":[{"count":10,"href":"https:\/\/musgerbil.dk\/index.php?rest_route=\/wp\/v2\/pages\/882\/revisions"}],"predecessor-version":[{"id":9793,"href":"https:\/\/musgerbil.dk\/index.php?rest_route=\/wp\/v2\/pages\/882\/revisions\/9793"}],"up":[{"embeddable":true,"href":"https:\/\/musgerbil.dk\/index.php?rest_route=\/wp\/v2\/pages\/152"}],"wp:attachment":[{"href":"https:\/\/musgerbil.dk\/index.php?rest_route=%2Fwp%2Fv2%2Fmedia&parent=882"}],"curies":[{"name":"wp","href":"https:\/\/api.w.org\/{rel}","templated":true}]}}