{"id":876,"date":"2014-04-06T13:41:52","date_gmt":"2014-04-06T13:41:52","guid":{"rendered":"http:\/\/musgerbil.dk\/?page_id=876"},"modified":"2022-02-17T23:49:08","modified_gmt":"2022-02-17T22:49:08","slug":"pied-striped","status":"publish","type":"page","link":"https:\/\/musgerbil.dk\/?page_id=876","title":{"rendered":"Pied Striped &#8211; \u00d8rkenrotte"},"content":{"rendered":"<p><strong>Genkode<\/strong>: Spsp \u2013 Dominant nedarvet. (Der hersker lidt tvivl om Peid genet reelt er W frem for Sp)<br \/>\n<strong>Ogs\u00e5 kaldet<\/strong>: Spotted<br \/>\n<strong>Beskrivelse<\/strong>: Pied er pr\u00e6-natal lethal som SpSp og der kommer derfor aldrig unger i SpSp-variant. De vil i stedet g\u00e5 til grunde i livmoderen f\u00f8r fosterstadie.<br \/>\nSpotting g\u00f8r ofte pelsfarven lidt lysere.<br \/>\n<strong>Hale<\/strong>: Hvid halespids \u00f8nskes<br \/>\n<strong>Poter og kl\u00f8r<\/strong>: Hvide med neutrale kl\u00f8r \u00f8nskes<br \/>\n<strong>Mave<\/strong>: Hvid plet \u00f8nskv\u00e6rdigt<br \/>\n<strong>Aftegning<\/strong>: En hvid linje sammenl\u00e6nker n\u00e6se- pande- og nakkeplet i en ubrudt linje. Det hvide linje foretr\u00e6kkes ubrudt.<br \/>\nNakkepletten b\u00f8r v\u00e6re s\u00e5 bred som muligt, j\u00e6vnt afgr\u00e6nset &#8211; beh\u00f8ver ikke v\u00e6re fuld krave, dog foretr\u00e6kkes dette.<br \/>\nHagen b\u00f8r v\u00e6re hvid.<br \/>\n\u00d8rerne skal v\u00e6re grundfarve.<\/p>\n<p><strong>Udstillingsvariant<\/strong>: Standard, Hvide Aftegn<\/p>\n","protected":false},"excerpt":{"rendered":"<p>Genkode: Spsp \u2013 Dominant nedarvet. (Der hersker lidt tvivl om Peid genet reelt er W frem for Sp) Ogs\u00e5 kaldet: Spotted Beskrivelse: Pied er pr\u00e6-natal lethal som SpSp og der [&hellip;]<\/p>\n","protected":false},"author":1,"featured_media":0,"parent":152,"menu_order":41,"comment_status":"closed","ping_status":"closed","template":"","meta":{"site-sidebar-layout":"default","site-content-layout":"","ast-site-content-layout":"","site-content-style":"default","site-sidebar-style":"default","ast-global-header-display":"","ast-banner-title-visibility":"","ast-main-header-display":"","ast-hfb-above-header-display":"","ast-hfb-below-header-display":"","ast-hfb-mobile-header-display":"","site-post-title":"","ast-breadcrumbs-content":"","ast-featured-img":"","footer-sml-layout":"","theme-transparent-header-meta":"","adv-header-id-meta":"","stick-header-meta":"","header-above-stick-meta":"","header-main-stick-meta":"","header-below-stick-meta":"","astra-migrate-meta-layouts":"default","ast-page-background-enabled":"default","ast-page-background-meta":{"desktop":{"background-color":"var(--ast-global-color-4)","background-image":"","background-repeat":"repeat","background-position":"center center","background-size":"auto","background-attachment":"scroll","background-type":"","background-media":"","overlay-type":"","overlay-color":"","overlay-opacity":"","overlay-gradient":""},"tablet":{"background-color":"","background-image":"","background-repeat":"repeat","background-position":"center center","background-size":"auto","background-attachment":"scroll","background-type":"","background-media":"","overlay-type":"","overlay-color":"","overlay-opacity":"","overlay-gradient":""},"mobile":{"background-color":"","background-image":"","background-repeat":"repeat","background-position":"center center","background-size":"auto","background-attachment":"scroll","background-type":"","background-media":"","overlay-type":"","overlay-color":"","overlay-opacity":"","overlay-gradient":""}},"ast-content-background-meta":{"desktop":{"background-color":"var(--ast-global-color-5)","background-image":"","background-repeat":"repeat","background-position":"center center","background-size":"auto","background-attachment":"scroll","background-type":"","background-media":"","overlay-type":"","overlay-color":"","overlay-opacity":"","overlay-gradient":""},"tablet":{"background-color":"var(--ast-global-color-5)","background-image":"","background-repeat":"repeat","background-position":"center center","background-size":"auto","background-attachment":"scroll","background-type":"","background-media":"","overlay-type":"","overlay-color":"","overlay-opacity":"","overlay-gradient":""},"mobile":{"background-color":"var(--ast-global-color-5)","background-image":"","background-repeat":"repeat","background-position":"center center","background-size":"auto","background-attachment":"scroll","background-type":"","background-media":"","overlay-type":"","overlay-color":"","overlay-opacity":"","overlay-gradient":""}},"ngg_post_thumbnail":0,"footnotes":""},"class_list":["post-876","page","type-page","status-publish","hentry"],"_links":{"self":[{"href":"https:\/\/musgerbil.dk\/index.php?rest_route=\/wp\/v2\/pages\/876"}],"collection":[{"href":"https:\/\/musgerbil.dk\/index.php?rest_route=\/wp\/v2\/pages"}],"about":[{"href":"https:\/\/musgerbil.dk\/index.php?rest_route=\/wp\/v2\/types\/page"}],"author":[{"embeddable":true,"href":"https:\/\/musgerbil.dk\/index.php?rest_route=\/wp\/v2\/users\/1"}],"replies":[{"embeddable":true,"href":"https:\/\/musgerbil.dk\/index.php?rest_route=%2Fwp%2Fv2%2Fcomments&post=876"}],"version-history":[{"count":13,"href":"https:\/\/musgerbil.dk\/index.php?rest_route=\/wp\/v2\/pages\/876\/revisions"}],"predecessor-version":[{"id":9909,"href":"https:\/\/musgerbil.dk\/index.php?rest_route=\/wp\/v2\/pages\/876\/revisions\/9909"}],"up":[{"embeddable":true,"href":"https:\/\/musgerbil.dk\/index.php?rest_route=\/wp\/v2\/pages\/152"}],"wp:attachment":[{"href":"https:\/\/musgerbil.dk\/index.php?rest_route=%2Fwp%2Fv2%2Fmedia&parent=876"}],"curies":[{"name":"wp","href":"https:\/\/api.w.org\/{rel}","templated":true}]}}