{"id":870,"date":"2014-04-06T13:36:07","date_gmt":"2014-04-06T13:36:07","guid":{"rendered":"http:\/\/musgerbil.dk\/?page_id=870"},"modified":"2022-02-17T23:49:08","modified_gmt":"2022-02-17T22:49:08","slug":"spotted","status":"publish","type":"page","link":"https:\/\/musgerbil.dk\/?page_id=870","title":{"rendered":"Spotted &#8211; \u00d8rkenrotte"},"content":{"rendered":"<p><strong>Genkode<\/strong>: Spsp \u2013 Dominant nedarvet.<br \/>\n<strong>Ogs\u00e5 kaldet<\/strong>: Patched, White Spot<br \/>\n<strong>Beskrivelse<\/strong>: Spotted er pr\u00e6-natal lethal som SpSp og der kommer derfor aldrig unger i SpSp-variant. De vil i stedet g\u00e5 til grunde i livmoderen f\u00f8r fosterstadie.<br \/>\nSpotting g\u00f8r ofte pelsfarven lidt lysere.<br \/>\n<strong>Hale<\/strong>: Hvid spids \u00f8nskes<br \/>\n<strong>Poter og kl\u00f8r<\/strong>: Hvide med neutrale kl\u00f8r \u00f8nskes<br \/>\n<strong>Mave<\/strong>: Maven \u00f8nskes hvid med to rombeformede pletter, n\u00e5r \u00f8rkenrotten er sortbaseret, mens uden hvid, n\u00e5r \u00f8rkenrotten er agoutibaseret i sin farve.<br \/>\n<strong>Aftegning<\/strong>: En lille hvid plet i panden, en lille hvid plet p\u00e5 n\u00e6sen og lille plet i nakken er \u00f8nskv\u00e6rdigt. De skal alle v\u00e6re s\u00e5 klart afgr\u00e6nsede som muligt. Det er ikke \u00f8nskv\u00e6rdig at pletterne h\u00e6nger sammen.<\/p>\n<p><strong>Udstillingsvariant<\/strong>: Standard, Hvide Aftegn<\/p>\n","protected":false},"excerpt":{"rendered":"<p>Genkode: Spsp \u2013 Dominant nedarvet. Ogs\u00e5 kaldet: Patched, White Spot Beskrivelse: Spotted er pr\u00e6-natal lethal som SpSp og der kommer derfor aldrig unger i SpSp-variant. De vil i stedet g\u00e5 [&hellip;]<\/p>\n","protected":false},"author":1,"featured_media":0,"parent":152,"menu_order":38,"comment_status":"closed","ping_status":"closed","template":"","meta":{"site-sidebar-layout":"default","site-content-layout":"","ast-site-content-layout":"","site-content-style":"default","site-sidebar-style":"default","ast-global-header-display":"","ast-banner-title-visibility":"","ast-main-header-display":"","ast-hfb-above-header-display":"","ast-hfb-below-header-display":"","ast-hfb-mobile-header-display":"","site-post-title":"","ast-breadcrumbs-content":"","ast-featured-img":"","footer-sml-layout":"","theme-transparent-header-meta":"","adv-header-id-meta":"","stick-header-meta":"","header-above-stick-meta":"","header-main-stick-meta":"","header-below-stick-meta":"","astra-migrate-meta-layouts":"default","ast-page-background-enabled":"default","ast-page-background-meta":{"desktop":{"background-color":"var(--ast-global-color-4)","background-image":"","background-repeat":"repeat","background-position":"center center","background-size":"auto","background-attachment":"scroll","background-type":"","background-media":"","overlay-type":"","overlay-color":"","overlay-opacity":"","overlay-gradient":""},"tablet":{"background-color":"","background-image":"","background-repeat":"repeat","background-position":"center center","background-size":"auto","background-attachment":"scroll","background-type":"","background-media":"","overlay-type":"","overlay-color":"","overlay-opacity":"","overlay-gradient":""},"mobile":{"background-color":"","background-image":"","background-repeat":"repeat","background-position":"center center","background-size":"auto","background-attachment":"scroll","background-type":"","background-media":"","overlay-type":"","overlay-color":"","overlay-opacity":"","overlay-gradient":""}},"ast-content-background-meta":{"desktop":{"background-color":"var(--ast-global-color-5)","background-image":"","background-repeat":"repeat","background-position":"center center","background-size":"auto","background-attachment":"scroll","background-type":"","background-media":"","overlay-type":"","overlay-color":"","overlay-opacity":"","overlay-gradient":""},"tablet":{"background-color":"var(--ast-global-color-5)","background-image":"","background-repeat":"repeat","background-position":"center center","background-size":"auto","background-attachment":"scroll","background-type":"","background-media":"","overlay-type":"","overlay-color":"","overlay-opacity":"","overlay-gradient":""},"mobile":{"background-color":"var(--ast-global-color-5)","background-image":"","background-repeat":"repeat","background-position":"center center","background-size":"auto","background-attachment":"scroll","background-type":"","background-media":"","overlay-type":"","overlay-color":"","overlay-opacity":"","overlay-gradient":""}},"ngg_post_thumbnail":0,"footnotes":""},"class_list":["post-870","page","type-page","status-publish","hentry"],"_links":{"self":[{"href":"https:\/\/musgerbil.dk\/index.php?rest_route=\/wp\/v2\/pages\/870"}],"collection":[{"href":"https:\/\/musgerbil.dk\/index.php?rest_route=\/wp\/v2\/pages"}],"about":[{"href":"https:\/\/musgerbil.dk\/index.php?rest_route=\/wp\/v2\/types\/page"}],"author":[{"embeddable":true,"href":"https:\/\/musgerbil.dk\/index.php?rest_route=\/wp\/v2\/users\/1"}],"replies":[{"embeddable":true,"href":"https:\/\/musgerbil.dk\/index.php?rest_route=%2Fwp%2Fv2%2Fcomments&post=870"}],"version-history":[{"count":9,"href":"https:\/\/musgerbil.dk\/index.php?rest_route=\/wp\/v2\/pages\/870\/revisions"}],"predecessor-version":[{"id":9899,"href":"https:\/\/musgerbil.dk\/index.php?rest_route=\/wp\/v2\/pages\/870\/revisions\/9899"}],"up":[{"embeddable":true,"href":"https:\/\/musgerbil.dk\/index.php?rest_route=\/wp\/v2\/pages\/152"}],"wp:attachment":[{"href":"https:\/\/musgerbil.dk\/index.php?rest_route=%2Fwp%2Fv2%2Fmedia&parent=870"}],"curies":[{"name":"wp","href":"https:\/\/api.w.org\/{rel}","templated":true}]}}