{"id":8678,"date":"2017-03-26T19:18:19","date_gmt":"2017-03-26T17:18:19","guid":{"rendered":"http:\/\/musgerbil.dk\/?page_id=8678"},"modified":"2022-02-17T23:48:48","modified_gmt":"2022-02-17T22:48:48","slug":"stone-agouti","status":"publish","type":"page","link":"https:\/\/musgerbil.dk\/?page_id=8678","title":{"rendered":"Stone agouti"},"content":{"rendered":"<p><strong>Genetik<\/strong>: A_ cc(ch)<br \/>\n<strong>Grundfarve<\/strong>:<br \/>\n<strong>Mave<\/strong>:<br \/>\n<strong>Hale<\/strong>:<br \/>\n<strong>F\u00f8dder<\/strong>:<br \/>\n<strong>\u00d8jne<\/strong>: Sorte.<br \/>\n<strong>\u00d8rer<\/strong>:<br \/>\n<strong>Almindelige\u00a0fejl<\/strong>: <\/p>\n<p><strong>Udstillingsklasse<\/strong>: K\u00e6ledyr (er endnu ikke godkendt i Sj\u00e6lden Variant eller Standard)<\/p>\nngg_shortcode_0_placeholder\n<p>&nbsp;<\/p>\n","protected":false},"excerpt":{"rendered":"<p>Genetik: A_ cc(ch) Grundfarve: Mave: Hale: F\u00f8dder: \u00d8jne: Sorte. \u00d8rer: Almindelige\u00a0fejl: Udstillingsklasse: K\u00e6ledyr (er endnu ikke godkendt i Sj\u00e6lden Variant eller Standard) &nbsp;<\/p>\n","protected":false},"author":1,"featured_media":0,"parent":131,"menu_order":0,"comment_status":"closed","ping_status":"closed","template":"","meta":{"site-sidebar-layout":"default","site-content-layout":"","ast-site-content-layout":"","site-content-style":"default","site-sidebar-style":"default","ast-global-header-display":"","ast-banner-title-visibility":"","ast-main-header-display":"","ast-hfb-above-header-display":"","ast-hfb-below-header-display":"","ast-hfb-mobile-header-display":"","site-post-title":"","ast-breadcrumbs-content":"","ast-featured-img":"","footer-sml-layout":"","theme-transparent-header-meta":"","adv-header-id-meta":"","stick-header-meta":"","header-above-stick-meta":"","header-main-stick-meta":"","header-below-stick-meta":"","astra-migrate-meta-layouts":"default","ast-page-background-enabled":"default","ast-page-background-meta":{"desktop":{"background-color":"var(--ast-global-color-4)","background-image":"","background-repeat":"repeat","background-position":"center center","background-size":"auto","background-attachment":"scroll","background-type":"","background-media":"","overlay-type":"","overlay-color":"","overlay-opacity":"","overlay-gradient":""},"tablet":{"background-color":"","background-image":"","background-repeat":"repeat","background-position":"center center","background-size":"auto","background-attachment":"scroll","background-type":"","background-media":"","overlay-type":"","overlay-color":"","overlay-opacity":"","overlay-gradient":""},"mobile":{"background-color":"","background-image":"","background-repeat":"repeat","background-position":"center center","background-size":"auto","background-attachment":"scroll","background-type":"","background-media":"","overlay-type":"","overlay-color":"","overlay-opacity":"","overlay-gradient":""}},"ast-content-background-meta":{"desktop":{"background-color":"var(--ast-global-color-5)","background-image":"","background-repeat":"repeat","background-position":"center center","background-size":"auto","background-attachment":"scroll","background-type":"","background-media":"","overlay-type":"","overlay-color":"","overlay-opacity":"","overlay-gradient":""},"tablet":{"background-color":"var(--ast-global-color-5)","background-image":"","background-repeat":"repeat","background-position":"center center","background-size":"auto","background-attachment":"scroll","background-type":"","background-media":"","overlay-type":"","overlay-color":"","overlay-opacity":"","overlay-gradient":""},"mobile":{"background-color":"var(--ast-global-color-5)","background-image":"","background-repeat":"repeat","background-position":"center center","background-size":"auto","background-attachment":"scroll","background-type":"","background-media":"","overlay-type":"","overlay-color":"","overlay-opacity":"","overlay-gradient":""}},"ngg_post_thumbnail":0,"footnotes":""},"class_list":["post-8678","page","type-page","status-publish","hentry"],"_links":{"self":[{"href":"https:\/\/musgerbil.dk\/index.php?rest_route=\/wp\/v2\/pages\/8678"}],"collection":[{"href":"https:\/\/musgerbil.dk\/index.php?rest_route=\/wp\/v2\/pages"}],"about":[{"href":"https:\/\/musgerbil.dk\/index.php?rest_route=\/wp\/v2\/types\/page"}],"author":[{"embeddable":true,"href":"https:\/\/musgerbil.dk\/index.php?rest_route=\/wp\/v2\/users\/1"}],"replies":[{"embeddable":true,"href":"https:\/\/musgerbil.dk\/index.php?rest_route=%2Fwp%2Fv2%2Fcomments&post=8678"}],"version-history":[{"count":3,"href":"https:\/\/musgerbil.dk\/index.php?rest_route=\/wp\/v2\/pages\/8678\/revisions"}],"predecessor-version":[{"id":10920,"href":"https:\/\/musgerbil.dk\/index.php?rest_route=\/wp\/v2\/pages\/8678\/revisions\/10920"}],"up":[{"embeddable":true,"href":"https:\/\/musgerbil.dk\/index.php?rest_route=\/wp\/v2\/pages\/131"}],"wp:attachment":[{"href":"https:\/\/musgerbil.dk\/index.php?rest_route=%2Fwp%2Fv2%2Fmedia&parent=8678"}],"curies":[{"name":"wp","href":"https:\/\/api.w.org\/{rel}","templated":true}]}}