{"id":866,"date":"2014-04-06T13:32:39","date_gmt":"2014-04-06T13:32:39","guid":{"rendered":"http:\/\/musgerbil.dk\/?page_id=866"},"modified":"2022-02-17T23:49:08","modified_gmt":"2022-02-17T22:49:08","slug":"dark-tailed-white","status":"publish","type":"page","link":"https:\/\/musgerbil.dk\/?page_id=866","title":{"rendered":"Dark Tailed White &#8211; \u00d8rkenrotte"},"content":{"rendered":"<p><strong>Genetik<\/strong>: A_ \/ aa c(h)c(h) P_<br \/>\n<strong>Grundfarve<\/strong>: Hvid<br \/>\n<strong>T\u00e6er og kl\u00f8er<\/strong>: Hvide med neutrale kl\u00f8er eller i halens farve<br \/>\n<strong>Knurh\u00e5r<\/strong>: Hvide<br \/>\n<strong>Tegning<\/strong>: Halen skal v\u00e6re s\u00e5 j\u00e6vnt farvet\/utippet som muligt. Hos ungdyr kan farven v\u00e6re uj\u00e6vn eller hvid. Markeringer kan forekomme p\u00e5 n\u00e6se, t\u00e6er og \u00f8rer.<br \/>\n<strong>Tegningsfarve<\/strong>: Samme som p\u00e5 samtlige sort\u00f8jede varianter p\u00e5 n\u00e6r c(chm)c(chm) og c(chm)c(h)-varianter.<br \/>\n<strong>\u00d8jne<\/strong>: Lyser\u00f8de<br \/>\n<strong>\u00d8rer<\/strong>: Hudfarvede d\u00e6kket med fin hvid pels eller markerede i halefarven.<\/p>\n<p><strong>Udstillingsvariant<\/strong>: Standard, Pointe<\/p>\n","protected":false},"excerpt":{"rendered":"<p>Genetik: A_ \/ aa c(h)c(h) P_ Grundfarve: Hvid T\u00e6er og kl\u00f8er: Hvide med neutrale kl\u00f8er eller i halens farve Knurh\u00e5r: Hvide Tegning: Halen skal v\u00e6re s\u00e5 j\u00e6vnt farvet\/utippet som muligt. [&hellip;]<\/p>\n","protected":false},"author":1,"featured_media":0,"parent":152,"menu_order":36,"comment_status":"closed","ping_status":"closed","template":"","meta":{"site-sidebar-layout":"default","site-content-layout":"","ast-site-content-layout":"","site-content-style":"default","site-sidebar-style":"default","ast-global-header-display":"","ast-banner-title-visibility":"","ast-main-header-display":"","ast-hfb-above-header-display":"","ast-hfb-below-header-display":"","ast-hfb-mobile-header-display":"","site-post-title":"","ast-breadcrumbs-content":"","ast-featured-img":"","footer-sml-layout":"","theme-transparent-header-meta":"","adv-header-id-meta":"","stick-header-meta":"","header-above-stick-meta":"","header-main-stick-meta":"","header-below-stick-meta":"","astra-migrate-meta-layouts":"default","ast-page-background-enabled":"default","ast-page-background-meta":{"desktop":{"background-color":"var(--ast-global-color-4)","background-image":"","background-repeat":"repeat","background-position":"center center","background-size":"auto","background-attachment":"scroll","background-type":"","background-media":"","overlay-type":"","overlay-color":"","overlay-opacity":"","overlay-gradient":""},"tablet":{"background-color":"","background-image":"","background-repeat":"repeat","background-position":"center center","background-size":"auto","background-attachment":"scroll","background-type":"","background-media":"","overlay-type":"","overlay-color":"","overlay-opacity":"","overlay-gradient":""},"mobile":{"background-color":"","background-image":"","background-repeat":"repeat","background-position":"center center","background-size":"auto","background-attachment":"scroll","background-type":"","background-media":"","overlay-type":"","overlay-color":"","overlay-opacity":"","overlay-gradient":""}},"ast-content-background-meta":{"desktop":{"background-color":"var(--ast-global-color-5)","background-image":"","background-repeat":"repeat","background-position":"center center","background-size":"auto","background-attachment":"scroll","background-type":"","background-media":"","overlay-type":"","overlay-color":"","overlay-opacity":"","overlay-gradient":""},"tablet":{"background-color":"var(--ast-global-color-5)","background-image":"","background-repeat":"repeat","background-position":"center center","background-size":"auto","background-attachment":"scroll","background-type":"","background-media":"","overlay-type":"","overlay-color":"","overlay-opacity":"","overlay-gradient":""},"mobile":{"background-color":"var(--ast-global-color-5)","background-image":"","background-repeat":"repeat","background-position":"center center","background-size":"auto","background-attachment":"scroll","background-type":"","background-media":"","overlay-type":"","overlay-color":"","overlay-opacity":"","overlay-gradient":""}},"ngg_post_thumbnail":0,"footnotes":""},"class_list":["post-866","page","type-page","status-publish","hentry"],"_links":{"self":[{"href":"https:\/\/musgerbil.dk\/index.php?rest_route=\/wp\/v2\/pages\/866"}],"collection":[{"href":"https:\/\/musgerbil.dk\/index.php?rest_route=\/wp\/v2\/pages"}],"about":[{"href":"https:\/\/musgerbil.dk\/index.php?rest_route=\/wp\/v2\/types\/page"}],"author":[{"embeddable":true,"href":"https:\/\/musgerbil.dk\/index.php?rest_route=\/wp\/v2\/users\/1"}],"replies":[{"embeddable":true,"href":"https:\/\/musgerbil.dk\/index.php?rest_route=%2Fwp%2Fv2%2Fcomments&post=866"}],"version-history":[{"count":8,"href":"https:\/\/musgerbil.dk\/index.php?rest_route=\/wp\/v2\/pages\/866\/revisions"}],"predecessor-version":[{"id":9894,"href":"https:\/\/musgerbil.dk\/index.php?rest_route=\/wp\/v2\/pages\/866\/revisions\/9894"}],"up":[{"embeddable":true,"href":"https:\/\/musgerbil.dk\/index.php?rest_route=\/wp\/v2\/pages\/152"}],"wp:attachment":[{"href":"https:\/\/musgerbil.dk\/index.php?rest_route=%2Fwp%2Fv2%2Fmedia&parent=866"}],"curies":[{"name":"wp","href":"https:\/\/api.w.org\/{rel}","templated":true}]}}