{"id":86,"date":"2014-04-05T08:08:29","date_gmt":"2014-04-05T08:08:29","guid":{"rendered":"http:\/\/musgerbil.dk\/?page_id=86"},"modified":"2022-02-17T23:49:29","modified_gmt":"2022-02-17T22:49:29","slug":"kommende-udstillinger","status":"publish","type":"page","link":"https:\/\/musgerbil.dk\/?page_id=86","title":{"rendered":"Kommende udstillinger"},"content":{"rendered":"<h3>Kommende udstillinger i 2019<\/h3>\n<p><strong>Kommende:<br><\/strong>14. marts 2020 i Givskudhallen &#8211; Se mere <a href=\"https:\/\/musgerbil.dk\/?tribe_events=udstilling-og-generalforsamling-i-givskud-14-marts-2020\" target=\"_blank\" rel=\"noopener noreferrer\">her<\/a>.<\/p>\n<p><strong>Afholdte:<\/strong><br>23. marts 2019 &#8211; GF &amp; udstilling i Hiller\u00f8d. <br>29. juni 2019 &#8211; Stuebed\u00f8mmelse i Skanderborg.<br>10. august 2019 &#8211; Stuebed\u00f8mmelse\/medlemsdag i Odense.<br>26. oktober &#8211; Ordin\u00e6r udstilling i Givskudhallen.<\/p>\n<p>Resultater fra afholdte udstillinger kan l\u00e6ses <a href=\"https:\/\/musgerbil.dk\/?page_id=88\">her<\/a><\/p>\n<p>&nbsp;<\/p>\n<p>&nbsp;<\/p>\n<h3>Udstilling i din baghave?<\/h3>\n<p>Vi leder altid efter gode udstillingslokaler til udstillinger rundt om i landet. &#8220;Behovet&#8221; til dem er.<br>&#8211; 2-4 dommerborde i en rolig ende eller i tilst\u00f8dende lokale.<br>&#8211; 5-7 borde til udstillingsdyr afh\u00e6ngig af str. p\u00e5 bordene (ca. 15 meter bord i alt).<br>&#8211; 1 bord til PR og kage\/sodavands-salg &#8211; er der k\u00f8kken og\/eller madsted i n\u00e6rheden er det et stort plus.<br>&#8211; Mindst 3-5 borde til salgsstande<br>&#8211; Et par borde og nogle stole folk kan sidde ved i l\u00f8bet af dagen<br>&#8211; Lokale medlemmers hj\u00e6lp til opstilling af borde enten fredag aften eller l\u00f8rdag morgen, s\u00e5 vi hurtigere kan ops\u00e6tte resten af udstillingens papirer og pr\u00e6mier op om morgenen.<br>&#8211; Dyrl\u00e6ge skal v\u00e6re aftalt i tidsrummet 9.00-11.00 som udgangspunkt. Dyrl\u00e6gen f\u00e5r typisk transport d\u00e6kket og en gave for hj\u00e6lpen, samt mulighed for at uddele en favorit-pr\u00e6mie.<br>&#8211; Lokale sponsorer er altid at \u00f8nske. Vi har et stort \u00f8nske om, at de lokale medlemmer er aktive i at finde sponsorater til pr\u00e6mierne ifm. en udstilling omr\u00e5det, s\u00e5 vi f\u00e5r mange flotte pr\u00e6mier at uddele og de lokale butikker f\u00e5r lidt omtale i forbindelse med en udstilling t\u00e6t p\u00e5.<br>&#8211; Transport. Det er altid et plus, hvis transport til udstillingslokalet er let med tog, bus eller lignende.<br>&#8211; Reklame i lokalomr\u00e5det er noget de lokale medlemmer skal st\u00e5 for, s\u00e5 vi f\u00e5r flest mulige g\u00e6ster og ogs\u00e5 gerne nye udstillere p\u00e5 dagen.<\/p>\n<p>Lokalet skal v\u00e6re godkendt til mindst 30 mennesker, da det har betydning for str. af lokalet.<br>Og altid: billigere er bedre.<\/p>\n\n\n<p><\/p>\n","protected":false},"excerpt":{"rendered":"<p>Kommende udstillinger i 2019 Kommende:14. marts 2020 i Givskudhallen &#8211; Se mere her. Afholdte:23. marts 2019 &#8211; GF &amp; udstilling i Hiller\u00f8d. 29. juni 2019 &#8211; Stuebed\u00f8mmelse i Skanderborg.10. august [&hellip;]<\/p>\n","protected":false},"author":1,"featured_media":0,"parent":34,"menu_order":0,"comment_status":"closed","ping_status":"closed","template":"","meta":{"site-sidebar-layout":"default","site-content-layout":"","ast-site-content-layout":"","site-content-style":"default","site-sidebar-style":"default","ast-global-header-display":"","ast-banner-title-visibility":"","ast-main-header-display":"","ast-hfb-above-header-display":"","ast-hfb-below-header-display":"","ast-hfb-mobile-header-display":"","site-post-title":"","ast-breadcrumbs-content":"","ast-featured-img":"","footer-sml-layout":"","theme-transparent-header-meta":"","adv-header-id-meta":"","stick-header-meta":"","header-above-stick-meta":"","header-main-stick-meta":"","header-below-stick-meta":"","astra-migrate-meta-layouts":"default","ast-page-background-enabled":"default","ast-page-background-meta":{"desktop":{"background-color":"var(--ast-global-color-4)","background-image":"","background-repeat":"repeat","background-position":"center center","background-size":"auto","background-attachment":"scroll","background-type":"","background-media":"","overlay-type":"","overlay-color":"","overlay-opacity":"","overlay-gradient":""},"tablet":{"background-color":"","background-image":"","background-repeat":"repeat","background-position":"center center","background-size":"auto","background-attachment":"scroll","background-type":"","background-media":"","overlay-type":"","overlay-color":"","overlay-opacity":"","overlay-gradient":""},"mobile":{"background-color":"","background-image":"","background-repeat":"repeat","background-position":"center center","background-size":"auto","background-attachment":"scroll","background-type":"","background-media":"","overlay-type":"","overlay-color":"","overlay-opacity":"","overlay-gradient":""}},"ast-content-background-meta":{"desktop":{"background-color":"var(--ast-global-color-5)","background-image":"","background-repeat":"repeat","background-position":"center center","background-size":"auto","background-attachment":"scroll","background-type":"","background-media":"","overlay-type":"","overlay-color":"","overlay-opacity":"","overlay-gradient":""},"tablet":{"background-color":"var(--ast-global-color-5)","background-image":"","background-repeat":"repeat","background-position":"center center","background-size":"auto","background-attachment":"scroll","background-type":"","background-media":"","overlay-type":"","overlay-color":"","overlay-opacity":"","overlay-gradient":""},"mobile":{"background-color":"var(--ast-global-color-5)","background-image":"","background-repeat":"repeat","background-position":"center center","background-size":"auto","background-attachment":"scroll","background-type":"","background-media":"","overlay-type":"","overlay-color":"","overlay-opacity":"","overlay-gradient":""}},"ngg_post_thumbnail":0,"footnotes":""},"class_list":["post-86","page","type-page","status-publish","hentry"],"_links":{"self":[{"href":"https:\/\/musgerbil.dk\/index.php?rest_route=\/wp\/v2\/pages\/86"}],"collection":[{"href":"https:\/\/musgerbil.dk\/index.php?rest_route=\/wp\/v2\/pages"}],"about":[{"href":"https:\/\/musgerbil.dk\/index.php?rest_route=\/wp\/v2\/types\/page"}],"author":[{"embeddable":true,"href":"https:\/\/musgerbil.dk\/index.php?rest_route=\/wp\/v2\/users\/1"}],"replies":[{"embeddable":true,"href":"https:\/\/musgerbil.dk\/index.php?rest_route=%2Fwp%2Fv2%2Fcomments&post=86"}],"version-history":[{"count":91,"href":"https:\/\/musgerbil.dk\/index.php?rest_route=\/wp\/v2\/pages\/86\/revisions"}],"predecessor-version":[{"id":10689,"href":"https:\/\/musgerbil.dk\/index.php?rest_route=\/wp\/v2\/pages\/86\/revisions\/10689"}],"up":[{"embeddable":true,"href":"https:\/\/musgerbil.dk\/index.php?rest_route=\/wp\/v2\/pages\/34"}],"wp:attachment":[{"href":"https:\/\/musgerbil.dk\/index.php?rest_route=%2Fwp%2Fv2%2Fmedia&parent=86"}],"curies":[{"name":"wp","href":"https:\/\/api.w.org\/{rel}","templated":true}]}}