{"id":858,"date":"2014-04-06T13:29:41","date_gmt":"2014-04-06T13:29:41","guid":{"rendered":"http:\/\/musgerbil.dk\/?page_id=858"},"modified":"2022-02-17T23:49:08","modified_gmt":"2022-02-17T22:49:08","slug":"cp-silver-nutmeg","status":"publish","type":"page","link":"https:\/\/musgerbil.dk\/?page_id=858","title":{"rendered":"CP Silver Nutmeg &#8211; \u00d8rkenrotte"},"content":{"rendered":"<p><strong>Genetik<\/strong>: <em>aa c(chm)c(chm) ee gg<br \/>\n<\/em><strong>Ogs\u00e5 kaldet<\/strong>: Silverpoint p\u00e5 udstilling<\/p>\n<p><strong>Grundfarve:<\/strong> \u00d8nskes helt hvid, med en svag graduerende udtonende gr\u00e5lig skygge over ryggen, som best\u00e5r af hvide h\u00e5rstr\u00e5 med lys s\u00f8lvgr\u00e5 tipning.<br \/>\n<strong>Tegning:<\/strong> Tegningen best\u00e5r af s\u00f8lvgr\u00e5 markeringer p\u00e5 n\u00e6se, t\u00e6er og hale. N\u00e6semarkeringen \u00f8nskes d\u00e6kke hele ansigtet. Tegningen \u00f8nskes at tone graduerende ud. Halemarkeringen \u00f8nskes startet ved halerod.<br \/>\n<strong>\u00d8rer<\/strong>: skal matche farven p\u00e5 tegningen.<br \/>\n<strong>\u00d8jne<\/strong>: Sorte<br \/>\n<strong>Kl\u00f8er<\/strong>: \u00d8nskes neutral farve<br \/>\n<strong>Knurh\u00e5r:<\/strong> \u00d8nskes hvide<\/p>\n<p><strong>Almindelige fejl<\/strong>: Manglende\/svag tegning eller hvid pels i tegning. Anden grundfarve end hvid. Sorte eller brune kl\u00f8er. S\u00f8lvgr\u00e5 tipning p\u00e5 hele kroppen.<\/p>\n","protected":false},"excerpt":{"rendered":"<p>Genetik: aa c(chm)c(chm) ee gg Ogs\u00e5 kaldet: Silverpoint p\u00e5 udstilling Grundfarve: \u00d8nskes helt hvid, med en svag graduerende udtonende gr\u00e5lig skygge over ryggen, som best\u00e5r af hvide h\u00e5rstr\u00e5 med lys [&hellip;]<\/p>\n","protected":false},"author":1,"featured_media":0,"parent":152,"menu_order":33,"comment_status":"closed","ping_status":"closed","template":"","meta":{"site-sidebar-layout":"default","site-content-layout":"","ast-site-content-layout":"","site-content-style":"default","site-sidebar-style":"default","ast-global-header-display":"","ast-banner-title-visibility":"","ast-main-header-display":"","ast-hfb-above-header-display":"","ast-hfb-below-header-display":"","ast-hfb-mobile-header-display":"","site-post-title":"","ast-breadcrumbs-content":"","ast-featured-img":"","footer-sml-layout":"","theme-transparent-header-meta":"","adv-header-id-meta":"","stick-header-meta":"","header-above-stick-meta":"","header-main-stick-meta":"","header-below-stick-meta":"","astra-migrate-meta-layouts":"default","ast-page-background-enabled":"default","ast-page-background-meta":{"desktop":{"background-color":"var(--ast-global-color-4)","background-image":"","background-repeat":"repeat","background-position":"center center","background-size":"auto","background-attachment":"scroll","background-type":"","background-media":"","overlay-type":"","overlay-color":"","overlay-opacity":"","overlay-gradient":""},"tablet":{"background-color":"","background-image":"","background-repeat":"repeat","background-position":"center center","background-size":"auto","background-attachment":"scroll","background-type":"","background-media":"","overlay-type":"","overlay-color":"","overlay-opacity":"","overlay-gradient":""},"mobile":{"background-color":"","background-image":"","background-repeat":"repeat","background-position":"center center","background-size":"auto","background-attachment":"scroll","background-type":"","background-media":"","overlay-type":"","overlay-color":"","overlay-opacity":"","overlay-gradient":""}},"ast-content-background-meta":{"desktop":{"background-color":"var(--ast-global-color-5)","background-image":"","background-repeat":"repeat","background-position":"center center","background-size":"auto","background-attachment":"scroll","background-type":"","background-media":"","overlay-type":"","overlay-color":"","overlay-opacity":"","overlay-gradient":""},"tablet":{"background-color":"var(--ast-global-color-5)","background-image":"","background-repeat":"repeat","background-position":"center center","background-size":"auto","background-attachment":"scroll","background-type":"","background-media":"","overlay-type":"","overlay-color":"","overlay-opacity":"","overlay-gradient":""},"mobile":{"background-color":"var(--ast-global-color-5)","background-image":"","background-repeat":"repeat","background-position":"center center","background-size":"auto","background-attachment":"scroll","background-type":"","background-media":"","overlay-type":"","overlay-color":"","overlay-opacity":"","overlay-gradient":""}},"ngg_post_thumbnail":0,"footnotes":""},"class_list":["post-858","page","type-page","status-publish","hentry"],"_links":{"self":[{"href":"https:\/\/musgerbil.dk\/index.php?rest_route=\/wp\/v2\/pages\/858"}],"collection":[{"href":"https:\/\/musgerbil.dk\/index.php?rest_route=\/wp\/v2\/pages"}],"about":[{"href":"https:\/\/musgerbil.dk\/index.php?rest_route=\/wp\/v2\/types\/page"}],"author":[{"embeddable":true,"href":"https:\/\/musgerbil.dk\/index.php?rest_route=\/wp\/v2\/users\/1"}],"replies":[{"embeddable":true,"href":"https:\/\/musgerbil.dk\/index.php?rest_route=%2Fwp%2Fv2%2Fcomments&post=858"}],"version-history":[{"count":4,"href":"https:\/\/musgerbil.dk\/index.php?rest_route=\/wp\/v2\/pages\/858\/revisions"}],"predecessor-version":[{"id":3315,"href":"https:\/\/musgerbil.dk\/index.php?rest_route=\/wp\/v2\/pages\/858\/revisions\/3315"}],"up":[{"embeddable":true,"href":"https:\/\/musgerbil.dk\/index.php?rest_route=\/wp\/v2\/pages\/152"}],"wp:attachment":[{"href":"https:\/\/musgerbil.dk\/index.php?rest_route=%2Fwp%2Fv2%2Fmedia&parent=858"}],"curies":[{"name":"wp","href":"https:\/\/api.w.org\/{rel}","templated":true}]}}