{"id":856,"date":"2014-04-06T13:29:11","date_gmt":"2014-04-06T13:29:11","guid":{"rendered":"http:\/\/musgerbil.dk\/?page_id=856"},"modified":"2022-02-17T23:49:08","modified_gmt":"2022-02-17T22:49:08","slug":"cp-slate","status":"publish","type":"page","link":"https:\/\/musgerbil.dk\/?page_id=856","title":{"rendered":"Colourpoint slate &#8211; \u00d8rkenrotte"},"content":{"rendered":"<p><strong>Genetik<\/strong>: aa c(chm)c(chm) uw(d)uw(d)<br \/>\n<strong>Grundfarve<\/strong>: Dyb brungr\u00e5, m\u00f8rkere skygge over ryggen, som toner ned mod den lysere bl\u00e5gr\u00e5 mave. Udtoningen skal v\u00e6re j\u00e6vn og uden skarpe farveskift og j\u00e6vnt udtonet fra tegningen.<br \/>\n<strong>Knurh\u00e5r<\/strong>: M\u00f8rke<br \/>\n<strong>Tegning<\/strong>: Tegningen skal best\u00e5 af en m\u00f8rk sepia markering p\u00e5 n\u00e6se, t\u00e6er, hale og \u00f8rer. N\u00e6semarkeringen toner ud over ansigtet og er lysere over \u00f8jnene. Halemarkeringen \u00f8nskes startet ved halerod.<br \/>\n<strong>\u00d8jne<\/strong>: Sorte<\/p>\n<p><strong>Udstillingsvariant<\/strong>: Standard, Pointed<\/p>\n","protected":false},"excerpt":{"rendered":"<p>Genetik: aa c(chm)c(chm) uw(d)uw(d) Grundfarve: Dyb brungr\u00e5, m\u00f8rkere skygge over ryggen, som toner ned mod den lysere bl\u00e5gr\u00e5 mave. Udtoningen skal v\u00e6re j\u00e6vn og uden skarpe farveskift og j\u00e6vnt udtonet [&hellip;]<\/p>\n","protected":false},"author":1,"featured_media":0,"parent":152,"menu_order":32,"comment_status":"closed","ping_status":"closed","template":"","meta":{"site-sidebar-layout":"default","site-content-layout":"","ast-site-content-layout":"","site-content-style":"default","site-sidebar-style":"default","ast-global-header-display":"","ast-banner-title-visibility":"","ast-main-header-display":"","ast-hfb-above-header-display":"","ast-hfb-below-header-display":"","ast-hfb-mobile-header-display":"","site-post-title":"","ast-breadcrumbs-content":"","ast-featured-img":"","footer-sml-layout":"","theme-transparent-header-meta":"","adv-header-id-meta":"","stick-header-meta":"","header-above-stick-meta":"","header-main-stick-meta":"","header-below-stick-meta":"","astra-migrate-meta-layouts":"default","ast-page-background-enabled":"default","ast-page-background-meta":{"desktop":{"background-color":"var(--ast-global-color-4)","background-image":"","background-repeat":"repeat","background-position":"center center","background-size":"auto","background-attachment":"scroll","background-type":"","background-media":"","overlay-type":"","overlay-color":"","overlay-opacity":"","overlay-gradient":""},"tablet":{"background-color":"","background-image":"","background-repeat":"repeat","background-position":"center center","background-size":"auto","background-attachment":"scroll","background-type":"","background-media":"","overlay-type":"","overlay-color":"","overlay-opacity":"","overlay-gradient":""},"mobile":{"background-color":"","background-image":"","background-repeat":"repeat","background-position":"center center","background-size":"auto","background-attachment":"scroll","background-type":"","background-media":"","overlay-type":"","overlay-color":"","overlay-opacity":"","overlay-gradient":""}},"ast-content-background-meta":{"desktop":{"background-color":"var(--ast-global-color-5)","background-image":"","background-repeat":"repeat","background-position":"center center","background-size":"auto","background-attachment":"scroll","background-type":"","background-media":"","overlay-type":"","overlay-color":"","overlay-opacity":"","overlay-gradient":""},"tablet":{"background-color":"var(--ast-global-color-5)","background-image":"","background-repeat":"repeat","background-position":"center center","background-size":"auto","background-attachment":"scroll","background-type":"","background-media":"","overlay-type":"","overlay-color":"","overlay-opacity":"","overlay-gradient":""},"mobile":{"background-color":"var(--ast-global-color-5)","background-image":"","background-repeat":"repeat","background-position":"center center","background-size":"auto","background-attachment":"scroll","background-type":"","background-media":"","overlay-type":"","overlay-color":"","overlay-opacity":"","overlay-gradient":""}},"ngg_post_thumbnail":0,"footnotes":""},"class_list":["post-856","page","type-page","status-publish","hentry"],"_links":{"self":[{"href":"https:\/\/musgerbil.dk\/index.php?rest_route=\/wp\/v2\/pages\/856"}],"collection":[{"href":"https:\/\/musgerbil.dk\/index.php?rest_route=\/wp\/v2\/pages"}],"about":[{"href":"https:\/\/musgerbil.dk\/index.php?rest_route=\/wp\/v2\/types\/page"}],"author":[{"embeddable":true,"href":"https:\/\/musgerbil.dk\/index.php?rest_route=\/wp\/v2\/users\/1"}],"replies":[{"embeddable":true,"href":"https:\/\/musgerbil.dk\/index.php?rest_route=%2Fwp%2Fv2%2Fcomments&post=856"}],"version-history":[{"count":9,"href":"https:\/\/musgerbil.dk\/index.php?rest_route=\/wp\/v2\/pages\/856\/revisions"}],"predecessor-version":[{"id":9893,"href":"https:\/\/musgerbil.dk\/index.php?rest_route=\/wp\/v2\/pages\/856\/revisions\/9893"}],"up":[{"embeddable":true,"href":"https:\/\/musgerbil.dk\/index.php?rest_route=\/wp\/v2\/pages\/152"}],"wp:attachment":[{"href":"https:\/\/musgerbil.dk\/index.php?rest_route=%2Fwp%2Fv2%2Fmedia&parent=856"}],"curies":[{"name":"wp","href":"https:\/\/api.w.org\/{rel}","templated":true}]}}