{"id":8518,"date":"2017-03-04T21:26:52","date_gmt":"2017-03-04T20:26:52","guid":{"rendered":"http:\/\/musgerbil.dk\/?page_id=8518"},"modified":"2022-02-17T23:48:48","modified_gmt":"2022-02-17T22:48:48","slug":"resultater-2016","status":"publish","type":"page","link":"https:\/\/musgerbil.dk\/?page_id=8518","title":{"rendered":"Resultater 2016"},"content":{"rendered":"<h2>Halloween-udstilling i Skanderborg d. 15. oktober 2016<\/h2>\n<p><a href=\"https:\/\/musgerbil.dk\/?p=7841\">G\u00e5 til resultatsiden her<\/a><br \/>\n<img fetchpriority=\"high\" decoding=\"async\" class=\"alignnone size-medium wp-image-6360\" src=\"https:\/\/musgerbil.dk\/wp-content\/uploads\/IMG_0900-300x200.jpg\" alt=\"IMG_0900\" height=\"200\" width=\"300\" srcset=\"https:\/\/musgerbil.dk\/wp-content\/uploads\/IMG_0900-300x200.jpg 300w, https:\/\/musgerbil.dk\/wp-content\/uploads\/IMG_0900-600x400.jpg 600w, https:\/\/musgerbil.dk\/wp-content\/uploads\/IMG_0900.jpg 1500w\" sizes=\"(max-width: 300px) 100vw, 300px\" \/><\/p>\n<p>&nbsp;<\/p>\n<h2>H\u00f8stgalla-udstilling i Aalborg d. 13. august 2016<\/h2>\n<p><a href=\"https:\/\/musgerbil.dk\/?p=7436\">G\u00e5 til resultatsiden her<\/a><br \/>\n<a href=\"https:\/\/musgerbil.dk\/?p=7436\"><img fetchpriority=\"high\" decoding=\"async\" class=\"alignnone size-medium wp-image-6360\" src=\"https:\/\/musgerbil.dk\/wp-content\/uploads\/IMG_0900-300x200.jpg\" alt=\"IMG_0900\" height=\"200\" width=\"300\" srcset=\"https:\/\/musgerbil.dk\/wp-content\/uploads\/IMG_0900-300x200.jpg 300w, https:\/\/musgerbil.dk\/wp-content\/uploads\/IMG_0900-600x400.jpg 600w, https:\/\/musgerbil.dk\/wp-content\/uploads\/IMG_0900.jpg 1500w\" sizes=\"(max-width: 300px) 100vw, 300px\" \/><\/a><\/p>\n<p>&nbsp;<\/p>\n<h2>Udstilling i Givskud d. 23. april 2016 \u2013 Dansk Mesterskab<\/h2>\n<p><a href=\"https:\/\/musgerbil.dk\/?page_id=7003\">G\u00e5 til resultatsiden her<\/a><br \/>\n<img decoding=\"async\" class=\"alignnone size-medium wp-image-7000\" src=\"https:\/\/musgerbil.dk\/wp-content\/uploads\/13015650_1689522381314086_6289902619238223837_n-300x232.jpg\" alt=\"13015650_1689522381314086_6289902619238223837_n\" height=\"232\" width=\"300\" srcset=\"https:\/\/musgerbil.dk\/wp-content\/uploads\/13015650_1689522381314086_6289902619238223837_n-300x232.jpg 300w, https:\/\/musgerbil.dk\/wp-content\/uploads\/13015650_1689522381314086_6289902619238223837_n-768x593.jpg 768w, https:\/\/musgerbil.dk\/wp-content\/uploads\/13015650_1689522381314086_6289902619238223837_n-600x464.jpg 600w, https:\/\/musgerbil.dk\/wp-content\/uploads\/13015650_1689522381314086_6289902619238223837_n.jpg 800w\" sizes=\"(max-width: 300px) 100vw, 300px\" \/><\/p>\n<p>&nbsp;<\/p>\n<h2>Udstilling i Slagelse d. 6 februar 2016<\/h2>\n<p><a href=\"https:\/\/musgerbil.dk\/?page_id=6807\">G\u00e5 til resultatsiden her<\/a><br \/>\n<a href=\"https:\/\/musgerbil.dk\/?page_id=6807\"> <img fetchpriority=\"high\" decoding=\"async\" class=\"alignnone size-medium wp-image-6360\" src=\"https:\/\/musgerbil.dk\/wp-content\/uploads\/IMG_0900-300x200.jpg\" alt=\"IMG_0900\" height=\"200\" width=\"300\" srcset=\"https:\/\/musgerbil.dk\/wp-content\/uploads\/IMG_0900-300x200.jpg 300w, https:\/\/musgerbil.dk\/wp-content\/uploads\/IMG_0900-600x400.jpg 600w, https:\/\/musgerbil.dk\/wp-content\/uploads\/IMG_0900.jpg 1500w\" sizes=\"(max-width: 300px) 100vw, 300px\" \/><\/a><\/p>\n","protected":false},"excerpt":{"rendered":"<p>Halloween-udstilling i Skanderborg d. 15. oktober 2016 G\u00e5 til resultatsiden her &nbsp; H\u00f8stgalla-udstilling i Aalborg d. 13. august 2016 G\u00e5 til resultatsiden her &nbsp; Udstilling i Givskud d. 23. april [&hellip;]<\/p>\n","protected":false},"author":1,"featured_media":0,"parent":88,"menu_order":0,"comment_status":"closed","ping_status":"closed","template":"","meta":{"site-sidebar-layout":"default","site-content-layout":"","ast-site-content-layout":"","site-content-style":"default","site-sidebar-style":"default","ast-global-header-display":"","ast-banner-title-visibility":"","ast-main-header-display":"","ast-hfb-above-header-display":"","ast-hfb-below-header-display":"","ast-hfb-mobile-header-display":"","site-post-title":"","ast-breadcrumbs-content":"","ast-featured-img":"","footer-sml-layout":"","theme-transparent-header-meta":"","adv-header-id-meta":"","stick-header-meta":"","header-above-stick-meta":"","header-main-stick-meta":"","header-below-stick-meta":"","astra-migrate-meta-layouts":"default","ast-page-background-enabled":"default","ast-page-background-meta":{"desktop":{"background-color":"var(--ast-global-color-4)","background-image":"","background-repeat":"repeat","background-position":"center center","background-size":"auto","background-attachment":"scroll","background-type":"","background-media":"","overlay-type":"","overlay-color":"","overlay-opacity":"","overlay-gradient":""},"tablet":{"background-color":"","background-image":"","background-repeat":"repeat","background-position":"center center","background-size":"auto","background-attachment":"scroll","background-type":"","background-media":"","overlay-type":"","overlay-color":"","overlay-opacity":"","overlay-gradient":""},"mobile":{"background-color":"","background-image":"","background-repeat":"repeat","background-position":"center center","background-size":"auto","background-attachment":"scroll","background-type":"","background-media":"","overlay-type":"","overlay-color":"","overlay-opacity":"","overlay-gradient":""}},"ast-content-background-meta":{"desktop":{"background-color":"var(--ast-global-color-5)","background-image":"","background-repeat":"repeat","background-position":"center center","background-size":"auto","background-attachment":"scroll","background-type":"","background-media":"","overlay-type":"","overlay-color":"","overlay-opacity":"","overlay-gradient":""},"tablet":{"background-color":"var(--ast-global-color-5)","background-image":"","background-repeat":"repeat","background-position":"center center","background-size":"auto","background-attachment":"scroll","background-type":"","background-media":"","overlay-type":"","overlay-color":"","overlay-opacity":"","overlay-gradient":""},"mobile":{"background-color":"var(--ast-global-color-5)","background-image":"","background-repeat":"repeat","background-position":"center center","background-size":"auto","background-attachment":"scroll","background-type":"","background-media":"","overlay-type":"","overlay-color":"","overlay-opacity":"","overlay-gradient":""}},"ngg_post_thumbnail":0,"footnotes":""},"class_list":["post-8518","page","type-page","status-publish","hentry"],"_links":{"self":[{"href":"https:\/\/musgerbil.dk\/index.php?rest_route=\/wp\/v2\/pages\/8518"}],"collection":[{"href":"https:\/\/musgerbil.dk\/index.php?rest_route=\/wp\/v2\/pages"}],"about":[{"href":"https:\/\/musgerbil.dk\/index.php?rest_route=\/wp\/v2\/types\/page"}],"author":[{"embeddable":true,"href":"https:\/\/musgerbil.dk\/index.php?rest_route=\/wp\/v2\/users\/1"}],"replies":[{"embeddable":true,"href":"https:\/\/musgerbil.dk\/index.php?rest_route=%2Fwp%2Fv2%2Fcomments&post=8518"}],"version-history":[{"count":3,"href":"https:\/\/musgerbil.dk\/index.php?rest_route=\/wp\/v2\/pages\/8518\/revisions"}],"predecessor-version":[{"id":10923,"href":"https:\/\/musgerbil.dk\/index.php?rest_route=\/wp\/v2\/pages\/8518\/revisions\/10923"}],"up":[{"embeddable":true,"href":"https:\/\/musgerbil.dk\/index.php?rest_route=\/wp\/v2\/pages\/88"}],"wp:attachment":[{"href":"https:\/\/musgerbil.dk\/index.php?rest_route=%2Fwp%2Fv2%2Fmedia&parent=8518"}],"curies":[{"name":"wp","href":"https:\/\/api.w.org\/{rel}","templated":true}]}}