{"id":850,"date":"2014-04-06T13:27:41","date_gmt":"2014-04-06T13:27:41","guid":{"rendered":"http:\/\/musgerbil.dk\/?page_id=850"},"modified":"2022-02-17T23:49:08","modified_gmt":"2022-02-17T22:49:08","slug":"pointed-blue","status":"publish","type":"page","link":"https:\/\/musgerbil.dk\/?page_id=850","title":{"rendered":"Pointed Blue &#8211; \u00d8rkenrotte"},"content":{"rendered":"<p><strong>Genetik: <\/strong>aa Cc(chm) dd<b><br \/>\n<strong>Grundfarve<\/strong><\/b>: M\u00f8rk j\u00e6vn bl\u00e5gr\u00e5, tendens til lysere mave med brunligt sk\u00e6r.<br \/>\n<strong>Knurh\u00e5r<\/strong>: som tegningsfarven<br \/>\n<strong>Tegning<\/strong>: Tegningen skal best\u00e5 af en m\u00f8rkere kold m\u00f8rkere bl\u00e5 skyggemarkering p\u00e5 n\u00e6se, t\u00e6er, hale og \u00f8rer. N\u00e6semarkeringen toner ud over ansigtet og er lysere over \u00f8jnene. Halemarkeringen \u00f8nskes startet ved halerod. Typisk lysere \u00f8jenringe som f\u00f8lge af det ene chm-gen.<br \/>\n<strong>\u00d8jne<\/strong>: Sorte, ofte med ruby pupil<\/p>\n<p>Minder generelt meget om en alm. blue, men er oftere m\u00f8rkere.<\/p>\n<p><strong>Alm. fejl<\/strong>: Manglende tegning. Manglende \u00f8jenringe.<\/p>\n<p><strong>Udstillingsvariant<\/strong>: Sj\u00e6lden Variant &#8211; Udstilles per 1.1.2017 som Blue i Standard og betegnelsen Pointed Blue fjernes.\u00a0 Stamtavlerne rettes l\u00f8bende.<br \/>\nTitler opn\u00e5et med betegnelsen Pointed Blue bevares p\u00e5 stamtavlerne. Stam<br \/>\nEventuelle CHsv-titler t\u00e6lles ikke med til opn\u00e5else i Gr. CH titel grundet anden farvestandard.<\/p>\n<p><p>Invalid Displayed Gallery<\/p><\/p>\n","protected":false},"excerpt":{"rendered":"<p>Genetik: aa Cc(chm) dd Grundfarve: M\u00f8rk j\u00e6vn bl\u00e5gr\u00e5, tendens til lysere mave med brunligt sk\u00e6r. Knurh\u00e5r: som tegningsfarven Tegning: Tegningen skal best\u00e5 af en m\u00f8rkere kold m\u00f8rkere bl\u00e5 skyggemarkering p\u00e5 [&hellip;]<\/p>\n","protected":false},"author":1,"featured_media":0,"parent":152,"menu_order":29,"comment_status":"closed","ping_status":"closed","template":"","meta":{"site-sidebar-layout":"default","site-content-layout":"","ast-site-content-layout":"","site-content-style":"default","site-sidebar-style":"default","ast-global-header-display":"","ast-banner-title-visibility":"","ast-main-header-display":"","ast-hfb-above-header-display":"","ast-hfb-below-header-display":"","ast-hfb-mobile-header-display":"","site-post-title":"","ast-breadcrumbs-content":"","ast-featured-img":"","footer-sml-layout":"","theme-transparent-header-meta":"","adv-header-id-meta":"","stick-header-meta":"","header-above-stick-meta":"","header-main-stick-meta":"","header-below-stick-meta":"","astra-migrate-meta-layouts":"default","ast-page-background-enabled":"default","ast-page-background-meta":{"desktop":{"background-color":"var(--ast-global-color-4)","background-image":"","background-repeat":"repeat","background-position":"center center","background-size":"auto","background-attachment":"scroll","background-type":"","background-media":"","overlay-type":"","overlay-color":"","overlay-opacity":"","overlay-gradient":""},"tablet":{"background-color":"","background-image":"","background-repeat":"repeat","background-position":"center center","background-size":"auto","background-attachment":"scroll","background-type":"","background-media":"","overlay-type":"","overlay-color":"","overlay-opacity":"","overlay-gradient":""},"mobile":{"background-color":"","background-image":"","background-repeat":"repeat","background-position":"center center","background-size":"auto","background-attachment":"scroll","background-type":"","background-media":"","overlay-type":"","overlay-color":"","overlay-opacity":"","overlay-gradient":""}},"ast-content-background-meta":{"desktop":{"background-color":"var(--ast-global-color-5)","background-image":"","background-repeat":"repeat","background-position":"center center","background-size":"auto","background-attachment":"scroll","background-type":"","background-media":"","overlay-type":"","overlay-color":"","overlay-opacity":"","overlay-gradient":""},"tablet":{"background-color":"var(--ast-global-color-5)","background-image":"","background-repeat":"repeat","background-position":"center center","background-size":"auto","background-attachment":"scroll","background-type":"","background-media":"","overlay-type":"","overlay-color":"","overlay-opacity":"","overlay-gradient":""},"mobile":{"background-color":"var(--ast-global-color-5)","background-image":"","background-repeat":"repeat","background-position":"center center","background-size":"auto","background-attachment":"scroll","background-type":"","background-media":"","overlay-type":"","overlay-color":"","overlay-opacity":"","overlay-gradient":""}},"ngg_post_thumbnail":0,"footnotes":""},"class_list":["post-850","page","type-page","status-publish","hentry"],"_links":{"self":[{"href":"https:\/\/musgerbil.dk\/index.php?rest_route=\/wp\/v2\/pages\/850"}],"collection":[{"href":"https:\/\/musgerbil.dk\/index.php?rest_route=\/wp\/v2\/pages"}],"about":[{"href":"https:\/\/musgerbil.dk\/index.php?rest_route=\/wp\/v2\/types\/page"}],"author":[{"embeddable":true,"href":"https:\/\/musgerbil.dk\/index.php?rest_route=\/wp\/v2\/users\/1"}],"replies":[{"embeddable":true,"href":"https:\/\/musgerbil.dk\/index.php?rest_route=%2Fwp%2Fv2%2Fcomments&post=850"}],"version-history":[{"count":10,"href":"https:\/\/musgerbil.dk\/index.php?rest_route=\/wp\/v2\/pages\/850\/revisions"}],"predecessor-version":[{"id":7521,"href":"https:\/\/musgerbil.dk\/index.php?rest_route=\/wp\/v2\/pages\/850\/revisions\/7521"}],"up":[{"embeddable":true,"href":"https:\/\/musgerbil.dk\/index.php?rest_route=\/wp\/v2\/pages\/152"}],"wp:attachment":[{"href":"https:\/\/musgerbil.dk\/index.php?rest_route=%2Fwp%2Fv2%2Fmedia&parent=850"}],"curies":[{"name":"wp","href":"https:\/\/api.w.org\/{rel}","templated":true}]}}