{"id":844,"date":"2014-04-06T13:24:56","date_gmt":"2014-04-06T13:24:56","guid":{"rendered":"http:\/\/musgerbil.dk\/?page_id=844"},"modified":"2022-02-17T23:49:08","modified_gmt":"2022-02-17T22:49:08","slug":"burmese","status":"publish","type":"page","link":"https:\/\/musgerbil.dk\/?page_id=844","title":{"rendered":"Burmese &#8211; \u00d8rkenrotte"},"content":{"rendered":"<p><strong>Genetik<\/strong>: aa c(chm)c(chm)<br \/>\n<strong>Grundfarve<\/strong>: Dyb brun, m\u00f8rkere skygge over ryggen, som toner ned mod den lysere brun\/tan mave. Udtoningen skal v\u00e6re j\u00e6vn og uden skarpe farveskift og j\u00e6vnt udtonet fra tegningen.<br \/>\n<strong>Knurh\u00e5r<\/strong>: Som tegningsfarven<br \/>\n<strong>Tegning<\/strong>: Tegningen best\u00e5r af sorte markeringer p\u00e5 n\u00e6se, t\u00e6er, hale og \u00f8rer. N\u00e6semarkering toner ud over ansigtet, men er lysere over \u00f8jnene. Halemarkeringen \u00f8nskes startet ved halerod.<br \/>\n<strong>\u00d8jne<\/strong>: Sorte<br \/>\n<b>\u00d8rer<\/b>: skal matche farven p\u00e5 tegningen.<br \/>\n<b>Almindelige&nbsp;fejl<\/b>: svag kontrast mellem points og grundfarve, lyse f\u00f8dder<\/p>\n<p><strong>Udstillingsvariant<\/strong>: Standard, Pointed<\/p>\n","protected":false},"excerpt":{"rendered":"<p>Genetik: aa c(chm)c(chm) Grundfarve: Dyb brun, m\u00f8rkere skygge over ryggen, som toner ned mod den lysere brun\/tan mave. Udtoningen skal v\u00e6re j\u00e6vn og uden skarpe farveskift og j\u00e6vnt udtonet fra [&hellip;]<\/p>\n","protected":false},"author":1,"featured_media":0,"parent":152,"menu_order":26,"comment_status":"closed","ping_status":"closed","template":"","meta":{"site-sidebar-layout":"default","site-content-layout":"","ast-site-content-layout":"","site-content-style":"default","site-sidebar-style":"default","ast-global-header-display":"","ast-banner-title-visibility":"","ast-main-header-display":"","ast-hfb-above-header-display":"","ast-hfb-below-header-display":"","ast-hfb-mobile-header-display":"","site-post-title":"","ast-breadcrumbs-content":"","ast-featured-img":"","footer-sml-layout":"","theme-transparent-header-meta":"","adv-header-id-meta":"","stick-header-meta":"","header-above-stick-meta":"","header-main-stick-meta":"","header-below-stick-meta":"","astra-migrate-meta-layouts":"default","ast-page-background-enabled":"default","ast-page-background-meta":{"desktop":{"background-color":"var(--ast-global-color-4)","background-image":"","background-repeat":"repeat","background-position":"center center","background-size":"auto","background-attachment":"scroll","background-type":"","background-media":"","overlay-type":"","overlay-color":"","overlay-opacity":"","overlay-gradient":""},"tablet":{"background-color":"","background-image":"","background-repeat":"repeat","background-position":"center center","background-size":"auto","background-attachment":"scroll","background-type":"","background-media":"","overlay-type":"","overlay-color":"","overlay-opacity":"","overlay-gradient":""},"mobile":{"background-color":"","background-image":"","background-repeat":"repeat","background-position":"center center","background-size":"auto","background-attachment":"scroll","background-type":"","background-media":"","overlay-type":"","overlay-color":"","overlay-opacity":"","overlay-gradient":""}},"ast-content-background-meta":{"desktop":{"background-color":"var(--ast-global-color-5)","background-image":"","background-repeat":"repeat","background-position":"center center","background-size":"auto","background-attachment":"scroll","background-type":"","background-media":"","overlay-type":"","overlay-color":"","overlay-opacity":"","overlay-gradient":""},"tablet":{"background-color":"var(--ast-global-color-5)","background-image":"","background-repeat":"repeat","background-position":"center center","background-size":"auto","background-attachment":"scroll","background-type":"","background-media":"","overlay-type":"","overlay-color":"","overlay-opacity":"","overlay-gradient":""},"mobile":{"background-color":"var(--ast-global-color-5)","background-image":"","background-repeat":"repeat","background-position":"center center","background-size":"auto","background-attachment":"scroll","background-type":"","background-media":"","overlay-type":"","overlay-color":"","overlay-opacity":"","overlay-gradient":""}},"ngg_post_thumbnail":0,"footnotes":""},"class_list":["post-844","page","type-page","status-publish","hentry"],"_links":{"self":[{"href":"https:\/\/musgerbil.dk\/index.php?rest_route=\/wp\/v2\/pages\/844"}],"collection":[{"href":"https:\/\/musgerbil.dk\/index.php?rest_route=\/wp\/v2\/pages"}],"about":[{"href":"https:\/\/musgerbil.dk\/index.php?rest_route=\/wp\/v2\/types\/page"}],"author":[{"embeddable":true,"href":"https:\/\/musgerbil.dk\/index.php?rest_route=\/wp\/v2\/users\/1"}],"replies":[{"embeddable":true,"href":"https:\/\/musgerbil.dk\/index.php?rest_route=%2Fwp%2Fv2%2Fcomments&post=844"}],"version-history":[{"count":9,"href":"https:\/\/musgerbil.dk\/index.php?rest_route=\/wp\/v2\/pages\/844\/revisions"}],"predecessor-version":[{"id":9886,"href":"https:\/\/musgerbil.dk\/index.php?rest_route=\/wp\/v2\/pages\/844\/revisions\/9886"}],"up":[{"embeddable":true,"href":"https:\/\/musgerbil.dk\/index.php?rest_route=\/wp\/v2\/pages\/152"}],"wp:attachment":[{"href":"https:\/\/musgerbil.dk\/index.php?rest_route=%2Fwp%2Fv2%2Fmedia&parent=844"}],"curies":[{"name":"wp","href":"https:\/\/api.w.org\/{rel}","templated":true}]}}