{"id":836,"date":"2014-04-06T13:21:56","date_gmt":"2014-04-06T13:21:56","guid":{"rendered":"http:\/\/musgerbil.dk\/?page_id=836"},"modified":"2022-02-17T23:49:08","modified_gmt":"2022-02-17T22:49:08","slug":"cp-grey-agouti","status":"publish","type":"page","link":"https:\/\/musgerbil.dk\/?page_id=836","title":{"rendered":"Colourpoint grey agouti &#8211; \u00d8rkenrotte"},"content":{"rendered":"<p><strong>Genetik<\/strong><em>: A_ c(chm)c(chm) uw(d)uw(d)<\/em><br \/>\n<strong>Grundfarve<\/strong>: Lys hvidgr\u00e5<br \/>\n<strong>Underfarve<\/strong>: Lys cremet gr\u00e5brun<br \/>\n<strong>Ticking<\/strong>: Svagt gr\u00e5brun<br \/>\n<strong>Mavefarve<\/strong>: Meget svagt hvidgr\u00e5<br \/>\n<strong>Sidemarkeringer<\/strong>: Sv\u00e6re at skelne<br \/>\n<strong>Tegning<\/strong>: Halen m\u00f8rk og&nbsp;ticked, noget mindre p\u00e5 undersiden. N\u00e6sen skal vise en anelse af et skygget indtryk gennem let \u00f8get ticking.<br \/>\n<strong>T\u00e6er og kl\u00f8er<\/strong>: Hvid mod lysgr\u00e5 med svagt farvede kl\u00f8er.<br \/>\n<strong>Knurh\u00e5r<\/strong>: Hvide<br \/>\n<strong>\u00d8jne<\/strong>: Sorte<br \/>\n<strong>\u00d8rer<\/strong>: Rosa pigment d\u00e6kket af fin pels i&nbsp;helt lys gr\u00e5 tone<\/p>\n<p><strong>Udstillingsvariant<\/strong>: Standard, Pointed<\/p>\n","protected":false},"excerpt":{"rendered":"<p>Genetik: A_ c(chm)c(chm) uw(d)uw(d) Grundfarve: Lys hvidgr\u00e5 Underfarve: Lys cremet gr\u00e5brun Ticking: Svagt gr\u00e5brun Mavefarve: Meget svagt hvidgr\u00e5 Sidemarkeringer: Sv\u00e6re at skelne Tegning: Halen m\u00f8rk og&nbsp;ticked, noget mindre p\u00e5 undersiden. [&hellip;]<\/p>\n","protected":false},"author":1,"featured_media":0,"parent":152,"menu_order":22,"comment_status":"closed","ping_status":"closed","template":"","meta":{"site-sidebar-layout":"default","site-content-layout":"","ast-site-content-layout":"","site-content-style":"default","site-sidebar-style":"default","ast-global-header-display":"","ast-banner-title-visibility":"","ast-main-header-display":"","ast-hfb-above-header-display":"","ast-hfb-below-header-display":"","ast-hfb-mobile-header-display":"","site-post-title":"","ast-breadcrumbs-content":"","ast-featured-img":"","footer-sml-layout":"","theme-transparent-header-meta":"","adv-header-id-meta":"","stick-header-meta":"","header-above-stick-meta":"","header-main-stick-meta":"","header-below-stick-meta":"","astra-migrate-meta-layouts":"default","ast-page-background-enabled":"default","ast-page-background-meta":{"desktop":{"background-color":"var(--ast-global-color-4)","background-image":"","background-repeat":"repeat","background-position":"center center","background-size":"auto","background-attachment":"scroll","background-type":"","background-media":"","overlay-type":"","overlay-color":"","overlay-opacity":"","overlay-gradient":""},"tablet":{"background-color":"","background-image":"","background-repeat":"repeat","background-position":"center center","background-size":"auto","background-attachment":"scroll","background-type":"","background-media":"","overlay-type":"","overlay-color":"","overlay-opacity":"","overlay-gradient":""},"mobile":{"background-color":"","background-image":"","background-repeat":"repeat","background-position":"center center","background-size":"auto","background-attachment":"scroll","background-type":"","background-media":"","overlay-type":"","overlay-color":"","overlay-opacity":"","overlay-gradient":""}},"ast-content-background-meta":{"desktop":{"background-color":"var(--ast-global-color-5)","background-image":"","background-repeat":"repeat","background-position":"center center","background-size":"auto","background-attachment":"scroll","background-type":"","background-media":"","overlay-type":"","overlay-color":"","overlay-opacity":"","overlay-gradient":""},"tablet":{"background-color":"var(--ast-global-color-5)","background-image":"","background-repeat":"repeat","background-position":"center center","background-size":"auto","background-attachment":"scroll","background-type":"","background-media":"","overlay-type":"","overlay-color":"","overlay-opacity":"","overlay-gradient":""},"mobile":{"background-color":"var(--ast-global-color-5)","background-image":"","background-repeat":"repeat","background-position":"center center","background-size":"auto","background-attachment":"scroll","background-type":"","background-media":"","overlay-type":"","overlay-color":"","overlay-opacity":"","overlay-gradient":""}},"ngg_post_thumbnail":0,"footnotes":""},"class_list":["post-836","page","type-page","status-publish","hentry"],"_links":{"self":[{"href":"https:\/\/musgerbil.dk\/index.php?rest_route=\/wp\/v2\/pages\/836"}],"collection":[{"href":"https:\/\/musgerbil.dk\/index.php?rest_route=\/wp\/v2\/pages"}],"about":[{"href":"https:\/\/musgerbil.dk\/index.php?rest_route=\/wp\/v2\/types\/page"}],"author":[{"embeddable":true,"href":"https:\/\/musgerbil.dk\/index.php?rest_route=\/wp\/v2\/users\/1"}],"replies":[{"embeddable":true,"href":"https:\/\/musgerbil.dk\/index.php?rest_route=%2Fwp%2Fv2%2Fcomments&post=836"}],"version-history":[{"count":10,"href":"https:\/\/musgerbil.dk\/index.php?rest_route=\/wp\/v2\/pages\/836\/revisions"}],"predecessor-version":[{"id":9888,"href":"https:\/\/musgerbil.dk\/index.php?rest_route=\/wp\/v2\/pages\/836\/revisions\/9888"}],"up":[{"embeddable":true,"href":"https:\/\/musgerbil.dk\/index.php?rest_route=\/wp\/v2\/pages\/152"}],"wp:attachment":[{"href":"https:\/\/musgerbil.dk\/index.php?rest_route=%2Fwp%2Fv2%2Fmedia&parent=836"}],"curies":[{"name":"wp","href":"https:\/\/api.w.org\/{rel}","templated":true}]}}