{"id":830,"date":"2014-04-06T13:20:18","date_gmt":"2014-04-06T13:20:18","guid":{"rendered":"http:\/\/musgerbil.dk\/?page_id=830"},"modified":"2022-02-17T23:49:08","modified_gmt":"2022-02-17T22:49:08","slug":"cp-agouti","status":"publish","type":"page","link":"https:\/\/musgerbil.dk\/?page_id=830","title":{"rendered":"Colourpoint agouti &#8211; \u00d8rkenrotte"},"content":{"rendered":"<p><strong>Genetik<\/strong>: <em>A_ c(chm)c(chm)<\/em><br \/>\n<strong>Grundfarve<\/strong>: Offwhite mod helt hvid \u2013 \u00f8nskes s\u00e5 hvid som muligt.<br \/>\n<strong>Underfarve<\/strong>: Beigebrun<br \/>\n<strong>Ticking<\/strong>: Gr\u00e5sort mod cinnamon.<br \/>\n<strong>Mavefarve<\/strong>: Hvid<br \/>\n<strong>Sidemarkering<\/strong>: Knap synlig<br \/>\n<strong>Haleaftegning<\/strong>: Beigebrun farve, kraftigt tipped, noget mindre p\u00e5 undersiden.<br \/>\n<strong>N\u00e6seaftegning<\/strong>: Skal give et indtryk af en skygge af \u00f8get tipning.<br \/>\n<strong>T\u00e6er og kl\u00f8er<\/strong>: Offwhite t\u00e6er med hornfarvede kl\u00f8er.<br \/>\n<strong>Knurh\u00e5r<\/strong>: M\u00f8rke og\/eller hvide<br \/>\n<strong>\u00d8jne<\/strong>: Sorte<br \/>\n<strong>\u00d8rer<\/strong>: D\u00e6kket med fin pels i offwhite og gr\u00e5sort. M\u00f8rkere hud p\u00e5 \u00f8respidserne.<\/p>\n<p><strong>Udstillingsvariant<\/strong>: Standard, Pointed<\/p>\n","protected":false},"excerpt":{"rendered":"<p>Genetik: A_ c(chm)c(chm) Grundfarve: Offwhite mod helt hvid \u2013 \u00f8nskes s\u00e5 hvid som muligt. Underfarve: Beigebrun Ticking: Gr\u00e5sort mod cinnamon. Mavefarve: Hvid Sidemarkering: Knap synlig Haleaftegning: Beigebrun farve, kraftigt tipped, [&hellip;]<\/p>\n","protected":false},"author":1,"featured_media":0,"parent":152,"menu_order":19,"comment_status":"closed","ping_status":"closed","template":"","meta":{"site-sidebar-layout":"default","site-content-layout":"","ast-site-content-layout":"","site-content-style":"default","site-sidebar-style":"default","ast-global-header-display":"","ast-banner-title-visibility":"","ast-main-header-display":"","ast-hfb-above-header-display":"","ast-hfb-below-header-display":"","ast-hfb-mobile-header-display":"","site-post-title":"","ast-breadcrumbs-content":"","ast-featured-img":"","footer-sml-layout":"","theme-transparent-header-meta":"","adv-header-id-meta":"","stick-header-meta":"","header-above-stick-meta":"","header-main-stick-meta":"","header-below-stick-meta":"","astra-migrate-meta-layouts":"default","ast-page-background-enabled":"default","ast-page-background-meta":{"desktop":{"background-color":"var(--ast-global-color-4)","background-image":"","background-repeat":"repeat","background-position":"center center","background-size":"auto","background-attachment":"scroll","background-type":"","background-media":"","overlay-type":"","overlay-color":"","overlay-opacity":"","overlay-gradient":""},"tablet":{"background-color":"","background-image":"","background-repeat":"repeat","background-position":"center center","background-size":"auto","background-attachment":"scroll","background-type":"","background-media":"","overlay-type":"","overlay-color":"","overlay-opacity":"","overlay-gradient":""},"mobile":{"background-color":"","background-image":"","background-repeat":"repeat","background-position":"center center","background-size":"auto","background-attachment":"scroll","background-type":"","background-media":"","overlay-type":"","overlay-color":"","overlay-opacity":"","overlay-gradient":""}},"ast-content-background-meta":{"desktop":{"background-color":"var(--ast-global-color-5)","background-image":"","background-repeat":"repeat","background-position":"center center","background-size":"auto","background-attachment":"scroll","background-type":"","background-media":"","overlay-type":"","overlay-color":"","overlay-opacity":"","overlay-gradient":""},"tablet":{"background-color":"var(--ast-global-color-5)","background-image":"","background-repeat":"repeat","background-position":"center center","background-size":"auto","background-attachment":"scroll","background-type":"","background-media":"","overlay-type":"","overlay-color":"","overlay-opacity":"","overlay-gradient":""},"mobile":{"background-color":"var(--ast-global-color-5)","background-image":"","background-repeat":"repeat","background-position":"center center","background-size":"auto","background-attachment":"scroll","background-type":"","background-media":"","overlay-type":"","overlay-color":"","overlay-opacity":"","overlay-gradient":""}},"ngg_post_thumbnail":0,"footnotes":""},"class_list":["post-830","page","type-page","status-publish","hentry"],"_links":{"self":[{"href":"https:\/\/musgerbil.dk\/index.php?rest_route=\/wp\/v2\/pages\/830"}],"collection":[{"href":"https:\/\/musgerbil.dk\/index.php?rest_route=\/wp\/v2\/pages"}],"about":[{"href":"https:\/\/musgerbil.dk\/index.php?rest_route=\/wp\/v2\/types\/page"}],"author":[{"embeddable":true,"href":"https:\/\/musgerbil.dk\/index.php?rest_route=\/wp\/v2\/users\/1"}],"replies":[{"embeddable":true,"href":"https:\/\/musgerbil.dk\/index.php?rest_route=%2Fwp%2Fv2%2Fcomments&post=830"}],"version-history":[{"count":9,"href":"https:\/\/musgerbil.dk\/index.php?rest_route=\/wp\/v2\/pages\/830\/revisions"}],"predecessor-version":[{"id":9887,"href":"https:\/\/musgerbil.dk\/index.php?rest_route=\/wp\/v2\/pages\/830\/revisions\/9887"}],"up":[{"embeddable":true,"href":"https:\/\/musgerbil.dk\/index.php?rest_route=\/wp\/v2\/pages\/152"}],"wp:attachment":[{"href":"https:\/\/musgerbil.dk\/index.php?rest_route=%2Fwp%2Fv2%2Fmedia&parent=830"}],"curies":[{"name":"wp","href":"https:\/\/api.w.org\/{rel}","templated":true}]}}