{"id":828,"date":"2014-04-06T13:19:42","date_gmt":"2014-04-06T13:19:42","guid":{"rendered":"http:\/\/musgerbil.dk\/?page_id=828"},"modified":"2022-02-17T23:49:08","modified_gmt":"2022-02-17T22:49:08","slug":"topaz","status":"publish","type":"page","link":"https:\/\/musgerbil.dk\/?page_id=828","title":{"rendered":"Topaz &#8211; \u00d8rkenrotte"},"content":{"rendered":"<p><strong>Genetik<\/strong>: A_ Cc(chm) pp<br \/>\n<strong>Grundfarve<\/strong>: Klar lys gylden orange<br \/>\n<strong>Bundfarve<\/strong>: Lysgr\u00e5. Underfarve skal findes p\u00e5 hele kroppen p\u00e5 n\u00e6r \u00f8rer, t\u00e6er og hale.<br \/>\n<strong>Ticking<\/strong>: Forefindes ikke eller helt lys orange-gul, n\u00e6sten hvid.<br \/>\n<strong>Mavefarve<\/strong>: Hvid sidemarkering: En skarp og lige linjer markeret p\u00e5 begge sider mellem grundfarve og mavefarve.<br \/>\n<strong>Hale<\/strong>: Gylden orange. Lys bl\u00e5gr\u00e5 \u00e5l og halespids kan forekomme hos ungdyr. Hvid halespids er tilladt.<br \/>\n<strong>T\u00e6r og kl\u00f8er<\/strong>: Lyse t\u00e6r med neutrale kl\u00f8er. Kl\u00f8erne kan dog v\u00e6re pigmenterede hos ungdyr.<br \/>\n<strong>Knurh\u00e5r<\/strong>: Hvide<br \/>\n<strong>\u00d8jne<\/strong>: M\u00f8rkt r\u00f8de<br \/>\n<strong>\u00d8rer<\/strong>: Lys gylden orange, hvid kantpels.<\/p>\n<p><strong>Udstillingsvariant<\/strong>: Sj\u00e6lden Variant<\/p>\n","protected":false},"excerpt":{"rendered":"<p>Genetik: A_ Cc(chm) pp Grundfarve: Klar lys gylden orange Bundfarve: Lysgr\u00e5. Underfarve skal findes p\u00e5 hele kroppen p\u00e5 n\u00e6r \u00f8rer, t\u00e6er og hale. Ticking: Forefindes ikke eller helt lys orange-gul, [&hellip;]<\/p>\n","protected":false},"author":1,"featured_media":0,"parent":152,"menu_order":18,"comment_status":"closed","ping_status":"closed","template":"","meta":{"site-sidebar-layout":"default","site-content-layout":"","ast-site-content-layout":"","site-content-style":"default","site-sidebar-style":"default","ast-global-header-display":"","ast-banner-title-visibility":"","ast-main-header-display":"","ast-hfb-above-header-display":"","ast-hfb-below-header-display":"","ast-hfb-mobile-header-display":"","site-post-title":"","ast-breadcrumbs-content":"","ast-featured-img":"","footer-sml-layout":"","theme-transparent-header-meta":"","adv-header-id-meta":"","stick-header-meta":"","header-above-stick-meta":"","header-main-stick-meta":"","header-below-stick-meta":"","astra-migrate-meta-layouts":"default","ast-page-background-enabled":"default","ast-page-background-meta":{"desktop":{"background-color":"var(--ast-global-color-4)","background-image":"","background-repeat":"repeat","background-position":"center center","background-size":"auto","background-attachment":"scroll","background-type":"","background-media":"","overlay-type":"","overlay-color":"","overlay-opacity":"","overlay-gradient":""},"tablet":{"background-color":"","background-image":"","background-repeat":"repeat","background-position":"center center","background-size":"auto","background-attachment":"scroll","background-type":"","background-media":"","overlay-type":"","overlay-color":"","overlay-opacity":"","overlay-gradient":""},"mobile":{"background-color":"","background-image":"","background-repeat":"repeat","background-position":"center center","background-size":"auto","background-attachment":"scroll","background-type":"","background-media":"","overlay-type":"","overlay-color":"","overlay-opacity":"","overlay-gradient":""}},"ast-content-background-meta":{"desktop":{"background-color":"var(--ast-global-color-5)","background-image":"","background-repeat":"repeat","background-position":"center center","background-size":"auto","background-attachment":"scroll","background-type":"","background-media":"","overlay-type":"","overlay-color":"","overlay-opacity":"","overlay-gradient":""},"tablet":{"background-color":"var(--ast-global-color-5)","background-image":"","background-repeat":"repeat","background-position":"center center","background-size":"auto","background-attachment":"scroll","background-type":"","background-media":"","overlay-type":"","overlay-color":"","overlay-opacity":"","overlay-gradient":""},"mobile":{"background-color":"var(--ast-global-color-5)","background-image":"","background-repeat":"repeat","background-position":"center center","background-size":"auto","background-attachment":"scroll","background-type":"","background-media":"","overlay-type":"","overlay-color":"","overlay-opacity":"","overlay-gradient":""}},"ngg_post_thumbnail":0,"footnotes":""},"class_list":["post-828","page","type-page","status-publish","hentry"],"_links":{"self":[{"href":"https:\/\/musgerbil.dk\/index.php?rest_route=\/wp\/v2\/pages\/828"}],"collection":[{"href":"https:\/\/musgerbil.dk\/index.php?rest_route=\/wp\/v2\/pages"}],"about":[{"href":"https:\/\/musgerbil.dk\/index.php?rest_route=\/wp\/v2\/types\/page"}],"author":[{"embeddable":true,"href":"https:\/\/musgerbil.dk\/index.php?rest_route=\/wp\/v2\/users\/1"}],"replies":[{"embeddable":true,"href":"https:\/\/musgerbil.dk\/index.php?rest_route=%2Fwp%2Fv2%2Fcomments&post=828"}],"version-history":[{"count":9,"href":"https:\/\/musgerbil.dk\/index.php?rest_route=\/wp\/v2\/pages\/828\/revisions"}],"predecessor-version":[{"id":9936,"href":"https:\/\/musgerbil.dk\/index.php?rest_route=\/wp\/v2\/pages\/828\/revisions\/9936"}],"up":[{"embeddable":true,"href":"https:\/\/musgerbil.dk\/index.php?rest_route=\/wp\/v2\/pages\/152"}],"wp:attachment":[{"href":"https:\/\/musgerbil.dk\/index.php?rest_route=%2Fwp%2Fv2%2Fmedia&parent=828"}],"curies":[{"name":"wp","href":"https:\/\/api.w.org\/{rel}","templated":true}]}}