{"id":822,"date":"2014-04-06T13:17:11","date_gmt":"2014-04-06T13:17:11","guid":{"rendered":"http:\/\/musgerbil.dk\/?page_id=822"},"modified":"2022-02-17T23:49:08","modified_gmt":"2022-02-17T22:49:08","slug":"nutmeg","status":"publish","type":"page","link":"https:\/\/musgerbil.dk\/?page_id=822","title":{"rendered":"Nutmeg &#8211; \u00d8rkenrotte"},"content":{"rendered":"<p><strong>Genetik<\/strong>: aa ee<br \/>\n<strong>Grundfarve<\/strong>: Gylden orange\/brun p\u00e5 ryggen. Farven falder mod siderne af dyret til m\u00f8rk creme p\u00e5 mave. Den samlede effekt skal v\u00e6re meget m\u00f8rkere end Golden Agouti og uden en skillelinje eller hvid mave.<br \/>\n<strong>Tipning<\/strong>: Sort, ungdyr har ofte uj\u00e6vn tipning, oftest ingen under 10 uger.<br \/>\n<strong>Hale<\/strong>: Orange\/Brun med kraftig tipning p\u00e5 oversiden<br \/>\n<strong>T\u00e6er og kl\u00f8er<\/strong>: Orange\/brune med mindre tipning, m\u00f8rke kl\u00f8er<br \/>\n<strong>Knurh\u00e5r<\/strong>: Sorte, gyldne.<br \/>\n<strong>\u00d8jne<\/strong>: Sorte<br \/>\n<strong>\u00d8rer<\/strong>: D\u00e6kket med fin gylden orange\/brun pels<br \/>\n<b>Almindelige\u00a0fejl<\/b>: for lidt tipning. Hvidt p\u00e5 hage o.l.<\/p>\n<p><strong>Udstillingsvariant<\/strong>: Standard, Tippede<\/p>\n<p><p>Invalid Displayed Gallery<\/p><\/p>\n","protected":false},"excerpt":{"rendered":"<p>Genetik: aa ee Grundfarve: Gylden orange\/brun p\u00e5 ryggen. Farven falder mod siderne af dyret til m\u00f8rk creme p\u00e5 mave. Den samlede effekt skal v\u00e6re meget m\u00f8rkere end Golden Agouti og [&hellip;]<\/p>\n","protected":false},"author":1,"featured_media":0,"parent":152,"menu_order":15,"comment_status":"closed","ping_status":"closed","template":"","meta":{"site-sidebar-layout":"default","site-content-layout":"","ast-site-content-layout":"","site-content-style":"default","site-sidebar-style":"default","ast-global-header-display":"","ast-banner-title-visibility":"","ast-main-header-display":"","ast-hfb-above-header-display":"","ast-hfb-below-header-display":"","ast-hfb-mobile-header-display":"","site-post-title":"","ast-breadcrumbs-content":"","ast-featured-img":"","footer-sml-layout":"","theme-transparent-header-meta":"","adv-header-id-meta":"","stick-header-meta":"","header-above-stick-meta":"","header-main-stick-meta":"","header-below-stick-meta":"","astra-migrate-meta-layouts":"default","ast-page-background-enabled":"default","ast-page-background-meta":{"desktop":{"background-color":"var(--ast-global-color-4)","background-image":"","background-repeat":"repeat","background-position":"center center","background-size":"auto","background-attachment":"scroll","background-type":"","background-media":"","overlay-type":"","overlay-color":"","overlay-opacity":"","overlay-gradient":""},"tablet":{"background-color":"","background-image":"","background-repeat":"repeat","background-position":"center center","background-size":"auto","background-attachment":"scroll","background-type":"","background-media":"","overlay-type":"","overlay-color":"","overlay-opacity":"","overlay-gradient":""},"mobile":{"background-color":"","background-image":"","background-repeat":"repeat","background-position":"center center","background-size":"auto","background-attachment":"scroll","background-type":"","background-media":"","overlay-type":"","overlay-color":"","overlay-opacity":"","overlay-gradient":""}},"ast-content-background-meta":{"desktop":{"background-color":"var(--ast-global-color-5)","background-image":"","background-repeat":"repeat","background-position":"center center","background-size":"auto","background-attachment":"scroll","background-type":"","background-media":"","overlay-type":"","overlay-color":"","overlay-opacity":"","overlay-gradient":""},"tablet":{"background-color":"var(--ast-global-color-5)","background-image":"","background-repeat":"repeat","background-position":"center center","background-size":"auto","background-attachment":"scroll","background-type":"","background-media":"","overlay-type":"","overlay-color":"","overlay-opacity":"","overlay-gradient":""},"mobile":{"background-color":"var(--ast-global-color-5)","background-image":"","background-repeat":"repeat","background-position":"center center","background-size":"auto","background-attachment":"scroll","background-type":"","background-media":"","overlay-type":"","overlay-color":"","overlay-opacity":"","overlay-gradient":""}},"ngg_post_thumbnail":0,"footnotes":""},"class_list":["post-822","page","type-page","status-publish","hentry"],"_links":{"self":[{"href":"https:\/\/musgerbil.dk\/index.php?rest_route=\/wp\/v2\/pages\/822"}],"collection":[{"href":"https:\/\/musgerbil.dk\/index.php?rest_route=\/wp\/v2\/pages"}],"about":[{"href":"https:\/\/musgerbil.dk\/index.php?rest_route=\/wp\/v2\/types\/page"}],"author":[{"embeddable":true,"href":"https:\/\/musgerbil.dk\/index.php?rest_route=\/wp\/v2\/users\/1"}],"replies":[{"embeddable":true,"href":"https:\/\/musgerbil.dk\/index.php?rest_route=%2Fwp%2Fv2%2Fcomments&post=822"}],"version-history":[{"count":7,"href":"https:\/\/musgerbil.dk\/index.php?rest_route=\/wp\/v2\/pages\/822\/revisions"}],"predecessor-version":[{"id":4895,"href":"https:\/\/musgerbil.dk\/index.php?rest_route=\/wp\/v2\/pages\/822\/revisions\/4895"}],"up":[{"embeddable":true,"href":"https:\/\/musgerbil.dk\/index.php?rest_route=\/wp\/v2\/pages\/152"}],"wp:attachment":[{"href":"https:\/\/musgerbil.dk\/index.php?rest_route=%2Fwp%2Fv2%2Fmedia&parent=822"}],"curies":[{"name":"wp","href":"https:\/\/api.w.org\/{rel}","templated":true}]}}