{"id":8167,"date":"2016-11-16T10:23:02","date_gmt":"2016-11-16T09:23:02","guid":{"rendered":"http:\/\/musgerbil.dk\/?page_id=8167"},"modified":"2022-02-17T23:48:48","modified_gmt":"2022-02-17T22:48:48","slug":"dommerstyrelsen","status":"publish","type":"page","link":"https:\/\/musgerbil.dk\/?page_id=8167","title":{"rendered":"Dommerudvalg"},"content":{"rendered":"<p>Dommerudvalget best\u00e5r af uddannede dommere og dommerelever<\/p>\n<p><a href=\"mailto:dommer@musgerbil.dk\">Kontakt dommerudvalget p\u00e5 mail<\/a><\/p>\n<h2><strong>Dommere<\/strong><\/h2>\n<table style=\"height: 88px;border-color: #b8b2b2;width: 100%\" border=\"1\">\n<tbody>\n<tr style=\"height: 24px\">\n<td style=\"width: 159px;height: 24px\"><strong>Klasse<\/strong><\/td>\n<td style=\"width: 199px;height: 24px\"><strong>Mus<\/strong><\/td>\n<td style=\"width: 185px;height: 24px\"><strong>\u00d8rkenrotter<\/strong><\/td>\n<td style=\"width: 193.833px;height: 24px\"><strong>Sj\u00e6ldne Arter<\/strong><\/td>\n<td style=\"width: 166.167px;height: 24px\"><strong>B\u00f8rnedyr<\/strong><\/td>\n<\/tr>\n<tr style=\"height: 48px\">\n<td style=\"width: 159px;height: 48px\"><span style=\"text-decoration: underline\">Standard<\/span><\/td>\n<td style=\"width: 199px;height: 48px\">Mette J\u00f8rgensen<br \/>\nBirgitta Gutke (SE)<\/td>\n<td style=\"width: 185px;height: 48px\">Birgitta Gutke (SE)<\/td>\n<td style=\"width: 193.833px;height: 48px\">&nbsp;<\/td>\n<td style=\"width: 166.167px;height: 48px;background-color: #999999\">&nbsp;<\/td>\n<\/tr>\n<tr style=\"height: 48px\">\n<td style=\"width: 159px;height: 48px\"><span style=\"text-decoration: underline\">Sj\u00e6lden Variant<\/span><\/td>\n<td style=\"width: 199px;height: 48px\">Mette J\u00f8rgensen<br \/>\nBirgitta Gutke&nbsp;(SE)<\/td>\n<td style=\"width: 185px;height: 48px\">Birgitta Gutke&nbsp;(SE)<\/td>\n<td style=\"width: 193.833px;height: 48px;background-color: #999999\">&nbsp;<\/td>\n<td style=\"width: 166.167px;height: 48px;background-color: #999999\">&nbsp;<\/td>\n<\/tr>\n<tr style=\"height: 23.8333px\">\n<td style=\"width: 159px;height: 23.8333px\"><span style=\"text-decoration: underline\">K\u00e6ledyr<\/span><\/td>\n<td style=\"width: 199px;height: 23.8333px\">Mette J\u00f8rgensen&nbsp;<br \/>\nKathrine Riisager<\/td>\n<td style=\"width: 185px;height: 23.8333px\">Birgitta Gutke (SE)<\/td>\n<td style=\"width: 193.833px;height: 23.8333px\">&nbsp;<\/td>\n<td style=\"width: 166.167px;height: 23.8333px\">Mette J\u00f8rgensen<\/td>\n<\/tr>\n<\/tbody>\n<\/table>\n<p>&nbsp;<\/p>\n<p>&nbsp;<\/p>\n<h2><strong>Dommerelever<\/strong><\/h2>\n<table style=\"height: 114px;border-color: #b8b2b2;width: 100%\" border=\"1\">\n<tbody>\n<tr style=\"height: 24px\">\n<td style=\"width: 121.4px;height: 24px\"><strong>Klasse<\/strong><\/td>\n<td style=\"width: 140.6px;height: 24px\"><strong>Mus<\/strong><\/td>\n<td style=\"width: 141px;height: 24px\"><strong>\u00d8rkenrotter<\/strong><\/td>\n<td style=\"width: 134px;height: 24px\"><strong>Sj\u00e6ldne Arter<\/strong><\/td>\n<td style=\"width: 142px;height: 24px\"><strong>B\u00f8rnedyr<\/strong><\/td>\n<\/tr>\n<tr style=\"height: 26px\">\n<td style=\"width: 121.4px;height: 26px\"><span style=\"text-decoration: underline\">Standard<\/span><\/td>\n<td style=\"width: 140.6px;height: 26px\">Kathrine Riisager<\/td>\n<td style=\"width: 141px;height: 26px\">&nbsp;<\/td>\n<td style=\"width: 134px;height: 26px\">&nbsp;<\/td>\n<td style=\"width: 142px;height: 26px;background-color: #999999\">&nbsp;<\/td>\n<\/tr>\n<tr style=\"height: 21.3333px\">\n<td style=\"width: 121.4px;height: 21.3333px\"><span style=\"text-decoration: underline\">Sj\u00e6lden Variant<\/span><\/td>\n<td style=\"width: 140.6px;height: 21.3333px\">Kathrine Riisager<\/td>\n<td style=\"width: 141px;height: 21.3333px\">&nbsp;<\/td>\n<td style=\"width: 134px;height: 21.3333px;background-color: #999999\">&nbsp;<\/td>\n<td style=\"width: 142px;height: 21.3333px;background-color: #999999\">&nbsp;<\/td>\n<\/tr>\n<tr style=\"height: 23px\">\n<td style=\"width: 121.4px;height: 23px\"><span style=\"text-decoration: underline\">K\u00e6ledyr<\/span><\/td>\n<td style=\"width: 140.6px;height: 23px\">Manuala Blom<\/td>\n<td style=\"width: 141px;height: 23px\">&nbsp;<\/td>\n<td style=\"width: 134px;height: 23px\">&nbsp;<\/td>\n<td style=\"width: 142px;height: 23px\">&nbsp;<\/td>\n<\/tr>\n<\/tbody>\n<\/table>\n<p>&nbsp;<\/p>\n<p>&nbsp;<\/p>\n<p>&nbsp;<\/p>\n","protected":false},"excerpt":{"rendered":"<p>Dommerudvalget best\u00e5r af uddannede dommere og dommerelever Kontakt dommerudvalget p\u00e5 mail Dommere Klasse Mus \u00d8rkenrotter Sj\u00e6ldne Arter B\u00f8rnedyr Standard Mette J\u00f8rgensen Birgitta Gutke (SE) Birgitta Gutke (SE) &nbsp; &nbsp; Sj\u00e6lden [&hellip;]<\/p>\n","protected":false},"author":1,"featured_media":0,"parent":26,"menu_order":0,"comment_status":"closed","ping_status":"closed","template":"","meta":{"site-sidebar-layout":"default","site-content-layout":"","ast-site-content-layout":"","site-content-style":"default","site-sidebar-style":"default","ast-global-header-display":"","ast-banner-title-visibility":"","ast-main-header-display":"","ast-hfb-above-header-display":"","ast-hfb-below-header-display":"","ast-hfb-mobile-header-display":"","site-post-title":"","ast-breadcrumbs-content":"","ast-featured-img":"","footer-sml-layout":"","theme-transparent-header-meta":"","adv-header-id-meta":"","stick-header-meta":"","header-above-stick-meta":"","header-main-stick-meta":"","header-below-stick-meta":"","astra-migrate-meta-layouts":"default","ast-page-background-enabled":"default","ast-page-background-meta":{"desktop":{"background-color":"var(--ast-global-color-4)","background-image":"","background-repeat":"repeat","background-position":"center center","background-size":"auto","background-attachment":"scroll","background-type":"","background-media":"","overlay-type":"","overlay-color":"","overlay-opacity":"","overlay-gradient":""},"tablet":{"background-color":"","background-image":"","background-repeat":"repeat","background-position":"center center","background-size":"auto","background-attachment":"scroll","background-type":"","background-media":"","overlay-type":"","overlay-color":"","overlay-opacity":"","overlay-gradient":""},"mobile":{"background-color":"","background-image":"","background-repeat":"repeat","background-position":"center center","background-size":"auto","background-attachment":"scroll","background-type":"","background-media":"","overlay-type":"","overlay-color":"","overlay-opacity":"","overlay-gradient":""}},"ast-content-background-meta":{"desktop":{"background-color":"var(--ast-global-color-5)","background-image":"","background-repeat":"repeat","background-position":"center center","background-size":"auto","background-attachment":"scroll","background-type":"","background-media":"","overlay-type":"","overlay-color":"","overlay-opacity":"","overlay-gradient":""},"tablet":{"background-color":"var(--ast-global-color-5)","background-image":"","background-repeat":"repeat","background-position":"center center","background-size":"auto","background-attachment":"scroll","background-type":"","background-media":"","overlay-type":"","overlay-color":"","overlay-opacity":"","overlay-gradient":""},"mobile":{"background-color":"var(--ast-global-color-5)","background-image":"","background-repeat":"repeat","background-position":"center center","background-size":"auto","background-attachment":"scroll","background-type":"","background-media":"","overlay-type":"","overlay-color":"","overlay-opacity":"","overlay-gradient":""}},"ngg_post_thumbnail":0,"footnotes":""},"class_list":["post-8167","page","type-page","status-publish","hentry"],"_links":{"self":[{"href":"https:\/\/musgerbil.dk\/index.php?rest_route=\/wp\/v2\/pages\/8167"}],"collection":[{"href":"https:\/\/musgerbil.dk\/index.php?rest_route=\/wp\/v2\/pages"}],"about":[{"href":"https:\/\/musgerbil.dk\/index.php?rest_route=\/wp\/v2\/types\/page"}],"author":[{"embeddable":true,"href":"https:\/\/musgerbil.dk\/index.php?rest_route=\/wp\/v2\/users\/1"}],"replies":[{"embeddable":true,"href":"https:\/\/musgerbil.dk\/index.php?rest_route=%2Fwp%2Fv2%2Fcomments&post=8167"}],"version-history":[{"count":24,"href":"https:\/\/musgerbil.dk\/index.php?rest_route=\/wp\/v2\/pages\/8167\/revisions"}],"predecessor-version":[{"id":10924,"href":"https:\/\/musgerbil.dk\/index.php?rest_route=\/wp\/v2\/pages\/8167\/revisions\/10924"}],"up":[{"embeddable":true,"href":"https:\/\/musgerbil.dk\/index.php?rest_route=\/wp\/v2\/pages\/26"}],"wp:attachment":[{"href":"https:\/\/musgerbil.dk\/index.php?rest_route=%2Fwp%2Fv2%2Fmedia&parent=8167"}],"curies":[{"name":"wp","href":"https:\/\/api.w.org\/{rel}","templated":true}]}}