{"id":814,"date":"2014-04-06T13:13:43","date_gmt":"2014-04-06T13:13:43","guid":{"rendered":"http:\/\/musgerbil.dk\/?page_id=814"},"modified":"2022-02-17T23:49:08","modified_gmt":"2022-02-17T22:49:08","slug":"slate","status":"publish","type":"page","link":"https:\/\/musgerbil.dk\/?page_id=814","title":{"rendered":"Slate &#8211; \u00d8rkenrotte"},"content":{"rendered":"<p><strong>Genetik<\/strong>: aa uw(d)uw(d)<br \/>\n<strong>Grundfarve<\/strong>: M\u00f8rk skiffer-bl\u00e5gr\u00e5<br \/>\n<strong>Mavefarve<\/strong>: M\u00f8rk skiffer-bl\u00e5gr\u00e5, lysere end grundfarven p\u00e5 kroppen.<br \/>\n<strong>Hale<\/strong>: M\u00f8rk skiffer-bl\u00e5gr\u00e5<br \/>\n<strong>T\u00e6er og kl\u00f8er<\/strong>: M\u00f8rk bl\u00e5gr\u00e5 med m\u00f8rke kl\u00f8er<br \/>\n<strong>Knurh\u00e5r<\/strong>: Bl\u00e5gr\u00e5<br \/>\n<strong>\u00d8jne<\/strong>: Sorte<br \/>\n<strong>\u00d8rer<\/strong>: D\u00e6kket med fin m\u00f8rkgr\u00e5 pels<br \/>\n<b>Almindelige&nbsp;fejl<\/b>: Hvide h\u00e5r, omr\u00e5der ved hage o.l., ser sort eller lilla ud, stikh\u00e5r<\/p>\n<p><strong>Udstillingsvariant<\/strong>: Standard, Self<\/p>\n","protected":false},"excerpt":{"rendered":"<p>Genetik: aa uw(d)uw(d) Grundfarve: M\u00f8rk skiffer-bl\u00e5gr\u00e5 Mavefarve: M\u00f8rk skiffer-bl\u00e5gr\u00e5, lysere end grundfarven p\u00e5 kroppen. Hale: M\u00f8rk skiffer-bl\u00e5gr\u00e5 T\u00e6er og kl\u00f8er: M\u00f8rk bl\u00e5gr\u00e5 med m\u00f8rke kl\u00f8er Knurh\u00e5r: Bl\u00e5gr\u00e5 \u00d8jne: Sorte \u00d8rer: [&hellip;]<\/p>\n","protected":false},"author":1,"featured_media":0,"parent":152,"menu_order":12,"comment_status":"closed","ping_status":"closed","template":"","meta":{"site-sidebar-layout":"default","site-content-layout":"","ast-site-content-layout":"","site-content-style":"default","site-sidebar-style":"default","ast-global-header-display":"","ast-banner-title-visibility":"","ast-main-header-display":"","ast-hfb-above-header-display":"","ast-hfb-below-header-display":"","ast-hfb-mobile-header-display":"","site-post-title":"","ast-breadcrumbs-content":"","ast-featured-img":"","footer-sml-layout":"","theme-transparent-header-meta":"","adv-header-id-meta":"","stick-header-meta":"","header-above-stick-meta":"","header-main-stick-meta":"","header-below-stick-meta":"","astra-migrate-meta-layouts":"default","ast-page-background-enabled":"default","ast-page-background-meta":{"desktop":{"background-color":"var(--ast-global-color-4)","background-image":"","background-repeat":"repeat","background-position":"center center","background-size":"auto","background-attachment":"scroll","background-type":"","background-media":"","overlay-type":"","overlay-color":"","overlay-opacity":"","overlay-gradient":""},"tablet":{"background-color":"","background-image":"","background-repeat":"repeat","background-position":"center center","background-size":"auto","background-attachment":"scroll","background-type":"","background-media":"","overlay-type":"","overlay-color":"","overlay-opacity":"","overlay-gradient":""},"mobile":{"background-color":"","background-image":"","background-repeat":"repeat","background-position":"center center","background-size":"auto","background-attachment":"scroll","background-type":"","background-media":"","overlay-type":"","overlay-color":"","overlay-opacity":"","overlay-gradient":""}},"ast-content-background-meta":{"desktop":{"background-color":"var(--ast-global-color-5)","background-image":"","background-repeat":"repeat","background-position":"center center","background-size":"auto","background-attachment":"scroll","background-type":"","background-media":"","overlay-type":"","overlay-color":"","overlay-opacity":"","overlay-gradient":""},"tablet":{"background-color":"var(--ast-global-color-5)","background-image":"","background-repeat":"repeat","background-position":"center center","background-size":"auto","background-attachment":"scroll","background-type":"","background-media":"","overlay-type":"","overlay-color":"","overlay-opacity":"","overlay-gradient":""},"mobile":{"background-color":"var(--ast-global-color-5)","background-image":"","background-repeat":"repeat","background-position":"center center","background-size":"auto","background-attachment":"scroll","background-type":"","background-media":"","overlay-type":"","overlay-color":"","overlay-opacity":"","overlay-gradient":""}},"ngg_post_thumbnail":0,"footnotes":""},"class_list":["post-814","page","type-page","status-publish","hentry"],"_links":{"self":[{"href":"https:\/\/musgerbil.dk\/index.php?rest_route=\/wp\/v2\/pages\/814"}],"collection":[{"href":"https:\/\/musgerbil.dk\/index.php?rest_route=\/wp\/v2\/pages"}],"about":[{"href":"https:\/\/musgerbil.dk\/index.php?rest_route=\/wp\/v2\/types\/page"}],"author":[{"embeddable":true,"href":"https:\/\/musgerbil.dk\/index.php?rest_route=\/wp\/v2\/users\/1"}],"replies":[{"embeddable":true,"href":"https:\/\/musgerbil.dk\/index.php?rest_route=%2Fwp%2Fv2%2Fcomments&post=814"}],"version-history":[{"count":10,"href":"https:\/\/musgerbil.dk\/index.php?rest_route=\/wp\/v2\/pages\/814\/revisions"}],"predecessor-version":[{"id":9814,"href":"https:\/\/musgerbil.dk\/index.php?rest_route=\/wp\/v2\/pages\/814\/revisions\/9814"}],"up":[{"embeddable":true,"href":"https:\/\/musgerbil.dk\/index.php?rest_route=\/wp\/v2\/pages\/152"}],"wp:attachment":[{"href":"https:\/\/musgerbil.dk\/index.php?rest_route=%2Fwp%2Fv2%2Fmedia&parent=814"}],"curies":[{"name":"wp","href":"https:\/\/api.w.org\/{rel}","templated":true}]}}