{"id":810,"date":"2014-04-06T13:12:15","date_gmt":"2014-04-06T13:12:15","guid":{"rendered":"http:\/\/musgerbil.dk\/?page_id=810"},"modified":"2022-02-17T23:49:08","modified_gmt":"2022-02-17T22:49:08","slug":"black","status":"publish","type":"page","link":"https:\/\/musgerbil.dk\/?page_id=810","title":{"rendered":"Black &#8211; \u00d8rkenrotte"},"content":{"rendered":"<p><strong>Genetik<\/strong>: <em>aa<\/em><br \/>\n<strong>Grundfarve<\/strong>: Kulsort<br \/>\n<strong>Hale<\/strong>: Sort<br \/>\n<strong>T\u00e6er og kl\u00f8er<\/strong>: Sort med sorte kl\u00f8er.<br \/>\n<strong>Knurh\u00e5r<\/strong>: Sorte<br \/>\n<strong>\u00d8jne<\/strong>: Sorte<br \/>\n<strong>\u00d8rer<\/strong>: D\u00e6kket af fin sort pels.<br \/>\n<strong><strong>Almindelige&nbsp;fejl<\/strong>: <\/strong>Hvide h\u00e5rstr\u00e5 og knurh\u00e5r, hvide omr\u00e5der<\/p>\n<p><strong>Udstillingsvariant<\/strong>: Standard, Self<\/p>\n","protected":false},"excerpt":{"rendered":"<p>Genetik: aa Grundfarve: Kulsort Hale: Sort T\u00e6er og kl\u00f8er: Sort med sorte kl\u00f8er. Knurh\u00e5r: Sorte \u00d8jne: Sorte \u00d8rer: D\u00e6kket af fin sort pels. Almindelige&nbsp;fejl: Hvide h\u00e5rstr\u00e5 og knurh\u00e5r, hvide omr\u00e5der [&hellip;]<\/p>\n","protected":false},"author":1,"featured_media":0,"parent":152,"menu_order":10,"comment_status":"closed","ping_status":"closed","template":"","meta":{"site-sidebar-layout":"default","site-content-layout":"","ast-site-content-layout":"","site-content-style":"default","site-sidebar-style":"default","ast-global-header-display":"","ast-banner-title-visibility":"","ast-main-header-display":"","ast-hfb-above-header-display":"","ast-hfb-below-header-display":"","ast-hfb-mobile-header-display":"","site-post-title":"","ast-breadcrumbs-content":"","ast-featured-img":"","footer-sml-layout":"","theme-transparent-header-meta":"","adv-header-id-meta":"","stick-header-meta":"","header-above-stick-meta":"","header-main-stick-meta":"","header-below-stick-meta":"","astra-migrate-meta-layouts":"default","ast-page-background-enabled":"default","ast-page-background-meta":{"desktop":{"background-color":"var(--ast-global-color-4)","background-image":"","background-repeat":"repeat","background-position":"center center","background-size":"auto","background-attachment":"scroll","background-type":"","background-media":"","overlay-type":"","overlay-color":"","overlay-opacity":"","overlay-gradient":""},"tablet":{"background-color":"","background-image":"","background-repeat":"repeat","background-position":"center center","background-size":"auto","background-attachment":"scroll","background-type":"","background-media":"","overlay-type":"","overlay-color":"","overlay-opacity":"","overlay-gradient":""},"mobile":{"background-color":"","background-image":"","background-repeat":"repeat","background-position":"center center","background-size":"auto","background-attachment":"scroll","background-type":"","background-media":"","overlay-type":"","overlay-color":"","overlay-opacity":"","overlay-gradient":""}},"ast-content-background-meta":{"desktop":{"background-color":"var(--ast-global-color-5)","background-image":"","background-repeat":"repeat","background-position":"center center","background-size":"auto","background-attachment":"scroll","background-type":"","background-media":"","overlay-type":"","overlay-color":"","overlay-opacity":"","overlay-gradient":""},"tablet":{"background-color":"var(--ast-global-color-5)","background-image":"","background-repeat":"repeat","background-position":"center center","background-size":"auto","background-attachment":"scroll","background-type":"","background-media":"","overlay-type":"","overlay-color":"","overlay-opacity":"","overlay-gradient":""},"mobile":{"background-color":"var(--ast-global-color-5)","background-image":"","background-repeat":"repeat","background-position":"center center","background-size":"auto","background-attachment":"scroll","background-type":"","background-media":"","overlay-type":"","overlay-color":"","overlay-opacity":"","overlay-gradient":""}},"ngg_post_thumbnail":0,"footnotes":""},"class_list":["post-810","page","type-page","status-publish","hentry"],"_links":{"self":[{"href":"https:\/\/musgerbil.dk\/index.php?rest_route=\/wp\/v2\/pages\/810"}],"collection":[{"href":"https:\/\/musgerbil.dk\/index.php?rest_route=\/wp\/v2\/pages"}],"about":[{"href":"https:\/\/musgerbil.dk\/index.php?rest_route=\/wp\/v2\/types\/page"}],"author":[{"embeddable":true,"href":"https:\/\/musgerbil.dk\/index.php?rest_route=\/wp\/v2\/users\/1"}],"replies":[{"embeddable":true,"href":"https:\/\/musgerbil.dk\/index.php?rest_route=%2Fwp%2Fv2%2Fcomments&post=810"}],"version-history":[{"count":9,"href":"https:\/\/musgerbil.dk\/index.php?rest_route=\/wp\/v2\/pages\/810\/revisions"}],"predecessor-version":[{"id":9805,"href":"https:\/\/musgerbil.dk\/index.php?rest_route=\/wp\/v2\/pages\/810\/revisions\/9805"}],"up":[{"embeddable":true,"href":"https:\/\/musgerbil.dk\/index.php?rest_route=\/wp\/v2\/pages\/152"}],"wp:attachment":[{"href":"https:\/\/musgerbil.dk\/index.php?rest_route=%2Fwp%2Fv2%2Fmedia&parent=810"}],"curies":[{"name":"wp","href":"https:\/\/api.w.org\/{rel}","templated":true}]}}