{"id":807,"date":"2014-04-06T13:09:35","date_gmt":"2014-04-06T13:09:35","guid":{"rendered":"http:\/\/musgerbil.dk\/?page_id=807"},"modified":"2022-02-17T23:49:08","modified_gmt":"2022-02-17T22:49:08","slug":"red-eyed-polar-fox","status":"publish","type":"page","link":"https:\/\/musgerbil.dk\/?page_id=807","title":{"rendered":"Red Eyed Polar Fox &#8211; \u00d8rkenrotte"},"content":{"rendered":"<p><strong>Genetik<\/strong>: A_ ee pp uw(d)uw(d)<br \/>\n<strong>Kaldes ogs\u00e5<\/strong>: Apricot<br \/>\n<strong>Grundfarve<\/strong>: Meget svag abrikos som g\u00e5r helt til bunden af h\u00e5rstr\u00e5et.<br \/>\n<strong>Tipning<\/strong>: Ingen<br \/>\n<strong>Mavefarve<\/strong>: Hvid<br \/>\n<strong>Sidemarkering<\/strong>: Knap synlig, skarp lige markeret linje p\u00e5 begge sider mellem grundfarve og mavefarve.<br \/>\n<strong>Hale<\/strong>: Meget svag abrikos, som er tilsvarende farven p\u00e5 kroppen.<br \/>\n<strong>T\u00e6er og kl\u00f8er<\/strong>: Meget svag abrikos, kl\u00f8erne neutrale.<br \/>\n<strong>Knurh\u00e5r<\/strong>: Hvide.<br \/>\n<strong>\u00d8jne<\/strong>: R\u00f8de<br \/>\n<strong>\u00d8rer<\/strong>: Rosa hudfarve og d\u00e6kket af meget svag abrikosfarvet fin pels.<br \/>\n<b>Almindelige&nbsp;fejl<\/b>: Tipning, andre farver i pelsen.<\/p>\n<p><strong>Udstillingsvariant<\/strong>: Standard, Tippede<\/p>\n","protected":false},"excerpt":{"rendered":"<p>Genetik: A_ ee pp uw(d)uw(d) Kaldes ogs\u00e5: Apricot Grundfarve: Meget svag abrikos som g\u00e5r helt til bunden af h\u00e5rstr\u00e5et. Tipning: Ingen Mavefarve: Hvid Sidemarkering: Knap synlig, skarp lige markeret linje [&hellip;]<\/p>\n","protected":false},"author":1,"featured_media":0,"parent":152,"menu_order":9,"comment_status":"closed","ping_status":"closed","template":"","meta":{"site-sidebar-layout":"default","site-content-layout":"","ast-site-content-layout":"","site-content-style":"default","site-sidebar-style":"default","ast-global-header-display":"","ast-banner-title-visibility":"","ast-main-header-display":"","ast-hfb-above-header-display":"","ast-hfb-below-header-display":"","ast-hfb-mobile-header-display":"","site-post-title":"","ast-breadcrumbs-content":"","ast-featured-img":"","footer-sml-layout":"","theme-transparent-header-meta":"","adv-header-id-meta":"","stick-header-meta":"","header-above-stick-meta":"","header-main-stick-meta":"","header-below-stick-meta":"","astra-migrate-meta-layouts":"default","ast-page-background-enabled":"default","ast-page-background-meta":{"desktop":{"background-color":"var(--ast-global-color-4)","background-image":"","background-repeat":"repeat","background-position":"center center","background-size":"auto","background-attachment":"scroll","background-type":"","background-media":"","overlay-type":"","overlay-color":"","overlay-opacity":"","overlay-gradient":""},"tablet":{"background-color":"","background-image":"","background-repeat":"repeat","background-position":"center center","background-size":"auto","background-attachment":"scroll","background-type":"","background-media":"","overlay-type":"","overlay-color":"","overlay-opacity":"","overlay-gradient":""},"mobile":{"background-color":"","background-image":"","background-repeat":"repeat","background-position":"center center","background-size":"auto","background-attachment":"scroll","background-type":"","background-media":"","overlay-type":"","overlay-color":"","overlay-opacity":"","overlay-gradient":""}},"ast-content-background-meta":{"desktop":{"background-color":"var(--ast-global-color-5)","background-image":"","background-repeat":"repeat","background-position":"center center","background-size":"auto","background-attachment":"scroll","background-type":"","background-media":"","overlay-type":"","overlay-color":"","overlay-opacity":"","overlay-gradient":""},"tablet":{"background-color":"var(--ast-global-color-5)","background-image":"","background-repeat":"repeat","background-position":"center center","background-size":"auto","background-attachment":"scroll","background-type":"","background-media":"","overlay-type":"","overlay-color":"","overlay-opacity":"","overlay-gradient":""},"mobile":{"background-color":"var(--ast-global-color-5)","background-image":"","background-repeat":"repeat","background-position":"center center","background-size":"auto","background-attachment":"scroll","background-type":"","background-media":"","overlay-type":"","overlay-color":"","overlay-opacity":"","overlay-gradient":""}},"ngg_post_thumbnail":0,"footnotes":""},"class_list":["post-807","page","type-page","status-publish","hentry"],"_links":{"self":[{"href":"https:\/\/musgerbil.dk\/index.php?rest_route=\/wp\/v2\/pages\/807"}],"collection":[{"href":"https:\/\/musgerbil.dk\/index.php?rest_route=\/wp\/v2\/pages"}],"about":[{"href":"https:\/\/musgerbil.dk\/index.php?rest_route=\/wp\/v2\/types\/page"}],"author":[{"embeddable":true,"href":"https:\/\/musgerbil.dk\/index.php?rest_route=\/wp\/v2\/users\/1"}],"replies":[{"embeddable":true,"href":"https:\/\/musgerbil.dk\/index.php?rest_route=%2Fwp%2Fv2%2Fcomments&post=807"}],"version-history":[{"count":11,"href":"https:\/\/musgerbil.dk\/index.php?rest_route=\/wp\/v2\/pages\/807\/revisions"}],"predecessor-version":[{"id":9836,"href":"https:\/\/musgerbil.dk\/index.php?rest_route=\/wp\/v2\/pages\/807\/revisions\/9836"}],"up":[{"embeddable":true,"href":"https:\/\/musgerbil.dk\/index.php?rest_route=\/wp\/v2\/pages\/152"}],"wp:attachment":[{"href":"https:\/\/musgerbil.dk\/index.php?rest_route=%2Fwp%2Fv2%2Fmedia&parent=807"}],"curies":[{"name":"wp","href":"https:\/\/api.w.org\/{rel}","templated":true}]}}