{"id":805,"date":"2014-04-06T13:09:01","date_gmt":"2014-04-06T13:09:01","guid":{"rendered":"http:\/\/musgerbil.dk\/?page_id=805"},"modified":"2022-02-17T23:49:08","modified_gmt":"2022-02-17T22:49:08","slug":"polar-fox","status":"publish","type":"page","link":"https:\/\/musgerbil.dk\/?page_id=805","title":{"rendered":"Polar Fox &#8211; \u00d8rkenrotte"},"content":{"rendered":"<p><strong>Genetik<\/strong>: A_ ee uw(d)uw(d)<br \/>\n<strong>Grundfarve<\/strong>: Lys cremefarvet, som g\u00e5r helt til bunden af h\u00e5rstr\u00e5et.<br \/>\n<strong>Tipning<\/strong>: Gr\u00e5sort tipning, som er mere markant hos voksne dyr.<br \/>\n<strong>Mavefarve<\/strong>: S\u00e5 hvid som muligt.<br \/>\n<strong>Sidemarkering<\/strong>: H\u00f8jt sat og diffus og g\u00e5r op i en spids ved \u00f8rerne. Lyse \u00f8jenringe.<br \/>\n<strong>Hale<\/strong>: Lys cremefarvet med sort tipning.<br \/>\n<strong>T\u00e6er og kl\u00f8er<\/strong>: Lyse med hornfarvede\/benhvide kl\u00f8er<br \/>\n<strong>Knurh\u00e5r<\/strong>: Hvide<br \/>\n<strong>\u00d8jne<\/strong>: Sorte<br \/>\n<strong>\u00d8rer<\/strong>: D\u00e6kket med helt lys cremefarvet pels.<br \/>\n<strong>\u00d8vrigt<\/strong>: Huden p\u00e5 \u00f8rer, n\u00e6se, k\u00f8nsorganer og hale er m\u00f8rk.<br \/>\n<b>Almindelige&nbsp;fejl<\/b>: Kraftigere tipning p\u00e5 n\u00e6se og bagpart, s\u00e5 den ser pointet ud.<\/p>\n<p><strong>Udstillingsvariant<\/strong>: Standard, Tippede<\/p>\n","protected":false},"excerpt":{"rendered":"<p>Genetik: A_ ee uw(d)uw(d) Grundfarve: Lys cremefarvet, som g\u00e5r helt til bunden af h\u00e5rstr\u00e5et. Tipning: Gr\u00e5sort tipning, som er mere markant hos voksne dyr. Mavefarve: S\u00e5 hvid som muligt. Sidemarkering: [&hellip;]<\/p>\n","protected":false},"author":1,"featured_media":0,"parent":152,"menu_order":9,"comment_status":"closed","ping_status":"closed","template":"","meta":{"site-sidebar-layout":"default","site-content-layout":"","ast-site-content-layout":"","site-content-style":"default","site-sidebar-style":"default","ast-global-header-display":"","ast-banner-title-visibility":"","ast-main-header-display":"","ast-hfb-above-header-display":"","ast-hfb-below-header-display":"","ast-hfb-mobile-header-display":"","site-post-title":"","ast-breadcrumbs-content":"","ast-featured-img":"","footer-sml-layout":"","theme-transparent-header-meta":"","adv-header-id-meta":"","stick-header-meta":"","header-above-stick-meta":"","header-main-stick-meta":"","header-below-stick-meta":"","astra-migrate-meta-layouts":"default","ast-page-background-enabled":"default","ast-page-background-meta":{"desktop":{"background-color":"var(--ast-global-color-4)","background-image":"","background-repeat":"repeat","background-position":"center center","background-size":"auto","background-attachment":"scroll","background-type":"","background-media":"","overlay-type":"","overlay-color":"","overlay-opacity":"","overlay-gradient":""},"tablet":{"background-color":"","background-image":"","background-repeat":"repeat","background-position":"center center","background-size":"auto","background-attachment":"scroll","background-type":"","background-media":"","overlay-type":"","overlay-color":"","overlay-opacity":"","overlay-gradient":""},"mobile":{"background-color":"","background-image":"","background-repeat":"repeat","background-position":"center center","background-size":"auto","background-attachment":"scroll","background-type":"","background-media":"","overlay-type":"","overlay-color":"","overlay-opacity":"","overlay-gradient":""}},"ast-content-background-meta":{"desktop":{"background-color":"var(--ast-global-color-5)","background-image":"","background-repeat":"repeat","background-position":"center center","background-size":"auto","background-attachment":"scroll","background-type":"","background-media":"","overlay-type":"","overlay-color":"","overlay-opacity":"","overlay-gradient":""},"tablet":{"background-color":"var(--ast-global-color-5)","background-image":"","background-repeat":"repeat","background-position":"center center","background-size":"auto","background-attachment":"scroll","background-type":"","background-media":"","overlay-type":"","overlay-color":"","overlay-opacity":"","overlay-gradient":""},"mobile":{"background-color":"var(--ast-global-color-5)","background-image":"","background-repeat":"repeat","background-position":"center center","background-size":"auto","background-attachment":"scroll","background-type":"","background-media":"","overlay-type":"","overlay-color":"","overlay-opacity":"","overlay-gradient":""}},"ngg_post_thumbnail":0,"footnotes":""},"class_list":["post-805","page","type-page","status-publish","hentry"],"_links":{"self":[{"href":"https:\/\/musgerbil.dk\/index.php?rest_route=\/wp\/v2\/pages\/805"}],"collection":[{"href":"https:\/\/musgerbil.dk\/index.php?rest_route=\/wp\/v2\/pages"}],"about":[{"href":"https:\/\/musgerbil.dk\/index.php?rest_route=\/wp\/v2\/types\/page"}],"author":[{"embeddable":true,"href":"https:\/\/musgerbil.dk\/index.php?rest_route=\/wp\/v2\/users\/1"}],"replies":[{"embeddable":true,"href":"https:\/\/musgerbil.dk\/index.php?rest_route=%2Fwp%2Fv2%2Fcomments&post=805"}],"version-history":[{"count":12,"href":"https:\/\/musgerbil.dk\/index.php?rest_route=\/wp\/v2\/pages\/805\/revisions"}],"predecessor-version":[{"id":9844,"href":"https:\/\/musgerbil.dk\/index.php?rest_route=\/wp\/v2\/pages\/805\/revisions\/9844"}],"up":[{"embeddable":true,"href":"https:\/\/musgerbil.dk\/index.php?rest_route=\/wp\/v2\/pages\/152"}],"wp:attachment":[{"href":"https:\/\/musgerbil.dk\/index.php?rest_route=%2Fwp%2Fv2%2Fmedia&parent=805"}],"curies":[{"name":"wp","href":"https:\/\/api.w.org\/{rel}","templated":true}]}}