{"id":801,"date":"2014-04-06T13:07:56","date_gmt":"2014-04-06T13:07:56","guid":{"rendered":"http:\/\/musgerbil.dk\/?page_id=801"},"modified":"2022-02-17T23:49:08","modified_gmt":"2022-02-17T22:49:08","slug":"dark-eyed-honey","status":"publish","type":"page","link":"https:\/\/musgerbil.dk\/?page_id=801","title":{"rendered":"Dark Eyed Honey &#8211; \u00d8rkenrotte"},"content":{"rendered":"<p><strong>Genetik<\/strong>: <em>A_ ee<\/em><br \/>\n<strong>Kaldes ogs\u00e5<\/strong>: DEH<br \/>\n<strong>Grundfarve<\/strong>: Dyb gylden gul\/orange, som g\u00e5r helt til bunden af h\u00e5rstr\u00e5et.<br \/>\n<strong>Tipning<\/strong>: Sort, ej for kraftig for voksne dyr. Er der sj\u00e6ldent p\u00e5 ungdyr under 10 uger.<br \/>\n<strong>Mavefarve<\/strong>: Hvid<br \/>\n<strong>Sidemarkering<\/strong>: H\u00f8jt sat og diffus, samt g\u00e5r op i spidser ved \u00f8rerne, kinder og \u00f8jne. Lys bagom \u00f8rerne og lyse \u00f8jenringe.<br \/>\n<strong>Hale<\/strong>: Gul\/orange<br \/>\n<strong>T\u00e6er og kl\u00f8er<\/strong>: Lyse med m\u00f8rke kl\u00f8er<br \/>\n<strong>Knurh\u00e5r<\/strong>: Hvide. Orange og sorte kan forekomme<br \/>\n<strong>\u00d8jne<\/strong>: sorte<br \/>\n<strong>\u00d8rer<\/strong>: Blandet med fine gul\/orange og hvide pelsstr\u00e5.<br \/>\n<strong>\u00d8vrigt<\/strong>: Huden p\u00e5 \u00f8rer, n\u00e6se, k\u00f8nsorganer og hale er m\u00f8rk.<\/p>\n<p><strong>Udstillingsvariant<\/strong>: Standard, Tippede<\/p>\n","protected":false},"excerpt":{"rendered":"<p>Genetik: A_ ee Kaldes ogs\u00e5: DEH Grundfarve: Dyb gylden gul\/orange, som g\u00e5r helt til bunden af h\u00e5rstr\u00e5et. Tipning: Sort, ej for kraftig for voksne dyr. Er der sj\u00e6ldent p\u00e5 ungdyr [&hellip;]<\/p>\n","protected":false},"author":1,"featured_media":0,"parent":152,"menu_order":7,"comment_status":"closed","ping_status":"closed","template":"","meta":{"site-sidebar-layout":"default","site-content-layout":"","ast-site-content-layout":"","site-content-style":"default","site-sidebar-style":"default","ast-global-header-display":"","ast-banner-title-visibility":"","ast-main-header-display":"","ast-hfb-above-header-display":"","ast-hfb-below-header-display":"","ast-hfb-mobile-header-display":"","site-post-title":"","ast-breadcrumbs-content":"","ast-featured-img":"","footer-sml-layout":"","theme-transparent-header-meta":"","adv-header-id-meta":"","stick-header-meta":"","header-above-stick-meta":"","header-main-stick-meta":"","header-below-stick-meta":"","astra-migrate-meta-layouts":"default","ast-page-background-enabled":"default","ast-page-background-meta":{"desktop":{"background-color":"var(--ast-global-color-4)","background-image":"","background-repeat":"repeat","background-position":"center center","background-size":"auto","background-attachment":"scroll","background-type":"","background-media":"","overlay-type":"","overlay-color":"","overlay-opacity":"","overlay-gradient":""},"tablet":{"background-color":"","background-image":"","background-repeat":"repeat","background-position":"center center","background-size":"auto","background-attachment":"scroll","background-type":"","background-media":"","overlay-type":"","overlay-color":"","overlay-opacity":"","overlay-gradient":""},"mobile":{"background-color":"","background-image":"","background-repeat":"repeat","background-position":"center center","background-size":"auto","background-attachment":"scroll","background-type":"","background-media":"","overlay-type":"","overlay-color":"","overlay-opacity":"","overlay-gradient":""}},"ast-content-background-meta":{"desktop":{"background-color":"var(--ast-global-color-5)","background-image":"","background-repeat":"repeat","background-position":"center center","background-size":"auto","background-attachment":"scroll","background-type":"","background-media":"","overlay-type":"","overlay-color":"","overlay-opacity":"","overlay-gradient":""},"tablet":{"background-color":"var(--ast-global-color-5)","background-image":"","background-repeat":"repeat","background-position":"center center","background-size":"auto","background-attachment":"scroll","background-type":"","background-media":"","overlay-type":"","overlay-color":"","overlay-opacity":"","overlay-gradient":""},"mobile":{"background-color":"var(--ast-global-color-5)","background-image":"","background-repeat":"repeat","background-position":"center center","background-size":"auto","background-attachment":"scroll","background-type":"","background-media":"","overlay-type":"","overlay-color":"","overlay-opacity":"","overlay-gradient":""}},"ngg_post_thumbnail":0,"footnotes":""},"class_list":["post-801","page","type-page","status-publish","hentry"],"_links":{"self":[{"href":"https:\/\/musgerbil.dk\/index.php?rest_route=\/wp\/v2\/pages\/801"}],"collection":[{"href":"https:\/\/musgerbil.dk\/index.php?rest_route=\/wp\/v2\/pages"}],"about":[{"href":"https:\/\/musgerbil.dk\/index.php?rest_route=\/wp\/v2\/types\/page"}],"author":[{"embeddable":true,"href":"https:\/\/musgerbil.dk\/index.php?rest_route=\/wp\/v2\/users\/1"}],"replies":[{"embeddable":true,"href":"https:\/\/musgerbil.dk\/index.php?rest_route=%2Fwp%2Fv2%2Fcomments&post=801"}],"version-history":[{"count":9,"href":"https:\/\/musgerbil.dk\/index.php?rest_route=\/wp\/v2\/pages\/801\/revisions"}],"predecessor-version":[{"id":9843,"href":"https:\/\/musgerbil.dk\/index.php?rest_route=\/wp\/v2\/pages\/801\/revisions\/9843"}],"up":[{"embeddable":true,"href":"https:\/\/musgerbil.dk\/index.php?rest_route=\/wp\/v2\/pages\/152"}],"wp:attachment":[{"href":"https:\/\/musgerbil.dk\/index.php?rest_route=%2Fwp%2Fv2%2Fmedia&parent=801"}],"curies":[{"name":"wp","href":"https:\/\/api.w.org\/{rel}","templated":true}]}}