{"id":795,"date":"2014-04-06T13:05:13","date_gmt":"2014-04-06T13:05:13","guid":{"rendered":"http:\/\/musgerbil.dk\/?page_id=795"},"modified":"2022-02-17T23:49:08","modified_gmt":"2022-02-17T22:49:08","slug":"argente-cream","status":"publish","type":"page","link":"https:\/\/musgerbil.dk\/?page_id=795","title":{"rendered":"Argente Cream &#8211; \u00d8rkenrotte"},"content":{"rendered":"<h1>Argente Cream<\/h1>\n<p><strong>Genetik<\/strong>: <em>A_ Cc(h) pp<\/em><em><br \/>\n<\/em><strong>Grundfarve<\/strong>: Lys abrikos med et s\u00f8lvsk\u00e6r. Farven skal l\u00f8be ned over ydersiden af benene.<br \/>\n<strong>Bundfarve<\/strong>: Lys bl\u00e5gr\u00e5<br \/>\n<strong>Ticking<\/strong>: Hvid, n\u00e6sten ikke-eksisterende.<br \/>\n<strong>Mavefarve<\/strong>: Hvid<br \/>\n<strong>Sidemarkering<\/strong>: En skarp og lige linje markeret p\u00e5 begge sider mellem grundfarve og mavefarve.<br \/>\n<strong>Hale<\/strong>: Lys abrikos. En hvid tipning kan forekomme hos is\u00e6r ungdyr. Hvid \u00e5l eller halespids kan forekomme.<br \/>\n<strong>T\u00e6er og kl\u00f8e<\/strong><strong>r<\/strong>: Lyse t\u00e6er med neutrale kl\u00f8er. Kl\u00f8erne kan v\u00e6re pigmenterede hos ungdyr.<br \/>\n<strong>Knurh\u00e5r<\/strong>: Hvide<br \/>\n<strong>\u00d8jne<\/strong>: M\u00f8rkt r\u00f8de<br \/>\n<strong>\u00d8rer<\/strong>: Lys abrikos, kantet med hvid pels.<\/p>\n<p><strong>Udstillingsvariant<\/strong>: Standard, Ticked<\/p>\n","protected":false},"excerpt":{"rendered":"<p>Argente Cream Genetik: A_ Cc(h) pp Grundfarve: Lys abrikos med et s\u00f8lvsk\u00e6r. Farven skal l\u00f8be ned over ydersiden af benene. Bundfarve: Lys bl\u00e5gr\u00e5 Ticking: Hvid, n\u00e6sten ikke-eksisterende. Mavefarve: Hvid Sidemarkering: [&hellip;]<\/p>\n","protected":false},"author":1,"featured_media":0,"parent":152,"menu_order":4,"comment_status":"closed","ping_status":"closed","template":"","meta":{"site-sidebar-layout":"default","site-content-layout":"","ast-site-content-layout":"","site-content-style":"default","site-sidebar-style":"default","ast-global-header-display":"","ast-banner-title-visibility":"","ast-main-header-display":"","ast-hfb-above-header-display":"","ast-hfb-below-header-display":"","ast-hfb-mobile-header-display":"","site-post-title":"","ast-breadcrumbs-content":"","ast-featured-img":"","footer-sml-layout":"","theme-transparent-header-meta":"","adv-header-id-meta":"","stick-header-meta":"","header-above-stick-meta":"","header-main-stick-meta":"","header-below-stick-meta":"","astra-migrate-meta-layouts":"default","ast-page-background-enabled":"default","ast-page-background-meta":{"desktop":{"background-color":"var(--ast-global-color-4)","background-image":"","background-repeat":"repeat","background-position":"center center","background-size":"auto","background-attachment":"scroll","background-type":"","background-media":"","overlay-type":"","overlay-color":"","overlay-opacity":"","overlay-gradient":""},"tablet":{"background-color":"","background-image":"","background-repeat":"repeat","background-position":"center center","background-size":"auto","background-attachment":"scroll","background-type":"","background-media":"","overlay-type":"","overlay-color":"","overlay-opacity":"","overlay-gradient":""},"mobile":{"background-color":"","background-image":"","background-repeat":"repeat","background-position":"center center","background-size":"auto","background-attachment":"scroll","background-type":"","background-media":"","overlay-type":"","overlay-color":"","overlay-opacity":"","overlay-gradient":""}},"ast-content-background-meta":{"desktop":{"background-color":"var(--ast-global-color-5)","background-image":"","background-repeat":"repeat","background-position":"center center","background-size":"auto","background-attachment":"scroll","background-type":"","background-media":"","overlay-type":"","overlay-color":"","overlay-opacity":"","overlay-gradient":""},"tablet":{"background-color":"var(--ast-global-color-5)","background-image":"","background-repeat":"repeat","background-position":"center center","background-size":"auto","background-attachment":"scroll","background-type":"","background-media":"","overlay-type":"","overlay-color":"","overlay-opacity":"","overlay-gradient":""},"mobile":{"background-color":"var(--ast-global-color-5)","background-image":"","background-repeat":"repeat","background-position":"center center","background-size":"auto","background-attachment":"scroll","background-type":"","background-media":"","overlay-type":"","overlay-color":"","overlay-opacity":"","overlay-gradient":""}},"ngg_post_thumbnail":0,"footnotes":""},"class_list":["post-795","page","type-page","status-publish","hentry"],"_links":{"self":[{"href":"https:\/\/musgerbil.dk\/index.php?rest_route=\/wp\/v2\/pages\/795"}],"collection":[{"href":"https:\/\/musgerbil.dk\/index.php?rest_route=\/wp\/v2\/pages"}],"about":[{"href":"https:\/\/musgerbil.dk\/index.php?rest_route=\/wp\/v2\/types\/page"}],"author":[{"embeddable":true,"href":"https:\/\/musgerbil.dk\/index.php?rest_route=\/wp\/v2\/users\/1"}],"replies":[{"embeddable":true,"href":"https:\/\/musgerbil.dk\/index.php?rest_route=%2Fwp%2Fv2%2Fcomments&post=795"}],"version-history":[{"count":11,"href":"https:\/\/musgerbil.dk\/index.php?rest_route=\/wp\/v2\/pages\/795\/revisions"}],"predecessor-version":[{"id":9829,"href":"https:\/\/musgerbil.dk\/index.php?rest_route=\/wp\/v2\/pages\/795\/revisions\/9829"}],"up":[{"embeddable":true,"href":"https:\/\/musgerbil.dk\/index.php?rest_route=\/wp\/v2\/pages\/152"}],"wp:attachment":[{"href":"https:\/\/musgerbil.dk\/index.php?rest_route=%2Fwp%2Fv2%2Fmedia&parent=795"}],"curies":[{"name":"wp","href":"https:\/\/api.w.org\/{rel}","templated":true}]}}