{"id":788,"date":"2014-04-06T13:03:28","date_gmt":"2014-04-06T13:03:28","guid":{"rendered":"http:\/\/musgerbil.dk\/?page_id=788"},"modified":"2022-02-17T23:49:08","modified_gmt":"2022-02-17T22:49:08","slug":"agouti","status":"publish","type":"page","link":"https:\/\/musgerbil.dk\/?page_id=788","title":{"rendered":"Agouti &#8211; \u00d8rkenrotte"},"content":{"rendered":"<p><strong>Genetik:<\/strong> <em>A_ <\/em><strong><br \/>\n<\/strong><strong>Grundfarve<\/strong>: Brun med r\u00f8d tone. En smal linje med brungul utippet pels skal findes ved gr\u00e6nsen af grund- og mavefarve. Brungrul ikke-ticket pels p\u00e5 ydersiden af l\u00e5r og forben.<br \/>\n<strong>Bundfarve<\/strong>: Bl\u00e5sort. Bundfarve skal findes p\u00e5 kroppen p\u00e5 n\u00e6r \u00f8rer, t\u00e6r og hale.<br \/>\n<strong>Ticking<\/strong>: Sort, kraftig.<br \/>\n<strong>Mavefarve<\/strong>: Offwhite mod helt hvid, jo hvidere jo bedre.<br \/>\n<strong>Sidemarkering<\/strong>: En skarp og lige linje markeret p\u00e5 begge sider mellem grundfarve og mavefarve, i grundfarven uden ticking.<br \/>\n<strong>Hale<\/strong>: Brun, tippet som en \u00e5l. Tickingen skal starte ved haleroden og slutte i en tot med lange sorte h\u00e5rstr\u00e5. Undersiden skal v\u00e6re brun uden tipning.<br \/>\n<strong>T\u00e6er og kl\u00f8er<\/strong>: Gr\u00e5brune t\u00e6er, sorte kl\u00f8er.<br \/>\n<strong>Knurh\u00e5r<\/strong>: Sorte og hvide str\u00e5 blandet.<br \/>\n<strong>\u00d8jne<\/strong>: Sorte, omridset af lys\/gr\u00e5 utippet pels.<br \/>\n<strong>\u00d8rer<\/strong>: Gr\u00e5brune og uden tipning. En utippet gr\u00e5brun plet skal findes bag p\u00e5 hvert \u00f8re.<br \/>\n<strong>Almindelige&nbsp;fejl<\/strong>: svag farve, manglende ticking, manglende\/uklar skillelinje<\/p>\n<p><strong>Udstillingsvariant<\/strong>: Standard, Ticked<\/p>\n<p>&nbsp;<\/p>\n","protected":false},"excerpt":{"rendered":"<p>Genetik: A_ Grundfarve: Brun med r\u00f8d tone. En smal linje med brungul utippet pels skal findes ved gr\u00e6nsen af grund- og mavefarve. Brungrul ikke-ticket pels p\u00e5 ydersiden af l\u00e5r og [&hellip;]<\/p>\n","protected":false},"author":1,"featured_media":0,"parent":152,"menu_order":1,"comment_status":"closed","ping_status":"closed","template":"","meta":{"site-sidebar-layout":"default","site-content-layout":"","ast-site-content-layout":"","site-content-style":"default","site-sidebar-style":"default","ast-global-header-display":"","ast-banner-title-visibility":"","ast-main-header-display":"","ast-hfb-above-header-display":"","ast-hfb-below-header-display":"","ast-hfb-mobile-header-display":"","site-post-title":"","ast-breadcrumbs-content":"","ast-featured-img":"","footer-sml-layout":"","theme-transparent-header-meta":"","adv-header-id-meta":"","stick-header-meta":"","header-above-stick-meta":"","header-main-stick-meta":"","header-below-stick-meta":"","astra-migrate-meta-layouts":"default","ast-page-background-enabled":"default","ast-page-background-meta":{"desktop":{"background-color":"var(--ast-global-color-4)","background-image":"","background-repeat":"repeat","background-position":"center center","background-size":"auto","background-attachment":"scroll","background-type":"","background-media":"","overlay-type":"","overlay-color":"","overlay-opacity":"","overlay-gradient":""},"tablet":{"background-color":"","background-image":"","background-repeat":"repeat","background-position":"center center","background-size":"auto","background-attachment":"scroll","background-type":"","background-media":"","overlay-type":"","overlay-color":"","overlay-opacity":"","overlay-gradient":""},"mobile":{"background-color":"","background-image":"","background-repeat":"repeat","background-position":"center center","background-size":"auto","background-attachment":"scroll","background-type":"","background-media":"","overlay-type":"","overlay-color":"","overlay-opacity":"","overlay-gradient":""}},"ast-content-background-meta":{"desktop":{"background-color":"var(--ast-global-color-5)","background-image":"","background-repeat":"repeat","background-position":"center center","background-size":"auto","background-attachment":"scroll","background-type":"","background-media":"","overlay-type":"","overlay-color":"","overlay-opacity":"","overlay-gradient":""},"tablet":{"background-color":"var(--ast-global-color-5)","background-image":"","background-repeat":"repeat","background-position":"center center","background-size":"auto","background-attachment":"scroll","background-type":"","background-media":"","overlay-type":"","overlay-color":"","overlay-opacity":"","overlay-gradient":""},"mobile":{"background-color":"var(--ast-global-color-5)","background-image":"","background-repeat":"repeat","background-position":"center center","background-size":"auto","background-attachment":"scroll","background-type":"","background-media":"","overlay-type":"","overlay-color":"","overlay-opacity":"","overlay-gradient":""}},"ngg_post_thumbnail":0,"footnotes":""},"class_list":["post-788","page","type-page","status-publish","hentry"],"_links":{"self":[{"href":"https:\/\/musgerbil.dk\/index.php?rest_route=\/wp\/v2\/pages\/788"}],"collection":[{"href":"https:\/\/musgerbil.dk\/index.php?rest_route=\/wp\/v2\/pages"}],"about":[{"href":"https:\/\/musgerbil.dk\/index.php?rest_route=\/wp\/v2\/types\/page"}],"author":[{"embeddable":true,"href":"https:\/\/musgerbil.dk\/index.php?rest_route=\/wp\/v2\/users\/1"}],"replies":[{"embeddable":true,"href":"https:\/\/musgerbil.dk\/index.php?rest_route=%2Fwp%2Fv2%2Fcomments&post=788"}],"version-history":[{"count":11,"href":"https:\/\/musgerbil.dk\/index.php?rest_route=\/wp\/v2\/pages\/788\/revisions"}],"predecessor-version":[{"id":9827,"href":"https:\/\/musgerbil.dk\/index.php?rest_route=\/wp\/v2\/pages\/788\/revisions\/9827"}],"up":[{"embeddable":true,"href":"https:\/\/musgerbil.dk\/index.php?rest_route=\/wp\/v2\/pages\/152"}],"wp:attachment":[{"href":"https:\/\/musgerbil.dk\/index.php?rest_route=%2Fwp%2Fv2%2Fmedia&parent=788"}],"curies":[{"name":"wp","href":"https:\/\/api.w.org\/{rel}","templated":true}]}}