{"id":78,"date":"2014-04-05T08:04:07","date_gmt":"2014-04-05T08:04:07","guid":{"rendered":"http:\/\/musgerbil.dk\/?page_id=78"},"modified":"2022-02-17T23:49:29","modified_gmt":"2022-02-17T22:49:29","slug":"vedtaegter","status":"publish","type":"page","link":"https:\/\/musgerbil.dk\/?page_id=78","title":{"rendered":"Vedt\u00e6gter"},"content":{"rendered":"<p><strong>\u00a71 &#8211; Navn &amp; Hjemsted<\/strong><br \/>\nForeningens navn er \u201dDansk Mus &amp; Gerbil\u201d \u2013 forkortet DMG.<br \/>\nDisse regler g\u00e6lder kun for medlemmer jf. \u00a74.<br \/>\nForeningens hjemsted er kasserens adresse.<\/p>\n<p><strong>\u00a72 \u2013 Form\u00e5l<\/strong><br \/>\nForeningens form\u00e5l er at udbrede kendskabet til mus, gerbiler og jirds samt opdr\u00e6t af disse som k\u00e6ledyr. Foreningen skal arbejde for udbredelsen af optimal ern\u00e6ring og pleje, afholde udstillinger samt deltage ved PR-arrangementer. Dette arbejde skal tage udgangspunkt i det, medlemmer definerer og vedtager p\u00e5 generalforsamling.<\/p>\n<p><span style=\"text-decoration: underline\">Stk. 2.<\/span> \u2013 DMG h\u00e6fter kun for sine forpligtelser med den af DMG til enhver tid tilh\u00f8rende formue. Der p\u00e5hviler ikke DMGs medlemmer eller andre med tilh\u00f8rsforhold til DMG nogen personlig h\u00e6ftelse.<\/p>\n<p><strong>\u00a73 \u2013 Tilknytning<\/strong><br \/>\nForeningen kan indg\u00e5 samarbejde med foreninger og klubber med besl\u00e6gtede form\u00e5l.<\/p>\n<p><strong>\u00a74 \u2013 Medlemskab<\/strong><br \/>\nEnhver med interesse for foreningens form\u00e5l har adgang til at blive medlem.<br \/>\nIndmeldelse foreg\u00e5r til foreningens kasserer og er gyldig, n\u00e5r betaling for medlemskab er modtaget p\u00e5 foreningens konto.<br \/>\nVed indmeldelsen modtager det nye medlem et eksemplar af foreningens vedt\u00e6gter.<br \/>\nKvittering for indbetaling af kontingent er gyldigt medlemskort.<br \/>\nKontingentet forfalder til betaling per 31\/12. Medlemsskabet f\u00f8lger kalender\u00e5ret.<br \/>\nUdmeldelse skal ske skriftligt til klubbens kasserer.<\/p>\n<p>Bestyrelsen kan afvise et medlemskab, hvis den finder det begrundet. En s\u00e5dan afvisning s\u00e6ttes til afstemning p\u00e5 n\u00e6stkommende generalforsamling j\u00e6vnf\u00f8r \u00a7 <b>7<\/b>.<\/p>\n<p><strong>\u00a75 \u2013 Kontingent<\/strong><br \/>\nKontingentet fasts\u00e6ttes af generalforsamlingen. Personer h\u00f8rende til et medlems husstand opn\u00e5r fulde medlemsrettigheder mod betaling af reduceret kontingent.<\/p>\n<p><strong>\u00a76 \u2013 Karant\u00e6ne og oph\u00e6velse af medlemskab<\/strong><br \/>\n<span style=\"text-decoration: underline\">Stk. 1<\/span> \u2013 Disse punkter kan give karant\u00e6ne efter bestyrelsens beslutning og kr\u00e6ver ikke generalforsamlingens godkendelse.<\/p>\n<ol>\n<li>Dyrev\u00e6rnsloven ikke overholdt (jf. dyrev\u00e6rnsloven.). Er medlemmet d\u00f8mt for brud p\u00e5 dyrev\u00e6rnsloven, har et af DMGs bestyrelsesmedlemmer ret til at afl\u00e6gge medlemmet et bes\u00f8g efter endt karant\u00e6ne mhp. at besigtige forhold efter aftale med medlemmet.<\/li>\n<li>Hvis opdr\u00e6ttere ikke overholder avlsvejledninger som vejledende udgangspunkt.<\/li>\n<li>Hvis der formidles dyr, som er syge eller s\u00e5fremt der er sygdomstegn i bestanden. Dette omfatter ogs\u00e5 smitsomme parasitter. (Bevist ved \u00f8jeblikkeligt dyrel\u00e6gebes\u00f8g)<\/li>\n<li>Overtr\u00e6delse af DMGs udstillingsreglement.<\/li>\n<li>Enhver person, som modarbejder DMG.<\/li>\n<li>En person, der ikke overholder sin tavshedspligt.<\/li>\n<li>En person, der ikke varetager sit tillidshverv efter foreskrifterne.<\/li>\n<li>Punkterne 1-7 kan i alle tilf\u00e6lde f\u00f8re til indstilling om eksklusion.<\/li>\n<\/ol>\n<p>S\u00e5fremt et medlem optr\u00e6der i strid med foreningens vedt\u00e6gter og udstillingsregler, kan DMGs bestyrelse s\u00e6tte medlemskabet i bero til f\u00f8rstkommende generalforsamling.<\/p>\n<p>Tildeles en person karant\u00e6ne fratages personen alle tillidsposter fra den dato karant\u00e6nen tr\u00e6der i kraft.<\/p>\n<p>Et medlem, hvis medlemskab er sat i karant\u00e6ne, skal have skriftlig meddelelse herom. I den periode, hvor medlemskabet er sat i karant\u00e6ne, kan medlemmet ikke modtage nogen form for serviceydelser fra foreningen.<\/p>\n<p><span style=\"text-decoration: underline\">Stk. 2<\/span> &#8211; P\u00e5 f\u00f8rstkommende generalforsamling kan bestyrelsen indstille medlemmet til eksklusion, hvor der skal v\u00e6re 2\/3 flertal for beslutningen. Medlemmet skal have mulighed for at v\u00e6re til stede og tale sin sag.<br \/>\nS\u00e5fremt eksklusionen ikke godkendes af generalforsamlingen, medf\u00f8rer dette ikke at evt. igangv\u00e6rende karant\u00e6ne oph\u00e6ves, da forholdene for dette stadig skal fremvises som rettet.<br \/>\nHvis et medlem ekskluderes oplyses det p\u00e5 foreningens nyhedsblog.<br \/>\nHvis et ekskluderet medlem senere \u00f8nsker at blive medlem af foreningen, skal det behandles p\u00e5 f\u00f8rstkommende generalforsamling.<\/p>\n<p><strong>\u00a77 \u2013 Generalforsamling<\/strong><br \/>\nGeneralforsamling er foreningens \u00f8verste myndighed.<\/p>\n<p><span style=\"text-decoration: underline\">Stk. 1<\/span> &#8211; Alle beslutninger tr\u00e6ffes ved simpelt stemmeflertal bortset fra forslag vedr\u00f8rende lov\u00e6ndringer og forslag om foreningens opl\u00f8sning, hvortil kr\u00e6ves at mindst 2\/3 af de givne stemmer er for forslaget.<\/p>\n<p><span style=\"text-decoration: underline\">Stk. 2<\/span> &#8211; Stemmeret har ethvert medlem over 16 \u00e5r, som har v\u00e6ret medlem af DMG min. 14 dage f\u00f8r generalforsamlingens afholdelse og som er til stede p\u00e5 generalforsamlingen. Fuldmagt for stemme medsendt andet medlem er ugyldig.<br \/>\nValgbarhedsalderen til bestyrelsen er 18 \u00e5r. Man opn\u00e5r dog f\u00f8rst valgbarhed til bestyrelsen efter 3 m\u00e5neders medlemskab.<br \/>\nMan er valgbar ved at m\u00f8de til generalforsamlingen eller ved at indsende motivation for opstilling til formanden.<\/p>\n<p><span style=\"text-decoration: underline\">Stk. 3<\/span> &#8211; Der f\u00f8res beslutningsreferat over afholdte generalforsamlinger. Referatet offentligg\u00f8res senest 2 m\u00e5neder efter generalforsamlingen p\u00e5 DMGs hjemmeside.<br \/>\nMedlemmer, der \u00f8nsker det, kan f\u00e5 tilsendt referat og beslutninger ved henvendelse til referenten.<\/p>\n<p><strong>\u00a78 \u2013 Ordin\u00e6r Generalforsamling<\/strong><\/p>\n<p><span lang=\"da-DK\">Ordin\u00e6r generalforsamling afholdes hvert \u00e5r inden den 30. April.<br \/>\nGeneralforsamlingen afholdes en l\u00f8rdag eller en s\u00f8ndag og indkaldes af bestyrelsen&nbsp;<\/span><span lang=\"da-DK\"><b>med mindst 6 ugers varsel<\/b><\/span><span lang=\"da-DK\">.<br \/>\nIndkaldelse sker ved meddelelse p\u00e5 klubbens hjemmeside eller ved udsendelse af s\u00e6rlig meddelelse til medlemmerne.<\/span><\/p>\n<p><span lang=\"da-DK\">Stk. 2 \u2013 Forslag til Generalforsamlingen<br \/>\nForslag til generalforsamlingen skal v\u00e6re formanden i h\u00e6nde senest 2 uger f\u00f8r generalforsamlingen afholdes.<br \/>\nVed ekstraordin\u00e6r generalforsamling forholdes som anf\u00f8rt i \u00a79.<\/span><\/p>\n<p>Forslagene offentligg\u00f8res inden generalforsamlingen p\u00e5 DMGs hjemmeside. Medlemmer, der \u00f8nsker det, kan f\u00e5 tilsendt dagsorden og forslag via e-mail.<\/p>\n<p>Til indkomne forslag kan der p\u00e5 generalforsamlingen frems\u00e6ttes \u00e6ndringsforslag.<\/p>\n<p><span style=\"text-decoration: underline\">Stk. 3<\/span> &#8211; Dagsorden<br \/>\nDagsordenen skal mindst indeholde f\u00f8lgende punkter:<\/p>\n<p>1. Valg af dirigent og referent.<br \/>\n2. Beretning af formanden om arbejdet i det forl\u00f8bne \u00e5r og plan for arbejdet i det kommende \u00e5r.<br \/>\n3. Kasserens beretning inkl. Afl\u00e6ggelse af det reviderede regnskab og Budgetforslag.<br \/>\n4. Stambogkontorets beretning.<br \/>\n5. Evt. \u00f8vrige udvalgs beretning.<br \/>\n6. Indkomne forslag.<br \/>\n7. Valg:<br \/>\na. Formand for 2 \u00e5r<br \/>\nb. Kasserer for 2 \u00e5r<br \/>\nc. Bestyrelsesmedlemmer minimum 2 for 2 \u00e5r<br \/>\nd. Suppleanter minimum 1 (v\u00e6lges hvert \u00e5r)<br \/>\ne. Kasserer suppleant (v\u00e6lges hvert \u00e5r)<\/p>\n<p><b>\u00a79 Ekstraordin\u00e6r Generalforsamling<\/b><br \/>\nEkstraordin\u00e6r generalforsamling afholdes i f\u00f8lgende tilf\u00e6lde:<br \/>\n1. N\u00e5r formanden \u00f8nsker det.<br \/>\n2. N\u00e5r mindst 3 bestyrelsesmedlemmer frems\u00e6tter skriftlig beg\u00e6ring herom med angivelse af dagsorden.<br \/>\n3. N\u00e5r mindst 30 % af medlemmerne frems\u00e6tter skriftlig beg\u00e6ring herom med angivelse af dagsorden.<br \/>\nDet p\u00e5hviler bestyrelsen at indkalde til ekstraordin\u00e6r generalforsamling efter almindeligt g\u00e6ldende regler.<\/p>\n<p><b>\u00a710 &#8211; Bestyrelsen<br \/>\n<\/b><span style=\"text-decoration: underline\">Stk. 1<\/span> &#8211; V\u00e6lges af generalforsamlingen, som anf\u00f8rt under \u00a7 8 under dagsordenens pkt. 7 og best\u00e5r af et ulige antal medlemmer, p\u00e5 minimum 3 medlemmer, som v\u00e6lges for 2 \u00e5r af gangen og minimum 1 suppleant, der v\u00e6lges for 1 \u00e5r af gangen. Formand og kasserer v\u00e6lges henholdsvis lige og ulige \u00e5r. Bestyrelsen konstituerer selv n\u00e6stformand og evt. andre poster umiddelbart efter GF. Kassereren beh\u00f8ver ikke samtidig at sidde i bestyrelsen.<\/p>\n<p>S\u00e5fremt der ikke kan v\u00e6lges en fuld bestyrelse, kan der i stedet v\u00e6lges et forretningsudvalg, som best\u00e5r af 3 medlemmer og en suppleant, der v\u00e6lges for et \u00e5r ad gangen. Formanden for dette udvalg v\u00e6lges p\u00e5 Generalforsamling. Udvalget er forpligtet til at arbejde aktivt p\u00e5 at sikre foreningens fremtid frem til, at foreningen igen kan v\u00e6lge en fuld bestyrelse.<\/p>\n<p>I bestyrelsen eller forretningsudvalget m\u00e5 der h\u00f8jest sidde 2 familiemedlemmer. Med familie forst\u00e5s: b\u00f8rn, for\u00e6ldre, samlevende, bedstefor\u00e6ldre, svigerfor\u00e6ldre, svigerb\u00f8rn.<\/p>\n<p><span style=\"text-decoration: underline\">Stk. 2<\/span> &#8211; Konstituering<br \/>\nEfter generalforsamlingen indkalder formanden bestyrelsen, der konstituerer sig selv, s\u00e5ledes at en arbejdsdeling klart fremg\u00e5r.<br \/>\nArbejdsdelingen bringes p\u00e5 nyhedsbloggen og p\u00e5 foreningens hjemmeside.<br \/>\nBestyrelsen fasts\u00e6tter selv sin forretningsorden.<br \/>\nBestyrelsen kan indkalde medlemmer udenfor bestyrelsen til at bist\u00e5 i foreningens arbejde.<br \/>\nN\u00e6stformandsposten skal dog altid bes\u00e6ttes af et bestyrelsesmedlem, der som udgangspunkt udpeges af formanden.<\/p>\n<p>Bestyrelsen kan lade suppleanter deltage i bestyrelsens m\u00f8der m.v. De har dog ikke stemmeret i sager, der evt. m\u00e5tte komme til afstemning i bestyrelsen. Suppleanter skal v\u00e6re rede til at deltage i klubbens ledelse, hvis et bestyrelsesmedlem f\u00e5r forfald.<\/p>\n<p><span style=\"text-decoration: underline\">Stk. 3<\/span> &#8211; Dagligt arbejde<br \/>\nBestyrelsen varetager foreningens daglige ledelse under ansvar overfor generalforsamlingen og skal s\u00e5ledes indhente dennes godkendelse for v\u00e6sentlige, us\u00e6dvanlige dispositioner.<\/p>\n<p>Foreningen tegnes af formand og et bestyrelsesmedlem i foreningen eller af den samlede bestyrelse. Kassereren og\/eller formanden kan disponere over bankkonto under ansvar overfor bestyrelsen.<\/p>\n<p><span style=\"text-decoration: underline\">Stk. 4<\/span> &#8211; Bestyrelsens arbejde<br \/>\nFormanden indkalder til bestyrelsesm\u00f8de, n\u00e5r denne finder det n\u00f8dvendigt, n\u00e5r 3 bestyrelsesmedlemmer \u00f8nsker dette eller minimum 2 gange \u00e5rligt.<br \/>\nFormanden leder bestyrelsens arbejde.<br \/>\nBestyrelsen er beslutningsdygtig, n\u00e5r mindst 3 medlemmer er m\u00f8dt. Ved evt. afstemninger i bestyrelsen, hvor stemmetallet st\u00e5r lige, er formandens stemme afg\u00f8rende.<br \/>\nSekret\u00e6ren indf\u00f8rer alle beslutninger i beslutningsreferat. Referatet offentligg\u00f8res p\u00e5 foreningens hjemmeside senest 4 uger efter m\u00f8dets afholdelse.<br \/>\nBestyrelsen kan lade afholde kursus, orientering og m\u00f8der, ligesom den kan neds\u00e6tte arbejdende udvalg, alt til fremme af klubbens liv og trivsel jf. form\u00e5lsparagraffen. Arbejdsudvalg skal holde bestyrelsen orienteret om dets arbejde p\u00e5 forlangende af bestyrelsen med 14 dages svarfrist. N\u00e5r udvalgets arbejde er tilendebragt opl\u00f8ses udvalget.<br \/>\nBestyrelsen kan refundere de udgifter et medlem m\u00e5tte have afholdt p\u00e5 grund af en med bestyrelsen aftalt virksomhed i foreningens tjeneste.<\/p>\n<p><strong>\u00a711 \u2013 Regnskab<\/strong><br \/>\nBestyrelsen v\u00e6lger revisor.<br \/>\nForeningens regnskabs\u00e5r er kalender\u00e5ret. Det reviderede regnskab tilsendes formanden, der forel\u00e6gger det for bestyrelsen.<br \/>\nRegnskabet offentligg\u00f8res p\u00e5 foreningens hjemmeside inden den ordin\u00e6re generalforsamling. Medlemmer, der \u00f8nsker det, kan f\u00e5 tilsendt regnskabet via e-mail.<\/p>\n<p>Regnskabet med bilagsmateriale medbringes af kassereren p\u00e5 generalforsamlingen. Kassereren forel\u00e6gger regnskabet p\u00e5 generalforsamlingen.<br \/>\nForeningens midler skal v\u00e6re noteret i foreningens navn.<\/p>\n<p>Kasseren har ret til en observationspost i bestyrelsen, dog uden stemmeret, s\u00e5fremt kasseren ikke er bestyrelsesmedlem. Kasseren skal v\u00e6re myndig.<br \/>\nForeningen har en bankkonto, hvortil kasserer og formand har adgang. Bestyrelsen har til hver en tid ret til indsigt i foreningens \u00f8konomi.<br \/>\nKasserersuppleant tiltr\u00e6der med \u00f8jeblikkelig virkning, s\u00e5fremt kasseren m\u00e5 tr\u00e6de tilbage.<\/p>\n<p><b>\u00a712 \u2013 Budget<\/b><br \/>\nBestyrelsen udarbejder p\u00e5 grundlag af klubbens virksomhed for det kommende \u00e5r et budgetforslag, der forel\u00e6gges p\u00e5 den ordin\u00e6re generalforsamling, ligesom bestyrelsen fremkommer med forslag til det f\u00f8lgende \u00e5rs kontingenter.<\/p>\n<p><strong>\u00a713 \u2013 DMGs medie<\/strong><br \/>\nDMGs officielle webadresse er: www.musgerbil.dk &#8211; webmaster udpeges af bestyrelsen.<br \/>\nDette medie betragtes som officielt. Al information, indbydelser, indkaldelse til GF, referater og udstillingsresultater bringes her.<\/p>\n<p><strong>\u00a714 \u2013 Stambogskontor<\/strong><br \/>\nStambogskontoret er underlagt bestyrelsen. Stambogskontoret skal forest\u00e5 stambogsf\u00f8ring af medlemmernes dyr og registrere opdr\u00e6ttere, efter de g\u00e6ldende retningslinjer, som godkendt af hovedbestyrelsen.<br \/>\nAlle stambogsf\u00f8rte dyr, skal registreres i DMGs online Stambog efter g\u00e6ldende retningslinjer, som godkendt af bestyrelsen.<br \/>\nStambogskontoret best\u00e5r af to stambogsf\u00f8rerer, 1 til mus og 1 til gerbil, som udpeges af bestyrelsen.<br \/>\nStambogsf\u00f8rerne skal v\u00e6re myndige. Stambogsf\u00f8rerne har ret til en observationspost i bestyrelsen, s\u00e5fremt disse ikke er medlem heraf. Stambogsf\u00f8rerne afl\u00e6gger beretning p\u00e5 Generalforsamling. I \u00f8vrigt henvises til regler for stambogsf\u00f8ring.<\/p>\n<p><strong>\u00a715 \u2013 PR<\/strong><br \/>\nBestyrelsen udpeger en PR ansvarlig. Den PR ansvarlige kan v\u00e6re bestyrelsesmedlem eller menigt medlem af foreningen.<\/p>\n<p><strong>\u00a716 \u2013 Udstilling<\/strong><br \/>\n<span style=\"text-decoration: underline\">Stk. 1<\/span> &#8211; Udstillinger afholdes efter g\u00e6ldende udstillingsregler. Udstillingsreglerne fasts\u00e6ttes af udstillingsudvalget. \u00c6ndringer i udstillingsreglerne kan foretages af udstillingsudvalget uden generalforsamlingens godkendelse.<\/p>\n<p><span style=\"text-decoration: underline\">Stk. 2<\/span> \u2013 Udstillingsudvalget neds\u00e6ttes af bestyrelsen.<\/p>\n<p><span style=\"text-decoration: underline\">Stk. 3<\/span> \u2013 Dommerudvalg best\u00e5r af alle aktive dommere og \u2013elever. Der stilles krav om rimelig aktivitet for medlemmerne i dommerudvalget.<br \/>\nUddannelse af dommere f\u00f8lger de af dommerudvalget bestemte retningslinjer godkendt af hovedbestyrelsen.<\/p>\n<p><span style=\"text-decoration: underline\">Stk. 4<\/span> \u2013 Dommerudvalgets form\u00e5l er at uddanne dommere, behandle dommerklager, indstille til godkendelse af nye standarder til bestyrelsen, vedligeholde nuv\u00e6rende standarder, s\u00f8rger for relevante \u00e6ndringer i uddannelse og Dommermappen.<\/p>\n<p><span style=\"text-decoration: underline\">Stk. 5<\/span> \u2013 Dommere og \u2013elever kan fratages deres hverv af hovedbestyrelsen ved simpelt flertal, s\u00e5fremt de ikke opfylder retningslinjerne for tillidsposten beskrevet i Dommermappen, som er godkendt af hovedbestyrelsen.<\/p>\n<p><span style=\"text-decoration: underline\">Stk. 6<\/span> \u2013 Dommerudvalget v\u00e6lger selv en kontaktperson, som varetager alle henvendelser vedr\u00f8rende udvalgets arbejde. Udvalget v\u00e6lger selv ansvarlige for de enkelte arbejdsopgaver.<\/p>\n<p><span style=\"text-decoration: underline\">Stk. 7<\/span> &#8211; Ved deltagelse i udstillinger i andre klubber\/organisationer forventes det, at man overholder DMGs etiske retningslinjer for udstilling. Titler opn\u00e5et p\u00e5 disse udstillinger kan p\u00e5f\u00f8res evt. stamtavle, hvis dyret er stambogsf\u00f8rt i Stambogen.<\/p>\n<p><strong>\u00a717 \u2013 Vedt\u00e6gts\u00e6ndringer<\/strong><br \/>\n\u00c6ndringer i vedt\u00e6gterne kan kun foreg\u00e5 ved urafstemning blandt foreningens medlemmer.<br \/>\nVed vedt\u00e6gts\u00e6ndring kr\u00e6ves der mindst 2\/3 af stemmerne for \u00e6ndringsforslaget.<\/p>\n<p><strong>\u00a718 \u2013 Opl\u00f8sning af foreningen<\/strong><br \/>\nForslag om foreningens opl\u00f8sning skal frems\u00e6ttes p\u00e5 en ordin\u00e6r generalforsamling &#8211; jf. \u00a7 8, stk. 1.<br \/>\nVed opl\u00f8sning af foreningen kan dens midler kun anvendes til form\u00e5l, der ang\u00e5r dyrevelf\u00e6rd, hvorfor forslag herom skal indg\u00e5 i det indsendte forslag.<\/p>\n<p>For at forslaget kan vedtages kr\u00e6ves:<br \/>\n&#8211; at det p\u00e5 den ordin\u00e6re generalforsamling opn\u00e5r 2\/3 af de afgivne stemmer.<br \/>\n&#8211; at forslaget genfrems\u00e6ttes p\u00e5 en ekstraordin\u00e6r generalforsamling senest en m\u00e5ned efter den ordin\u00e6re generalforsamling og her opn\u00e5r mindst 2\/3 af de afgivne stemmer. Den ekstraordin\u00e6re generalforsamling indkaldes efter de i \u00a7 9 anf\u00f8rte bestemmelser.<\/p>\n<p>&nbsp;<\/p>\n<p>Vedtaget p\u00e5 stiftende generalforsamling d. 10. maj 2014 i Odense.<\/p>\n","protected":false},"excerpt":{"rendered":"<p>\u00a71 &#8211; Navn &amp; Hjemsted Foreningens navn er \u201dDansk Mus &amp; Gerbil\u201d \u2013 forkortet DMG. Disse regler g\u00e6lder kun for medlemmer jf. \u00a74. Foreningens hjemsted er kasserens adresse. \u00a72 \u2013 [&hellip;]<\/p>\n","protected":false},"author":1,"featured_media":0,"parent":26,"menu_order":0,"comment_status":"closed","ping_status":"closed","template":"","meta":{"site-sidebar-layout":"default","site-content-layout":"","ast-site-content-layout":"","site-content-style":"default","site-sidebar-style":"default","ast-global-header-display":"","ast-banner-title-visibility":"","ast-main-header-display":"","ast-hfb-above-header-display":"","ast-hfb-below-header-display":"","ast-hfb-mobile-header-display":"","site-post-title":"","ast-breadcrumbs-content":"","ast-featured-img":"","footer-sml-layout":"","theme-transparent-header-meta":"","adv-header-id-meta":"","stick-header-meta":"","header-above-stick-meta":"","header-main-stick-meta":"","header-below-stick-meta":"","astra-migrate-meta-layouts":"default","ast-page-background-enabled":"default","ast-page-background-meta":{"desktop":{"background-color":"var(--ast-global-color-4)","background-image":"","background-repeat":"repeat","background-position":"center center","background-size":"auto","background-attachment":"scroll","background-type":"","background-media":"","overlay-type":"","overlay-color":"","overlay-opacity":"","overlay-gradient":""},"tablet":{"background-color":"","background-image":"","background-repeat":"repeat","background-position":"center center","background-size":"auto","background-attachment":"scroll","background-type":"","background-media":"","overlay-type":"","overlay-color":"","overlay-opacity":"","overlay-gradient":""},"mobile":{"background-color":"","background-image":"","background-repeat":"repeat","background-position":"center center","background-size":"auto","background-attachment":"scroll","background-type":"","background-media":"","overlay-type":"","overlay-color":"","overlay-opacity":"","overlay-gradient":""}},"ast-content-background-meta":{"desktop":{"background-color":"var(--ast-global-color-5)","background-image":"","background-repeat":"repeat","background-position":"center center","background-size":"auto","background-attachment":"scroll","background-type":"","background-media":"","overlay-type":"","overlay-color":"","overlay-opacity":"","overlay-gradient":""},"tablet":{"background-color":"var(--ast-global-color-5)","background-image":"","background-repeat":"repeat","background-position":"center center","background-size":"auto","background-attachment":"scroll","background-type":"","background-media":"","overlay-type":"","overlay-color":"","overlay-opacity":"","overlay-gradient":""},"mobile":{"background-color":"var(--ast-global-color-5)","background-image":"","background-repeat":"repeat","background-position":"center center","background-size":"auto","background-attachment":"scroll","background-type":"","background-media":"","overlay-type":"","overlay-color":"","overlay-opacity":"","overlay-gradient":""}},"ngg_post_thumbnail":0,"footnotes":""},"class_list":["post-78","page","type-page","status-publish","hentry"],"_links":{"self":[{"href":"https:\/\/musgerbil.dk\/index.php?rest_route=\/wp\/v2\/pages\/78"}],"collection":[{"href":"https:\/\/musgerbil.dk\/index.php?rest_route=\/wp\/v2\/pages"}],"about":[{"href":"https:\/\/musgerbil.dk\/index.php?rest_route=\/wp\/v2\/types\/page"}],"author":[{"embeddable":true,"href":"https:\/\/musgerbil.dk\/index.php?rest_route=\/wp\/v2\/users\/1"}],"replies":[{"embeddable":true,"href":"https:\/\/musgerbil.dk\/index.php?rest_route=%2Fwp%2Fv2%2Fcomments&post=78"}],"version-history":[{"count":18,"href":"https:\/\/musgerbil.dk\/index.php?rest_route=\/wp\/v2\/pages\/78\/revisions"}],"predecessor-version":[{"id":11452,"href":"https:\/\/musgerbil.dk\/index.php?rest_route=\/wp\/v2\/pages\/78\/revisions\/11452"}],"up":[{"embeddable":true,"href":"https:\/\/musgerbil.dk\/index.php?rest_route=\/wp\/v2\/pages\/26"}],"wp:attachment":[{"href":"https:\/\/musgerbil.dk\/index.php?rest_route=%2Fwp%2Fv2%2Fmedia&parent=78"}],"curies":[{"name":"wp","href":"https:\/\/api.w.org\/{rel}","templated":true}]}}