{"id":6807,"date":"2016-02-07T16:55:56","date_gmt":"2016-02-07T15:55:56","guid":{"rendered":"http:\/\/musgerbil.dk\/?page_id=6807"},"modified":"2022-02-17T23:48:48","modified_gmt":"2022-02-17T22:48:48","slug":"restultater-for-slagelse-6-februar-2016","status":"publish","type":"page","link":"https:\/\/musgerbil.dk\/?page_id=6807","title":{"rendered":"Restultater for Slagelse 6 februar 2016"},"content":{"rendered":"<h1><strong><u>Udstillingens pr\u00e6mieringer<\/u><\/strong><\/h1>\n<p><a href=\"http:\/\/issuu.com\/danskmusgerbil\/docs\/slagelse_6_februar_2016_resultater\" target=\"_blank\" rel=\"noopener\">Se de samlede resultater her &#8211; \u00e5bner i nyt vindue<\/a><\/p>\n<h2>B\u00f8rnedyr<\/h2>\n<p><span style=\"text-decoration: underline\"><strong>Best in Show<\/strong><\/span><br \/>\nCHb MMD Starstruck<\/p>\n<h2><strong><u>Sj\u00e6ldne Arter<\/u><\/strong><\/h2>\n<p><span style=\"text-decoration: underline\"><strong>Best in Show<br \/>\n<\/strong><\/span><strong>Standard<\/strong> \u2013 CH Satomis Buttercup<\/p>\n<h2><strong><u>\u00d8rkenrotter <\/u><\/strong><\/h2>\n<p><span style=\"text-decoration: underline\"><strong>Best in Variety<\/strong><\/span><br \/>\n<strong>Tippede<\/strong> \u2013 CH Tusse\u2019s Tumle<br \/>\n<strong>jr Pointed<\/strong> \u2013 Tsunamis Ricin<\/p>\n<p><span style=\"text-decoration: underline\"><strong>Best in Show<br \/>\n<\/strong><\/span><strong>Standard<\/strong> \u2013 CH Tusse&#8217;s Tumle<br \/>\n<strong>Jr. Standard<\/strong> \u2013 jrCh Kasse&#8217;s Elvis Wiggle Hips<br \/>\n<strong>jr. Sj\u00e6lden Variant<\/strong> \u2013 jrCHsv LUX Zetha<br \/>\n<strong>K\u00e6ledyr<\/strong> \u2013 CHp Lunde<\/p>\n<h2><strong><u>Mus <\/u><\/strong><\/h2>\n<p><span style=\"text-decoration: underline\"><strong>Best in Variety<br \/>\n<\/strong><\/span><strong>Self<\/strong> \u2013 CH Fantasias Owly<br \/>\n<strong>Jr Self<\/strong> \u2013 PR Technotrold<br \/>\n<strong>Tan \/ Fox<\/strong> \u2013 Golden&#8217;s Nolavi<br \/>\n<strong>Hvide aftegn <\/strong>\u2013 Oakwood Kelly<br \/>\n<strong>jr Pointed <\/strong>&#8211; jrCH LUX Batari<\/p>\n<p><span style=\"text-decoration: underline\"><strong>Best in Show<br \/>\n<\/strong><\/span><strong>Standard<\/strong> \u2013 CH Fantasias Owly<br \/>\n<strong>Jr Standard<\/strong> \u2013 jrCH LUX Batari<br \/>\n<strong>Sj\u00e6lden Variant<\/strong> \u2013 jrCHsv Golden&#8217;s \u00c4gdusa<br \/>\n<strong>Jr Sj\u00e6lden Variant<\/strong> \u2013 jrCHsv Tsunamis Udine<br \/>\n<strong>K\u00e6ledyr<\/strong> \u2013 CHp Rainbow&#8217;s Stargazor<br \/>\n<strong>Jr K\u00e6ledyr <\/strong>&#8211; PR Violas Limp Bizkit<\/p>\n<h1><strong><u>Dommerens Favorit<\/u><\/strong><\/h1>\n<p>Sofie Nygaard: Golden&#8217;s Abder<br \/>\nPatricia \u00d8stdal: Tsunamis Thura<br \/>\nAne Andersen: Kia<br \/>\nPia Brix: Satomis Swizzle Malarkey<br \/>\nBirgitta Gutke: Fantasias Pjok<\/p>\n<h1><strong><u>Sekret\u00e6rens Favorit<\/u><\/strong><\/h1>\n<p>Pernille: Kasse&#8217;s BetteL\u00e5rd<br \/>\nPatricia S: LUX Papaya<\/p>\n<h1><strong><u>Dyrl\u00e6gens Favorit<\/u><\/strong><\/h1>\n<p>Golden&#8217;s Abder<\/p>\n<h1><strong><u>Publikums Favorit<\/u><\/strong><\/h1>\n<p>Nullermand<\/p>\n<h1><strong><u>Udstillingens Titeltagere<\/u><\/strong><\/h1>\n<p><strong><span style=\"text-decoration: underline\">B\u00f8rnedyr<\/span><\/strong><br \/>\n<span style=\"text-decoration: underline\">Champion &#8211; CHb &#8211; 90+ point<br \/>\n<\/span>#B1 &#8211; CHb MMD Starstruck<br \/>\n#B4 &#8211; CHb Violas Doodle Doo<br \/>\n#B5 &#8211; CHb Nullermand<\/p>\n<p><strong><u>Sj\u00e6ldne Arter<br \/>\n<\/u><\/strong><span style=\"text-decoration: underline\">Promising &#8211; PR &#8211; 87+ Point<br \/>\n<\/span>#SA3 &#8211; PR Violas Dr. Jerkill<\/p>\n<p><u>Champion standard \u2013 CH \/ jrCH \u2013 90+ point<br \/>\n<\/u>#SA1 &#8211; CH Satomis Buttercup<\/p>\n<p><strong><u>\u00d8rkenrotter<br \/>\n<\/u><\/strong><u>Promising \u2013 PR \u2013 87+ point<br \/>\n<\/u>#\u00d8 &#8211; PR LUX Tau<\/p>\n<p><u>Champion standard \u2013 CH \/ jrCH \u2013 90+ point<br \/>\n<\/u>#\u00d81 &#8211; jrCH Elvis Wiggle Hips<br \/>\n#\u00d88 &#8211; jrCH Kasse&#8217;s BetteL\u00e5rd<br \/>\n#\u00d84 &#8211; CH Tusse&#8217;s Tumle<br \/>\n#\u00d86 &#8211; CH Kia<\/p>\n<p><u>Champion sj\u00e6lden variant \u2013 CHsv \/ jrCHsv \u2013 90+ point<br \/>\n<\/u>#\u00d812 &#8211; jrCHsv LUX Zetha<\/p>\n<p><u>Champion k\u00e6ledyr \u2013 CHp \/ jrCHp \u2013 90+ point<br \/>\n#<\/u>\u00d817 &#8211; CHp Lunde<\/p>\n<p><u>Certifikat K\u00e6ledyr \u2013 opn\u00e5else af 90+ point, efter Grand Champion titel opn\u00e5et<br \/>\n#<\/u>\u00d818 \u2013 GrCHp LUX Ludvig<\/p>\n<p>&nbsp;<\/p>\n<p><strong><u>Mus<br \/>\n<\/u><\/strong><u>Promising \u2013 PR \u2013 87+ point<br \/>\n<\/u>#M8 &#8211; PR Violas Technotrold<br \/>\n#M61 &#8211; PR Tsunamis Ulf<br \/>\n#M62 &#8211; PR Tsunamis Uma<br \/>\n#M74 &#8211; PR Violas Limp Bizkit<\/p>\n<p><u>Champion standard \u2013 CH \/ jrCH \u2013 90+ point<br \/>\n<\/u>#M29 &#8211; jrCH LUX Batari <u><br \/>\n<\/u>#M17 &#8211; CH Fantasias Owly<br \/>\n#M21 &#8211; CH Golden&#8217;s Acobie<br \/>\n#M24 &#8211; CH Golden&#8217;s Abder<br \/>\n#M27 &#8211; CH Golden&#8217;s Raquan<\/p>\n<p><u>Champion Sj\u00e6lden Variant \u2013 CHsv \/ jrCHsv \u2013 90+ point<\/u><br \/>\n#M65 &#8211; jrCHsv Tsunamis Undine<br \/>\n#M51 &#8211; CHsv LUX Nalle<br \/>\n#M53 &#8211; CHsv (SE) Bandit<br \/>\n#M54 &#8211; CHsv Golden&#8217;s \u00c4gdusa<\/p>\n<p><u>Champion k\u00e6ledyr \u2013 CHp \/ jrCHp \u2013 90+ point<br \/>\n<\/u>#M78 &#8211; CHp Oakwood Sundae<br \/>\n#M86 &#8211; CHp Rainbow&#8217;s Stargazor<\/p>\n","protected":false},"excerpt":{"rendered":"<p>Udstillingens pr\u00e6mieringer Se de samlede resultater her &#8211; \u00e5bner i nyt vindue B\u00f8rnedyr Best in Show CHb MMD Starstruck Sj\u00e6ldne Arter Best in Show Standard \u2013 CH Satomis Buttercup \u00d8rkenrotter [&hellip;]<\/p>\n","protected":false},"author":1,"featured_media":0,"parent":88,"menu_order":0,"comment_status":"closed","ping_status":"closed","template":"","meta":{"site-sidebar-layout":"default","site-content-layout":"","ast-site-content-layout":"","site-content-style":"default","site-sidebar-style":"default","ast-global-header-display":"","ast-banner-title-visibility":"","ast-main-header-display":"","ast-hfb-above-header-display":"","ast-hfb-below-header-display":"","ast-hfb-mobile-header-display":"","site-post-title":"","ast-breadcrumbs-content":"","ast-featured-img":"","footer-sml-layout":"","theme-transparent-header-meta":"","adv-header-id-meta":"","stick-header-meta":"","header-above-stick-meta":"","header-main-stick-meta":"","header-below-stick-meta":"","astra-migrate-meta-layouts":"default","ast-page-background-enabled":"default","ast-page-background-meta":{"desktop":{"background-color":"var(--ast-global-color-4)","background-image":"","background-repeat":"repeat","background-position":"center center","background-size":"auto","background-attachment":"scroll","background-type":"","background-media":"","overlay-type":"","overlay-color":"","overlay-opacity":"","overlay-gradient":""},"tablet":{"background-color":"","background-image":"","background-repeat":"repeat","background-position":"center center","background-size":"auto","background-attachment":"scroll","background-type":"","background-media":"","overlay-type":"","overlay-color":"","overlay-opacity":"","overlay-gradient":""},"mobile":{"background-color":"","background-image":"","background-repeat":"repeat","background-position":"center center","background-size":"auto","background-attachment":"scroll","background-type":"","background-media":"","overlay-type":"","overlay-color":"","overlay-opacity":"","overlay-gradient":""}},"ast-content-background-meta":{"desktop":{"background-color":"var(--ast-global-color-5)","background-image":"","background-repeat":"repeat","background-position":"center center","background-size":"auto","background-attachment":"scroll","background-type":"","background-media":"","overlay-type":"","overlay-color":"","overlay-opacity":"","overlay-gradient":""},"tablet":{"background-color":"var(--ast-global-color-5)","background-image":"","background-repeat":"repeat","background-position":"center center","background-size":"auto","background-attachment":"scroll","background-type":"","background-media":"","overlay-type":"","overlay-color":"","overlay-opacity":"","overlay-gradient":""},"mobile":{"background-color":"var(--ast-global-color-5)","background-image":"","background-repeat":"repeat","background-position":"center center","background-size":"auto","background-attachment":"scroll","background-type":"","background-media":"","overlay-type":"","overlay-color":"","overlay-opacity":"","overlay-gradient":""}},"ngg_post_thumbnail":0,"footnotes":""},"class_list":["post-6807","page","type-page","status-publish","hentry"],"_links":{"self":[{"href":"https:\/\/musgerbil.dk\/index.php?rest_route=\/wp\/v2\/pages\/6807"}],"collection":[{"href":"https:\/\/musgerbil.dk\/index.php?rest_route=\/wp\/v2\/pages"}],"about":[{"href":"https:\/\/musgerbil.dk\/index.php?rest_route=\/wp\/v2\/types\/page"}],"author":[{"embeddable":true,"href":"https:\/\/musgerbil.dk\/index.php?rest_route=\/wp\/v2\/users\/1"}],"replies":[{"embeddable":true,"href":"https:\/\/musgerbil.dk\/index.php?rest_route=%2Fwp%2Fv2%2Fcomments&post=6807"}],"version-history":[{"count":4,"href":"https:\/\/musgerbil.dk\/index.php?rest_route=\/wp\/v2\/pages\/6807\/revisions"}],"predecessor-version":[{"id":10930,"href":"https:\/\/musgerbil.dk\/index.php?rest_route=\/wp\/v2\/pages\/6807\/revisions\/10930"}],"up":[{"embeddable":true,"href":"https:\/\/musgerbil.dk\/index.php?rest_route=\/wp\/v2\/pages\/88"}],"wp:attachment":[{"href":"https:\/\/musgerbil.dk\/index.php?rest_route=%2Fwp%2Fv2%2Fmedia&parent=6807"}],"curies":[{"name":"wp","href":"https:\/\/api.w.org\/{rel}","templated":true}]}}