{"id":6793,"date":"2016-01-25T08:29:42","date_gmt":"2016-01-25T07:29:42","guid":{"rendered":"http:\/\/musgerbil.dk\/?page_id=6793"},"modified":"2022-02-17T23:48:49","modified_gmt":"2022-02-17T22:48:49","slug":"pointjagt-2016","status":"publish","type":"page","link":"https:\/\/musgerbil.dk\/?page_id=6793","title":{"rendered":"Pointjagt 2017"},"content":{"rendered":"<p>Opt\u00e6llingen af pointjagten sker efter hver udstilling, men afsl\u00f8res f\u00f8rst p\u00e5 n\u00e6stkommende \u00e5rs f\u00f8rste udstilling.<\/p>\n<table style=\"width: 100%;border-collapse: collapse;border-style: none\" border=\"1\">\n<tbody>\n<tr style=\"border-style: none\">\n<td style=\"width: 100%;border-style: none;height: 65px\">\n<h1><strong><em>Resultat for 2017<\/em><\/strong><\/h1>\n<\/td>\n<\/tr>\n<\/tbody>\n<\/table>\n<table style=\"width: 944px;border-style: none\" border=\"1\">\n<tbody>\n<tr>\n<td style=\"width: 469px;border-style: none\">\n<h2>B\u00f8rnedyr<\/h2>\n<\/td>\n<td style=\"width: 475px;border-style: none\">&nbsp;<\/td>\n<\/tr>\n<tr>\n<td style=\"width: 469px;border-style: none;padding-left: 30px\">1. BOYb-17 GRCHp Athos<\/td>\n<td style=\"width: 475px;border-style: none\">185 point<\/td>\n<\/tr>\n<tr>\n<td style=\"width: 469px;border-style: none;padding-left: 30px\">2. GRCHb Nullermand<\/td>\n<td style=\"width: 475px;border-style: none\">180 point<\/td>\n<\/tr>\n<tr>\n<td style=\"width: 469px;border-style: none;padding-left: 30px\">3. CHb Dixie<\/td>\n<td style=\"width: 475px;border-style: none\">100 point<\/td>\n<\/tr>\n<\/tbody>\n<\/table>\n<table style=\"height: 139px;width: 938px;border-style: none\" border=\"1\">\n<tbody>\n<tr style=\"height: 68px\">\n<td style=\"width: 471px;height: 68px;border-style: none\">\n<h2>Mus &#8211; K\u00e6ledyr<\/h2>\n<\/td>\n<td style=\"width: 467px;height: 68px;border-style: none\">&nbsp;<\/td>\n<\/tr>\n<tr style=\"height: 29px\">\n<td style=\"width: 471px;height: 29px;border-style: none;padding-left: 30px\">1. BOYpM-17 GRCHp MMD Knud<\/td>\n<td style=\"width: 467px;height: 29px;border-style: none\">300 point<\/td>\n<\/tr>\n<tr style=\"height: 21px\">\n<td style=\"width: 471px;height: 21px;border-style: none;padding-left: 30px\">2. CHp Tsunamis Rio Grande<\/td>\n<td style=\"width: 467px;height: 21px;border-style: none\">189 point<\/td>\n<\/tr>\n<tr style=\"height: 21px\">\n<td style=\"width: 471px;height: 21px;border-style: none;padding-left: 30px\">3. CHp Vejlmus&#8217; Cinderella<\/td>\n<td style=\"width: 467px;height: 21px;border-style: none\">185 point<\/td>\n<\/tr>\n<\/tbody>\n<\/table>\n<table style=\"width: 953px;border-style: none\" border=\"1\">\n<tbody>\n<tr>\n<td style=\"width: 456px;border-style: none\">\n<h2>Mus &#8211; Standard<\/h2>\n<\/td>\n<td style=\"width: 497px;border-style: none\">&nbsp;<\/td>\n<\/tr>\n<tr>\n<td style=\"width: 456px;padding-left: 30px;border-style: none\">1. BOYstM-17 CH Golden&#8217;s \u00c4isk<\/td>\n<td style=\"width: 497px;border-style: none\">271 point<\/td>\n<\/tr>\n<tr>\n<td style=\"width: 456px;padding-left: 30px;border-style: none\">2. CH Golden&#8217;s \u00c4isk<\/td>\n<td style=\"width: 497px;border-style: none\">203 point<\/td>\n<\/tr>\n<tr>\n<td style=\"width: 456px;padding-left: 30px;border-style: none\">3. CH Golden&#8217;s Lilu<\/td>\n<td style=\"width: 497px;border-style: none\">193 point<\/td>\n<\/tr>\n<\/tbody>\n<\/table>\n<table style=\"width: 952px;border-style: none\" border=\"1\">\n<tbody>\n<tr>\n<td style=\"width: 459px;border-style: none\">\n<h2>Mus &#8211; Sj\u00e6lden variant<\/h2>\n<\/td>\n<td style=\"width: 493px;border-style: none\">&nbsp;<\/td>\n<\/tr>\n<tr>\n<td style=\"width: 459px;padding-left: 30px;border-style: none\">1. BOYsvM-17 CHsv Vejlmus&#8217; Oak<\/td>\n<td style=\"width: 493px;border-style: none\">188 point<\/td>\n<\/tr>\n<tr>\n<td style=\"width: 459px;padding-left: 30px;border-style: none\">2. CHsv Vejlmus&#8217; Den grimme \u00e6lling<\/td>\n<td style=\"width: 493px;border-style: none\">176 point<\/td>\n<\/tr>\n<tr>\n<td style=\"width: 459px;padding-left: 30px;border-style: none\">3. CHsv Tsunamis Elaine<\/td>\n<td style=\"width: 493px;border-style: none\">98 point<\/td>\n<\/tr>\n<\/tbody>\n<\/table>\n<table style=\"width: 950px;border-style: none\" border=\"1\">\n<tbody>\n<tr>\n<td style=\"width: 502px;border-style: none\">\n<h2>\u00d8rkenrotter &#8211; K\u00e6ledyr<\/h2>\n<\/td>\n<\/tr>\n<tr>\n<td style=\"width: 502px;padding-left: 30px;border-style: none\">1. BOYpG-17 CHp Golden\u2019s Chicko<\/td>\n<td style=\"width: 564px;border-style: none\">175 point<\/td>\n<\/tr>\n<tr>\n<td style=\"width: 502px;padding-left: 30px;border-style: none\">2.CHp Satomis Heat Wave<\/td>\n<td style=\"width: 564px;border-style: none\">102 point<\/td>\n<\/tr>\n<tr>\n<td style=\"width: 502px;padding-left: 30px;border-style: none\">3.CHp Jubjub bird<\/td>\n<td style=\"width: 564px;border-style: none\">100 point<\/td>\n<\/tr>\n<\/tbody>\n<\/table>\n<table style=\"width: 954px;border-style: none\" border=\"1\">\n<tbody>\n<tr>\n<td style=\"width: 455px;border-style: none\">\n<h2>\u00d8rkenrotter &#8211; Standard<\/h2>\n<\/td>\n<td style=\"width: 499px;border-style: none\">&nbsp;<\/td>\n<\/tr>\n<tr>\n<td style=\"width: 455px;padding-left: 30px;border-style: none\">1. BOYstG-17 CH Golden\u2019s Roulette<\/td>\n<td style=\"width: 499px;border-style: none\">268 point<\/td>\n<\/tr>\n<tr>\n<td style=\"width: 455px;padding-left: 30px;border-style: none\">2. CH Golden\u2019s Fresse<\/td>\n<td style=\"width: 499px;border-style: none\">101 point<\/td>\n<\/tr>\n<tr>\n<td style=\"width: 455px;padding-left: 30px;border-style: none\">3. Kasse\u2019s Never ignore Coincidence<\/td>\n<td style=\"width: 499px;border-style: none\">99 point<\/td>\n<\/tr>\n<\/tbody>\n<\/table>\n<table style=\"width: 957px;border-style: none\" border=\"1\">\n<tbody>\n<tr>\n<td style=\"width: 452px;border-style: none\">\n<h2>\u00d8rkenrotter &#8211; Sj\u00e6lden variant<\/h2>\n<\/td>\n<td style=\"width: 505px;border-style: none\">&nbsp;<\/td>\n<\/tr>\n<tr>\n<td style=\"width: 452px;padding-left: 30px;border-style: none\">1. BOYsvG-17 CHsv Kasse&#8217;s Piw<\/td>\n<td style=\"width: 505px;border-style: none\">179 point<\/td>\n<\/tr>\n<tr>\n<td style=\"width: 452px;padding-left: 30px;border-style: none\">2. CHsv Golden\u2019s Lilu<\/td>\n<td style=\"width: 505px;border-style: none\">95 point<\/td>\n<\/tr>\n<tr>\n<td style=\"width: 452px;padding-left: 30px;border-style: none\">3. CHsv Golden\u2019s Zapp<\/td>\n<td style=\"width: 505px;border-style: none\">93 point<\/td>\n<\/tr>\n<\/tbody>\n<\/table>\n<table style=\"width: 960px;border-style: none\" border=\"1\">\n<tbody>\n<tr>\n<td style=\"width: 453px;border-style: none\">\n<h2>Sj\u00e6ldne arter &#8211; K\u00e6ledyr<\/h2>\n<\/td>\n<td style=\"width: 507px;border-style: none\">&nbsp;<\/td>\n<\/tr>\n<tr>\n<td style=\"width: 453px;padding-left: 30px;border-style: none\">1. BOYpSA-17 CHp Golden\u2019s Svart<\/td>\n<td style=\"width: 507px;border-style: none\">296 point<\/td>\n<\/tr>\n<tr>\n<td style=\"width: 453px;padding-left: 30px;border-style: none\">2. CHp Golden\u2019s Jane<\/td>\n<td style=\"width: 507px;border-style: none\">193 point<\/td>\n<\/tr>\n<tr>\n<td style=\"width: 453px;padding-left: 30px;border-style: none\">3. CHp Tsunamis Starlet<\/td>\n<td style=\"width: 507px;border-style: none\">187 point<\/td>\n<\/tr>\n<\/tbody>\n<\/table>\n<table style=\"height: 136px;border-style: none;width: 966px\" width=\"966\" border=\"1\">\n<tbody>\n<tr>\n<td style=\"width: 446px;border-style: none\">\n<h2>Sj\u00e6ldne arter &#8211; Standard<\/h2>\n<\/td>\n<td style=\"width: 504px;border-style: none\">&nbsp;<\/td>\n<\/tr>\n<tr>\n<td style=\"width: 446px;padding-left: 30px;border-style: none\">1. BOYstSA-17 CHp Aramis<\/td>\n<td style=\"width: 504px;border-style: none\">99 point<\/td>\n<\/tr>\n<tr>\n<td style=\"width: 446px;padding-left: 30px;border-style: none\">2. CH Bailey<\/td>\n<td style=\"width: 504px;border-style: none\">95 point<\/td>\n<\/tr>\n<tr>\n<td style=\"width: 446px;padding-left: 30px;border-style: none\">3. CH Caroline<\/td>\n<td style=\"width: 504px;border-style: none\">91 point<\/td>\n<\/tr>\n<\/tbody>\n<\/table>\n<p>&nbsp;<\/p>\n","protected":false},"excerpt":{"rendered":"<p>Opt\u00e6llingen af pointjagten sker efter hver udstilling, men afsl\u00f8res f\u00f8rst p\u00e5 n\u00e6stkommende \u00e5rs f\u00f8rste udstilling. Resultat for 2017 B\u00f8rnedyr &nbsp; 1. BOYb-17 GRCHp Athos 185 point 2. GRCHb Nullermand 180 [&hellip;]<\/p>\n","protected":false},"author":1,"featured_media":0,"parent":4125,"menu_order":0,"comment_status":"closed","ping_status":"closed","template":"","meta":{"site-sidebar-layout":"default","site-content-layout":"","ast-site-content-layout":"","site-content-style":"default","site-sidebar-style":"default","ast-global-header-display":"","ast-banner-title-visibility":"","ast-main-header-display":"","ast-hfb-above-header-display":"","ast-hfb-below-header-display":"","ast-hfb-mobile-header-display":"","site-post-title":"","ast-breadcrumbs-content":"","ast-featured-img":"","footer-sml-layout":"","theme-transparent-header-meta":"","adv-header-id-meta":"","stick-header-meta":"","header-above-stick-meta":"","header-main-stick-meta":"","header-below-stick-meta":"","astra-migrate-meta-layouts":"default","ast-page-background-enabled":"default","ast-page-background-meta":{"desktop":{"background-color":"var(--ast-global-color-4)","background-image":"","background-repeat":"repeat","background-position":"center center","background-size":"auto","background-attachment":"scroll","background-type":"","background-media":"","overlay-type":"","overlay-color":"","overlay-opacity":"","overlay-gradient":""},"tablet":{"background-color":"","background-image":"","background-repeat":"repeat","background-position":"center center","background-size":"auto","background-attachment":"scroll","background-type":"","background-media":"","overlay-type":"","overlay-color":"","overlay-opacity":"","overlay-gradient":""},"mobile":{"background-color":"","background-image":"","background-repeat":"repeat","background-position":"center center","background-size":"auto","background-attachment":"scroll","background-type":"","background-media":"","overlay-type":"","overlay-color":"","overlay-opacity":"","overlay-gradient":""}},"ast-content-background-meta":{"desktop":{"background-color":"var(--ast-global-color-5)","background-image":"","background-repeat":"repeat","background-position":"center center","background-size":"auto","background-attachment":"scroll","background-type":"","background-media":"","overlay-type":"","overlay-color":"","overlay-opacity":"","overlay-gradient":""},"tablet":{"background-color":"var(--ast-global-color-5)","background-image":"","background-repeat":"repeat","background-position":"center center","background-size":"auto","background-attachment":"scroll","background-type":"","background-media":"","overlay-type":"","overlay-color":"","overlay-opacity":"","overlay-gradient":""},"mobile":{"background-color":"var(--ast-global-color-5)","background-image":"","background-repeat":"repeat","background-position":"center center","background-size":"auto","background-attachment":"scroll","background-type":"","background-media":"","overlay-type":"","overlay-color":"","overlay-opacity":"","overlay-gradient":""}},"ngg_post_thumbnail":0,"footnotes":""},"class_list":["post-6793","page","type-page","status-publish","hentry"],"_links":{"self":[{"href":"https:\/\/musgerbil.dk\/index.php?rest_route=\/wp\/v2\/pages\/6793"}],"collection":[{"href":"https:\/\/musgerbil.dk\/index.php?rest_route=\/wp\/v2\/pages"}],"about":[{"href":"https:\/\/musgerbil.dk\/index.php?rest_route=\/wp\/v2\/types\/page"}],"author":[{"embeddable":true,"href":"https:\/\/musgerbil.dk\/index.php?rest_route=\/wp\/v2\/users\/1"}],"replies":[{"embeddable":true,"href":"https:\/\/musgerbil.dk\/index.php?rest_route=%2Fwp%2Fv2%2Fcomments&post=6793"}],"version-history":[{"count":11,"href":"https:\/\/musgerbil.dk\/index.php?rest_route=\/wp\/v2\/pages\/6793\/revisions"}],"predecessor-version":[{"id":10931,"href":"https:\/\/musgerbil.dk\/index.php?rest_route=\/wp\/v2\/pages\/6793\/revisions\/10931"}],"up":[{"embeddable":true,"href":"https:\/\/musgerbil.dk\/index.php?rest_route=\/wp\/v2\/pages\/4125"}],"wp:attachment":[{"href":"https:\/\/musgerbil.dk\/index.php?rest_route=%2Fwp%2Fv2%2Fmedia&parent=6793"}],"curies":[{"name":"wp","href":"https:\/\/api.w.org\/{rel}","templated":true}]}}