{"id":6627,"date":"2015-12-10T08:42:32","date_gmt":"2015-12-10T07:42:32","guid":{"rendered":"http:\/\/musgerbil.dk\/?page_id=6627"},"modified":"2024-02-11T20:50:02","modified_gmt":"2024-02-11T19:50:02","slug":"beskyttede-navne","status":"publish","type":"page","link":"https:\/\/musgerbil.dk\/?page_id=6627","title":{"rendered":"Beskyttede Navne"},"content":{"rendered":"<p>Jvf. Stambogskontorets Regler skal vi beskytte vores tidligere medlemmers opdr\u00e6tternavn:<\/p>\n<p><strong>\u00a7 4 \u2013 Beskyttede opdr\u00e6tternavne<\/strong><br \/>\nStk. 1 \u2013 Hvis en opdr\u00e6tters medlemskab s\u00e6ttes i bero, er medlemmets opdr\u00e6tternavn beskyttet i 5 \u00e5r.<br \/>\nS\u00e5fremt medlemmet indmelder sig i et opdr\u00e6ttermedlemsskab inden for denne periode, tildeles opdr\u00e6tter sit opdr\u00e6tternavn automatisk igen.<\/p>\n<p>Stk. 2 \u2013 Bliver et opdr\u00e6tternavn ikke anvendt til registrering af dyr inden for 18 mdr. efter godkendelse, kan dette opdr\u00e6tternavn tildeles anden opdr\u00e6tter, hvis ans\u00f8gt.<\/p>\n<p><strong>Beskyttet indtil 2025<br \/>\n<\/strong>Jenny&#8217;s Fluff&#8217;n&#8217;Stuff<br \/>\nTullermus<br \/>\nIzH<br \/>\nNadja&#8217;s mus<br \/>\nSchneiders Mousery<br \/>\nFantasia Mousery<br \/>\nK\u00e6ledyrshjemmet<br \/>\nAu Naturel<br \/>\nUlvmoses<br \/>\nTsunamis<\/p>\n<p><strong>Beskyttet indtil 2026<br \/>\n<\/strong>Oakwood<br \/>\nVejlmus<br \/>\nGoldens<\/p>\n<p>&nbsp;<\/p>\n<p>&nbsp;<\/p>\n<p>&nbsp;<\/p>\n<p>&nbsp;<\/p>\n<p>&nbsp;<\/p>\n","protected":false},"excerpt":{"rendered":"<p>Jvf. Stambogskontorets Regler skal vi beskytte vores tidligere medlemmers opdr\u00e6tternavn: \u00a7 4 \u2013 Beskyttede opdr\u00e6tternavne Stk. 1 \u2013 Hvis en opdr\u00e6tters medlemskab s\u00e6ttes i bero, er medlemmets opdr\u00e6tternavn beskyttet i [&hellip;]<\/p>\n","protected":false},"author":1,"featured_media":0,"parent":32,"menu_order":0,"comment_status":"closed","ping_status":"closed","template":"","meta":{"site-sidebar-layout":"default","site-content-layout":"","ast-site-content-layout":"","site-content-style":"default","site-sidebar-style":"default","ast-global-header-display":"","ast-banner-title-visibility":"","ast-main-header-display":"","ast-hfb-above-header-display":"","ast-hfb-below-header-display":"","ast-hfb-mobile-header-display":"","site-post-title":"","ast-breadcrumbs-content":"","ast-featured-img":"","footer-sml-layout":"","theme-transparent-header-meta":"","adv-header-id-meta":"","stick-header-meta":"","header-above-stick-meta":"","header-main-stick-meta":"","header-below-stick-meta":"","astra-migrate-meta-layouts":"default","ast-page-background-enabled":"default","ast-page-background-meta":{"desktop":{"background-color":"var(--ast-global-color-4)","background-image":"","background-repeat":"repeat","background-position":"center center","background-size":"auto","background-attachment":"scroll","background-type":"","background-media":"","overlay-type":"","overlay-color":"","overlay-opacity":"","overlay-gradient":""},"tablet":{"background-color":"","background-image":"","background-repeat":"repeat","background-position":"center center","background-size":"auto","background-attachment":"scroll","background-type":"","background-media":"","overlay-type":"","overlay-color":"","overlay-opacity":"","overlay-gradient":""},"mobile":{"background-color":"","background-image":"","background-repeat":"repeat","background-position":"center center","background-size":"auto","background-attachment":"scroll","background-type":"","background-media":"","overlay-type":"","overlay-color":"","overlay-opacity":"","overlay-gradient":""}},"ast-content-background-meta":{"desktop":{"background-color":"var(--ast-global-color-5)","background-image":"","background-repeat":"repeat","background-position":"center center","background-size":"auto","background-attachment":"scroll","background-type":"","background-media":"","overlay-type":"","overlay-color":"","overlay-opacity":"","overlay-gradient":""},"tablet":{"background-color":"var(--ast-global-color-5)","background-image":"","background-repeat":"repeat","background-position":"center center","background-size":"auto","background-attachment":"scroll","background-type":"","background-media":"","overlay-type":"","overlay-color":"","overlay-opacity":"","overlay-gradient":""},"mobile":{"background-color":"var(--ast-global-color-5)","background-image":"","background-repeat":"repeat","background-position":"center center","background-size":"auto","background-attachment":"scroll","background-type":"","background-media":"","overlay-type":"","overlay-color":"","overlay-opacity":"","overlay-gradient":""}},"ngg_post_thumbnail":0,"footnotes":""},"class_list":["post-6627","page","type-page","status-publish","hentry"],"_links":{"self":[{"href":"https:\/\/musgerbil.dk\/index.php?rest_route=\/wp\/v2\/pages\/6627"}],"collection":[{"href":"https:\/\/musgerbil.dk\/index.php?rest_route=\/wp\/v2\/pages"}],"about":[{"href":"https:\/\/musgerbil.dk\/index.php?rest_route=\/wp\/v2\/types\/page"}],"author":[{"embeddable":true,"href":"https:\/\/musgerbil.dk\/index.php?rest_route=\/wp\/v2\/users\/1"}],"replies":[{"embeddable":true,"href":"https:\/\/musgerbil.dk\/index.php?rest_route=%2Fwp%2Fv2%2Fcomments&post=6627"}],"version-history":[{"count":22,"href":"https:\/\/musgerbil.dk\/index.php?rest_route=\/wp\/v2\/pages\/6627\/revisions"}],"predecessor-version":[{"id":11534,"href":"https:\/\/musgerbil.dk\/index.php?rest_route=\/wp\/v2\/pages\/6627\/revisions\/11534"}],"up":[{"embeddable":true,"href":"https:\/\/musgerbil.dk\/index.php?rest_route=\/wp\/v2\/pages\/32"}],"wp:attachment":[{"href":"https:\/\/musgerbil.dk\/index.php?rest_route=%2Fwp%2Fv2%2Fmedia&parent=6627"}],"curies":[{"name":"wp","href":"https:\/\/api.w.org\/{rel}","templated":true}]}}