{"id":6507,"date":"2015-10-29T13:00:22","date_gmt":"2015-10-29T12:00:22","guid":{"rendered":"http:\/\/musgerbil.dk\/?page_id=6507"},"modified":"2022-02-17T23:48:49","modified_gmt":"2022-02-17T22:48:49","slug":"infofoldere-til-dyrehandlere","status":"publish","type":"page","link":"https:\/\/musgerbil.dk\/?page_id=6507","title":{"rendered":"Info foldere"},"content":{"rendered":"<h2>Generelle pasningsvejledninger for alle<\/h2>\n<p>I Dansk Mus &amp; Gerbil forening arbejder vi l\u00f8bende p\u00e5 informationsfoldere om de forskellige arter. Vi vil bruge dem i forbindelse med PR p\u00e5 udstillinger og andre arrangementer vi kommer ud til.<\/p>\n<p>Alle er velkommen til at downloade og printe dem ud.<br \/>\nVi opfordrer vores opdr\u00e6ttere til at printe og sende med deres k\u00f8bere ud til deres solgte dyr.<\/p>\n<p>Alle vores foldere her er tosidet, som skal foldes en gang p\u00e5 midten:<\/p>\n<ul>\n<li><a title=\"Informationsfolder om MUS\" href=\"https:\/\/musgerbil.dk\/wp-content\/uploads\/DMG-Mus.pdf\" target=\"_blank\" rel=\"noopener\">Informationsfolder om Mus<\/a><\/li>\n<li><a title=\"Informationsfolder om \u00d8RKENROTTER\" href=\"https:\/\/musgerbil.dk\/wp-content\/uploads\/DMG-\u00f8rkenrotter.pdf\" target=\"_blank\" rel=\"noopener\">Informationsfolder om \u00d8rkenrotter<\/a><\/li>\n<li><a title=\"Informationsfolder om Shaw's Jird \" href=\"https:\/\/musgerbil.dk\/wp-content\/uploads\/DMG-Shaws-jird.pdf\" target=\"_blank\" rel=\"noopener\">Informationsfolder om Shaw&#8217;s Jird<\/a><\/li>\n<li><a href=\"https:\/\/musgerbil.dk\/wp-content\/uploads\/DMG-egyptisk-gerbil2.pdf\" target=\"_blank\" rel=\"noopener\">Informationsfolder om Egyptisk\/Pallid Gerbil<\/a><\/li>\n<li><a title=\"Informationsfolder om fedthalemus\" href=\"https:\/\/musgerbil.dk\/wp-content\/uploads\/DMG-fedthalemus.pdf\" target=\"_blank\" rel=\"noopener\">Informationsfolder om Fedthalemus<\/a><\/li>\n<li>Informationsfolder om Natalmus<\/li>\n<li><a title=\"Informationsfolder om Dansk Mus &amp; Gerbil\" href=\"https:\/\/musgerbil.dk\/wp-content\/uploads\/DMG-info-folder-3.pdf\" target=\"_blank\" rel=\"noopener\">Informationsfolder om Dansk Mus &amp; Gerbil som forening<\/a><\/li>\n<\/ul>\n<p>&nbsp;<\/p>\n<h2>Generelle pasningsvejledninger til brug i dyrehandlere<\/h2>\n<p>Alle foldere er 2 sidet A4 og kan frit benyttes i dyrehandlen ifm. salg og vejledning om dyr.<\/p>\n<p>Alle vejledninger indholder de lov-p\u00e5kr\u00e6vede punkter:<\/p>\n<p>1 &#8211; Art<br \/>\n2 &#8211; Forventet levealder<br \/>\n3 &#8211; Anbefalet burst\u00f8rrelse og indretning<br \/>\n4 &#8211; S\u00e6rlige pasningsbehov herunder krav til temperatur<br \/>\n5 &#8211; Stimulering og motion<br \/>\n6 &#8211; Foder<br \/>\n7 &#8211; Sociale behov<br \/>\n8 &#8211; Formering<br \/>\n9 &#8211; Helbred<\/p>\n<p><strong>Pasningsvejledninger kan downloades her som pdf <\/strong><\/p>\n<ul>\n<li><a href=\"https:\/\/musgerbil.dk\/wp-content\/uploads\/Mus.pdf\" target=\"_blank\" rel=\"noopener\">Alm. Mus <\/a><\/li>\n<li><a href=\"https:\/\/musgerbil.dk\/wp-content\/uploads\/\u00d8rkenrotte.pdf\" target=\"_blank\" rel=\"noopener\">Alm. \u00d8rkenrotter <\/a><\/li>\n<li><a href=\"https:\/\/musgerbil.dk\/wp-content\/uploads\/Fedthalemus.pdf\" target=\"_blank\" rel=\"noopener\">Fedthalemus<\/a><\/li>\n<li>Pigmus<\/li>\n<li>Natalmus<\/li>\n<li>Zebramus<\/li>\n<li><a href=\"https:\/\/musgerbil.dk\/wp-content\/uploads\/Egytpisk-Pallid-og-Chesmani.pdf\" target=\"_blank\" rel=\"noopener\">Egyptisk, Cheesmani og Pallid \u00d8rkenrotter<\/a><\/li>\n<li><a href=\"https:\/\/musgerbil.dk\/wp-content\/uploads\/Shaws-jird.pdf\" target=\"_blank\" rel=\"noopener\">Shaw&#8217;s Jird <\/a><\/li>\n<li><a href=\"https:\/\/musgerbil.dk\/wp-content\/uploads\/Afrikansk-Dvargmus.pdf\" target=\"_blank\" rel=\"noopener\">Afrikansk Dv\u00e6rgmus<\/a><\/li>\n<li><a href=\"https:\/\/musgerbil.dk\/wp-content\/uploads\/europaisk-Dvargmus.pdf\" target=\"_blank\" rel=\"noopener\">Europ\u00e6isk Dv\u00e6rgmus<\/a><\/li>\n<\/ul>\n","protected":false},"excerpt":{"rendered":"<p>Generelle pasningsvejledninger for alle I Dansk Mus &amp; Gerbil forening arbejder vi l\u00f8bende p\u00e5 informationsfoldere om de forskellige arter. Vi vil bruge dem i forbindelse med PR p\u00e5 udstillinger og [&hellip;]<\/p>\n","protected":false},"author":1,"featured_media":0,"parent":0,"menu_order":0,"comment_status":"closed","ping_status":"closed","template":"","meta":{"site-sidebar-layout":"default","site-content-layout":"","ast-site-content-layout":"","site-content-style":"default","site-sidebar-style":"default","ast-global-header-display":"","ast-banner-title-visibility":"","ast-main-header-display":"","ast-hfb-above-header-display":"","ast-hfb-below-header-display":"","ast-hfb-mobile-header-display":"","site-post-title":"","ast-breadcrumbs-content":"","ast-featured-img":"","footer-sml-layout":"","theme-transparent-header-meta":"","adv-header-id-meta":"","stick-header-meta":"","header-above-stick-meta":"","header-main-stick-meta":"","header-below-stick-meta":"","astra-migrate-meta-layouts":"default","ast-page-background-enabled":"default","ast-page-background-meta":{"desktop":{"background-color":"var(--ast-global-color-4)","background-image":"","background-repeat":"repeat","background-position":"center center","background-size":"auto","background-attachment":"scroll","background-type":"","background-media":"","overlay-type":"","overlay-color":"","overlay-opacity":"","overlay-gradient":""},"tablet":{"background-color":"","background-image":"","background-repeat":"repeat","background-position":"center center","background-size":"auto","background-attachment":"scroll","background-type":"","background-media":"","overlay-type":"","overlay-color":"","overlay-opacity":"","overlay-gradient":""},"mobile":{"background-color":"","background-image":"","background-repeat":"repeat","background-position":"center center","background-size":"auto","background-attachment":"scroll","background-type":"","background-media":"","overlay-type":"","overlay-color":"","overlay-opacity":"","overlay-gradient":""}},"ast-content-background-meta":{"desktop":{"background-color":"var(--ast-global-color-5)","background-image":"","background-repeat":"repeat","background-position":"center center","background-size":"auto","background-attachment":"scroll","background-type":"","background-media":"","overlay-type":"","overlay-color":"","overlay-opacity":"","overlay-gradient":""},"tablet":{"background-color":"var(--ast-global-color-5)","background-image":"","background-repeat":"repeat","background-position":"center center","background-size":"auto","background-attachment":"scroll","background-type":"","background-media":"","overlay-type":"","overlay-color":"","overlay-opacity":"","overlay-gradient":""},"mobile":{"background-color":"var(--ast-global-color-5)","background-image":"","background-repeat":"repeat","background-position":"center center","background-size":"auto","background-attachment":"scroll","background-type":"","background-media":"","overlay-type":"","overlay-color":"","overlay-opacity":"","overlay-gradient":""}},"ngg_post_thumbnail":0,"footnotes":""},"class_list":["post-6507","page","type-page","status-publish","hentry"],"_links":{"self":[{"href":"https:\/\/musgerbil.dk\/index.php?rest_route=\/wp\/v2\/pages\/6507"}],"collection":[{"href":"https:\/\/musgerbil.dk\/index.php?rest_route=\/wp\/v2\/pages"}],"about":[{"href":"https:\/\/musgerbil.dk\/index.php?rest_route=\/wp\/v2\/types\/page"}],"author":[{"embeddable":true,"href":"https:\/\/musgerbil.dk\/index.php?rest_route=\/wp\/v2\/users\/1"}],"replies":[{"embeddable":true,"href":"https:\/\/musgerbil.dk\/index.php?rest_route=%2Fwp%2Fv2%2Fcomments&post=6507"}],"version-history":[{"count":18,"href":"https:\/\/musgerbil.dk\/index.php?rest_route=\/wp\/v2\/pages\/6507\/revisions"}],"predecessor-version":[{"id":10166,"href":"https:\/\/musgerbil.dk\/index.php?rest_route=\/wp\/v2\/pages\/6507\/revisions\/10166"}],"wp:attachment":[{"href":"https:\/\/musgerbil.dk\/index.php?rest_route=%2Fwp%2Fv2%2Fmedia&parent=6507"}],"curies":[{"name":"wp","href":"https:\/\/api.w.org\/{rel}","templated":true}]}}