{"id":6466,"date":"2015-10-19T10:25:57","date_gmt":"2015-10-19T08:25:57","guid":{"rendered":"http:\/\/musgerbil.dk\/?page_id=6466"},"modified":"2022-02-17T23:48:49","modified_gmt":"2022-02-17T22:48:49","slug":"boernedyr","status":"publish","type":"page","link":"https:\/\/musgerbil.dk\/?page_id=6466","title":{"rendered":"B\u00f8rnedyr"},"content":{"rendered":"<p><a href=\"https:\/\/musgerbil.dk\/?page_id=4622\" target=\"_blank\" rel=\"noopener\">Medlemmer kan hente standarden for B\u00f8rnedyr som pdf p\u00e5 denne side<\/a> &#8211; OBS! Husk at logge ind, for at tilg\u00e5 medlemssiden.<\/p>\n<p><strong>St\u00f8rrelse <\/strong><strong><br \/>\n<\/strong>B\u00f8rnedyret skal have en st\u00f8rrelse svarende til sin alder og art. Hele dyrets udseende skal v\u00e6re i harmoni, s\u00e5 ingen af kropsdelene virker for store eller sm\u00e5.<\/p>\n<p><strong>Kondition &amp; Sundhed<\/strong><strong><br \/>\n<\/strong>B\u00f8rnedyret skal fremst\u00e5 sund og rask, v\u00e6re i god foderstand uden at v\u00e6re hverken for tynd eller tyk. Kl\u00f8erne skal v\u00e6re hele og have en naturlig l\u00e6ngde og tykkelse. N\u00e6sen skal v\u00e6re ren, uden porfyrin, ar eller andre skader.<br \/>\nHele dyret skal fremst\u00e5 naturligt velplejet og velpasset.<\/p>\n<p><strong>\u00d8jne &amp; \u00d8rer <\/strong><br \/>\n\u00d8jne skal v\u00e6re rene og uden s\u00e5r. De skal v\u00e6re klare og udtryksfulde, s\u00e5 dyret fremst\u00e5r v\u00e5gen og nysgerrig.<br \/>\n\u00d8rer skal v\u00e6re rene og uden snavs. \u00d8rerne foretr\u00e6kkes uden skader.<\/p>\n<p><strong>Pels <\/strong><br \/>\nPelsen skal have et sundt udtryk. Den skal v\u00e6re t\u00e6t og fremst\u00e5 ren og p\u00e6n uden bare pletter, gamle ar eller misfarvninger. Pelsen er vigtig indikator for, at dyret bliver passet med korrekt bundstr\u00f8 og ern\u00e6ring.<\/p>\n<p><strong>Temperament <\/strong><strong><br \/>\n<\/strong>Temperamentet bed\u00f8mmes hos b\u00f8rnedyr skal v\u00e6re nysgerrigt og tillidsfuldt.<br \/>\nS\u00e6rligt unge dyr forventes at v\u00e6re livlige og udforskende, hvor \u00e6ldre dyr foretr\u00e6kkes mere rolige og afslappede. Den skal v\u00e6re let at h\u00e5ndtere og vise at den er tryg ved h\u00e5ndteringen.<br \/>\nDyret m\u00e5 ikke virke sky, flygte fra h\u00e6nder eller v\u00e6re aggressiv. Bid accepteres ikke.<\/p>\n","protected":false},"excerpt":{"rendered":"<p>Medlemmer kan hente standarden for B\u00f8rnedyr som pdf p\u00e5 denne side &#8211; OBS! Husk at logge ind, for at tilg\u00e5 medlemssiden. St\u00f8rrelse B\u00f8rnedyret skal have en st\u00f8rrelse svarende til sin [&hellip;]<\/p>\n","protected":false},"author":1,"featured_media":0,"parent":2469,"menu_order":0,"comment_status":"closed","ping_status":"closed","template":"","meta":{"site-sidebar-layout":"default","site-content-layout":"","ast-site-content-layout":"","site-content-style":"default","site-sidebar-style":"default","ast-global-header-display":"","ast-banner-title-visibility":"","ast-main-header-display":"","ast-hfb-above-header-display":"","ast-hfb-below-header-display":"","ast-hfb-mobile-header-display":"","site-post-title":"","ast-breadcrumbs-content":"","ast-featured-img":"","footer-sml-layout":"","theme-transparent-header-meta":"","adv-header-id-meta":"","stick-header-meta":"","header-above-stick-meta":"","header-main-stick-meta":"","header-below-stick-meta":"","astra-migrate-meta-layouts":"default","ast-page-background-enabled":"default","ast-page-background-meta":{"desktop":{"background-color":"var(--ast-global-color-4)","background-image":"","background-repeat":"repeat","background-position":"center center","background-size":"auto","background-attachment":"scroll","background-type":"","background-media":"","overlay-type":"","overlay-color":"","overlay-opacity":"","overlay-gradient":""},"tablet":{"background-color":"","background-image":"","background-repeat":"repeat","background-position":"center center","background-size":"auto","background-attachment":"scroll","background-type":"","background-media":"","overlay-type":"","overlay-color":"","overlay-opacity":"","overlay-gradient":""},"mobile":{"background-color":"","background-image":"","background-repeat":"repeat","background-position":"center center","background-size":"auto","background-attachment":"scroll","background-type":"","background-media":"","overlay-type":"","overlay-color":"","overlay-opacity":"","overlay-gradient":""}},"ast-content-background-meta":{"desktop":{"background-color":"var(--ast-global-color-5)","background-image":"","background-repeat":"repeat","background-position":"center center","background-size":"auto","background-attachment":"scroll","background-type":"","background-media":"","overlay-type":"","overlay-color":"","overlay-opacity":"","overlay-gradient":""},"tablet":{"background-color":"var(--ast-global-color-5)","background-image":"","background-repeat":"repeat","background-position":"center center","background-size":"auto","background-attachment":"scroll","background-type":"","background-media":"","overlay-type":"","overlay-color":"","overlay-opacity":"","overlay-gradient":""},"mobile":{"background-color":"var(--ast-global-color-5)","background-image":"","background-repeat":"repeat","background-position":"center center","background-size":"auto","background-attachment":"scroll","background-type":"","background-media":"","overlay-type":"","overlay-color":"","overlay-opacity":"","overlay-gradient":""}},"ngg_post_thumbnail":0,"footnotes":""},"class_list":["post-6466","page","type-page","status-publish","hentry"],"_links":{"self":[{"href":"https:\/\/musgerbil.dk\/index.php?rest_route=\/wp\/v2\/pages\/6466"}],"collection":[{"href":"https:\/\/musgerbil.dk\/index.php?rest_route=\/wp\/v2\/pages"}],"about":[{"href":"https:\/\/musgerbil.dk\/index.php?rest_route=\/wp\/v2\/types\/page"}],"author":[{"embeddable":true,"href":"https:\/\/musgerbil.dk\/index.php?rest_route=\/wp\/v2\/users\/1"}],"replies":[{"embeddable":true,"href":"https:\/\/musgerbil.dk\/index.php?rest_route=%2Fwp%2Fv2%2Fcomments&post=6466"}],"version-history":[{"count":3,"href":"https:\/\/musgerbil.dk\/index.php?rest_route=\/wp\/v2\/pages\/6466\/revisions"}],"predecessor-version":[{"id":10863,"href":"https:\/\/musgerbil.dk\/index.php?rest_route=\/wp\/v2\/pages\/6466\/revisions\/10863"}],"up":[{"embeddable":true,"href":"https:\/\/musgerbil.dk\/index.php?rest_route=\/wp\/v2\/pages\/2469"}],"wp:attachment":[{"href":"https:\/\/musgerbil.dk\/index.php?rest_route=%2Fwp%2Fv2%2Fmedia&parent=6466"}],"curies":[{"name":"wp","href":"https:\/\/api.w.org\/{rel}","templated":true}]}}