{"id":6358,"date":"2015-09-20T11:42:32","date_gmt":"2015-09-20T09:42:32","guid":{"rendered":"http:\/\/musgerbil.dk\/?page_id=6358"},"modified":"2022-02-17T23:48:49","modified_gmt":"2022-02-17T22:48:49","slug":"resultater-for-odense-19-september-2015","status":"publish","type":"page","link":"https:\/\/musgerbil.dk\/?page_id=6358","title":{"rendered":"Resultater for Odense 19. september 2015"},"content":{"rendered":"<h1><strong><u>Udstillingens pr\u00e6mieringer<\/u><\/strong><\/h1>\n<p><a href=\"http:\/\/issuu.com\/danskmusgerbil\/docs\/odense_19_september_2015_resultater\" target=\"_blank\" rel=\"noopener\">Se de samlede resultater her &#8211; \u00e5bner i nyt vindue<\/a><\/p>\n<h2><strong><u>Sj\u00e6ldne Arter<\/u><\/strong><\/h2>\n<h3><span style=\"text-decoration: underline\"><strong>Best in Show<\/strong><\/span><\/h3>\n<ul>\n<li><strong>Standard<\/strong> \u2013 CH Gilbert-Pop-Pels<\/li>\n<\/ul>\n<h2><strong><u>\u00d8rkenrotter <\/u><\/strong><\/h2>\n<h3><span style=\"text-decoration: underline\"><strong>Best in Variety<\/strong><\/span><\/h3>\n<ul>\n<li><strong>Self<\/strong> \u2013 Hanani\u2019s Potassium<\/li>\n<li><strong>Tippede<\/strong> \u2013 Tusse\u2019s Tumle<\/li>\n<li><strong> Jr. Tippede<\/strong> \u2013 Tusse\u2019s Rumle<\/li>\n<\/ul>\n<h3><span style=\"text-decoration: underline\"><strong>Best in Show<\/strong><\/span><\/h3>\n<ul>\n<li><strong>Standard<\/strong> \u2013 GrCH Satomis Sultan<\/li>\n<li><strong> Jr. Standard<\/strong> \u2013 jrCh Tusse\u2019s Rumle<\/li>\n<li><strong>Sj\u00e6lden Variant<\/strong> \u2013 Satomis Jack in-the-Box<\/li>\n<li><strong> jr. Sj\u00e6lden Variant<\/strong> \u2013 LUX Giovanni Henriksen<\/li>\n<li><strong>K\u00e6ledyr<\/strong> \u2013 GrCHp LUX Ludvig<\/li>\n<\/ul>\n<h2><strong><u>Mus <\/u><\/strong><\/h2>\n<h3><span style=\"text-decoration: underline\"><strong>Best in Variety<\/strong><\/span><\/h3>\n<ul>\n<li><strong>Self<\/strong> \u2013 Oakwood Tali<\/li>\n<li><strong> Jr Self<\/strong> \u2013 Madi\u2019s Gina<\/li>\n<li><strong>Tan \/ Fox<\/strong> \u2013 Violas Kawazaki<\/li>\n<li><strong>Hvide aftegn <\/strong>\u2013 Oakwood Lily<\/li>\n<\/ul>\n<h3><span style=\"text-decoration: underline\"><strong>Best in Show<\/strong><\/span><\/h3>\n<ul>\n<li><strong>Standard<\/strong> \u2013 Oakwood Tali<\/li>\n<li><strong> Jr Standard<\/strong> \u2013 Violas Kawazaki<\/li>\n<li><strong>Sj\u00e6lden Variant<\/strong> \u2013 Oakwood Silver Dollar<\/li>\n<li><strong> Jr Sj\u00e6lden Variant<\/strong> \u2013 Violas Bomb<\/li>\n<li><strong>K\u00e6ledyr<\/strong> \u2013 Golden\u2019s One<\/li>\n<\/ul>\n<h1><strong><u>Dommerens Favorit<\/u><\/strong><\/h1>\n<ul>\n<li>Sofie Nygaard: Mus \u2013 Vejlmus\u2019 Thor<\/li>\n<li>Patricia \u00d8stdal: Mus \u2013 Oakwood Tin Cup<\/li>\n<li>Ane Andersen: \u00d8rkenrotter \u2013 Hanani\u2019s Potassium<\/li>\n<li>Pia Brix: \u00d8rkenrotter \/ Sj\u00e6ldne Arter \u2013 Kasse\u2019s Bimse<\/li>\n<\/ul>\n<h1><strong><u>Sekret\u00e6rens Favorit<\/u><\/strong><\/h1>\n<ul>\n<li>Pia Brix: \u00d8rkenrotter \u2013 A.G.B. Prince<\/li>\n<li>Ane Andersen: \u00d8rkenrotter &amp; Sj\u00e6ldne arter \u2013 Tusse\u2019s Rumle<\/li>\n<\/ul>\n<h1><strong><u>Dyrl\u00e6gens Favorit<\/u><\/strong><\/h1>\n<ul>\n<li>Sara Lee \u2013 MMD Kill Bill<\/li>\n<\/ul>\n<h1><strong><u>Publikums Favorit<\/u><\/strong><\/h1>\n<ul>\n<li>Fedtalemus \u2013 F\u00e6tterfedthale<\/li>\n<li>\u00d8rkenrotter \u2013 Tusse\u2019s Fumle<\/li>\n<li>Mus \u2013 Violas Aprillia<\/li>\n<\/ul>\n<p>&nbsp;<\/p>\n<h1><strong><u>Udstillingens Titeltagere<\/u><\/strong><\/h1>\n<h2><strong><u>Fedthalemus<\/u><\/strong><\/h2>\n<p><u>Champion standard \u2013 CH \/ jrCH \u2013 90+ point<br \/>\n<\/u>F2 &#8211; CH Gilbert-Pop-Pels<\/p>\n<h2><strong><u>\u00d8rkenrotter<\/u><\/strong><\/h2>\n<p><u>Promising \u2013 PR \u2013 87+ point<br \/>\n<\/u>\u00d86 \u2013 PR Tusse\u2019s Lillepigen<br \/>\n\u00d813 \u2013 PR LUX Giovanni Henriksen<br \/>\n\u00d814 \u2013 PR Kasse\u2019s Bimse<\/p>\n<p><u>Champion standard \u2013 CH \/ jrCH \u2013 90+ point<br \/>\n<\/u>\u00d85 \u2013 jrCH Tusse\u2019s Rumle<br \/>\n\u00d87 \u2013 jrCH Tusse\u2019s Bumle<\/p>\n<p><u>Champion k\u00e6ledyr \u2013 CHp \/ jrCHp \u2013 90+ point<br \/>\n<\/u>\u00d823 \u2013 jrCHp Lullu<\/p>\n<p><u>Grand Champion \u2013 GrCH \u2013 3*90+ point<br \/>\n<\/u>\u00d81 \u2013 GrCH Satomis Sultan<\/p>\n<p><u>Certifikat K\u00e6ledyr \u2013 opn\u00e5else af 90+ point, efter Grand Champion titel opn\u00e5et<br \/>\n<\/u>\u00d825 \u2013 GrCHp LUX Ludvig<\/p>\n<h2><strong><u>Mus <\/u><\/strong><\/h2>\n<p><u>Promising \u2013 PR \u2013 87+ point<br \/>\n<\/u>M26 \u2013 PR Violas Bomb<br \/>\nM29 \u2013 PR Oakwood Tin Cup<\/p>\n<p><u>Champion standard \u2013 CH \/ jrCH \u2013 90+ point<br \/>\n<\/u>M1 \u2013 CH Oakwood Amulet<br \/>\nM19 \u2013 CH Oakwood Tali<\/p>\n<p><u>Champion Sj\u00e6lden Variant \u2013 CHsv \/ jrCHsv \u2013 90+ point<br \/>\n<\/u>M39 \u2013 DMsvjrM-2015 jrCHsv CHsv Oakwood Silver Dollar<\/p>\n<p><u>Certifikat Sj\u00e6lden Variant \u2013 90+ point efter CHsv titel<br \/>\n<\/u>M35 \u2013 Int. Gr. CH. CHsv Micke<\/p>\n<p><u>Champion k\u00e6ledyr \u2013 CHp \/ jrCHp \u2013 90+ point<br \/>\n<\/u>M40 \u2013 CHp Charolill<br \/>\nM51 \u2013 CHp Goldens Toffi<br \/>\nM54 \u2013 CHp \u00c4rmi<br \/>\nM56 \u2013 CHp MMD Nowhere Man<br \/>\nM60 \u2013 CHp Golden\u2019s One<\/p>\n","protected":false},"excerpt":{"rendered":"<p>Udstillingens pr\u00e6mieringer Se de samlede resultater her &#8211; \u00e5bner i nyt vindue Sj\u00e6ldne Arter Best in Show Standard \u2013 CH Gilbert-Pop-Pels \u00d8rkenrotter Best in Variety Self \u2013 Hanani\u2019s Potassium Tippede [&hellip;]<\/p>\n","protected":false},"author":1,"featured_media":0,"parent":5047,"menu_order":0,"comment_status":"closed","ping_status":"closed","template":"","meta":{"site-sidebar-layout":"default","site-content-layout":"","ast-site-content-layout":"","site-content-style":"default","site-sidebar-style":"default","ast-global-header-display":"","ast-banner-title-visibility":"","ast-main-header-display":"","ast-hfb-above-header-display":"","ast-hfb-below-header-display":"","ast-hfb-mobile-header-display":"","site-post-title":"","ast-breadcrumbs-content":"","ast-featured-img":"","footer-sml-layout":"","theme-transparent-header-meta":"","adv-header-id-meta":"","stick-header-meta":"","header-above-stick-meta":"","header-main-stick-meta":"","header-below-stick-meta":"","astra-migrate-meta-layouts":"default","ast-page-background-enabled":"default","ast-page-background-meta":{"desktop":{"background-color":"var(--ast-global-color-4)","background-image":"","background-repeat":"repeat","background-position":"center center","background-size":"auto","background-attachment":"scroll","background-type":"","background-media":"","overlay-type":"","overlay-color":"","overlay-opacity":"","overlay-gradient":""},"tablet":{"background-color":"","background-image":"","background-repeat":"repeat","background-position":"center center","background-size":"auto","background-attachment":"scroll","background-type":"","background-media":"","overlay-type":"","overlay-color":"","overlay-opacity":"","overlay-gradient":""},"mobile":{"background-color":"","background-image":"","background-repeat":"repeat","background-position":"center center","background-size":"auto","background-attachment":"scroll","background-type":"","background-media":"","overlay-type":"","overlay-color":"","overlay-opacity":"","overlay-gradient":""}},"ast-content-background-meta":{"desktop":{"background-color":"var(--ast-global-color-5)","background-image":"","background-repeat":"repeat","background-position":"center center","background-size":"auto","background-attachment":"scroll","background-type":"","background-media":"","overlay-type":"","overlay-color":"","overlay-opacity":"","overlay-gradient":""},"tablet":{"background-color":"var(--ast-global-color-5)","background-image":"","background-repeat":"repeat","background-position":"center center","background-size":"auto","background-attachment":"scroll","background-type":"","background-media":"","overlay-type":"","overlay-color":"","overlay-opacity":"","overlay-gradient":""},"mobile":{"background-color":"var(--ast-global-color-5)","background-image":"","background-repeat":"repeat","background-position":"center center","background-size":"auto","background-attachment":"scroll","background-type":"","background-media":"","overlay-type":"","overlay-color":"","overlay-opacity":"","overlay-gradient":""}},"ngg_post_thumbnail":0,"footnotes":""},"class_list":["post-6358","page","type-page","status-publish","hentry"],"_links":{"self":[{"href":"https:\/\/musgerbil.dk\/index.php?rest_route=\/wp\/v2\/pages\/6358"}],"collection":[{"href":"https:\/\/musgerbil.dk\/index.php?rest_route=\/wp\/v2\/pages"}],"about":[{"href":"https:\/\/musgerbil.dk\/index.php?rest_route=\/wp\/v2\/types\/page"}],"author":[{"embeddable":true,"href":"https:\/\/musgerbil.dk\/index.php?rest_route=\/wp\/v2\/users\/1"}],"replies":[{"embeddable":true,"href":"https:\/\/musgerbil.dk\/index.php?rest_route=%2Fwp%2Fv2%2Fcomments&post=6358"}],"version-history":[{"count":6,"href":"https:\/\/musgerbil.dk\/index.php?rest_route=\/wp\/v2\/pages\/6358\/revisions"}],"predecessor-version":[{"id":10935,"href":"https:\/\/musgerbil.dk\/index.php?rest_route=\/wp\/v2\/pages\/6358\/revisions\/10935"}],"up":[{"embeddable":true,"href":"https:\/\/musgerbil.dk\/index.php?rest_route=\/wp\/v2\/pages\/5047"}],"wp:attachment":[{"href":"https:\/\/musgerbil.dk\/index.php?rest_route=%2Fwp%2Fv2%2Fmedia&parent=6358"}],"curies":[{"name":"wp","href":"https:\/\/api.w.org\/{rel}","templated":true}]}}