{"id":5052,"date":"2015-02-01T17:20:58","date_gmt":"2015-02-01T17:20:58","guid":{"rendered":"http:\/\/musgerbil.dk\/?page_id=5052"},"modified":"2022-02-17T23:48:49","modified_gmt":"2022-02-17T22:48:49","slug":"pointjagt-2015","status":"publish","type":"page","link":"https:\/\/musgerbil.dk\/?page_id=5052","title":{"rendered":"Pointjagt 2015"},"content":{"rendered":"<p>Opt\u00e6llingen af pointjagten sker efter hver udstilling.<br \/>\nDet fremg\u00e5r hvor langt frem der er opdateret.<br \/>\n<em>Endelig Stilling &#8211; 2015<br \/>\n<\/em><\/p>\n<p><strong>Sj\u00e6ldne Arter<\/strong><br \/>\n1 &#8211; 185p &#8211; DMstsrSA-2015 CH Putte &#8211; Sofie Nygaard<br \/>\n2 &#8211; 97p &#8211; CH Muldte &#8211; Helle Lykke Kofoed Jensen<br \/>\n3 &#8211; 96p &#8211; Gilbert-PopPels &#8211; Sofie Nygaard<\/p>\n<p><strong>\u00d8rkenrotter<\/strong><br \/>\n<span style=\"text-decoration: underline\">Standard<\/span><br \/>\n1 &#8211; 292p &#8211; DMstsrG-2015 BIV15 CH Satomis Sultan &#8211; Pia Brix<br \/>\n2 &#8211; 168p &#8211; Tusse&#8217;s Magic Diamond &#8211; Michella Kruuse Mathiasen<br \/>\n3 &#8211; 159p &#8211; Hanani&#8217;s Thor &#8211; Mette J\u00f8rgensen<\/p>\n<p><span style=\"text-decoration: underline\">Sj. Variant<\/span><br \/>\n1 &#8211; 272p &#8211; Satomis Jack in a Box &#8211; Pia Brix<br \/>\n2 &#8211; 186p &#8211; DMsvjrG-2015 jrCHsv LUX JubJub Bird &#8211; Sofie Nygaard<br \/>\n3 &#8211; 178p &#8211; jrCHsv LUX Lady Ascot &#8211; Mette J\u00f8rgensen<\/p>\n<p><span style=\"text-decoration: underline\">K\u00e6ledyr<\/span><br \/>\n1 &#8211; 297p &#8211; DMpsrG-2015 GRCHp LUX Ludvig &#8211; Sofie Nygaard<br \/>\n2 &#8211; 185p &#8211; CHp Satomis Pita Pit &#8211; Sofie Nygaard<br \/>\n3 &#8211; 94p &#8211; Lullu &#8211; Pia Brix<\/p>\n<p><strong>Mus<\/strong><br \/>\n<span style=\"text-decoration: underline\">Standard<\/span><br \/>\n1 &#8211; 283p &#8211; CH Oakwood Lily &#8211; Stine Hiort<br \/>\n2 &#8211; 181p &#8211; jrCH CH Oakwood Amulet &#8211; Stine Hiort<br \/>\n3 &#8211; 177p &#8211; Martha My Dear&#8217;s Querida &#8211; Stine Hiort<br \/>\n3 &#8211; 177p &#8211; Martha My Dear&#8217;s \u00c5shild &#8211; Mette J\u00f8rgensen<\/p>\n<p><span style=\"text-decoration: underline\">Sj. Variant<\/span><br \/>\n1 &#8211; 271p &#8211; CHsv Micke &#8211; Birgitta Gutke<br \/>\n2 &#8211; 196p &#8211; DMsvjrM-2015 jrCHsv Oakwood Silver Dollar &#8211; Stine Hiort<br \/>\n3 &#8211; 100p &#8211; DMsvsrM-2015 CHsv Martha My Dear&#8217;s Lea &#8211; Kathrine Riisager<\/p>\n<p><span style=\"text-decoration: underline\">K\u00e6ledyr<\/span><br \/>\n1 &#8211; 191p &#8211; DMpsrM-2015 CHp Golden&#8217;s One &#8211; Birgitta Gutke<br \/>\n1 &#8211; 183p &#8211; jrCHp Oakwood Paddington &#8211; Stine Hiort<br \/>\n2 &#8211; 178p &#8211; CHp Oakwood Canasta &#8211; Sofie Nygaard<\/p>\n","protected":false},"excerpt":{"rendered":"<p>Opt\u00e6llingen af pointjagten sker efter hver udstilling. Det fremg\u00e5r hvor langt frem der er opdateret. Endelig Stilling &#8211; 2015 Sj\u00e6ldne Arter 1 &#8211; 185p &#8211; DMstsrSA-2015 CH Putte &#8211; Sofie [&hellip;]<\/p>\n","protected":false},"author":1,"featured_media":0,"parent":4125,"menu_order":0,"comment_status":"open","ping_status":"open","template":"","meta":{"site-sidebar-layout":"default","site-content-layout":"","ast-site-content-layout":"","site-content-style":"default","site-sidebar-style":"default","ast-global-header-display":"","ast-banner-title-visibility":"","ast-main-header-display":"","ast-hfb-above-header-display":"","ast-hfb-below-header-display":"","ast-hfb-mobile-header-display":"","site-post-title":"","ast-breadcrumbs-content":"","ast-featured-img":"","footer-sml-layout":"","theme-transparent-header-meta":"","adv-header-id-meta":"","stick-header-meta":"","header-above-stick-meta":"","header-main-stick-meta":"","header-below-stick-meta":"","astra-migrate-meta-layouts":"default","ast-page-background-enabled":"default","ast-page-background-meta":{"desktop":{"background-color":"var(--ast-global-color-4)","background-image":"","background-repeat":"repeat","background-position":"center center","background-size":"auto","background-attachment":"scroll","background-type":"","background-media":"","overlay-type":"","overlay-color":"","overlay-opacity":"","overlay-gradient":""},"tablet":{"background-color":"","background-image":"","background-repeat":"repeat","background-position":"center center","background-size":"auto","background-attachment":"scroll","background-type":"","background-media":"","overlay-type":"","overlay-color":"","overlay-opacity":"","overlay-gradient":""},"mobile":{"background-color":"","background-image":"","background-repeat":"repeat","background-position":"center center","background-size":"auto","background-attachment":"scroll","background-type":"","background-media":"","overlay-type":"","overlay-color":"","overlay-opacity":"","overlay-gradient":""}},"ast-content-background-meta":{"desktop":{"background-color":"var(--ast-global-color-5)","background-image":"","background-repeat":"repeat","background-position":"center center","background-size":"auto","background-attachment":"scroll","background-type":"","background-media":"","overlay-type":"","overlay-color":"","overlay-opacity":"","overlay-gradient":""},"tablet":{"background-color":"var(--ast-global-color-5)","background-image":"","background-repeat":"repeat","background-position":"center center","background-size":"auto","background-attachment":"scroll","background-type":"","background-media":"","overlay-type":"","overlay-color":"","overlay-opacity":"","overlay-gradient":""},"mobile":{"background-color":"var(--ast-global-color-5)","background-image":"","background-repeat":"repeat","background-position":"center center","background-size":"auto","background-attachment":"scroll","background-type":"","background-media":"","overlay-type":"","overlay-color":"","overlay-opacity":"","overlay-gradient":""}},"ngg_post_thumbnail":0,"footnotes":""},"class_list":["post-5052","page","type-page","status-publish","hentry"],"_links":{"self":[{"href":"https:\/\/musgerbil.dk\/index.php?rest_route=\/wp\/v2\/pages\/5052"}],"collection":[{"href":"https:\/\/musgerbil.dk\/index.php?rest_route=\/wp\/v2\/pages"}],"about":[{"href":"https:\/\/musgerbil.dk\/index.php?rest_route=\/wp\/v2\/types\/page"}],"author":[{"embeddable":true,"href":"https:\/\/musgerbil.dk\/index.php?rest_route=\/wp\/v2\/users\/1"}],"replies":[{"embeddable":true,"href":"https:\/\/musgerbil.dk\/index.php?rest_route=%2Fwp%2Fv2%2Fcomments&post=5052"}],"version-history":[{"count":10,"href":"https:\/\/musgerbil.dk\/index.php?rest_route=\/wp\/v2\/pages\/5052\/revisions"}],"predecessor-version":[{"id":10936,"href":"https:\/\/musgerbil.dk\/index.php?rest_route=\/wp\/v2\/pages\/5052\/revisions\/10936"}],"up":[{"embeddable":true,"href":"https:\/\/musgerbil.dk\/index.php?rest_route=\/wp\/v2\/pages\/4125"}],"wp:attachment":[{"href":"https:\/\/musgerbil.dk\/index.php?rest_route=%2Fwp%2Fv2%2Fmedia&parent=5052"}],"curies":[{"name":"wp","href":"https:\/\/api.w.org\/{rel}","templated":true}]}}