{"id":5045,"date":"2015-02-01T14:44:05","date_gmt":"2015-02-01T14:44:05","guid":{"rendered":"http:\/\/musgerbil.dk\/?page_id=5045"},"modified":"2022-02-17T23:48:54","modified_gmt":"2022-02-17T22:48:54","slug":"udstillingsresultater-2014","status":"publish","type":"page","link":"https:\/\/musgerbil.dk\/?page_id=5045","title":{"rendered":"Udstillingsresultater 2014"},"content":{"rendered":"<h2>Onlineudstilling December 2014 &#8211; Mus og \u00d8rkenrotter<\/h2>\n<p><strong>Mus<\/strong><br \/>\n<span style=\"text-decoration: underline\">Standard Hunner<br \/>\n<\/span>1 \u2013 LUX Rasmine<br \/>\n<a href=\"https:\/\/musgerbil.dk\/wp-content\/uploads\/rasmine-1-1-1-1-1-1.jpg\"><img fetchpriority=\"high\" decoding=\"async\" class=\"alignnone size-medium wp-image-4659\" src=\"https:\/\/musgerbil.dk\/wp-content\/uploads\/rasmine-300x225.jpg\" alt=\"rasmine\" width=\"300\" height=\"225\" srcset=\"https:\/\/musgerbil.dk\/wp-content\/uploads\/rasmine-300x225.jpg 300w, https:\/\/musgerbil.dk\/wp-content\/uploads\/rasmine-600x450.jpg 600w, https:\/\/musgerbil.dk\/wp-content\/uploads\/rasmine.jpg 640w\" sizes=\"(max-width: 300px) 100vw, 300px\" \/><\/a><br \/>\n2 &#8211; Vejlmus&#8217; Ebony<br \/>\n<a href=\"https:\/\/musgerbil.dk\/wp-content\/uploads\/forfra-1-1-1-1-1-1.jpg\"><img decoding=\"async\" class=\"alignnone size-medium wp-image-4660\" src=\"https:\/\/musgerbil.dk\/wp-content\/uploads\/forfra-300x236.jpg\" alt=\"forfra\" width=\"300\" height=\"236\" srcset=\"https:\/\/musgerbil.dk\/wp-content\/uploads\/forfra-300x236.jpg 300w, https:\/\/musgerbil.dk\/wp-content\/uploads\/forfra-600x472.jpg 600w, https:\/\/musgerbil.dk\/wp-content\/uploads\/forfra.jpg 1024w\" sizes=\"(max-width: 300px) 100vw, 300px\" \/><\/a><br \/>\n3 \u2013 Fantasias Lovette<br \/>\n<a href=\"https:\/\/musgerbil.dk\/wp-content\/uploads\/lovette-1-1-1-1-1-1.jpg\"><img decoding=\"async\" class=\"alignnone size-medium wp-image-4661\" src=\"https:\/\/musgerbil.dk\/wp-content\/uploads\/lovette-300x225.jpg\" alt=\"lovette\" width=\"300\" height=\"225\" srcset=\"https:\/\/musgerbil.dk\/wp-content\/uploads\/lovette-300x225.jpg 300w, https:\/\/musgerbil.dk\/wp-content\/uploads\/lovette-600x450.jpg 600w, https:\/\/musgerbil.dk\/wp-content\/uploads\/lovette.jpg 640w\" sizes=\"(max-width: 300px) 100vw, 300px\" \/><\/a><br \/>\n4 \u2013 LUX Frig<br \/>\n<a href=\"https:\/\/musgerbil.dk\/wp-content\/uploads\/Frig-forfra-1-1-1-1-1-1.jpg\"><img loading=\"lazy\" decoding=\"async\" class=\"alignnone size-medium wp-image-4662\" src=\"https:\/\/musgerbil.dk\/wp-content\/uploads\/Frig-forfra-300x239.jpg\" alt=\"Frig-forfra\" width=\"300\" height=\"239\" srcset=\"https:\/\/musgerbil.dk\/wp-content\/uploads\/Frig-forfra-300x239.jpg 300w, https:\/\/musgerbil.dk\/wp-content\/uploads\/Frig-forfra.jpg 360w\" sizes=\"(max-width: 300px) 100vw, 300px\" \/><\/a><br \/>\n5 &#8211; Martha My Dear&#8217;s Izzy<br \/>\n<a href=\"https:\/\/musgerbil.dk\/wp-content\/uploads\/Izzy-siden-1-1-1-1-1-1.jpg\"><img loading=\"lazy\" decoding=\"async\" class=\"alignnone size-medium wp-image-4663\" src=\"https:\/\/musgerbil.dk\/wp-content\/uploads\/Izzy-siden-300x161.jpg\" alt=\"Izzy-siden\" width=\"300\" height=\"161\" srcset=\"https:\/\/musgerbil.dk\/wp-content\/uploads\/Izzy-siden-300x161.jpg 300w, https:\/\/musgerbil.dk\/wp-content\/uploads\/Izzy-siden-600x323.jpg 600w, https:\/\/musgerbil.dk\/wp-content\/uploads\/Izzy-siden.jpg 1492w\" sizes=\"(max-width: 300px) 100vw, 300px\" \/><\/a><\/p>\n<p><span style=\"text-decoration: underline\">Standard Hanner<\/span><br \/>\n1 &#8211; LUX Cornelius<br \/>\n<a href=\"https:\/\/musgerbil.dk\/wp-content\/uploads\/Cornelius-1-1-1-1-1-1.jpg\"><img loading=\"lazy\" decoding=\"async\" class=\"alignnone size-medium wp-image-4670\" src=\"https:\/\/musgerbil.dk\/wp-content\/uploads\/Cornelius-300x199.jpg\" alt=\"Cornelius\" width=\"300\" height=\"199\" srcset=\"https:\/\/musgerbil.dk\/wp-content\/uploads\/Cornelius-300x199.jpg 300w, https:\/\/musgerbil.dk\/wp-content\/uploads\/Cornelius-600x397.jpg 600w, https:\/\/musgerbil.dk\/wp-content\/uploads\/Cornelius.jpg 2000w\" sizes=\"(max-width: 300px) 100vw, 300px\" \/><\/a><br \/>\n2 \u2013 Martha My Dear&#8217;s Ian<br \/>\n<a href=\"https:\/\/musgerbil.dk\/wp-content\/uploads\/Ian-side-1-1-1-1-1-1.jpg\"><img loading=\"lazy\" decoding=\"async\" class=\"alignnone size-medium wp-image-4671\" src=\"https:\/\/musgerbil.dk\/wp-content\/uploads\/Ian-side-300x183.jpg\" alt=\"Ian-side\" width=\"300\" height=\"183\" srcset=\"https:\/\/musgerbil.dk\/wp-content\/uploads\/Ian-side-300x183.jpg 300w, https:\/\/musgerbil.dk\/wp-content\/uploads\/Ian-side-600x366.jpg 600w, https:\/\/musgerbil.dk\/wp-content\/uploads\/Ian-side.jpg 1259w\" sizes=\"(max-width: 300px) 100vw, 300px\" \/><\/a><br \/>\n3 \u2013 LUX Hazan<br \/>\n<a href=\"https:\/\/musgerbil.dk\/wp-content\/uploads\/Hazan-1-1-1-1-1-1.jpg\"><img loading=\"lazy\" decoding=\"async\" class=\"alignnone size-medium wp-image-4672\" src=\"https:\/\/musgerbil.dk\/wp-content\/uploads\/Hazan-300x169.jpg\" alt=\"Hazan\" width=\"300\" height=\"169\" srcset=\"https:\/\/musgerbil.dk\/wp-content\/uploads\/Hazan-300x169.jpg 300w, https:\/\/musgerbil.dk\/wp-content\/uploads\/Hazan-600x337.jpg 600w, https:\/\/musgerbil.dk\/wp-content\/uploads\/Hazan.jpg 1280w\" sizes=\"(max-width: 300px) 100vw, 300px\" \/><\/a><br \/>\n4 \u2013 Martha My Dear&#8217;s Hector<br \/>\n<a href=\"https:\/\/musgerbil.dk\/wp-content\/uploads\/hector-1-1-1-1-1-1.jpg\"><img loading=\"lazy\" decoding=\"async\" class=\"alignnone size-medium wp-image-4673\" src=\"https:\/\/musgerbil.dk\/wp-content\/uploads\/hector-300x169.jpg\" alt=\"hector\" width=\"300\" height=\"169\" srcset=\"https:\/\/musgerbil.dk\/wp-content\/uploads\/hector-300x169.jpg 300w, https:\/\/musgerbil.dk\/wp-content\/uploads\/hector-600x337.jpg 600w, https:\/\/musgerbil.dk\/wp-content\/uploads\/hector.jpg 1280w\" sizes=\"(max-width: 300px) 100vw, 300px\" \/><\/a><br \/>\n5 \u2013 Martha My Dear&#8217;s Kane<br \/>\n<a href=\"https:\/\/musgerbil.dk\/wp-content\/uploads\/Kane-siden-1-1-1-1-1-1.jpg\"><img loading=\"lazy\" decoding=\"async\" class=\"alignnone size-medium wp-image-4674\" src=\"https:\/\/musgerbil.dk\/wp-content\/uploads\/Kane-siden-300x176.jpg\" alt=\"Kane-siden\" width=\"300\" height=\"176\" srcset=\"https:\/\/musgerbil.dk\/wp-content\/uploads\/Kane-siden-300x176.jpg 300w, https:\/\/musgerbil.dk\/wp-content\/uploads\/Kane-siden-600x352.jpg 600w, https:\/\/musgerbil.dk\/wp-content\/uploads\/Kane-siden.jpg 1413w\" sizes=\"(max-width: 300px) 100vw, 300px\" \/><\/a><\/p>\n<p><span style=\"text-decoration: underline\">Sj\u00e6lden Variant<\/span><br \/>\n1 &#8211; Tsunami\u2019s Kavat<br \/>\n<a href=\"https:\/\/musgerbil.dk\/wp-content\/uploads\/Kavat-profil-1-1-1-1-1-1.jpg\"><img loading=\"lazy\" decoding=\"async\" class=\"alignnone size-medium wp-image-4664\" src=\"https:\/\/musgerbil.dk\/wp-content\/uploads\/Kavat-profil-300x225.jpg\" alt=\"Kavat-profil\" width=\"300\" height=\"225\" srcset=\"https:\/\/musgerbil.dk\/wp-content\/uploads\/Kavat-profil-300x225.jpg 300w, https:\/\/musgerbil.dk\/wp-content\/uploads\/Kavat-profil-600x450.jpg 600w, https:\/\/musgerbil.dk\/wp-content\/uploads\/Kavat-profil.jpg 640w\" sizes=\"(max-width: 300px) 100vw, 300px\" \/><\/a><br \/>\n2 &#8211; Vejlmus&#8217; Devin<br \/>\n<a href=\"https:\/\/musgerbil.dk\/wp-content\/uploads\/devin-1-1-1-1-1-1.jpg\"><img loading=\"lazy\" decoding=\"async\" class=\"alignnone size-medium wp-image-4665\" src=\"https:\/\/musgerbil.dk\/wp-content\/uploads\/devin-300x169.jpg\" alt=\"devin\" width=\"300\" height=\"169\" srcset=\"https:\/\/musgerbil.dk\/wp-content\/uploads\/devin-300x169.jpg 300w, https:\/\/musgerbil.dk\/wp-content\/uploads\/devin-600x337.jpg 600w, https:\/\/musgerbil.dk\/wp-content\/uploads\/devin.jpg 1280w\" sizes=\"(max-width: 300px) 100vw, 300px\" \/><\/a><br \/>\n3 \u2013 Krybs Pjuske<br \/>\n<a href=\"https:\/\/musgerbil.dk\/wp-content\/uploads\/Pjuske-side-1-1-1-1-1-1.jpg\"><img loading=\"lazy\" decoding=\"async\" class=\"alignnone size-medium wp-image-4666\" src=\"https:\/\/musgerbil.dk\/wp-content\/uploads\/Pjuske-side-300x168.jpg\" alt=\"Pjuske-side\" width=\"300\" height=\"168\" srcset=\"https:\/\/musgerbil.dk\/wp-content\/uploads\/Pjuske-side-300x168.jpg 300w, https:\/\/musgerbil.dk\/wp-content\/uploads\/Pjuske-side-600x335.jpg 600w, https:\/\/musgerbil.dk\/wp-content\/uploads\/Pjuske-side.jpg 1496w\" sizes=\"(max-width: 300px) 100vw, 300px\" \/><\/a><br \/>\n4 \u2013 LUX \u00c6mma<br \/>\n<a href=\"https:\/\/musgerbil.dk\/wp-content\/uploads\/\u00c6mma.jpg\"><img loading=\"lazy\" decoding=\"async\" class=\"alignnone size-medium wp-image-4667\" src=\"https:\/\/musgerbil.dk\/wp-content\/uploads\/\u00c6mma-300x199.jpg\" alt=\"\u00c6mma\" width=\"300\" height=\"199\" srcset=\"https:\/\/musgerbil.dk\/wp-content\/uploads\/\u00c6mma-300x199.jpg 300w, https:\/\/musgerbil.dk\/wp-content\/uploads\/\u00c6mma-600x397.jpg 600w, https:\/\/musgerbil.dk\/wp-content\/uploads\/\u00c6mma.jpg 2000w\" sizes=\"(max-width: 300px) 100vw, 300px\" \/><\/a><\/p>\n<div data-canvas-width=\"144.01288604986172\"><span style=\"text-decoration: underline\">Andre farver<\/span><\/div>\n<div data-canvas-width=\"108.49836067042465\">1 \u2013 Vejlmus&#8217; Julia<br \/>\n<a href=\"https:\/\/musgerbil.dk\/wp-content\/uploads\/julia-1-1-1-1-1-1.jpg\"><img loading=\"lazy\" decoding=\"async\" class=\"alignnone size-medium wp-image-4668\" src=\"https:\/\/musgerbil.dk\/wp-content\/uploads\/julia-300x156.jpg\" alt=\"julia\" width=\"300\" height=\"156\" srcset=\"https:\/\/musgerbil.dk\/wp-content\/uploads\/julia-300x156.jpg 300w, https:\/\/musgerbil.dk\/wp-content\/uploads\/julia-600x312.jpg 600w, https:\/\/musgerbil.dk\/wp-content\/uploads\/julia.jpg 1530w\" sizes=\"(max-width: 300px) 100vw, 300px\" \/><\/a><\/div>\n<div data-canvas-width=\"83.61786314568472\">2 \u2013 LUX Lexie<br \/>\n<a href=\"https:\/\/musgerbil.dk\/wp-content\/uploads\/Lexie-side-1-1-1-1-1-1.jpg\"><img loading=\"lazy\" decoding=\"async\" class=\"alignnone size-medium wp-image-4669\" src=\"https:\/\/musgerbil.dk\/wp-content\/uploads\/Lexie-side-300x178.jpg\" alt=\"Lexie-side\" width=\"300\" height=\"178\" srcset=\"https:\/\/musgerbil.dk\/wp-content\/uploads\/Lexie-side-300x178.jpg 300w, https:\/\/musgerbil.dk\/wp-content\/uploads\/Lexie-side-600x357.jpg 600w, https:\/\/musgerbil.dk\/wp-content\/uploads\/Lexie-side.jpg 1343w\" sizes=\"(max-width: 300px) 100vw, 300px\" \/><\/a><\/div>\n<div data-canvas-width=\"83.61786314568472\"><\/div>\n<div data-canvas-width=\"83.61786314568472\"><strong>\u00d8rkenrotter<\/strong><\/div>\n<div data-canvas-width=\"83.61786314568472\"><span style=\"text-decoration: underline\">Standard Hanner<\/span><\/div>\n<div data-canvas-width=\"83.61786314568472\">1 &#8211; DK-AGB Kristoff<br \/>\n<a href=\"https:\/\/musgerbil.dk\/wp-content\/uploads\/Kristoff-1-1-1-1-1-1.jpg\"><img loading=\"lazy\" decoding=\"async\" class=\"alignnone size-medium wp-image-4658\" src=\"https:\/\/musgerbil.dk\/wp-content\/uploads\/Kristoff-300x181.jpg\" alt=\"Kristoff\" width=\"300\" height=\"181\" srcset=\"https:\/\/musgerbil.dk\/wp-content\/uploads\/Kristoff-300x181.jpg 300w, https:\/\/musgerbil.dk\/wp-content\/uploads\/Kristoff.jpg 500w\" sizes=\"(max-width: 300px) 100vw, 300px\" \/><\/a><\/div>\n<div data-canvas-width=\"83.61786314568472\">2 &#8211; CHp LUX Ludvig<br \/>\n<a href=\"https:\/\/musgerbil.dk\/wp-content\/uploads\/Ludvig-1-1-1-1-1-1.jpg\"><img loading=\"lazy\" decoding=\"async\" class=\"alignnone size-medium wp-image-4657\" src=\"https:\/\/musgerbil.dk\/wp-content\/uploads\/Ludvig-300x300.jpg\" alt=\"Ludvig\" width=\"300\" height=\"300\" srcset=\"https:\/\/musgerbil.dk\/wp-content\/uploads\/Ludvig-300x300.jpg 300w, https:\/\/musgerbil.dk\/wp-content\/uploads\/Ludvig-150x150.jpg 150w, https:\/\/musgerbil.dk\/wp-content\/uploads\/Ludvig-600x600.jpg 600w, https:\/\/musgerbil.dk\/wp-content\/uploads\/Ludvig.jpg 700w\" sizes=\"(max-width: 300px) 100vw, 300px\" \/><\/a><\/div>\n<div data-canvas-width=\"83.61786314568472\"><\/div>\n<div data-canvas-width=\"83.61786314568472\"><span style=\"text-decoration: underline\">Andre farver<\/span><\/div>\n<div data-canvas-width=\"83.61786314568472\">1 &#8211; Satomis Pita Pit<br \/>\n<a href=\"https:\/\/musgerbil.dk\/wp-content\/uploads\/Pita-1-1-1-1-1-1.jpg\"><img loading=\"lazy\" decoding=\"async\" class=\"alignnone size-medium wp-image-4656\" src=\"https:\/\/musgerbil.dk\/wp-content\/uploads\/Pita-300x300.jpg\" alt=\"Pita\" width=\"300\" height=\"300\" srcset=\"https:\/\/musgerbil.dk\/wp-content\/uploads\/Pita-300x300.jpg 300w, https:\/\/musgerbil.dk\/wp-content\/uploads\/Pita-150x150.jpg 150w, https:\/\/musgerbil.dk\/wp-content\/uploads\/Pita-600x600.jpg 600w, https:\/\/musgerbil.dk\/wp-content\/uploads\/Pita.jpg 700w\" sizes=\"(max-width: 300px) 100vw, 300px\" \/><\/a><\/div>\n<div data-canvas-width=\"83.61786314568472\"><\/div>\n<div data-canvas-width=\"83.61786314568472\"><strong>Vinderne f\u00e5r en mail med et udstillingsgebyr mellem jul og nyt\u00e5r.<br \/>\n<\/strong><\/div>\n<div data-canvas-width=\"83.61786314568472\"><\/div>\n<h2>Aalborg 6. september &#8211; Udstilling af mus og \u00f8rkenrotter<\/h2>\n<p><span style=\"text-decoration: underline\"><strong>\u00d8rkenrotter<\/strong><\/span><br \/>\nBest In Show Standard &#8211; G6 Lilly My<br \/>\nJr Best In Show Standard &#8211; G5 Hanani&#8217;s Stanley<br \/>\nBest In Show Sj\u00e6lden Variant &#8211; G10 Satomis Kr\u00f8lle B\u00f8lle<br \/>\nBest In Show K\u00e6ledyr &#8211; G13 A.G.B.-DK&#8217;s Prince<\/p>\n<p>Best In Variety Pointed &#8211; G2 LUX Frida<br \/>\nBest In Variety Tippede &#8211; G5 Hanani&#8217;s Stanley<br \/>\nBest In Variety Hvide Aftegn &#8211; G6 Lille My<\/p>\n<p>Dommerens Favorit &#8211; G13 A.G.B.-DK&#8217;s Prince<\/p>\n<p><span style=\"text-decoration: underline\"><strong>Mus<\/strong> <\/span><br \/>\nBest In Show Standard &#8211; M12 Chatsworths Nilima<br \/>\nJr Best In Show Standard &#8211; M8 LUX Rasmine<br \/>\nBest In Show Sj\u00e6lden Variant &#8211; M36 Fantasias Yatzi<br \/>\nJr Best In Show Sj\u00e6lden Variant &#8211; M32 Krybs R\u00f8de<br \/>\nBest In Show K\u00e6ledyr &#8211; M47 Denver<br \/>\nJr Best In Show K\u00e6ledyr &#8211; Kasse&#8217;s Fister<\/p>\n<p>Best In Variety Ticked &#8211; M3 Memphis<br \/>\nBest In Variety Self &#8211; M12 Chatsworths Nilima<br \/>\nJr Best In Variety Self &#8211; M8 LUX Rasmine<br \/>\nBest In Variety Pointed &#8211; M21 LUX Ketil<br \/>\nJr Best In Variety Pointed &#8211; M19 FLying Siablu<br \/>\nBest In Variety Tan\/Fox &#8211; M26 Martha My Dear&#8217;s Vidal<br \/>\nBest In Variety Hvide Aftegn &#8211; M29 Kasse&#8217;s Kl\u00f8ver<\/p>\n<p>Dommerens Favorit, Patricia &#8211; M29 Kasse&#8217;s Kl\u00f8ver<br \/>\nDommerens Favorit, Birgitta &#8211; M5 &#8211; Vejlmus&#8217; Elke<\/p>\n<p>Galleri af vinderne fra udstillingen:<br \/>\n<p>Invalid Displayed Gallery<\/p><\/p>\n<p><strong>For at se alle resultater og udstillingens titeltager &#8211; hent denne pdf-fil:<a href=\"https:\/\/musgerbil.dk\/wp-content\/uploads\/resultater-Aalborg-2014.pdf\"> resultater Aalborg 2014<\/a><\/strong><\/p>\n<p><span style=\"text-decoration: underline\"><strong>Stor tak til vores sponsorer p\u00e5 udstillingen:<\/strong><\/span><br \/>\n<a href=\"http:\/\/www.lux-shoppen.dk\"><img loading=\"lazy\" decoding=\"async\" class=\"alignnone size-medium wp-image-3417\" src=\"https:\/\/musgerbil.dk\/wp-content\/uploads\/lux-300x122.png\" alt=\"lux\" width=\"300\" height=\"122\" srcset=\"https:\/\/musgerbil.dk\/wp-content\/uploads\/lux-300x122.png 300w, https:\/\/musgerbil.dk\/wp-content\/uploads\/lux.png 584w\" sizes=\"(max-width: 300px) 100vw, 300px\" \/><\/a><\/p>\n<p><a href=\"http:\/\/www.vitakraft.dk\"><img loading=\"lazy\" decoding=\"async\" class=\"alignnone size-medium wp-image-3418\" src=\"https:\/\/musgerbil.dk\/wp-content\/uploads\/vita-300x111.jpg\" alt=\"vita\" width=\"300\" height=\"111\" srcset=\"https:\/\/musgerbil.dk\/wp-content\/uploads\/vita-300x111.jpg 300w, https:\/\/musgerbil.dk\/wp-content\/uploads\/vita-600x222.jpg 600w, https:\/\/musgerbil.dk\/wp-content\/uploads\/vita.jpg 851w\" sizes=\"(max-width: 300px) 100vw, 300px\" \/><\/a><\/p>\n<p><a href=\"http:\/\/www.royalcanin.dk\"><img loading=\"lazy\" decoding=\"async\" class=\"alignnone size-medium wp-image-3419\" src=\"https:\/\/musgerbil.dk\/wp-content\/uploads\/rc-logo-nyt-300x83.png\" alt=\"rc logo nyt\" width=\"300\" height=\"83\" srcset=\"https:\/\/musgerbil.dk\/wp-content\/uploads\/rc-logo-nyt-300x83.png 300w, https:\/\/musgerbil.dk\/wp-content\/uploads\/rc-logo-nyt-600x167.png 600w, https:\/\/musgerbil.dk\/wp-content\/uploads\/rc-logo-nyt.png 729w\" sizes=\"(max-width: 300px) 100vw, 300px\" \/><\/a><\/p>\n<p><a href=\"http:\/\/www.onlypets.dk\"><img loading=\"lazy\" decoding=\"async\" class=\"alignnone size-full wp-image-3421\" src=\"https:\/\/musgerbil.dk\/wp-content\/uploads\/plant-1-1-1-1-1-1.png\" alt=\"plant\" width=\"299\" height=\"167\" \/><img loading=\"lazy\" decoding=\"async\" class=\"alignnone size-medium wp-image-3420\" src=\"https:\/\/musgerbil.dk\/wp-content\/uploads\/LogoOnlyPets-300x127.png\" alt=\"LogoOnlyPets\" width=\"300\" height=\"127\" srcset=\"https:\/\/musgerbil.dk\/wp-content\/uploads\/LogoOnlyPets-300x127.png 300w, https:\/\/musgerbil.dk\/wp-content\/uploads\/LogoOnlyPets-600x255.png 600w, https:\/\/musgerbil.dk\/wp-content\/uploads\/LogoOnlyPets.png 1084w\" sizes=\"(max-width: 300px) 100vw, 300px\" \/><\/a><\/p>\n<p><a href=\"http:\/\/www.dyrenesmad.dk\"><img loading=\"lazy\" decoding=\"async\" class=\"alignnone size-medium wp-image-3422\" src=\"https:\/\/musgerbil.dk\/wp-content\/uploads\/DyrenesMad_kvalitetTilDyreliv_logo_bitmap_RGB-285x300.jpg\" alt=\"Print\" width=\"285\" height=\"300\" srcset=\"https:\/\/musgerbil.dk\/wp-content\/uploads\/DyrenesMad_kvalitetTilDyreliv_logo_bitmap_RGB-285x300.jpg 285w, https:\/\/musgerbil.dk\/wp-content\/uploads\/DyrenesMad_kvalitetTilDyreliv_logo_bitmap_RGB-571x600.jpg 571w\" sizes=\"(max-width: 285px) 100vw, 285px\" \/><\/a><\/p>\n<p><a href=\"http:\/\/www.ba-foder.dk\"><img loading=\"lazy\" decoding=\"async\" class=\"alignnone size-medium wp-image-3423\" src=\"https:\/\/musgerbil.dk\/wp-content\/uploads\/BA-foder-300x59.png\" alt=\"BA foder\" width=\"300\" height=\"59\" srcset=\"https:\/\/musgerbil.dk\/wp-content\/uploads\/BA-foder-300x59.png 300w, https:\/\/musgerbil.dk\/wp-content\/uploads\/BA-foder-600x119.png 600w, https:\/\/musgerbil.dk\/wp-content\/uploads\/BA-foder.png 915w\" sizes=\"(max-width: 300px) 100vw, 300px\" \/><\/a><\/p>\n<p>&nbsp;<\/p>\n<p>&nbsp;<\/p>\n<h2>Onlineudstilling juni-juli 2014 &#8211; \u00d8rkenrotter<\/h2>\n<h4><strong><a title=\"Onlineudstilling juni-juli 2014 \u2013 \u00d8rkenrotter\" href=\"https:\/\/musgerbil.dk\/?p=3156\">Se alle resultaterne her<\/a><\/strong><\/h4>\n<p><strong>BEST IN SHOW &#8211; Nr. 1<br \/>\n<\/strong>Hanani&#8217;s Stanley (DMGhanG14-006) &#8211; Nutmeg, 3 mdr. han<br \/>\n<img loading=\"lazy\" decoding=\"async\" class=\"alignnone size-medium wp-image-3151\" src=\"https:\/\/musgerbil.dk\/wp-content\/uploads\/Stanley-fra-siden-300x168.jpg\" alt=\"Stanley-fra-siden\" width=\"300\" height=\"168\" srcset=\"https:\/\/musgerbil.dk\/wp-content\/uploads\/Stanley-fra-siden-300x168.jpg 300w, https:\/\/musgerbil.dk\/wp-content\/uploads\/Stanley-fra-siden-600x337.jpg 600w, https:\/\/musgerbil.dk\/wp-content\/uploads\/Stanley-fra-siden.jpg 1243w\" sizes=\"(max-width: 300px) 100vw, 300px\" \/><\/p>\n<p><strong>BEST OPPOSITE SEX &#8211; Nr. 2<\/strong><br \/>\nHanani&#8217;s Gaya (hana003) &#8211; Dark Eyed Honey, 5\u00bd mdr. hun<br \/>\n<img loading=\"lazy\" decoding=\"async\" class=\"alignnone size-medium wp-image-3152\" src=\"https:\/\/musgerbil.dk\/wp-content\/uploads\/2014-07-25-13.30.53-300x168.jpg\" alt=\"2014-07-25-13.30.53\" width=\"300\" height=\"168\" srcset=\"https:\/\/musgerbil.dk\/wp-content\/uploads\/2014-07-25-13.30.53-300x168.jpg 300w, https:\/\/musgerbil.dk\/wp-content\/uploads\/2014-07-25-13.30.53-600x336.jpg 600w, https:\/\/musgerbil.dk\/wp-content\/uploads\/2014-07-25-13.30.53.jpg 1712w\" sizes=\"(max-width: 300px) 100vw, 300px\" \/><\/p>\n","protected":false},"excerpt":{"rendered":"<p>Onlineudstilling December 2014 &#8211; Mus og \u00d8rkenrotter Mus Standard Hunner 1 \u2013 LUX Rasmine 2 &#8211; Vejlmus&#8217; Ebony 3 \u2013 Fantasias Lovette 4 \u2013 LUX Frig 5 &#8211; Martha My [&hellip;]<\/p>\n","protected":false},"author":1,"featured_media":0,"parent":88,"menu_order":0,"comment_status":"open","ping_status":"open","template":"","meta":{"site-sidebar-layout":"default","site-content-layout":"","ast-site-content-layout":"","site-content-style":"default","site-sidebar-style":"default","ast-global-header-display":"","ast-banner-title-visibility":"","ast-main-header-display":"","ast-hfb-above-header-display":"","ast-hfb-below-header-display":"","ast-hfb-mobile-header-display":"","site-post-title":"","ast-breadcrumbs-content":"","ast-featured-img":"","footer-sml-layout":"","theme-transparent-header-meta":"","adv-header-id-meta":"","stick-header-meta":"","header-above-stick-meta":"","header-main-stick-meta":"","header-below-stick-meta":"","astra-migrate-meta-layouts":"default","ast-page-background-enabled":"default","ast-page-background-meta":{"desktop":{"background-color":"var(--ast-global-color-4)","background-image":"","background-repeat":"repeat","background-position":"center center","background-size":"auto","background-attachment":"scroll","background-type":"","background-media":"","overlay-type":"","overlay-color":"","overlay-opacity":"","overlay-gradient":""},"tablet":{"background-color":"","background-image":"","background-repeat":"repeat","background-position":"center center","background-size":"auto","background-attachment":"scroll","background-type":"","background-media":"","overlay-type":"","overlay-color":"","overlay-opacity":"","overlay-gradient":""},"mobile":{"background-color":"","background-image":"","background-repeat":"repeat","background-position":"center center","background-size":"auto","background-attachment":"scroll","background-type":"","background-media":"","overlay-type":"","overlay-color":"","overlay-opacity":"","overlay-gradient":""}},"ast-content-background-meta":{"desktop":{"background-color":"var(--ast-global-color-5)","background-image":"","background-repeat":"repeat","background-position":"center center","background-size":"auto","background-attachment":"scroll","background-type":"","background-media":"","overlay-type":"","overlay-color":"","overlay-opacity":"","overlay-gradient":""},"tablet":{"background-color":"var(--ast-global-color-5)","background-image":"","background-repeat":"repeat","background-position":"center center","background-size":"auto","background-attachment":"scroll","background-type":"","background-media":"","overlay-type":"","overlay-color":"","overlay-opacity":"","overlay-gradient":""},"mobile":{"background-color":"var(--ast-global-color-5)","background-image":"","background-repeat":"repeat","background-position":"center center","background-size":"auto","background-attachment":"scroll","background-type":"","background-media":"","overlay-type":"","overlay-color":"","overlay-opacity":"","overlay-gradient":""}},"ngg_post_thumbnail":0,"footnotes":""},"class_list":["post-5045","page","type-page","status-publish","hentry"],"_links":{"self":[{"href":"https:\/\/musgerbil.dk\/index.php?rest_route=\/wp\/v2\/pages\/5045"}],"collection":[{"href":"https:\/\/musgerbil.dk\/index.php?rest_route=\/wp\/v2\/pages"}],"about":[{"href":"https:\/\/musgerbil.dk\/index.php?rest_route=\/wp\/v2\/types\/page"}],"author":[{"embeddable":true,"href":"https:\/\/musgerbil.dk\/index.php?rest_route=\/wp\/v2\/users\/1"}],"replies":[{"embeddable":true,"href":"https:\/\/musgerbil.dk\/index.php?rest_route=%2Fwp%2Fv2%2Fcomments&post=5045"}],"version-history":[{"count":7,"href":"https:\/\/musgerbil.dk\/index.php?rest_route=\/wp\/v2\/pages\/5045\/revisions"}],"predecessor-version":[{"id":11350,"href":"https:\/\/musgerbil.dk\/index.php?rest_route=\/wp\/v2\/pages\/5045\/revisions\/11350"}],"up":[{"embeddable":true,"href":"https:\/\/musgerbil.dk\/index.php?rest_route=\/wp\/v2\/pages\/88"}],"wp:attachment":[{"href":"https:\/\/musgerbil.dk\/index.php?rest_route=%2Fwp%2Fv2%2Fmedia&parent=5045"}],"curies":[{"name":"wp","href":"https:\/\/api.w.org\/{rel}","templated":true}]}}