{"id":4125,"date":"2014-11-05T09:37:59","date_gmt":"2014-11-05T09:37:59","guid":{"rendered":"http:\/\/musgerbil.dk\/?page_id=4125"},"modified":"2022-02-17T23:48:55","modified_gmt":"2022-02-17T22:48:55","slug":"pointjagt","status":"publish","type":"page","link":"https:\/\/musgerbil.dk\/?page_id=4125","title":{"rendered":""},"content":{"rendered":"\n<div class=\"wp-block-group has-very-light-gray-background-color has-background\"><div class=\"wp-block-group__inner-container is-layout-flow wp-block-group-is-layout-flow\">\n<div class=\"wp-block-group has-background\" style=\"background-color:#f7f9fa\"><div class=\"wp-block-group__inner-container is-layout-flow wp-block-group-is-layout-flow\">\n<h1 style=\"text-align: center\">Pointjagt<\/h1>\n<p>Som udstiller i Dansk Mus &amp; Gerbil forening er man med i pointjagten om \u00e5rets dyr: Best of Year titlen. Vinderen er det dyr, som opn\u00e5r flest point i alt i det p\u00e5g\u00e6ldende udstillings\u00e5r.<br>Der er rosetter til b\u00e5de 1., 2. og 3. pladsen for \u00c5rets dyr, men kun 1. pladsen giver titlen BOY(\u00e5rstal). Titlen til 1. pladsen tilf\u00f8jes stamtavlen,<span class=\"null\"> hurtigst muligt efter offentligg\u00f8relsen af vinderne.<\/span><br>Pointene opt\u00e6lles ud fra udstillingsresultaterne og l\u00f8ber fra 1. januar til 31. december og<br>vinderne k\u00e5res p\u00e5 f\u00f8rstkommende udstilling \u00e5ret efter.<\/p>\n\n\n\n<pre class=\"wp-block-preformatted\"> \n <strong>Best Of Year 2019 <\/strong>\n <strong>Mus Standard<\/strong> \n 1. (A)Mamikma's Yui-Metal \u2013 104 p\n 2. (A)Violas Fellay \u2013 95 p\n 3. (A)Violas Alioth- 92 p \n <strong>Mus Sj\u00e6lden Variant <\/strong>\n 1. (A)Violas Te Robar\u00e9 \u2013 175 p\n 2. (A)Violas Morning Star - 98 p\n 3. (A)Vejlmus' Ralph \u2013 93 p \n <strong>Mus K\u00e6ledyr <\/strong>\n 1. (A)Vejlmus' Jakob \u2013 288 p\n 2. (A)Vejlmus' LangeJan \u2013 278 p\n 3. (A)Pavons thermometric Blue Ivy \u2013 104 p \n <strong>Gerbil Standard <\/strong>\n 1. (A)Violas Ping Pong \u2013 92 p\n 2. (A)Violas Vinter Smile \u2013 83 p \n <strong>Gerbil Sj\u00e6lden Variant <\/strong>\n 1. (A)Tullermus Upsi Bird \u2013 86 p\n 2. (A)Tullermus Aria \u2013 79 p \n <strong>Gerbil K\u00e6ledyr <\/strong>\n 1. (A)Tullermus Ash \u2013 95 p\n 2. (A)Tullermus Aaron \u2013 88 p \n<\/pre>\n\n\n\n<div class=\"wp-block-group\"><div class=\"wp-block-group__inner-container is-layout-flow wp-block-group-is-layout-flow\">\n<p> I pointjagten er der 3 ting, der giver point:<br>Selve bed\u00f8mmelsen, BIV samt BIS.<br>&#8211; Pointene fra selve bed\u00f8mmelsen.<br>&#8211; BIV +5 point<br>&#8211; BIS +5 point<br>Ved pointlighed i \u00c5rets Dyr vil bed\u00f8mmelsespoint t\u00e6lle mere end BIS-point. Ved pointlighed deles titlen. <\/p>\n\n\n\n<h1 class=\"wp-block-heading\">Titlerne<\/h1>\n\n\n\n<p>Best of the Year standard mus<br>BOYstM-\u00e5rstal<br>Best of the Year sj\u00e6lden variant mus<br>BOYsvM-\u00e5rstal<br>Best of the Year pet mus<br>BOYpM-\u00e5rstal<\/p>\n\n\n\n<p>Best of the Year B\u00f8rnedyr<br>BOYb-\u00e5rstal<\/p>\n\n\n\n<p>Best of the Year standard \u00f8rkenrotte<br>BOYstG-\u00e5rstal<br>Best of the Year sj\u00e6lden variant \u00f8rkenrotte<br>BOYsvG-\u00e5rstal<br>Best of the Year pet \u00f8rkenrotte<br>BOYpG-\u00e5rstal<\/p>\n\n\n\n<p>Best of the Year k\u00e6ledyr sj\u00e6ldne arter<br>BOYpSA-\u00e5rstal<\/p>\n\n\n\n<h2 class=\"wp-block-heading\">Resultaterne for tidligere \u00c5rets Dyr kan ses her<\/h2>\n\n\n\n<p><a href=\"https:\/\/musgerbil.dk\/?page_id=10347\" target=\"_blank\" rel=\"noreferrer noopener\">&#8211; Pointjagt 2018<\/a><br>&#8211; <a href=\"https:\/\/musgerbil.dk\/?page_id=6793\">Pointjagt 2017<\/a><br><a href=\"https:\/\/musgerbil.dk\/?page_id=10376\" target=\"_blank\" rel=\"noreferrer noopener\">&#8211; Pointjagt 2016<\/a><br><a href=\"https:\/\/musgerbil.dk\/?page_id=5052\">&#8211; Pointjagt 2015<\/a><\/p>\n<\/div><\/div>\n<\/div><\/div>\n<\/div><\/div>\n","protected":false},"excerpt":{"rendered":"<p>Pointjagt Som udstiller i Dansk Mus &amp; Gerbil forening er man med i pointjagten om \u00e5rets dyr: Best of Year titlen. Vinderen er det dyr, som opn\u00e5r flest point i [&hellip;]<\/p>\n","protected":false},"author":1,"featured_media":0,"parent":34,"menu_order":0,"comment_status":"closed","ping_status":"open","template":"","meta":{"site-sidebar-layout":"default","site-content-layout":"","ast-site-content-layout":"","site-content-style":"default","site-sidebar-style":"default","ast-global-header-display":"","ast-banner-title-visibility":"","ast-main-header-display":"","ast-hfb-above-header-display":"","ast-hfb-below-header-display":"","ast-hfb-mobile-header-display":"","site-post-title":"","ast-breadcrumbs-content":"","ast-featured-img":"","footer-sml-layout":"","theme-transparent-header-meta":"","adv-header-id-meta":"","stick-header-meta":"","header-above-stick-meta":"","header-main-stick-meta":"","header-below-stick-meta":"","astra-migrate-meta-layouts":"default","ast-page-background-enabled":"default","ast-page-background-meta":{"desktop":{"background-color":"var(--ast-global-color-4)","background-image":"","background-repeat":"repeat","background-position":"center center","background-size":"auto","background-attachment":"scroll","background-type":"","background-media":"","overlay-type":"","overlay-color":"","overlay-opacity":"","overlay-gradient":""},"tablet":{"background-color":"","background-image":"","background-repeat":"repeat","background-position":"center center","background-size":"auto","background-attachment":"scroll","background-type":"","background-media":"","overlay-type":"","overlay-color":"","overlay-opacity":"","overlay-gradient":""},"mobile":{"background-color":"","background-image":"","background-repeat":"repeat","background-position":"center center","background-size":"auto","background-attachment":"scroll","background-type":"","background-media":"","overlay-type":"","overlay-color":"","overlay-opacity":"","overlay-gradient":""}},"ast-content-background-meta":{"desktop":{"background-color":"var(--ast-global-color-5)","background-image":"","background-repeat":"repeat","background-position":"center center","background-size":"auto","background-attachment":"scroll","background-type":"","background-media":"","overlay-type":"","overlay-color":"","overlay-opacity":"","overlay-gradient":""},"tablet":{"background-color":"var(--ast-global-color-5)","background-image":"","background-repeat":"repeat","background-position":"center center","background-size":"auto","background-attachment":"scroll","background-type":"","background-media":"","overlay-type":"","overlay-color":"","overlay-opacity":"","overlay-gradient":""},"mobile":{"background-color":"var(--ast-global-color-5)","background-image":"","background-repeat":"repeat","background-position":"center center","background-size":"auto","background-attachment":"scroll","background-type":"","background-media":"","overlay-type":"","overlay-color":"","overlay-opacity":"","overlay-gradient":""}},"ngg_post_thumbnail":0,"footnotes":""},"class_list":["post-4125","page","type-page","status-publish","hentry"],"_links":{"self":[{"href":"https:\/\/musgerbil.dk\/index.php?rest_route=\/wp\/v2\/pages\/4125"}],"collection":[{"href":"https:\/\/musgerbil.dk\/index.php?rest_route=\/wp\/v2\/pages"}],"about":[{"href":"https:\/\/musgerbil.dk\/index.php?rest_route=\/wp\/v2\/types\/page"}],"author":[{"embeddable":true,"href":"https:\/\/musgerbil.dk\/index.php?rest_route=\/wp\/v2\/users\/1"}],"replies":[{"embeddable":true,"href":"https:\/\/musgerbil.dk\/index.php?rest_route=%2Fwp%2Fv2%2Fcomments&post=4125"}],"version-history":[{"count":38,"href":"https:\/\/musgerbil.dk\/index.php?rest_route=\/wp\/v2\/pages\/4125\/revisions"}],"predecessor-version":[{"id":10957,"href":"https:\/\/musgerbil.dk\/index.php?rest_route=\/wp\/v2\/pages\/4125\/revisions\/10957"}],"up":[{"embeddable":true,"href":"https:\/\/musgerbil.dk\/index.php?rest_route=\/wp\/v2\/pages\/34"}],"wp:attachment":[{"href":"https:\/\/musgerbil.dk\/index.php?rest_route=%2Fwp%2Fv2%2Fmedia&parent=4125"}],"curies":[{"name":"wp","href":"https:\/\/api.w.org\/{rel}","templated":true}]}}