{"id":385,"date":"2014-04-05T22:59:22","date_gmt":"2014-04-05T22:59:22","guid":{"rendered":"http:\/\/musgerbil.dk\/?page_id=385"},"modified":"2022-02-17T23:49:08","modified_gmt":"2022-02-17T22:49:08","slug":"bliv-opdraetter","status":"publish","type":"page","link":"https:\/\/musgerbil.dk\/?page_id=385","title":{"rendered":"Bliv opdr\u00e6tter"},"content":{"rendered":"<p>Som registreret opdr\u00e6tter f\u00e5r du gratis stamtavler og kommer p\u00e5 siden over opdr\u00e6ttere, s\u00e5 k\u00f8bere let kan finde dig.<\/p>\n<p>Der er tre trin til at blive registreret opdr\u00e6tter i DMG.<\/p>\n<ol>\n<li>Bliver medlem.<br \/>\nKontingent for et opdr\u00e6ttermedlemskab skal v\u00e6re betalt &#8211; enten som enkeltperson eller husstand.<\/li>\n<li>Udfyld nedenst\u00e5ende formular med informationer om dit opdr\u00e6t.<\/li>\n<\/ol>\n<p>N\u00e5r ovenst\u00e5ende ting er klaret, f\u00e5r du direkte besked fra Stambogskontoret p\u00e5 mail.<\/p>\n<p>Ans\u00f8g her om at blive registreret opdr\u00e6tter i DMG.<\/p>\n<div id=\"vfb-form-19\" class=\"visual-form-builder-container\"><form id=\"bliv-opdraetter-19\" class=\"visual-form-builder vfb-form-19 \" method=\"post\" enctype=\"multipart\/form-data\">\n\t  \t<input type=\"hidden\" name=\"form_id\" value=\"19\" \/><fieldset class=\"vfb-fieldset vfb-fieldset-1 bliv-opdraetter \" id=\"item-vfb-472\"><div class=\"vfb-legend\"><h3>Bliv opdr\u00e6tter<\/h3><\/div><ul class=\"vfb-section vfb-section-1\"><li class=\"vfb-item vfb-item-text  \" id=\"item-vfb-476\"><label for=\"vfb-476\" class=\"vfb-desc\">Navn &amp; DMG medlemsnummer  <span class=\"vfb-required-asterisk\">*<\/span><\/label><input type=\"text\" name=\"vfb-476\" id=\"vfb-476\" value=\"\" class=\"vfb-text  vfb-medium  required  \" \/><\/li><li class=\"vfb-item vfb-item-text  \" id=\"item-vfb-477\"><label for=\"vfb-477\" class=\"vfb-desc\">\u00d8nsket opdr\u00e6tternavn  <span class=\"vfb-required-asterisk\">*<\/span><\/label><input type=\"text\" name=\"vfb-477\" id=\"vfb-477\" value=\"\" class=\"vfb-text  vfb-medium  required  \" \/><\/li><li class=\"vfb-item vfb-item-date  \" id=\"item-vfb-479\"><label for=\"vfb-479\" class=\"vfb-desc\">Opdr\u00e6tters f\u00f8dseslsdato  <span class=\"vfb-required-asterisk\">*<\/span><\/label><input type=\"text\" name=\"vfb-479\" id=\"vfb-479\" value=\"\" class=\"vfb-text vfb-date-picker  vfb-medium  required \" data-dp-dateFormat=\"mm\/dd\/yy\" \/><\/li><li class=\"vfb-item vfb-item-text  \" id=\"item-vfb-497\"><label for=\"vfb-497\" class=\"vfb-desc\">By &amp; Postnummer <\/label><span class=\"vfb-span\"><input type=\"text\" name=\"vfb-497\" id=\"vfb-497\" value=\"\" class=\"vfb-text  vfb-medium   \" \/><label>Dette vil blive vist p\u00e5 hjemmesiden, hvis udfyldt.<\/label><\/span><\/li><li class=\"vfb-item vfb-item-email  \" id=\"item-vfb-481\"><label for=\"vfb-481\" class=\"vfb-desc\">Email  <span class=\"vfb-required-asterisk\">*<\/span><\/label><input type=\"email\" name=\"vfb-481\" id=\"vfb-481\" value=\"\" class=\"vfb-text  vfb-medium  required  email \" \/><\/li><li class=\"vfb-item vfb-item-text  \" id=\"item-vfb-482\"><label for=\"vfb-482\" class=\"vfb-desc\">Hjemmeside: <\/label><input type=\"text\" name=\"vfb-482\" id=\"vfb-482\" value=\"\" class=\"vfb-text  vfb-medium   \" \/><\/li><li class=\"vfb-item vfb-item-text  \" id=\"item-vfb-483\"><label for=\"vfb-483\" class=\"vfb-desc\">Facebookside: <\/label><input type=\"text\" name=\"vfb-483\" id=\"vfb-483\" value=\"\" class=\"vfb-text  vfb-medium   \" \/><\/li><li class=\"vfb-item vfb-item-text  \" id=\"item-vfb-484\"><label for=\"vfb-484\" class=\"vfb-desc\">Arter der opdr\u00e6ttes:  <span class=\"vfb-required-asterisk\">*<\/span><\/label><input type=\"text\" name=\"vfb-484\" id=\"vfb-484\" value=\"\" class=\"vfb-text  vfb-medium  required  \" \/><\/li><li class=\"vfb-item vfb-item-textarea  \" id=\"item-vfb-485\"><label for=\"vfb-485\" class=\"vfb-desc\">Beskrivelse af opdr\u00e6ttet: <\/label><div><span class=\"vfb-span\"><label>Beskrivelsen bliver vist under vores \"opdr\u00e6tter\"-side.<\/label><\/span><textarea name=\"vfb-485\" id=\"vfb-485\" class=\"vfb-textarea  vfb-medium  \"><\/textarea><\/div><\/li><li class=\"vfb-item vfb-item-file-upload  \" id=\"item-vfb-486\"><label for=\"vfb-486\" class=\"vfb-desc\">Evt. banner eller logo <\/label><span class=\"vfb-span\"><input type=\"file\" name=\"vfb-486\" id=\"vfb-486\" value=\"\" class=\"vfb-text  vfb-medium     {accept:'png|jpe?g|gif'}\" \/><label>Banner\/logo bliver vist under vores \"opdr\u00e6tter\"-side.<\/label><\/span><\/li><li class=\"vfb-item vfb-item-textarea  \" id=\"item-vfb-487\"><label for=\"vfb-487\" class=\"vfb-desc\">Evt. besked til stambogskontoret: <\/label><div><textarea name=\"vfb-487\" id=\"vfb-487\" class=\"vfb-textarea  vfb-medium  \"><\/textarea><\/div><\/li><\/ul>&nbsp;<\/fieldset><fieldset class=\"vfb-fieldset vfb-fieldset-2 verification \" id=\"item-vfb-473\" style=\"display:block\"><div class=\"vfb-legend\"><h3>Verification<\/h3><\/div><ul class=\"vfb-section vfb-section-2\"><li class=\"vfb-item vfb-item-secret\"  style=\"display:block\"><label for=\"vfb-474\" class=\"vfb-desc\">Please enter any two digits <span class=\"vfb-required-asterisk\">*<\/span><\/label><input type=\"hidden\" name=\"_vfb-secret\" value=\"vfb-474\" \/><span class=\"vfb-span\"><input type=\"text\" name=\"vfb-474\" id=\"vfb-474\" value=\"\" class=\"vfb-text  vfb-medium  required {digits:true,maxlength:2,minlength:2} \" style=\"display:block\" \/><label>Example: 12<\/label><\/span><li style=\"display:none;\"><label>This box is for spam protection - &lt;strong&gt;please leave it blank&lt;\/strong&gt;:<\/label><div><input name=\"vfb-spam\" \/><\/div><\/li>\n\t\t\t<li class=\"vfb-item vfb-item-submit\" id=\"item-vfb-475\">\n\t\t\t\t<input type=\"submit\" name=\"vfb-submit\" id=\"vfb-475\" value=\"Submit\" class=\"vfb-submit \" \/>\n\t\t\t\t<\/li><\/ul>\n\t\t\t<\/fieldset><input type=\"hidden\" name=\"_wp_http_referer\" value=\"\/index.php?rest_route=%2Fwp%2Fv2%2Fpages%2F385\" \/><\/form><\/div> <!-- .visual-form-builder-container -->\n<p>Din ans\u00f8gning bliver behandlet hurtigst muligt i stambogskontoret, n\u00e5r der er bekr\u00e6ftelse fra kasseren om indbetaling af Opdr\u00e6ttermedlemskab.<\/p>\n<p>Alle opdr\u00e6ttere s\u00e6ttes p\u00e5 listen over opdr\u00e6ttere med kontaktoplysninger, geografisk placering og med en beskrivelse af opdr\u00e6ttet og hvilket dyr, der opdr\u00e6ttes.<br \/>\nAlle DMG opdr\u00e6ttere modtager ligeledes et badge med opdr\u00e6tternummeret, som er individuelt for opdr\u00e6ttet. Dette badge kan bruges p\u00e5 hjemmeside, facebookside, visitkort o.l.<\/p>\n","protected":false},"excerpt":{"rendered":"<p>Som registreret opdr\u00e6tter f\u00e5r du gratis stamtavler og kommer p\u00e5 siden over opdr\u00e6ttere, s\u00e5 k\u00f8bere let kan finde dig. Der er tre trin til at blive registreret opdr\u00e6tter i DMG. [&hellip;]<\/p>\n","protected":false},"author":1,"featured_media":0,"parent":36,"menu_order":5,"comment_status":"closed","ping_status":"closed","template":"","meta":{"site-sidebar-layout":"default","site-content-layout":"","ast-site-content-layout":"","site-content-style":"default","site-sidebar-style":"default","ast-global-header-display":"","ast-banner-title-visibility":"","ast-main-header-display":"","ast-hfb-above-header-display":"","ast-hfb-below-header-display":"","ast-hfb-mobile-header-display":"","site-post-title":"","ast-breadcrumbs-content":"","ast-featured-img":"","footer-sml-layout":"","theme-transparent-header-meta":"","adv-header-id-meta":"","stick-header-meta":"","header-above-stick-meta":"","header-main-stick-meta":"","header-below-stick-meta":"","astra-migrate-meta-layouts":"default","ast-page-background-enabled":"default","ast-page-background-meta":{"desktop":{"background-color":"var(--ast-global-color-4)","background-image":"","background-repeat":"repeat","background-position":"center center","background-size":"auto","background-attachment":"scroll","background-type":"","background-media":"","overlay-type":"","overlay-color":"","overlay-opacity":"","overlay-gradient":""},"tablet":{"background-color":"","background-image":"","background-repeat":"repeat","background-position":"center center","background-size":"auto","background-attachment":"scroll","background-type":"","background-media":"","overlay-type":"","overlay-color":"","overlay-opacity":"","overlay-gradient":""},"mobile":{"background-color":"","background-image":"","background-repeat":"repeat","background-position":"center center","background-size":"auto","background-attachment":"scroll","background-type":"","background-media":"","overlay-type":"","overlay-color":"","overlay-opacity":"","overlay-gradient":""}},"ast-content-background-meta":{"desktop":{"background-color":"var(--ast-global-color-5)","background-image":"","background-repeat":"repeat","background-position":"center center","background-size":"auto","background-attachment":"scroll","background-type":"","background-media":"","overlay-type":"","overlay-color":"","overlay-opacity":"","overlay-gradient":""},"tablet":{"background-color":"var(--ast-global-color-5)","background-image":"","background-repeat":"repeat","background-position":"center center","background-size":"auto","background-attachment":"scroll","background-type":"","background-media":"","overlay-type":"","overlay-color":"","overlay-opacity":"","overlay-gradient":""},"mobile":{"background-color":"var(--ast-global-color-5)","background-image":"","background-repeat":"repeat","background-position":"center center","background-size":"auto","background-attachment":"scroll","background-type":"","background-media":"","overlay-type":"","overlay-color":"","overlay-opacity":"","overlay-gradient":""}},"ngg_post_thumbnail":0,"footnotes":""},"class_list":["post-385","page","type-page","status-publish","hentry"],"_links":{"self":[{"href":"https:\/\/musgerbil.dk\/index.php?rest_route=\/wp\/v2\/pages\/385"}],"collection":[{"href":"https:\/\/musgerbil.dk\/index.php?rest_route=\/wp\/v2\/pages"}],"about":[{"href":"https:\/\/musgerbil.dk\/index.php?rest_route=\/wp\/v2\/types\/page"}],"author":[{"embeddable":true,"href":"https:\/\/musgerbil.dk\/index.php?rest_route=\/wp\/v2\/users\/1"}],"replies":[{"embeddable":true,"href":"https:\/\/musgerbil.dk\/index.php?rest_route=%2Fwp%2Fv2%2Fcomments&post=385"}],"version-history":[{"count":12,"href":"https:\/\/musgerbil.dk\/index.php?rest_route=\/wp\/v2\/pages\/385\/revisions"}],"predecessor-version":[{"id":9077,"href":"https:\/\/musgerbil.dk\/index.php?rest_route=\/wp\/v2\/pages\/385\/revisions\/9077"}],"up":[{"embeddable":true,"href":"https:\/\/musgerbil.dk\/index.php?rest_route=\/wp\/v2\/pages\/36"}],"wp:attachment":[{"href":"https:\/\/musgerbil.dk\/index.php?rest_route=%2Fwp%2Fv2%2Fmedia&parent=385"}],"curies":[{"name":"wp","href":"https:\/\/api.w.org\/{rel}","templated":true}]}}