{"id":32,"date":"2014-04-04T21:34:45","date_gmt":"2014-04-04T21:34:45","guid":{"rendered":"http:\/\/musgerbil.dk\/?page_id=32"},"modified":"2024-02-27T09:21:50","modified_gmt":"2024-02-27T08:21:50","slug":"opdraettere","status":"publish","type":"page","link":"https:\/\/musgerbil.dk\/?page_id=32","title":{"rendered":"Opdr\u00e6ttere"},"content":{"rendered":"<p>Opdr\u00e6ttere i Dansk Mus &amp; Gerbil er alle underlagt <a href=\"https:\/\/musgerbil.dk\/?page_id=362\">regels\u00e6ttet fra Stambogskontoret<\/a>.<\/p>\n<p>For k\u00f8bere betyder det, at regler omkring bl.a. hold af dyrene, \u00e5benhed for l\u00e6ring og ny viden og ikke mindst stambogsf\u00f8ring f\u00f8lges af opdr\u00e6ttere i foreningen.<\/p>\n<p>Alle opdr\u00e6ttere er listet geografisk med opdr\u00e6tter-nr, kontaktoplysninger, arter som opdr\u00e6ttes samt en kort beskrivelse af opdr\u00e6ttet.<\/p>\n<h2>Jylland<\/h2>\n<p><strong>Violas Mouse &#8211; DMG15-03<\/strong><\/p>\n<p><img decoding=\"async\" src=\"https:\/\/musgerbil.dk\/wp-content\/uploads\/viola-1.jpg\" alt=\"\" width=\"152\" height=\"152\"><br \/>\nSkanderborg 8660 &#8211; <a href=\"mailto:violavalentin83@gmail.com\" target=\"_blank\" rel=\"noopener noreferrer\">Email<\/a> &#8211; <a href=\"https:\/\/www.facebook.com\/Violasmouse\/\" target=\"_blank\" rel=\"noopener noreferrer\">Facebook<\/a><br \/>\nArter: Mus<br \/>\n<em>Beskrivelse:<br \/>\nViolas er et hyggeligt stueopdr\u00e6t af Showmus til k\u00e6l og udstilling.<br \/>\nMus: Har forskellige liner jeg arbejder med, Nude, Banded, Hereford, Piebald, Splashed, Tricolour, Pointed.<br \/>\n<\/em>Opdr\u00e6ttertest gennemf\u00f8rt: 19-07-2015<br \/>\nOpdr\u00e6ttertest Mus gennemf\u00f8rt: 20-07-2015<br \/>\n__________________________________________________________________________________________________<br \/>\n<strong>Mirkwood&#8217;s &#8211; DMG21-06<\/strong><\/p>\n<p><strong><img fetchpriority=\"high\" decoding=\"async\" src=\"https:\/\/musgerbil.dk\/wp-content\/uploads\/64FD3A40-406E-430E-BE3E-AAB26C4580B2-scaled.jpeg\" alt=\"\" width=\"301\" height=\"301\"><\/strong><\/p>\n<p>7130 Juelsminde &#8211; <a href=\"mailto:chjjuelsminde@gmail.com\" target=\"_blank\" rel=\"noopener noreferrer\">Email<\/a><strong> &#8211; <\/strong><a href=\"https:\/\/www.facebook.com\/Mirkwood-Mousery-101541259094719\/\" target=\"_blank\" rel=\"noopener noreferrer\">Facebook<\/a><strong><br \/>\n<\/strong>Arter: Mus<strong><br \/>\n<\/strong><em>Beskrivelse:<br \/>\nJeg er et lille stueopdr\u00e6t af showmus til k\u00e6l. Mit m\u00e5l er at avle sunde og smukke mus med et godt temperament i farverne Tan, Tricolor og Merle.<\/em><\/p>\n<hr>\n<h2><strong>Fyn<\/strong><\/h2>\n<hr>\n<h2><strong>Sj\u00e6lland &amp; \u00d8er<\/strong><\/h2>\n<p><strong>MiceWalker opdr\u00e6t &#8211; DMG24-01 <img decoding=\"async\" class=\"shrinkToFit alignright\" src=\"https:\/\/musgerbil.dk\/wp-content\/uploads\/344889948_777850747244065_1223837441492500133_n.jpg\" alt=\"https:\/\/musgerbil.dk\/wp-content\/uploads\/344889948_777850747244065_1223837441492500133_n.jpg\" width=\"202\" height=\"202\"><br \/>\n<\/strong>2760 Vordingborg &#8211; <a href=\"mailto:micewalkerbreeding@gmail.com\" target=\"_blank\" rel=\"noopener\">Email<\/a> &#8211; <a href=\"https:\/\/www.facebook.com\/profile.php?id=100092359512704\" target=\"_blank\" rel=\"noopener\">Facebook<\/a><br \/>\nArter: Mus &#8211; Piebald og Tricolour<br \/>\nBeskrivelse: Jeg har lavet dette lille hjemme opdr\u00e6t som en hobby. Jeg har alle mine mus i store bure, ikke de sm\u00e5 lab bure samt plastik fantastisk. Alle mus behandles som k\u00e6ledyr s\u00e5 n\u00e5r man k\u00f8ber af mig f\u00e5r man k\u00e6lne og nysgerrige mus som er h\u00e5ndtamme. N\u00e5r man k\u00f8ber fra mig er det vigtigt at jeg ved hvilke slags hjem de kommer til. Dvs jeg skal have info om hvad de kommer til at g\u00e5 i af bure samt om man har lavet forarbejde og sat sig ind i hvad deres behov er. Hvis man vil s\u00e6tte dem i sm\u00e5 bure er der ikke noget salg. S\u00e6lger heller ikke til foder.<br \/>\nJeg s\u00e6lger ogs\u00e5 til andre opdr\u00e6ttere i dk.<br \/>\n__________________________________________________________________________________________________<br \/>\n<strong>Sugar, Spice, and Everything Mice Mousery (ssemm) &#8211; DMG24-02<\/strong><br \/>\nK\u00f8benhavn NV, 2400 &#8211; <a href=\"mailto:ssemm@outlook.ie\" target=\"_blank\" rel=\"noopener\">Email<\/a> &#8211; <a href=\"https:\/\/www.facebook.com\/profile.php?id=61551204471488\" target=\"_blank\" rel=\"noopener\">Facebook&nbsp;<\/a><br \/>\nK\u00e6lemus med fokus p\u00e5 et dejligt temperament!<br \/>\nF\u00f8lg med p\u00e5 <a href=\"https:\/\/www.instagram.com\/sugarspiceeverythingmice?igsh=MWoyMDk5NGF5MTF0Nw%3D%3D\" target=\"_blank\" rel=\"noopener\">Instagram<\/a><\/p>\n<hr>\n<p><a href=\"https:\/\/musgerbil.dk\/?page_id=6627\">Beskyttede opdr\u00e6tternavne kan ses p\u00e5 denne side<\/a><\/p>\n","protected":false},"excerpt":{"rendered":"<p>Opdr\u00e6ttere i Dansk Mus &amp; Gerbil er alle underlagt regels\u00e6ttet fra Stambogskontoret. For k\u00f8bere betyder det, at regler omkring bl.a. hold af dyrene, \u00e5benhed for l\u00e6ring og ny viden og [&hellip;]<\/p>\n","protected":false},"author":1,"featured_media":0,"parent":0,"menu_order":3,"comment_status":"closed","ping_status":"closed","template":"","meta":{"site-sidebar-layout":"default","site-content-layout":"","ast-site-content-layout":"","site-content-style":"default","site-sidebar-style":"default","ast-global-header-display":"","ast-banner-title-visibility":"","ast-main-header-display":"","ast-hfb-above-header-display":"","ast-hfb-below-header-display":"","ast-hfb-mobile-header-display":"","site-post-title":"","ast-breadcrumbs-content":"","ast-featured-img":"","footer-sml-layout":"","theme-transparent-header-meta":"","adv-header-id-meta":"","stick-header-meta":"","header-above-stick-meta":"","header-main-stick-meta":"","header-below-stick-meta":"","astra-migrate-meta-layouts":"default","ast-page-background-enabled":"default","ast-page-background-meta":{"desktop":{"background-color":"var(--ast-global-color-4)","background-image":"","background-repeat":"repeat","background-position":"center center","background-size":"auto","background-attachment":"scroll","background-type":"","background-media":"","overlay-type":"","overlay-color":"","overlay-opacity":"","overlay-gradient":""},"tablet":{"background-color":"","background-image":"","background-repeat":"repeat","background-position":"center center","background-size":"auto","background-attachment":"scroll","background-type":"","background-media":"","overlay-type":"","overlay-color":"","overlay-opacity":"","overlay-gradient":""},"mobile":{"background-color":"","background-image":"","background-repeat":"repeat","background-position":"center center","background-size":"auto","background-attachment":"scroll","background-type":"","background-media":"","overlay-type":"","overlay-color":"","overlay-opacity":"","overlay-gradient":""}},"ast-content-background-meta":{"desktop":{"background-color":"var(--ast-global-color-5)","background-image":"","background-repeat":"repeat","background-position":"center center","background-size":"auto","background-attachment":"scroll","background-type":"","background-media":"","overlay-type":"","overlay-color":"","overlay-opacity":"","overlay-gradient":""},"tablet":{"background-color":"var(--ast-global-color-5)","background-image":"","background-repeat":"repeat","background-position":"center center","background-size":"auto","background-attachment":"scroll","background-type":"","background-media":"","overlay-type":"","overlay-color":"","overlay-opacity":"","overlay-gradient":""},"mobile":{"background-color":"var(--ast-global-color-5)","background-image":"","background-repeat":"repeat","background-position":"center center","background-size":"auto","background-attachment":"scroll","background-type":"","background-media":"","overlay-type":"","overlay-color":"","overlay-opacity":"","overlay-gradient":""}},"ngg_post_thumbnail":0,"footnotes":""},"class_list":["post-32","page","type-page","status-publish","hentry"],"_links":{"self":[{"href":"https:\/\/musgerbil.dk\/index.php?rest_route=\/wp\/v2\/pages\/32"}],"collection":[{"href":"https:\/\/musgerbil.dk\/index.php?rest_route=\/wp\/v2\/pages"}],"about":[{"href":"https:\/\/musgerbil.dk\/index.php?rest_route=\/wp\/v2\/types\/page"}],"author":[{"embeddable":true,"href":"https:\/\/musgerbil.dk\/index.php?rest_route=\/wp\/v2\/users\/1"}],"replies":[{"embeddable":true,"href":"https:\/\/musgerbil.dk\/index.php?rest_route=%2Fwp%2Fv2%2Fcomments&post=32"}],"version-history":[{"count":195,"href":"https:\/\/musgerbil.dk\/index.php?rest_route=\/wp\/v2\/pages\/32\/revisions"}],"predecessor-version":[{"id":11540,"href":"https:\/\/musgerbil.dk\/index.php?rest_route=\/wp\/v2\/pages\/32\/revisions\/11540"}],"wp:attachment":[{"href":"https:\/\/musgerbil.dk\/index.php?rest_route=%2Fwp%2Fv2%2Fmedia&parent=32"}],"curies":[{"name":"wp","href":"https:\/\/api.w.org\/{rel}","templated":true}]}}