{"id":3197,"date":"2014-08-06T08:14:36","date_gmt":"2014-08-06T08:14:36","guid":{"rendered":"http:\/\/musgerbil.dk\/?page_id=3197"},"modified":"2022-02-17T23:48:55","modified_gmt":"2022-02-17T22:48:55","slug":"kaeledyrs-standard-mus","status":"publish","type":"page","link":"https:\/\/musgerbil.dk\/?page_id=3197","title":{"rendered":"K\u00e6ledyr standard &#8211; Mus"},"content":{"rendered":"<p>&nbsp;<\/p>\n<p><strong>St\u00f8rrelse &#8211; 20<br \/>\n<\/strong>Musen skal have en st\u00f8rrelse svarende til sin alder. St\u00f8rrelsen skal v\u00e6re harmonisk og passe til musens type.<br \/>\nProportionerne mellem hale og krop er vigtig, s\u00e5 halen hverken fremst\u00e5r for lang eller kort til kroppen. Minimumsv\u00e6gten b\u00f8r ligge p\u00e5 30-35g.<\/p>\n<p><strong>Kondition &#8211; 25<br \/>\n<\/strong> Musen skal fremst\u00e5 sund og rask, og musen skal v\u00e6re i god foderstand uden at v\u00e6re hverken for tynd eller tyk.<\/p>\n<p><strong>\u00d8jne &amp; \u00d8rer &#8211; 10<\/strong><br \/>\n\u00d8jne skal v\u00e6re rene og uden s\u00e5r. De skal v\u00e6re klare og udtryksfulde, s\u00e5 musen fremst\u00e5r v\u00e5gen og nysgerrig.<br \/>\n\u00d8rer skal v\u00e6re rene, uden snavs eller andet. De skal b\u00e6res\u00a0 fremadrettet.<\/p>\n<p><strong>Pels &#8211; 15<\/strong><br \/>\nPelsen skal have et sundt udtryk og v\u00e6re bl\u00f8d og skinnende. Den skal v\u00e6re t\u00e6t og fremst\u00e5 ren og p\u00e6n. Pelsen m\u00e5 ikke v\u00e6re beskidt, have bare pletter eller misfarvninger.<\/p>\n<p><strong>Temperament &#8211; 30<br \/>\n<\/strong>Grundtemperamentet hos en mus skal v\u00e6re nysgerrigt og venligt. Den skal v\u00e6re let at h\u00e5ndtere og vise at den er tryg ved h\u00e5ndteringen. Is\u00e6r unge mus er livlige og udforskende, hvor \u00e6ldre foretr\u00e6kkes mere rolige.<br \/>\nMusen m\u00e5 ikke virke sky eller aggressiv.<\/p>\n","protected":false},"excerpt":{"rendered":"<p>&nbsp; St\u00f8rrelse &#8211; 20 Musen skal have en st\u00f8rrelse svarende til sin alder. St\u00f8rrelsen skal v\u00e6re harmonisk og passe til musens type. Proportionerne mellem hale og krop er vigtig, s\u00e5 [&hellip;]<\/p>\n","protected":false},"author":1,"featured_media":0,"parent":2605,"menu_order":0,"comment_status":"closed","ping_status":"closed","template":"","meta":{"site-sidebar-layout":"default","site-content-layout":"","ast-site-content-layout":"","site-content-style":"default","site-sidebar-style":"default","ast-global-header-display":"","ast-banner-title-visibility":"","ast-main-header-display":"","ast-hfb-above-header-display":"","ast-hfb-below-header-display":"","ast-hfb-mobile-header-display":"","site-post-title":"","ast-breadcrumbs-content":"","ast-featured-img":"","footer-sml-layout":"","theme-transparent-header-meta":"","adv-header-id-meta":"","stick-header-meta":"","header-above-stick-meta":"","header-main-stick-meta":"","header-below-stick-meta":"","astra-migrate-meta-layouts":"default","ast-page-background-enabled":"default","ast-page-background-meta":{"desktop":{"background-color":"var(--ast-global-color-4)","background-image":"","background-repeat":"repeat","background-position":"center center","background-size":"auto","background-attachment":"scroll","background-type":"","background-media":"","overlay-type":"","overlay-color":"","overlay-opacity":"","overlay-gradient":""},"tablet":{"background-color":"","background-image":"","background-repeat":"repeat","background-position":"center center","background-size":"auto","background-attachment":"scroll","background-type":"","background-media":"","overlay-type":"","overlay-color":"","overlay-opacity":"","overlay-gradient":""},"mobile":{"background-color":"","background-image":"","background-repeat":"repeat","background-position":"center center","background-size":"auto","background-attachment":"scroll","background-type":"","background-media":"","overlay-type":"","overlay-color":"","overlay-opacity":"","overlay-gradient":""}},"ast-content-background-meta":{"desktop":{"background-color":"var(--ast-global-color-5)","background-image":"","background-repeat":"repeat","background-position":"center center","background-size":"auto","background-attachment":"scroll","background-type":"","background-media":"","overlay-type":"","overlay-color":"","overlay-opacity":"","overlay-gradient":""},"tablet":{"background-color":"var(--ast-global-color-5)","background-image":"","background-repeat":"repeat","background-position":"center center","background-size":"auto","background-attachment":"scroll","background-type":"","background-media":"","overlay-type":"","overlay-color":"","overlay-opacity":"","overlay-gradient":""},"mobile":{"background-color":"var(--ast-global-color-5)","background-image":"","background-repeat":"repeat","background-position":"center center","background-size":"auto","background-attachment":"scroll","background-type":"","background-media":"","overlay-type":"","overlay-color":"","overlay-opacity":"","overlay-gradient":""}},"ngg_post_thumbnail":0,"footnotes":""},"class_list":["post-3197","page","type-page","status-publish","hentry"],"_links":{"self":[{"href":"https:\/\/musgerbil.dk\/index.php?rest_route=\/wp\/v2\/pages\/3197"}],"collection":[{"href":"https:\/\/musgerbil.dk\/index.php?rest_route=\/wp\/v2\/pages"}],"about":[{"href":"https:\/\/musgerbil.dk\/index.php?rest_route=\/wp\/v2\/types\/page"}],"author":[{"embeddable":true,"href":"https:\/\/musgerbil.dk\/index.php?rest_route=\/wp\/v2\/users\/1"}],"replies":[{"embeddable":true,"href":"https:\/\/musgerbil.dk\/index.php?rest_route=%2Fwp%2Fv2%2Fcomments&post=3197"}],"version-history":[{"count":5,"href":"https:\/\/musgerbil.dk\/index.php?rest_route=\/wp\/v2\/pages\/3197\/revisions"}],"predecessor-version":[{"id":6472,"href":"https:\/\/musgerbil.dk\/index.php?rest_route=\/wp\/v2\/pages\/3197\/revisions\/6472"}],"up":[{"embeddable":true,"href":"https:\/\/musgerbil.dk\/index.php?rest_route=\/wp\/v2\/pages\/2605"}],"wp:attachment":[{"href":"https:\/\/musgerbil.dk\/index.php?rest_route=%2Fwp%2Fv2%2Fmedia&parent=3197"}],"curies":[{"name":"wp","href":"https:\/\/api.w.org\/{rel}","templated":true}]}}