{"id":2922,"date":"2014-07-20T08:37:56","date_gmt":"2014-07-20T08:37:56","guid":{"rendered":"http:\/\/musgerbil.dk\/?page_id=2922"},"modified":"2022-02-17T23:48:55","modified_gmt":"2022-02-17T22:48:55","slug":"lavender","status":"publish","type":"page","link":"https:\/\/musgerbil.dk\/?page_id=2922","title":{"rendered":"Lavender &#8211; mus"},"content":{"rendered":"<p><strong>Genetik<\/strong>: aa bb dd pp<br \/>\n<strong>Grundfarve<\/strong>: Farven skal v\u00e6re en j\u00e6vn lilla nuance. Farven beskrives bedst som lys lyng eller gr\u00e5 med et hint af brun.<br \/>\n<strong>Hale<\/strong>: Halen er m\u00f8rk hudfarvet med en gr\u00e5lig tone. H\u00e5rene p\u00e5 halen er lyngfarvet.<br \/>\n<strong>F\u00f8dder<\/strong>: Pelsen har samme farve som grundfarven. Tr\u00e6depuder og kl\u00f8er er kold\/gr\u00e5 hudfarvet.<br \/>\n<strong>\u00d8jne<\/strong>: Pink<br \/>\n<strong>\u00d8rer<\/strong>: Kold\/gr\u00e5 hudfarvede<br \/>\n<strong>Almindelige fejl<\/strong>: Uensartetheder&nbsp;i farven som lyse\/m\u00f8rke pletter. Ofte ses farven for brun eller for bl\u00e5 og ikke lyngfarvet.<\/p>\n<p><strong>Udstillingsklasse<\/strong>: K\u00e6ledyr (er endnu ikke godkendt i Sj\u00e6lden Variant eller Standard)<\/p>\nngg_shortcode_0_placeholder\n","protected":false},"excerpt":{"rendered":"<p>Genetik: aa bb dd pp Grundfarve: Farven skal v\u00e6re en j\u00e6vn lilla nuance. Farven beskrives bedst som lys lyng eller gr\u00e5 med et hint af brun. Hale: Halen er m\u00f8rk [&hellip;]<\/p>\n","protected":false},"author":1,"featured_media":0,"parent":150,"menu_order":0,"comment_status":"closed","ping_status":"closed","template":"","meta":{"site-sidebar-layout":"default","site-content-layout":"","ast-site-content-layout":"","site-content-style":"default","site-sidebar-style":"default","ast-global-header-display":"","ast-banner-title-visibility":"","ast-main-header-display":"","ast-hfb-above-header-display":"","ast-hfb-below-header-display":"","ast-hfb-mobile-header-display":"","site-post-title":"","ast-breadcrumbs-content":"","ast-featured-img":"","footer-sml-layout":"","theme-transparent-header-meta":"","adv-header-id-meta":"","stick-header-meta":"","header-above-stick-meta":"","header-main-stick-meta":"","header-below-stick-meta":"","astra-migrate-meta-layouts":"default","ast-page-background-enabled":"default","ast-page-background-meta":{"desktop":{"background-color":"var(--ast-global-color-4)","background-image":"","background-repeat":"repeat","background-position":"center center","background-size":"auto","background-attachment":"scroll","background-type":"","background-media":"","overlay-type":"","overlay-color":"","overlay-opacity":"","overlay-gradient":""},"tablet":{"background-color":"","background-image":"","background-repeat":"repeat","background-position":"center center","background-size":"auto","background-attachment":"scroll","background-type":"","background-media":"","overlay-type":"","overlay-color":"","overlay-opacity":"","overlay-gradient":""},"mobile":{"background-color":"","background-image":"","background-repeat":"repeat","background-position":"center center","background-size":"auto","background-attachment":"scroll","background-type":"","background-media":"","overlay-type":"","overlay-color":"","overlay-opacity":"","overlay-gradient":""}},"ast-content-background-meta":{"desktop":{"background-color":"var(--ast-global-color-5)","background-image":"","background-repeat":"repeat","background-position":"center center","background-size":"auto","background-attachment":"scroll","background-type":"","background-media":"","overlay-type":"","overlay-color":"","overlay-opacity":"","overlay-gradient":""},"tablet":{"background-color":"var(--ast-global-color-5)","background-image":"","background-repeat":"repeat","background-position":"center center","background-size":"auto","background-attachment":"scroll","background-type":"","background-media":"","overlay-type":"","overlay-color":"","overlay-opacity":"","overlay-gradient":""},"mobile":{"background-color":"var(--ast-global-color-5)","background-image":"","background-repeat":"repeat","background-position":"center center","background-size":"auto","background-attachment":"scroll","background-type":"","background-media":"","overlay-type":"","overlay-color":"","overlay-opacity":"","overlay-gradient":""}},"ngg_post_thumbnail":0,"footnotes":""},"class_list":["post-2922","page","type-page","status-publish","hentry"],"_links":{"self":[{"href":"https:\/\/musgerbil.dk\/index.php?rest_route=\/wp\/v2\/pages\/2922"}],"collection":[{"href":"https:\/\/musgerbil.dk\/index.php?rest_route=\/wp\/v2\/pages"}],"about":[{"href":"https:\/\/musgerbil.dk\/index.php?rest_route=\/wp\/v2\/types\/page"}],"author":[{"embeddable":true,"href":"https:\/\/musgerbil.dk\/index.php?rest_route=\/wp\/v2\/users\/1"}],"replies":[{"embeddable":true,"href":"https:\/\/musgerbil.dk\/index.php?rest_route=%2Fwp%2Fv2%2Fcomments&post=2922"}],"version-history":[{"count":11,"href":"https:\/\/musgerbil.dk\/index.php?rest_route=\/wp\/v2\/pages\/2922\/revisions"}],"predecessor-version":[{"id":10025,"href":"https:\/\/musgerbil.dk\/index.php?rest_route=\/wp\/v2\/pages\/2922\/revisions\/10025"}],"up":[{"embeddable":true,"href":"https:\/\/musgerbil.dk\/index.php?rest_route=\/wp\/v2\/pages\/150"}],"wp:attachment":[{"href":"https:\/\/musgerbil.dk\/index.php?rest_route=%2Fwp%2Fv2%2Fmedia&parent=2922"}],"curies":[{"name":"wp","href":"https:\/\/api.w.org\/{rel}","templated":true}]}}