{"id":28,"date":"2014-04-04T21:33:29","date_gmt":"2014-04-04T21:33:29","guid":{"rendered":"http:\/\/musgerbil.dk\/?page_id=28"},"modified":"2022-02-17T23:49:30","modified_gmt":"2022-02-17T22:49:30","slug":"viden-om","status":"publish","type":"page","link":"https:\/\/musgerbil.dk\/?page_id=28","title":{"rendered":"Viden om&#8230;"},"content":{"rendered":"<p>Alle artikler p\u00e5 hjemmesiden om pasning, pleje, genetik og opdr\u00e6t.<\/p>\n<p>&nbsp;<\/p>\n<ul>\n<li><a href=\"https:\/\/musgerbil.dk\/?page_id=2777\">Generel Info <\/a><\/li>\n<li><a href=\"https:\/\/musgerbil.dk\/?page_id=3895\">Genetik<\/a><\/li>\n<li><a href=\"https:\/\/musgerbil.dk\/?page_id=169\">Mus <\/a><\/li>\n<li><a href=\"https:\/\/musgerbil.dk\/?page_id=190\">\u00d8rkenrotter <\/a><\/li>\n<li><a href=\"https:\/\/musgerbil.dk\/?page_id=3969\">Afrikansk Dv\u00e6rgmus<\/a><\/li>\n<li><a href=\"https:\/\/musgerbil.dk\/?page_id=253\">Buskhalemus <\/a><\/li>\n<li><a href=\"https:\/\/musgerbil.dk\/?page_id=211\">Egyptisk \u00d8rkenrotte<\/a><\/li>\n<li><a href=\"https:\/\/musgerbil.dk\/?page_id=225\">Fed sandrotte<\/a><\/li>\n<li><a href=\"https:\/\/musgerbil.dk\/?page_id=239\">Fedthalemus<\/a><\/li>\n<li><a href=\"https:\/\/musgerbil.dk\/?page_id=2092\">Natalmus<\/a><\/li>\n<li><a href=\"https:\/\/musgerbil.dk\/?page_id=1578\">Pigmus<\/a><\/li>\n<li><a href=\"https:\/\/musgerbil.dk\/?page_id=3069\">Shaw&#8217;s Jird <\/a><\/li>\n<li><a href=\"https:\/\/musgerbil.dk\/?page_id=1568\">Zebramus <\/a><\/li>\n<\/ul>\n","protected":false},"excerpt":{"rendered":"<p>Alle artikler p\u00e5 hjemmesiden om pasning, pleje, genetik og opdr\u00e6t. &nbsp; Generel Info Genetik Mus \u00d8rkenrotter Afrikansk Dv\u00e6rgmus Buskhalemus Egyptisk \u00d8rkenrotte Fed sandrotte Fedthalemus Natalmus Pigmus Shaw&#8217;s Jird Zebramus<\/p>\n","protected":false},"author":1,"featured_media":0,"parent":6507,"menu_order":3,"comment_status":"closed","ping_status":"closed","template":"","meta":{"site-sidebar-layout":"default","site-content-layout":"","ast-site-content-layout":"","site-content-style":"default","site-sidebar-style":"default","ast-global-header-display":"","ast-banner-title-visibility":"","ast-main-header-display":"","ast-hfb-above-header-display":"","ast-hfb-below-header-display":"","ast-hfb-mobile-header-display":"","site-post-title":"","ast-breadcrumbs-content":"","ast-featured-img":"","footer-sml-layout":"","theme-transparent-header-meta":"","adv-header-id-meta":"","stick-header-meta":"","header-above-stick-meta":"","header-main-stick-meta":"","header-below-stick-meta":"","astra-migrate-meta-layouts":"default","ast-page-background-enabled":"default","ast-page-background-meta":{"desktop":{"background-color":"var(--ast-global-color-4)","background-image":"","background-repeat":"repeat","background-position":"center center","background-size":"auto","background-attachment":"scroll","background-type":"","background-media":"","overlay-type":"","overlay-color":"","overlay-opacity":"","overlay-gradient":""},"tablet":{"background-color":"","background-image":"","background-repeat":"repeat","background-position":"center center","background-size":"auto","background-attachment":"scroll","background-type":"","background-media":"","overlay-type":"","overlay-color":"","overlay-opacity":"","overlay-gradient":""},"mobile":{"background-color":"","background-image":"","background-repeat":"repeat","background-position":"center center","background-size":"auto","background-attachment":"scroll","background-type":"","background-media":"","overlay-type":"","overlay-color":"","overlay-opacity":"","overlay-gradient":""}},"ast-content-background-meta":{"desktop":{"background-color":"var(--ast-global-color-5)","background-image":"","background-repeat":"repeat","background-position":"center center","background-size":"auto","background-attachment":"scroll","background-type":"","background-media":"","overlay-type":"","overlay-color":"","overlay-opacity":"","overlay-gradient":""},"tablet":{"background-color":"var(--ast-global-color-5)","background-image":"","background-repeat":"repeat","background-position":"center center","background-size":"auto","background-attachment":"scroll","background-type":"","background-media":"","overlay-type":"","overlay-color":"","overlay-opacity":"","overlay-gradient":""},"mobile":{"background-color":"var(--ast-global-color-5)","background-image":"","background-repeat":"repeat","background-position":"center center","background-size":"auto","background-attachment":"scroll","background-type":"","background-media":"","overlay-type":"","overlay-color":"","overlay-opacity":"","overlay-gradient":""}},"ngg_post_thumbnail":0,"footnotes":""},"class_list":["post-28","page","type-page","status-publish","hentry"],"_links":{"self":[{"href":"https:\/\/musgerbil.dk\/index.php?rest_route=\/wp\/v2\/pages\/28"}],"collection":[{"href":"https:\/\/musgerbil.dk\/index.php?rest_route=\/wp\/v2\/pages"}],"about":[{"href":"https:\/\/musgerbil.dk\/index.php?rest_route=\/wp\/v2\/types\/page"}],"author":[{"embeddable":true,"href":"https:\/\/musgerbil.dk\/index.php?rest_route=\/wp\/v2\/users\/1"}],"replies":[{"embeddable":true,"href":"https:\/\/musgerbil.dk\/index.php?rest_route=%2Fwp%2Fv2%2Fcomments&post=28"}],"version-history":[{"count":4,"href":"https:\/\/musgerbil.dk\/index.php?rest_route=\/wp\/v2\/pages\/28\/revisions"}],"predecessor-version":[{"id":9756,"href":"https:\/\/musgerbil.dk\/index.php?rest_route=\/wp\/v2\/pages\/28\/revisions\/9756"}],"up":[{"embeddable":true,"href":"https:\/\/musgerbil.dk\/index.php?rest_route=\/wp\/v2\/pages\/6507"}],"wp:attachment":[{"href":"https:\/\/musgerbil.dk\/index.php?rest_route=%2Fwp%2Fv2%2Fmedia&parent=28"}],"curies":[{"name":"wp","href":"https:\/\/api.w.org\/{rel}","templated":true}]}}