{"id":2779,"date":"2014-07-14T08:45:39","date_gmt":"2014-07-14T08:45:39","guid":{"rendered":"http:\/\/musgerbil.dk\/?page_id=2779"},"modified":"2022-02-17T23:49:06","modified_gmt":"2022-02-17T22:49:06","slug":"diy-transportkasse","status":"publish","type":"page","link":"https:\/\/musgerbil.dk\/?page_id=2779","title":{"rendered":"DIY &#8211; Transportkasse"},"content":{"rendered":"<p>Det er b\u00e5de nemt og billigt &nbsp;at lave egnede transportkasser til gnavere. Det eneste, der er n\u00f8dvendigt, er strips, en lodde kolbe og finmasket volierenet (begge dele kan k\u00f8bes billigt i f.eks Harald Nyborg) samt slikbokse, som man &#8220;tigger&#8221; sig til hos sin lokale slikpusher eller supermarked. Evt. kan mindre Samlabokse fra Ikea bruges eller nogle af de andre mindre Smartbokse. St\u00f8rrelsen p\u00e5 boksen vil v\u00e6re afh\u00e6ngigt af hvilken gnaverrart, der skal transporteres, hvor langt og hvor mange pr. boks. Som hovedregel kan der i en slikboks v\u00e6re 2-3 mus p\u00e5 en kortere transport af en times tid. Til l\u00e6ngere transporter maks 2.<\/p>\n<p>Med br\u00e6nderen p\u00e5sat kniven, sk\u00e6res ca. 1,5-2 cm fra kanten af l\u00e5get, s\u00e5 der er et stort &#8220;hul&#8221; i l\u00e5get. Derefter skifter man kniven ud med en spids, som kan lave sm\u00e5 runde huller. Langs kanten af l\u00e5get br\u00e6nder man nu en r\u00e6kke huller.<br \/>\nDerefter klipper man tr\u00e5dnet, s\u00e5 det er en smule st\u00f8rre end hullet i l\u00e5get. Dette fastg\u00f8res hele vejen rundt med sm\u00e5 strips og Voila, s\u00e5 har man en transportkasse. Jeg har p\u00e5 mine klippet et lille hul i tr\u00e5den passende til studsen p\u00e5 en drikkeflaske, s\u00e5 jeg kan s\u00e6tte flaske p\u00e5 til l\u00e6ngere transport.<br \/>\nEn endnu billigere l\u00f8sning er, blot at br\u00e6nde nogle r\u00e6kker huller i l\u00e5get og siden p\u00e5 boksen. Disse bokse er udm\u00e6rkede til korte transporter.<\/p>\n<p><a href=\"https:\/\/musgerbil.dk\/wp-content\/uploads\/WP_20140721_12_28_27_Pro-1-scaled-1-1-1.jpg\"><img fetchpriority=\"high\" decoding=\"async\" class=\"alignnone size-medium wp-image-3018\" src=\"https:\/\/musgerbil.dk\/wp-content\/uploads\/WP_20140721_12_28_27_Pro-300x168.jpg\" alt=\"WP_20140721_12_28_27_Pro\" width=\"300\" height=\"168\" srcset=\"https:\/\/musgerbil.dk\/wp-content\/uploads\/WP_20140721_12_28_27_Pro-300x168.jpg 300w, https:\/\/musgerbil.dk\/wp-content\/uploads\/WP_20140721_12_28_27_Pro-600x337.jpg 600w\" sizes=\"(max-width: 300px) 100vw, 300px\" \/><\/a><\/p>\n<p><a href=\"https:\/\/musgerbil.dk\/wp-content\/uploads\/WP_20140721_12_28_48_Pro-1-scaled-1-1-1.jpg\"><img decoding=\"async\" class=\"alignnone size-medium wp-image-3019\" src=\"https:\/\/musgerbil.dk\/wp-content\/uploads\/WP_20140721_12_28_48_Pro-300x168.jpg\" alt=\"WP_20140721_12_28_48_Pro\" width=\"300\" height=\"168\" srcset=\"https:\/\/musgerbil.dk\/wp-content\/uploads\/WP_20140721_12_28_48_Pro-300x168.jpg 300w, https:\/\/musgerbil.dk\/wp-content\/uploads\/WP_20140721_12_28_48_Pro-600x337.jpg 600w\" sizes=\"(max-width: 300px) 100vw, 300px\" \/><\/a><\/p>\n<p><a href=\"https:\/\/musgerbil.dk\/wp-content\/uploads\/WP_20140721_12_30_28_Pro-1-scaled-1-1-1.jpg\"><img decoding=\"async\" class=\"alignnone size-medium wp-image-3020\" src=\"https:\/\/musgerbil.dk\/wp-content\/uploads\/WP_20140721_12_30_28_Pro-300x168.jpg\" alt=\"WP_20140721_12_30_28_Pro\" width=\"300\" height=\"168\" srcset=\"https:\/\/musgerbil.dk\/wp-content\/uploads\/WP_20140721_12_30_28_Pro-300x168.jpg 300w, https:\/\/musgerbil.dk\/wp-content\/uploads\/WP_20140721_12_30_28_Pro-600x337.jpg 600w\" sizes=\"(max-width: 300px) 100vw, 300px\" \/><\/a><\/p>\n<p>&nbsp;<\/p>\n<p><a href=\"https:\/\/musgerbil.dk\/wp-content\/uploads\/WP_20140721_12_30_48_Pro-1-scaled-1-1-1.jpg\"><img loading=\"lazy\" decoding=\"async\" class=\"alignnone size-medium wp-image-3021\" src=\"https:\/\/musgerbil.dk\/wp-content\/uploads\/WP_20140721_12_30_48_Pro-300x168.jpg\" alt=\"WP_20140721_12_30_48_Pro\" width=\"300\" height=\"168\" srcset=\"https:\/\/musgerbil.dk\/wp-content\/uploads\/WP_20140721_12_30_48_Pro-300x168.jpg 300w, https:\/\/musgerbil.dk\/wp-content\/uploads\/WP_20140721_12_30_48_Pro-600x337.jpg 600w\" sizes=\"(max-width: 300px) 100vw, 300px\" \/><\/a><\/p>\n<p><a href=\"https:\/\/musgerbil.dk\/wp-content\/uploads\/WP_20140721_12_30_57_Pro-1-scaled-1-1-1.jpg\"><img loading=\"lazy\" decoding=\"async\" class=\"alignnone size-medium wp-image-3022\" src=\"https:\/\/musgerbil.dk\/wp-content\/uploads\/WP_20140721_12_30_57_Pro-300x168.jpg\" alt=\"WP_20140721_12_30_57_Pro\" width=\"300\" height=\"168\" srcset=\"https:\/\/musgerbil.dk\/wp-content\/uploads\/WP_20140721_12_30_57_Pro-300x168.jpg 300w, https:\/\/musgerbil.dk\/wp-content\/uploads\/WP_20140721_12_30_57_Pro-600x337.jpg 600w\" sizes=\"(max-width: 300px) 100vw, 300px\" \/><\/a><\/p>\n<p>&nbsp;<\/p>\n<p><a href=\"https:\/\/musgerbil.dk\/wp-content\/uploads\/WP_20140721_12_31_41_Pro-2-1-scaled-1-1.jpg\"><img loading=\"lazy\" decoding=\"async\" class=\"alignnone size-medium wp-image-3023\" src=\"https:\/\/musgerbil.dk\/wp-content\/uploads\/WP_20140721_12_31_41_Pro-300x168.jpg\" alt=\"WP_20140721_12_31_41_Pro\" width=\"300\" height=\"168\" srcset=\"https:\/\/musgerbil.dk\/wp-content\/uploads\/WP_20140721_12_31_41_Pro-300x168.jpg 300w, https:\/\/musgerbil.dk\/wp-content\/uploads\/WP_20140721_12_31_41_Pro-600x337.jpg 600w\" sizes=\"(max-width: 300px) 100vw, 300px\" \/><\/a><\/p>\n<p><a href=\"https:\/\/musgerbil.dk\/wp-content\/uploads\/WP_20140721_12_31_47_Pro-1-1-scaled-1-1.jpg\"><img loading=\"lazy\" decoding=\"async\" class=\"alignnone size-medium wp-image-3024\" src=\"https:\/\/musgerbil.dk\/wp-content\/uploads\/WP_20140721_12_31_47_Pro-300x168.jpg\" alt=\"WP_20140721_12_31_47_Pro\" width=\"300\" height=\"168\" srcset=\"https:\/\/musgerbil.dk\/wp-content\/uploads\/WP_20140721_12_31_47_Pro-300x168.jpg 300w, https:\/\/musgerbil.dk\/wp-content\/uploads\/WP_20140721_12_31_47_Pro-600x337.jpg 600w\" sizes=\"(max-width: 300px) 100vw, 300px\" \/><\/a><\/p>\n<p>&nbsp;<\/p>\n<p><a href=\"https:\/\/musgerbil.dk\/wp-content\/uploads\/WP_20140721_12_31_56_Pro-1-1-scaled-1-1.jpg\"><img loading=\"lazy\" decoding=\"async\" class=\"alignnone size-medium wp-image-3025\" src=\"https:\/\/musgerbil.dk\/wp-content\/uploads\/WP_20140721_12_31_56_Pro-300x168.jpg\" alt=\"WP_20140721_12_31_56_Pro\" width=\"300\" height=\"168\" srcset=\"https:\/\/musgerbil.dk\/wp-content\/uploads\/WP_20140721_12_31_56_Pro-300x168.jpg 300w, https:\/\/musgerbil.dk\/wp-content\/uploads\/WP_20140721_12_31_56_Pro-600x337.jpg 600w\" sizes=\"(max-width: 300px) 100vw, 300px\" \/><\/a><\/p>\n<p><a href=\"https:\/\/musgerbil.dk\/wp-content\/uploads\/WP_20140721_12_32_03_Pro-1-2-1-1.jpg\"><img loading=\"lazy\" decoding=\"async\" class=\"alignnone size-medium wp-image-3026\" src=\"https:\/\/musgerbil.dk\/wp-content\/uploads\/WP_20140721_12_32_03_Pro-300x168.jpg\" alt=\"WP_20140721_12_32_03_Pro\" width=\"300\" height=\"168\" srcset=\"https:\/\/musgerbil.dk\/wp-content\/uploads\/WP_20140721_12_32_03_Pro-300x168.jpg 300w, https:\/\/musgerbil.dk\/wp-content\/uploads\/WP_20140721_12_32_03_Pro-600x337.jpg 600w\" sizes=\"(max-width: 300px) 100vw, 300px\" \/><\/a><\/p>\n","protected":false},"excerpt":{"rendered":"<p>Det er b\u00e5de nemt og billigt &nbsp;at lave egnede transportkasser til gnavere. Det eneste, der er n\u00f8dvendigt, er strips, en lodde kolbe og finmasket volierenet (begge dele kan k\u00f8bes billigt [&hellip;]<\/p>\n","protected":false},"author":1,"featured_media":0,"parent":7859,"menu_order":0,"comment_status":"closed","ping_status":"closed","template":"","meta":{"site-sidebar-layout":"default","site-content-layout":"","ast-site-content-layout":"","site-content-style":"default","site-sidebar-style":"default","ast-global-header-display":"","ast-banner-title-visibility":"","ast-main-header-display":"","ast-hfb-above-header-display":"","ast-hfb-below-header-display":"","ast-hfb-mobile-header-display":"","site-post-title":"","ast-breadcrumbs-content":"","ast-featured-img":"","footer-sml-layout":"","theme-transparent-header-meta":"","adv-header-id-meta":"","stick-header-meta":"","header-above-stick-meta":"","header-main-stick-meta":"","header-below-stick-meta":"","astra-migrate-meta-layouts":"default","ast-page-background-enabled":"default","ast-page-background-meta":{"desktop":{"background-color":"var(--ast-global-color-4)","background-image":"","background-repeat":"repeat","background-position":"center center","background-size":"auto","background-attachment":"scroll","background-type":"","background-media":"","overlay-type":"","overlay-color":"","overlay-opacity":"","overlay-gradient":""},"tablet":{"background-color":"","background-image":"","background-repeat":"repeat","background-position":"center center","background-size":"auto","background-attachment":"scroll","background-type":"","background-media":"","overlay-type":"","overlay-color":"","overlay-opacity":"","overlay-gradient":""},"mobile":{"background-color":"","background-image":"","background-repeat":"repeat","background-position":"center center","background-size":"auto","background-attachment":"scroll","background-type":"","background-media":"","overlay-type":"","overlay-color":"","overlay-opacity":"","overlay-gradient":""}},"ast-content-background-meta":{"desktop":{"background-color":"var(--ast-global-color-5)","background-image":"","background-repeat":"repeat","background-position":"center center","background-size":"auto","background-attachment":"scroll","background-type":"","background-media":"","overlay-type":"","overlay-color":"","overlay-opacity":"","overlay-gradient":""},"tablet":{"background-color":"var(--ast-global-color-5)","background-image":"","background-repeat":"repeat","background-position":"center center","background-size":"auto","background-attachment":"scroll","background-type":"","background-media":"","overlay-type":"","overlay-color":"","overlay-opacity":"","overlay-gradient":""},"mobile":{"background-color":"var(--ast-global-color-5)","background-image":"","background-repeat":"repeat","background-position":"center center","background-size":"auto","background-attachment":"scroll","background-type":"","background-media":"","overlay-type":"","overlay-color":"","overlay-opacity":"","overlay-gradient":""}},"ngg_post_thumbnail":0,"footnotes":""},"class_list":["post-2779","page","type-page","status-publish","hentry"],"_links":{"self":[{"href":"https:\/\/musgerbil.dk\/index.php?rest_route=\/wp\/v2\/pages\/2779"}],"collection":[{"href":"https:\/\/musgerbil.dk\/index.php?rest_route=\/wp\/v2\/pages"}],"about":[{"href":"https:\/\/musgerbil.dk\/index.php?rest_route=\/wp\/v2\/types\/page"}],"author":[{"embeddable":true,"href":"https:\/\/musgerbil.dk\/index.php?rest_route=\/wp\/v2\/users\/1"}],"replies":[{"embeddable":true,"href":"https:\/\/musgerbil.dk\/index.php?rest_route=%2Fwp%2Fv2%2Fcomments&post=2779"}],"version-history":[{"count":10,"href":"https:\/\/musgerbil.dk\/index.php?rest_route=\/wp\/v2\/pages\/2779\/revisions"}],"predecessor-version":[{"id":11360,"href":"https:\/\/musgerbil.dk\/index.php?rest_route=\/wp\/v2\/pages\/2779\/revisions\/11360"}],"up":[{"embeddable":true,"href":"https:\/\/musgerbil.dk\/index.php?rest_route=\/wp\/v2\/pages\/7859"}],"wp:attachment":[{"href":"https:\/\/musgerbil.dk\/index.php?rest_route=%2Fwp%2Fv2%2Fmedia&parent=2779"}],"curies":[{"name":"wp","href":"https:\/\/api.w.org\/{rel}","templated":true}]}}