{"id":2777,"date":"2014-07-14T08:44:29","date_gmt":"2014-07-14T08:44:29","guid":{"rendered":"http:\/\/musgerbil.dk\/?page_id=2777"},"modified":"2022-02-17T23:49:06","modified_gmt":"2022-02-17T22:49:06","slug":"generel-info","status":"publish","type":"page","link":"https:\/\/musgerbil.dk\/?page_id=2777","title":{"rendered":"Generel Info"},"content":{"rendered":"<p>Menuen her er t\u00e6nkt til artikler som sp\u00e6nder bredt over flere arter.<br \/>\nHar du gode id\u00e9er til en artikel &#8211; eller har du en liggende? S\u00e5 kontakt os endelig.<\/p>\n<p>I Dansk Mus &amp; Gerbil arbejder vi ogs\u00e5 l\u00f8bende p\u00e5 informationsfoldere p\u00e5 de forskellige arter. Vi vil bruge dem i forbindelse med PR p\u00e5 udstillinger og andre arrangementer vi kommer ud til.<\/p>\n<p>Alle er velkommen til at downloade og printe dem ud.<br \/>\nVi opfordrer vores opdr\u00e6ttere til at printe og sende med deres k\u00f8bere ud til deres solgte dyr.<\/p>\n<p>Alle vores foldere er tosidet, som skal foldes en gang p\u00e5 midten:<\/p>\n<p><a title=\"Informationsfolder om MUS\" href=\"https:\/\/musgerbil.dk\/wp-content\/uploads\/DMG-Mus1.pdf\" target=\"_blank\" rel=\"noopener\">Informationsfolder om Mus <\/a><\/p>\n<p><a title=\"Informationsfolder om \u00d8RKENROTTER\" href=\"https:\/\/musgerbil.dk\/wp-content\/uploads\/DMG-\u00f8rkenrotter2.pdf\" target=\"_blank\" rel=\"noopener\">Informationsfolder om \u00d8rkenrotter<\/a><\/p>\n<p><a title=\"Informationsfolder om Shaw's Jird \" href=\"https:\/\/musgerbil.dk\/wp-content\/uploads\/DMG-Shaws-jird2.pdf\" target=\"_blank\" rel=\"noopener\">Informationsfolder om Shaw&#8217;s Jird<\/a><\/p>\n<p><a href=\"https:\/\/musgerbil.dk\/wp-content\/uploads\/DMG-egyptisk-gerbil2.pdf\" target=\"_blank\" rel=\"noopener\">Informationsfolder om Egyptisk\/Pallid Gerbil<\/a><\/p>\n<p><a title=\"Informationsfolder om fedthalemus\" href=\"https:\/\/musgerbil.dk\/wp-content\/uploads\/DMG-fedthalemus2.pdf\" target=\"_blank\" rel=\"noopener\">Informationsfolder om Fedthalemus<\/a><\/p>\n<p><a title=\"Informationsfolder om Dansk Mus &amp; Gerbil\" href=\"https:\/\/musgerbil.dk\/wp-content\/uploads\/DMG-info-folder.pdf\" target=\"_blank\" rel=\"noopener\">Informationsfolder om Dansk Mus &amp; Gerbil som forening<\/a><\/p>\n","protected":false},"excerpt":{"rendered":"<p>Menuen her er t\u00e6nkt til artikler som sp\u00e6nder bredt over flere arter. Har du gode id\u00e9er til en artikel &#8211; eller har du en liggende? S\u00e5 kontakt os endelig. I [&hellip;]<\/p>\n","protected":false},"author":1,"featured_media":0,"parent":6507,"menu_order":0,"comment_status":"closed","ping_status":"closed","template":"","meta":{"site-sidebar-layout":"default","site-content-layout":"","ast-site-content-layout":"","site-content-style":"default","site-sidebar-style":"default","ast-global-header-display":"","ast-banner-title-visibility":"","ast-main-header-display":"","ast-hfb-above-header-display":"","ast-hfb-below-header-display":"","ast-hfb-mobile-header-display":"","site-post-title":"","ast-breadcrumbs-content":"","ast-featured-img":"","footer-sml-layout":"","theme-transparent-header-meta":"","adv-header-id-meta":"","stick-header-meta":"","header-above-stick-meta":"","header-main-stick-meta":"","header-below-stick-meta":"","astra-migrate-meta-layouts":"default","ast-page-background-enabled":"default","ast-page-background-meta":{"desktop":{"background-color":"var(--ast-global-color-4)","background-image":"","background-repeat":"repeat","background-position":"center center","background-size":"auto","background-attachment":"scroll","background-type":"","background-media":"","overlay-type":"","overlay-color":"","overlay-opacity":"","overlay-gradient":""},"tablet":{"background-color":"","background-image":"","background-repeat":"repeat","background-position":"center center","background-size":"auto","background-attachment":"scroll","background-type":"","background-media":"","overlay-type":"","overlay-color":"","overlay-opacity":"","overlay-gradient":""},"mobile":{"background-color":"","background-image":"","background-repeat":"repeat","background-position":"center center","background-size":"auto","background-attachment":"scroll","background-type":"","background-media":"","overlay-type":"","overlay-color":"","overlay-opacity":"","overlay-gradient":""}},"ast-content-background-meta":{"desktop":{"background-color":"var(--ast-global-color-5)","background-image":"","background-repeat":"repeat","background-position":"center center","background-size":"auto","background-attachment":"scroll","background-type":"","background-media":"","overlay-type":"","overlay-color":"","overlay-opacity":"","overlay-gradient":""},"tablet":{"background-color":"var(--ast-global-color-5)","background-image":"","background-repeat":"repeat","background-position":"center center","background-size":"auto","background-attachment":"scroll","background-type":"","background-media":"","overlay-type":"","overlay-color":"","overlay-opacity":"","overlay-gradient":""},"mobile":{"background-color":"var(--ast-global-color-5)","background-image":"","background-repeat":"repeat","background-position":"center center","background-size":"auto","background-attachment":"scroll","background-type":"","background-media":"","overlay-type":"","overlay-color":"","overlay-opacity":"","overlay-gradient":""}},"ngg_post_thumbnail":0,"footnotes":""},"class_list":["post-2777","page","type-page","status-publish","hentry"],"_links":{"self":[{"href":"https:\/\/musgerbil.dk\/index.php?rest_route=\/wp\/v2\/pages\/2777"}],"collection":[{"href":"https:\/\/musgerbil.dk\/index.php?rest_route=\/wp\/v2\/pages"}],"about":[{"href":"https:\/\/musgerbil.dk\/index.php?rest_route=\/wp\/v2\/types\/page"}],"author":[{"embeddable":true,"href":"https:\/\/musgerbil.dk\/index.php?rest_route=\/wp\/v2\/users\/1"}],"replies":[{"embeddable":true,"href":"https:\/\/musgerbil.dk\/index.php?rest_route=%2Fwp%2Fv2%2Fcomments&post=2777"}],"version-history":[{"count":6,"href":"https:\/\/musgerbil.dk\/index.php?rest_route=\/wp\/v2\/pages\/2777\/revisions"}],"predecessor-version":[{"id":10051,"href":"https:\/\/musgerbil.dk\/index.php?rest_route=\/wp\/v2\/pages\/2777\/revisions\/10051"}],"up":[{"embeddable":true,"href":"https:\/\/musgerbil.dk\/index.php?rest_route=\/wp\/v2\/pages\/6507"}],"wp:attachment":[{"href":"https:\/\/musgerbil.dk\/index.php?rest_route=%2Fwp%2Fv2%2Fmedia&parent=2777"}],"curies":[{"name":"wp","href":"https:\/\/api.w.org\/{rel}","templated":true}]}}